{"id":2520,"date":"2026-02-06T22:24:12","date_gmt":"2026-02-06T22:24:12","guid":{"rendered":"https:\/\/tuskwood.com\/ansvarsfriskrivning\/"},"modified":"2026-02-06T22:24:12","modified_gmt":"2026-02-06T22:24:12","slug":"ansvarsfriskrivning","status":"publish","type":"page","link":"https:\/\/tuskwood.com\/da\/ansvarsfriskrivning\/","title":{"rendered":"Ansvarsfraskrivelse"},"content":{"rendered":"<!-- Legal document generated by Complianz | GDPR\/CCPA Cookie Consent https:\/\/wordpress.org\/plugins\/complianz-gdpr -->\n<div id=\"cmplz-document\" class=\"cmplz-document disclaimer cmplz-document-all\"><p>Joel Andersson er forpligtet til at holde dette websted opdateret og indholdet korrekt. Skulle du mod forventning finde noget, der enten ikke er korrekt eller ikke opdateret, vil vi s\u00e6tte stor pris p\u00e5, om du informerer os. Indiker gerne. hvor p\u00e5 siden du fandt informationen, der b\u00f8r rettes. Vi kigger p\u00e5 det s\u00e5 hurtigt som muligt. Du kan kontakte os p\u00e5: <span class=\"cmplz-obfuscate\">&#105;n&#102;&#111;@<span class=\"cmplz-fmail-domain\">e&#120;&#046;com<\/span>&#116;us&#107;wo&#111;&#100;&#046;c&#111;m<\/span>.<\/p><p>Vi er ikke ansvarlig for tab som f\u00f8lge af un\u00f8jagtigheder eller ufuldst\u00e6ndighed eller for tab som f\u00f8lge af problemer for\u00e5rsaget af eller iboende ved formidling af information via internettet, s\u00e5som forstyrrelser eller afbrydelser. Ved brug af webformularer str\u00e6ber vi efter at begr\u00e6nse antallet af kr\u00e6vede felter til et minimum. For ethvert tab, der er lidt som f\u00f8lge af brugen af \u200b\u200bdata, r\u00e5dgivning eller ideer leveret af eller p\u00e5 vegne af Joel Andersson via dette websted,Joel Andersson accepterer intet ansvar.<\/p><p>Brug af webstedet og alle dets komponenter (inklusive fora) er underlagt <a href=\"https:\/\/tuskwood.com\/da\/anvandarvillkor\/\" target=\"_blank\">brugsanvisninger<\/a>. Den blotte anvendelse af dette websted indeb\u00e6rer viden og accept af disse brugsbetingelser.<\/p><p>Svar og foresp\u00f8rgsler om beskyttelse af personlige oplysninger, der indsendes via e-mail eller ved hj\u00e6lp af en webformular, behandles p\u00e5 samme m\u00e5de som breve. Dette betyder, at du kan forvente et svar fra os inden for en periode p\u00e5 1 m\u00e5ned. I tilf\u00e6lde af komplekse anmodninger vil vi give dig besked inden for en m\u00e5ned, hvis vi har brug for h\u00f8jst 3 m\u00e5neder.<\/p><p>Alle personlige data, du leverer os i forbindelse med dit svar eller anmodning om information, vil kun blive brugt i overensstemmelse med vores fortrolighedserkl\u00e6ring.<\/p><p>Joel Andersson skal g\u00f8re enhver rimelig indsats for at beskytte dets systemer mod enhver form for ulovlig brug. Joel Andersson skal iv\u00e6rks\u00e6tte passende tekniske og organisatoriske foranstaltninger med henblik herp\u00e5 under hensyntagen til blandt andet den kendte teknik. Det er dog ikke ansvarligt for noget tab, direkte og \/ eller indirekte, som en bruger af webstedet har lidt, hvilket opst\u00e5r som f\u00f8lge af en tredjelands ulovlige brug af dets systemer.<\/p><p>Joel Andersson har ikke noget ansvar for indholdet p\u00e5 websteder til eller fra hvilke, der laves links eller referencer. Produkter eller ydelser, der udbydes af tredjepart, er underlagt de vilk\u00e5r og betingelser, som tredjepart angiver.<\/p><p>Vores medarbejdere skal g\u00f8re alt for at garantere tilg\u00e6ngeligheden af \u200b\u200bvores websted og l\u00f8bende forbedre det. Inkluderet for personer, der bruger speciel software p\u00e5 grund af et handicap.<\/p><p>Alle intellektuelle ejendomsrettigheder til indhold p\u00e5 dette websted tilfalder Joel Andersson.<\/p><p>Kopiering, formidling og anden brug af disse materialer er ikke tilladt uden skriftlig tilladelse fra Joel Andersson, undtagen og kun i det omfang det ellers er fastsat i forordninger eller lov (som f.eks. Retten til at citere), medmindre det specifikke indhold tilsiger noget andet.<\/p><p>Hvis du har sp\u00f8rgsm\u00e5l eller problemer med tilg\u00e6ngeligheden af \u200b\u200bwebstedet, s\u00e5 t\u00f8v ikke med at kontakte os.<\/p><\/div>","protected":false},"excerpt":{"rendered":"","protected":false},"author":1,"featured_media":0,"parent":0,"menu_order":0,"comment_status":"closed","ping_status":"closed","template":"","meta":{"_seopress_robots_primary_cat":"","_seopress_titles_title":"","_seopress_titles_desc":"","_seopress_robots_index":"","_seopress_analysis_target_kw":"","_uag_custom_page_level_css":"","site-sidebar-layout":"default","site-content-layout":"","ast-site-content-layout":"default","site-content-style":"default","site-sidebar-style":"default","ast-global-header-display":"","ast-banner-title-visibility":"","ast-main-header-display":"","ast-hfb-above-header-display":"","ast-hfb-below-header-display":"","ast-hfb-mobile-header-display":"","site-post-title":"","ast-breadcrumbs-content":"","ast-featured-img":"","footer-sml-layout":"","ast-disable-related-posts":"","theme-transparent-header-meta":"","adv-header-id-meta":"","stick-header-meta":"","header-above-stick-meta":"","header-main-stick-meta":"","header-below-stick-meta":"","astra-migrate-meta-layouts":"default","ast-page-background-enabled":"default","ast-page-background-meta":{"desktop":{"background-color":"var(--ast-global-color-5)","background-image":"","background-repeat":"repeat","background-position":"center center","background-size":"auto","background-attachment":"scroll","background-type":"","background-media":"","overlay-type":"","overlay-color":"","overlay-opacity":"","overlay-gradient":""},"tablet":{"background-color":"","background-image":"","background-repeat":"repeat","background-position":"center center","background-size":"auto","background-attachment":"scroll","background-type":"","background-media":"","overlay-type":"","overlay-color":"","overlay-opacity":"","overlay-gradient":""},"mobile":{"background-color":"","background-image":"","background-repeat":"repeat","background-position":"center center","background-size":"auto","background-attachment":"scroll","background-type":"","background-media":"","overlay-type":"","overlay-color":"","overlay-opacity":"","overlay-gradient":""}},"ast-content-background-meta":{"desktop":{"background-color":"var(--ast-global-color-4)","background-image":"","background-repeat":"repeat","background-position":"center center","background-size":"auto","background-attachment":"scroll","background-type":"","background-media":"","overlay-type":"","overlay-color":"","overlay-opacity":"","overlay-gradient":""},"tablet":{"background-color":"var(--ast-global-color-4)","background-image":"","background-repeat":"repeat","background-position":"center center","background-size":"auto","background-attachment":"scroll","background-type":"","background-media":"","overlay-type":"","overlay-color":"","overlay-opacity":"","overlay-gradient":""},"mobile":{"background-color":"var(--ast-global-color-4)","background-image":"","background-repeat":"repeat","background-position":"center center","background-size":"auto","background-attachment":"scroll","background-type":"","background-media":"","overlay-type":"","overlay-color":"","overlay-opacity":"","overlay-gradient":""}},"footnotes":""},"class_list":["post-2520","page","type-page","status-publish","hentry"],"uagb_featured_image_src":{"full":false,"thumbnail":false,"medium":false,"medium_large":false,"large":false,"1536x1536":false,"2048x2048":false,"trp-custom-language-flag":false,"woocommerce_thumbnail":false,"woocommerce_single":false,"woocommerce_gallery_thumbnail":false},"uagb_author_info":{"display_name":"admin","author_link":"https:\/\/tuskwood.com\/da\/author\/admin\/"},"uagb_comment_info":0,"uagb_excerpt":null,"_links":{"self":[{"href":"https:\/\/tuskwood.com\/da\/wp-json\/wp\/v2\/pages\/2520","targetHints":{"allow":["GET"]}}],"collection":[{"href":"https:\/\/tuskwood.com\/da\/wp-json\/wp\/v2\/pages"}],"about":[{"href":"https:\/\/tuskwood.com\/da\/wp-json\/wp\/v2\/types\/page"}],"author":[{"embeddable":true,"href":"https:\/\/tuskwood.com\/da\/wp-json\/wp\/v2\/users\/1"}],"replies":[{"embeddable":true,"href":"https:\/\/tuskwood.com\/da\/wp-json\/wp\/v2\/comments?post=2520"}],"version-history":[{"count":0,"href":"https:\/\/tuskwood.com\/da\/wp-json\/wp\/v2\/pages\/2520\/revisions"}],"wp:attachment":[{"href":"https:\/\/tuskwood.com\/da\/wp-json\/wp\/v2\/media?parent=2520"}],"curies":[{"name":"wp","href":"https:\/\/api.w.org\/{rel}","templated":true}]}}