{"id":2776,"date":"2026-03-03T11:07:15","date_gmt":"2026-03-03T10:07:15","guid":{"rendered":"https:\/\/tuskwood.com\/?post_type=product&#038;p=2776"},"modified":"2026-05-10T05:11:28","modified_gmt":"2026-05-10T03:11:28","slug":"nrt25","status":"publish","type":"product","link":"https:\/\/tuskwood.com\/da\/produkt\/nrt25\/","title":{"rendered":"Tuskwood Akvarierot WYSIWYG \u00c4kta Bogwood Unik NrT25"},"content":{"rendered":"<p data-start=\"264\" data-end=\"467\">Et unikt stykke\u00a0<strong data-start=\"350\" data-end=\"374\">Skandinavisk moseb\u00f8lle<\/strong>, Den er naturligt bevaret i t\u00f8rv gennem hundreder eller tusinder af \u00e5r. Dette er et \u00e6gte blikfang og fungerer perfekt som\u00a0<strong>akvarierod i aquascape og akvarium<\/strong>.<\/p>\n<p data-start=\"264\" data-end=\"467\"><strong>Produktet p\u00e5 billederne er pr\u00e6cis den rod, du k\u00f8ber.<\/strong><\/p>\n<p><strong>Fordele ved Tuskwood<\/strong><\/p>\n<ul>\n<li data-start=\"2134\" data-end=\"2162\">\n<p data-start=\"2136\" data-end=\"2162\">\u00c6gte mineraliseret mose- og mosetr\u00e6<\/p>\n<\/li>\n<li data-start=\"2163\" data-end=\"2186\">\n<p data-start=\"2165\" data-end=\"2186\">Lang levetid<\/p>\n<\/li>\n<li data-start=\"2226\" data-end=\"2275\">\n<p data-start=\"2228\" data-end=\"2275\">Normalt ingen biofilm eller slimdannelse<\/p>\n<\/li>\n<li data-start=\"2276\" data-end=\"2313\">\n<p data-start=\"2278\" data-end=\"2313\">Fungerer i b\u00e5de h\u00e5rdt og bl\u00f8dt vand<\/p>\n<\/li>\n<li data-start=\"2314\" data-end=\"2341\">\n<p data-start=\"2316\" data-end=\"2341\">Naturligt smukke r\u00f8dbrune farvetoner under vand<\/p>\n<\/li>\n<\/ul>\n<p data-start=\"731\" data-end=\"1030\">I mods\u00e6tning til almindelige\u00a0<strong data-start=\"757\" data-end=\"808\">edderkoppetr\u00e6, manzanita, mangrove eller malaysisk drivt\u00f8mmer<\/strong>, Tuskwood kommer fra Europa og er naturligt dannet i nordiske t\u00f8rvemoser. Mineraliseringen g\u00f8r tr\u00e6et holdbart og giver det naturligt m\u00f8rke farver og former, der minder om gamle flodbredder eller oversv\u00f8mmede skovr\u00f8dder.<\/p>\n<p data-start=\"1112\" data-end=\"1242\">Tuskwood er langsom til at frigive <strong data-start=\"1147\" data-end=\"1169\">naturlige tanniner<\/strong> der underst\u00f8tter fiskenes sundhed. Men indvirkningen p\u00e5 vandets farve er minimal og normalt ikke m\u00e6rkbar.<\/p>\n<p data-start=\"1339\" data-end=\"1476\">\u2714 stabil og mild frigivelse af tannin<br data-start=\"1374\" data-end=\"1377\" \/>\u2714 gunstigt for fiskenes velbefindende<br data-start=\"1411\" data-end=\"1414\" \/>\u2714 Mildt antimikrobiel<\/p>\n<p data-start=\"1665\" data-end=\"1781\">Meget af det tr\u00e6, der s\u00e6lges til aquascaping, kommer fra tropiske skove i Asien og sendes halvvejs rundt om jorden.<br \/><strong data-start=\"1783\" data-end=\"1825\">Tuskwood er et nordisk naturmateriale<\/strong>, Det g\u00f8r det til et mere b\u00e6redygtigt valg uden tropisk skovrydning og uv\u00e6rdige arbejdsforhold, men minimerer i stedet transporten og fremmer den lokale \u00f8konomi og besk\u00e6ftigelse.<\/p>\n<p data-start=\"2021\" data-end=\"2047\"><strong>Perfekt til:<\/strong><\/p>\n<ul data-start=\"2048\" data-end=\"2113\">\n<li data-start=\"2048\" data-end=\"2062\">\n<p data-start=\"2050\" data-end=\"2062\">planteakvarium<\/p>\n<\/li>\n<li data-start=\"2048\" data-end=\"2062\">\n<p data-start=\"2050\" data-end=\"2062\">Naturakvarium i ADA-stil<\/p>\n<\/li>\n<li data-start=\"2075\" data-end=\"2085\">\n<p data-start=\"2077\" data-end=\"2085\">biotoper<\/p>\n<\/li>\n<li data-start=\"2086\" data-end=\"2098\">\n<p data-start=\"2088\" data-end=\"2098\">sort vand<\/p>\n<\/li>\n<li data-start=\"2099\" data-end=\"2113\">\n<p data-start=\"2101\" data-end=\"2113\">udstillingsakvarium<\/p>\n<\/li>\n<li data-start=\"2099\" data-end=\"2113\">aquascaping<\/li>\n<\/ul>\n<p data-start=\"2399\" data-end=\"2526\"><strong>Tips til aquascaping<\/strong><\/p>\n<p>Placer som blikfang og suppler med sten, sand eller sm\u00e5 grene<\/p>\n<p><strong>Forberedelse til brug<br \/><\/strong><\/p>\n<p>F\u00f8lg altid Tuskwood's r\u00e5d om pleje og h\u00e5ndtering, som du kan finde under hovedmenuen \u201dOm Tuskwood\u201d.\u201d\u00a0<\/p>","protected":false},"excerpt":{"rendered":"<h3 data-path-to-node=\"3\"><b data-path-to-node=\"3\" data-index-in-node=\"0\">Tuskwood Gammel mose<\/b><\/h3>\n<p data-path-to-node=\"4\">\u00c6gte mosetr\u00e6, h\u00e5ndplukket fra nordiske t\u00f8rvemoser, hvor det har v\u00e6ret naturligt konserveret i 500-4000 \u00e5r. Denne unikke proces g\u00f8r tr\u00e6et delvist mineraliseret, impr\u00e6gneret med humusstoffer, holdbart og smukt m\u00f8rkt r\u00f8dbrunt i farven. Tuskwood gammelt mosetr\u00e6 har l\u00e6nge v\u00e6ret den mest eftertragtede type rod til akvariehobbyen.<\/p>\n<ul data-path-to-node=\"5\">\n<li>\n<p data-path-to-node=\"5,0,0\"><b data-path-to-node=\"5,0,0\" data-index-in-node=\"0\">Lang levetid:<\/b> Delvist mineraliseret og ekstremt holdbar.<\/p>\n<\/li>\n<li>\n<p data-path-to-node=\"5,1,0\"><b>Positivt for vandmilj\u00f8et:<\/b> Fremmer balance og sundhed i akvariet.<\/p>\n<\/li>\n<li>\n<p data-path-to-node=\"5,2,0\"><b data-path-to-node=\"5,2,0\" data-index-in-node=\"0\">Ingen biofilm:<\/b> Danner normalt ikke slim p\u00e5 tr\u00e6et.<\/p>\n<\/li>\n<li>\n<p data-path-to-node=\"5,3,0\"><b data-path-to-node=\"5,3,0\" data-index-in-node=\"0\">B\u00e6redygtig og lokalt produceret:<\/b> Omhyggeligt h\u00e5ndplukket i Norden.<\/p>\n<\/li>\n<li><strong>Klart vand:<\/strong> Tr\u00e6ets p\u00e5virkning af vandets farve er normalt meget begr\u00e6nset og kortvarig.<\/li>\n<\/ul>","protected":false},"featured_media":2886,"comment_status":"closed","ping_status":"closed","template":"","meta":{"_seopress_robots_primary_cat":"","_seopress_titles_title":"","_seopress_titles_desc":"","_seopress_robots_index":"","_seopress_analysis_target_kw":"","_uag_custom_page_level_css":"","site-sidebar-layout":"default","site-content-layout":"","ast-site-content-layout":"default","site-content-style":"default","site-sidebar-style":"default","ast-global-header-display":"","ast-banner-title-visibility":"","ast-main-header-display":"","ast-hfb-above-header-display":"","ast-hfb-below-header-display":"","ast-hfb-mobile-header-display":"","site-post-title":"","ast-breadcrumbs-content":"","ast-featured-img":"","footer-sml-layout":"","ast-disable-related-posts":"","theme-transparent-header-meta":"","adv-header-id-meta":"","stick-header-meta":"","header-above-stick-meta":"","header-main-stick-meta":"","header-below-stick-meta":"","astra-migrate-meta-layouts":"default","ast-page-background-enabled":"default","ast-page-background-meta":{"desktop":{"background-color":"var(--ast-global-color-5)","background-image":"","background-repeat":"repeat","background-position":"center center","background-size":"auto","background-attachment":"scroll","background-type":"","background-media":"","overlay-type":"","overlay-color":"","overlay-opacity":"","overlay-gradient":""},"tablet":{"background-color":"","background-image":"","background-repeat":"repeat","background-position":"center center","background-size":"auto","background-attachment":"scroll","background-type":"","background-media":"","overlay-type":"","overlay-color":"","overlay-opacity":"","overlay-gradient":""},"mobile":{"background-color":"","background-image":"","background-repeat":"repeat","background-position":"center center","background-size":"auto","background-attachment":"scroll","background-type":"","background-media":"","overlay-type":"","overlay-color":"","overlay-opacity":"","overlay-gradient":""}},"ast-content-background-meta":{"desktop":{"background-color":"var(--ast-global-color-4)","background-image":"","background-repeat":"repeat","background-position":"center center","background-size":"auto","background-attachment":"scroll","background-type":"","background-media":"","overlay-type":"","overlay-color":"","overlay-opacity":"","overlay-gradient":""},"tablet":{"background-color":"var(--ast-global-color-4)","background-image":"","background-repeat":"repeat","background-position":"center center","background-size":"auto","background-attachment":"scroll","background-type":"","background-media":"","overlay-type":"","overlay-color":"","overlay-opacity":"","overlay-gradient":""},"mobile":{"background-color":"var(--ast-global-color-4)","background-image":"","background-repeat":"repeat","background-position":"center center","background-size":"auto","background-attachment":"scroll","background-type":"","background-media":"","overlay-type":"","overlay-color":"","overlay-opacity":"","overlay-gradient":""}}},"product_brand":[],"product_cat":[254],"product_tag":[],"class_list":{"0":"post-2776","1":"product","2":"type-product","3":"status-publish","4":"has-post-thumbnail","6":"product_cat-tuskwood_bogwood_wysiwyg","7":"desktop-align-left","8":"tablet-align-left","9":"mobile-align-left","10":"ast-product-gallery-layout-vertical-slider","11":"ast-product-tabs-layout-accordion","13":"first","14":"instock","15":"taxable","16":"shipping-taxable","17":"purchasable","18":"product-type-simple"},"shsp-ext":{"main":{},"variations":[]},"uagb_featured_image_src":{"full":["https:\/\/tuskwood.com\/wp-content\/uploads\/2026\/03\/20260302_213512-scaled.jpg",2560,2560,false],"thumbnail":["https:\/\/tuskwood.com\/wp-content\/uploads\/2026\/03\/20260302_213512-scaled.jpg",150,150,false],"medium":["https:\/\/tuskwood.com\/wp-content\/uploads\/2026\/03\/20260302_213512-scaled.jpg",300,300,false],"medium_large":["https:\/\/tuskwood.com\/wp-content\/uploads\/2026\/03\/20260302_213512-scaled.jpg",768,768,false],"large":["https:\/\/tuskwood.com\/wp-content\/uploads\/2026\/03\/20260302_213512-scaled.jpg",1024,1024,false],"1536x1536":["https:\/\/tuskwood.com\/wp-content\/uploads\/2026\/03\/20260302_213512-scaled.jpg",1536,1536,false],"2048x2048":["https:\/\/tuskwood.com\/wp-content\/uploads\/2026\/03\/20260302_213512-scaled.jpg",2048,2048,false],"trp-custom-language-flag":["https:\/\/tuskwood.com\/wp-content\/uploads\/2026\/03\/20260302_213512-scaled.jpg",12,12,false],"woocommerce_thumbnail":["https:\/\/tuskwood.com\/wp-content\/uploads\/2026\/03\/20260302_213512-400x400.jpg",400,400,true],"woocommerce_single":["https:\/\/tuskwood.com\/wp-content\/uploads\/2026\/03\/20260302_213512-1200x1200.jpg",1200,1200,true],"woocommerce_gallery_thumbnail":["https:\/\/tuskwood.com\/wp-content\/uploads\/2026\/03\/20260302_213512-100x100.jpg",100,100,true]},"uagb_author_info":{"display_name":"admin","author_link":"https:\/\/tuskwood.com\/da\/author\/"},"uagb_comment_info":0,"uagb_excerpt":"Tuskwood Ancient Bogwood\u00c4kta Bogwood, handplockat ur nordiska torvmossar d\u00e4r det konserverats naturligt i 500\u20134000 \u00e5r. Denna unika process g\u00f6r tr\u00e4et delvis mineraliserat, impregnerat med humus\u00e4mnen, h\u00e5llbart och vackert m\u00f6rkt r\u00f6dbrunt f\u00e4rgat. Tuskwood ancient bogwood \u00e4r den mest efters\u00f6kta typen av r\u00f6tter till akvariehobbyn sedan l\u00e5ng tid tillbaka.L\u00e5ng livsl\u00e4ngd: Delvis mineraliserat och extremt h\u00e5llbart.Positivt f\u00f6r vattenmilj\u00f6n:&hellip;","_links":{"self":[{"href":"https:\/\/tuskwood.com\/da\/wp-json\/wp\/v2\/product\/2776","targetHints":{"allow":["GET"]}}],"collection":[{"href":"https:\/\/tuskwood.com\/da\/wp-json\/wp\/v2\/product"}],"about":[{"href":"https:\/\/tuskwood.com\/da\/wp-json\/wp\/v2\/types\/product"}],"replies":[{"embeddable":true,"href":"https:\/\/tuskwood.com\/da\/wp-json\/wp\/v2\/comments?post=2776"}],"wp:featuredmedia":[{"embeddable":true,"href":"https:\/\/tuskwood.com\/da\/wp-json\/wp\/v2\/media\/2886"}],"wp:attachment":[{"href":"https:\/\/tuskwood.com\/da\/wp-json\/wp\/v2\/media?parent=2776"}],"wp:term":[{"taxonomy":"product_brand","embeddable":true,"href":"https:\/\/tuskwood.com\/da\/wp-json\/wp\/v2\/product_brand?post=2776"},{"taxonomy":"product_cat","embeddable":true,"href":"https:\/\/tuskwood.com\/da\/wp-json\/wp\/v2\/product_cat?post=2776"},{"taxonomy":"product_tag","embeddable":true,"href":"https:\/\/tuskwood.com\/da\/wp-json\/wp\/v2\/product_tag?post=2776"}],"curies":[{"name":"wp","href":"https:\/\/api.w.org\/{rel}","templated":true}]}}