{"id":4153,"date":"2026-05-04T02:29:39","date_gmt":"2026-05-04T00:29:39","guid":{"rendered":"https:\/\/tuskwood.com\/produkt\/tuskwood-akvarierot-akta-uraldrig-bogwood-unik-58-cm-p182618\/"},"modified":"2026-05-11T18:49:27","modified_gmt":"2026-05-11T16:49:27","slug":"tuskwood-aquarium-root-akta-ancient-bogwood-unique-58-cm-p182618","status":"publish","type":"product","link":"https:\/\/tuskwood.com\/da\/produkt\/tuskwood-akvarierot-akta-uraldrig-bogwood-unik-58-cm-p182618\/","title":{"rendered":"Tuskwood Akvarierod WYSIWYG \u00c6gte Bogwood Unique 58 cm P182618"},"content":{"rendered":"<h2>Unikt produkt P182618<\/h2>\n<p>Et unikt stykke skandinavisk mosetr\u00e6, naturligt bevaret i t\u00f8rv gennem hundreder eller tusinder af \u00e5r. Dette er et \u00e6gte blikfang og fungerer perfekt som akvarierod i aquascape og akvarium.<\/p>\n<p><strong>Det er en unik rod, og det er pr\u00e6cis den rod p\u00e5 billedet, du k\u00f8ber.<\/strong> Det, du ser, er det, du f\u00e5r, WYSIWYG.<\/p>\n<h3>Beskrivelse af rodens beskaffenhed<\/h3>\n<p>Denne unikke Tuskwood-rod har en karakteristisk, elegant buet form, der skaber en naturlig bue. Med sin robuste base og tilspidsede gren kan den bruges til at skabe dybde og bev\u00e6gelse i akvariet. Dens naturlige tekstur og farve giver en autentisk fornemmelse.<\/p>\n<h3>Forslag til akvariestil og ideer til beplantning<\/h3>\n<p>Rodens form er ideel til naturlige akvarier, junglestil eller habitater, der efterligner et vandl\u00f8b. Du skal blot s\u00e6tte planter som Anubias, Bucephalandra og Javabregne eller forskellige mosser p\u00e5 for at fremh\u00e6ve dens karakter. Til mere sofistikerede layouts kan den kombineres med st\u00e6ngelplanter som Rotala eller Hygrophila pinnatifida for at skabe kontrast og fylde.<\/p>\n<h3>Rodens dimensioner<\/h3>\n<ul>\n<li><strong>L\u00e6ngde:<\/strong> 58 cm<\/li>\n<li><strong>H\u00f8jde:<\/strong> 23 cm<\/li>\n<li><strong>Dybde:<\/strong> 19 cm<\/li>\n<\/ul>\n<h3>Foresl\u00e5et akvarieformat og -st\u00f8rrelse<\/h3>\n<p>Denne rod m\u00e5ler 58 cm i l\u00e6ngden, 23 cm i h\u00f8jden og 19 cm i dybden og passer perfekt til akvarier i st\u00f8rrelseskategorien 40 til 80 cm. Dens line\u00e6re form g\u00f8r den ideel til rektangul\u00e6re akvarier, hvor den kan placeres for at maksimere pladsen.<\/p>\n<h3>Fordele ved Tuskwood<\/h3>\n<ul>\n<li>\u00c6gte mineraliseret mose- og mosetr\u00e6<\/li>\n<li>Lang levetid<\/li>\n<li>Normalt ingen biofilm eller slimdannelse<\/li>\n<li>Fungerer i b\u00e5de h\u00e5rdt og bl\u00f8dt vand<\/li>\n<li>P\u00e5lidelig synkeevne, synker normalt inden for 2-4 uger<\/li>\n<li>Naturligt smukke farvetoner i m\u00f8rkebrun med et let r\u00f8dligt sk\u00e6r under vand<\/li>\n<\/ul>\n<p>I mods\u00e6tning til almindeligt spiderwood, manzanita, mangrove eller malaysisk drivt\u00f8mmer kommer Tuskwood fra Europa og er dannet naturligt i nordiske t\u00f8rvemoser. Mineraliseringen og impr\u00e6gneringen af humus g\u00f8r tr\u00e6et holdbart og smukt.<\/p>\n<p>Tuskwood frigiver langsomt naturlige humusstoffer, der underst\u00f8tter fiskenes sundhed. P\u00e5virkningen af vandets farve er dog minimal og normalt ikke m\u00e6rkbar.<\/p>\n<ul>\n<li>Stabil og mild frigivelse af humus<\/li>\n<li>Positivt for fiskenes velbefindende<\/li>\n<li>Milten er antimikrobiel<\/li>\n<\/ul>\n<h3>Et mere b\u00e6redygtigt valg<\/h3>\n<p>Meget af det tr\u00e6, der s\u00e6lges til aquascaping, kommer fra tropiske skove i Asien og sendes halvvejs rundt om jorden.<\/p>\n<p>Tuskwood er et nordisk naturmateriale, der indsamles lokalt som et biprodukt af andre naturlige anvendelser. Det g\u00f8r det til et mere b\u00e6redygtigt valg uden ureguleret tropisk skovhugst, mangrove\u00f8del\u00e6ggelse eller uv\u00e6rdige arbejdsforhold. Tuskwood st\u00e5r for minimal transport og fremme af lokal \u00f8konomi og arbejdspladser.<\/p>\n<p><em>Tuskwood er en meget lille virksomhed, og vi bruger AI til at fokusere p\u00e5 kvalitet og levering. Aquascape-gengivelser, overs\u00e6ttelse til andre sprog end svensk og beskrivelsen af den enkelte rod p\u00e5 denne side er lavet ved hj\u00e6lp af AI og kan indeholde mindre fejl. Vi undskylder for dette. Rigtige mennesker er altid tilg\u00e6ngelige via telefon eller e-mail.<\/em><\/p>","protected":false},"excerpt":{"rendered":"<h3>Tuskwood Gammel mose<\/h3>\n<p>\u00c6gte mosetr\u00e6, h\u00e5ndplukket fra nordiske t\u00f8rvemoser, hvor det har v\u00e6ret naturligt konserveret i 500-4000 \u00e5r. Denne unikke proces g\u00f8r tr\u00e6et delvist mineraliseret, impr\u00e6gneret med humusstoffer, holdbart og smukt m\u00f8rkt r\u00f8dbrunt i farven. Tuskwood Ancient Bogwood er en meget eftertragtet type rod til akvarier og aquascaping.<\/p>\n<ul>\n<li><strong>Lang levetid:<\/strong> Delvist mineraliseret og ekstremt holdbar.<\/li>\n<li><strong>Positivt for vandmilj\u00f8et:<\/strong> Fremmer balance og sundhed i akvariet.<\/li>\n<li><strong>Ingen biofilm:<\/strong> Danner normalt ikke slim p\u00e5 tr\u00e6et.<\/li>\n<li><strong>B\u00e6redygtig og lokalt produceret:<\/strong> Omhyggeligt h\u00e5ndplukket i Norden.<\/li>\n<li><strong>Klart vand:<\/strong> Tr\u00e6ets p\u00e5virkning af vandets farve er normalt meget begr\u00e6nset og kortvarig.<\/li>\n<\/ul>","protected":false},"featured_media":4146,"comment_status":"closed","ping_status":"closed","template":"","meta":{"_seopress_robots_primary_cat":"","_seopress_titles_title":"","_seopress_titles_desc":"","_seopress_robots_index":"","_seopress_analysis_target_kw":"","_uag_custom_page_level_css":"","site-sidebar-layout":"default","site-content-layout":"","ast-site-content-layout":"default","site-content-style":"default","site-sidebar-style":"default","ast-global-header-display":"","ast-banner-title-visibility":"","ast-main-header-display":"","ast-hfb-above-header-display":"","ast-hfb-below-header-display":"","ast-hfb-mobile-header-display":"","site-post-title":"","ast-breadcrumbs-content":"","ast-featured-img":"","footer-sml-layout":"","ast-disable-related-posts":"","theme-transparent-header-meta":"","adv-header-id-meta":"","stick-header-meta":"","header-above-stick-meta":"","header-main-stick-meta":"","header-below-stick-meta":"","astra-migrate-meta-layouts":"default","ast-page-background-enabled":"default","ast-page-background-meta":{"desktop":{"background-color":"var(--ast-global-color-5)","background-image":"","background-repeat":"repeat","background-position":"center center","background-size":"auto","background-attachment":"scroll","background-type":"","background-media":"","overlay-type":"","overlay-color":"","overlay-opacity":"","overlay-gradient":""},"tablet":{"background-color":"","background-image":"","background-repeat":"repeat","background-position":"center center","background-size":"auto","background-attachment":"scroll","background-type":"","background-media":"","overlay-type":"","overlay-color":"","overlay-opacity":"","overlay-gradient":""},"mobile":{"background-color":"","background-image":"","background-repeat":"repeat","background-position":"center center","background-size":"auto","background-attachment":"scroll","background-type":"","background-media":"","overlay-type":"","overlay-color":"","overlay-opacity":"","overlay-gradient":""}},"ast-content-background-meta":{"desktop":{"background-color":"var(--ast-global-color-4)","background-image":"","background-repeat":"repeat","background-position":"center center","background-size":"auto","background-attachment":"scroll","background-type":"","background-media":"","overlay-type":"","overlay-color":"","overlay-opacity":"","overlay-gradient":""},"tablet":{"background-color":"var(--ast-global-color-4)","background-image":"","background-repeat":"repeat","background-position":"center center","background-size":"auto","background-attachment":"scroll","background-type":"","background-media":"","overlay-type":"","overlay-color":"","overlay-opacity":"","overlay-gradient":""},"mobile":{"background-color":"var(--ast-global-color-4)","background-image":"","background-repeat":"repeat","background-position":"center center","background-size":"auto","background-attachment":"scroll","background-type":"","background-media":"","overlay-type":"","overlay-color":"","overlay-opacity":"","overlay-gradient":""}}},"product_brand":[46],"product_cat":[254],"product_tag":[],"class_list":{"0":"post-4153","1":"product","2":"type-product","3":"status-publish","4":"has-post-thumbnail","6":"product_brand-tuskwood","7":"product_cat-tuskwood_bogwood_wysiwyg","8":"desktop-align-left","9":"tablet-align-left","10":"mobile-align-left","11":"ast-product-gallery-layout-vertical-slider","12":"ast-product-tabs-layout-accordion","14":"first","15":"instock","16":"sold-individually","17":"taxable","18":"shipping-taxable","19":"purchasable","20":"product-type-simple"},"shsp-ext":{"main":{},"variations":[]},"uagb_featured_image_src":{"full":["https:\/\/tuskwood.com\/wp-content\/uploads\/2026\/05\/P182618-collage-aquascape01-measurement-thumb-3.jpg",1024,1024,false],"thumbnail":["https:\/\/tuskwood.com\/wp-content\/uploads\/2026\/05\/P182618-collage-aquascape01-measurement-thumb-3-150x150.jpg",150,150,true],"medium":["https:\/\/tuskwood.com\/wp-content\/uploads\/2026\/05\/P182618-collage-aquascape01-measurement-thumb-3-300x300.jpg",300,300,true],"medium_large":["https:\/\/tuskwood.com\/wp-content\/uploads\/2026\/05\/P182618-collage-aquascape01-measurement-thumb-3-768x768.jpg",768,768,true],"large":["https:\/\/tuskwood.com\/wp-content\/uploads\/2026\/05\/P182618-collage-aquascape01-measurement-thumb-3.jpg",1024,1024,false],"1536x1536":["https:\/\/tuskwood.com\/wp-content\/uploads\/2026\/05\/P182618-collage-aquascape01-measurement-thumb-3.jpg",1024,1024,false],"2048x2048":["https:\/\/tuskwood.com\/wp-content\/uploads\/2026\/05\/P182618-collage-aquascape01-measurement-thumb-3.jpg",1024,1024,false],"trp-custom-language-flag":["https:\/\/tuskwood.com\/wp-content\/uploads\/2026\/05\/P182618-collage-aquascape01-measurement-thumb-3-12x12.jpg",12,12,true],"woocommerce_thumbnail":["https:\/\/tuskwood.com\/wp-content\/uploads\/2026\/05\/P182618-collage-aquascape01-measurement-thumb-3-400x400.jpg",400,400,true],"woocommerce_single":["https:\/\/tuskwood.com\/wp-content\/uploads\/2026\/05\/P182618-collage-aquascape01-measurement-thumb-3.jpg",1024,1024,false],"woocommerce_gallery_thumbnail":["https:\/\/tuskwood.com\/wp-content\/uploads\/2026\/05\/P182618-collage-aquascape01-measurement-thumb-3-100x100.jpg",100,100,true]},"uagb_author_info":{"display_name":"Codex Agent","author_link":"https:\/\/tuskwood.com\/da\/author\/"},"uagb_comment_info":0,"uagb_excerpt":"Tuskwood Ancient Bogwood\u00c4kta bogwood, handplockat ur nordiska torvmossar d\u00e4r det konserverats naturligt i 500-4000 \u00e5r. Denna unika process g\u00f6r tr\u00e4et delvis mineraliserat, impregnerat med humus\u00e4mnen, h\u00e5llbart och vackert m\u00f6rkt r\u00f6dbrunt f\u00e4rgat. Tuskwood Ancient Bogwood \u00e4r en mycket eftertraktad typ av rot till akvarium och aquascaping.L\u00e5ng livsl\u00e4ngd: Delvis mineraliserat och extremt h\u00e5llbart.Positivt f\u00f6r vattenmilj\u00f6n: Fr\u00e4mjar balans&hellip;","_links":{"self":[{"href":"https:\/\/tuskwood.com\/da\/wp-json\/wp\/v2\/product\/4153","targetHints":{"allow":["GET"]}}],"collection":[{"href":"https:\/\/tuskwood.com\/da\/wp-json\/wp\/v2\/product"}],"about":[{"href":"https:\/\/tuskwood.com\/da\/wp-json\/wp\/v2\/types\/product"}],"replies":[{"embeddable":true,"href":"https:\/\/tuskwood.com\/da\/wp-json\/wp\/v2\/comments?post=4153"}],"wp:featuredmedia":[{"embeddable":true,"href":"https:\/\/tuskwood.com\/da\/wp-json\/wp\/v2\/media\/4146"}],"wp:attachment":[{"href":"https:\/\/tuskwood.com\/da\/wp-json\/wp\/v2\/media?parent=4153"}],"wp:term":[{"taxonomy":"product_brand","embeddable":true,"href":"https:\/\/tuskwood.com\/da\/wp-json\/wp\/v2\/product_brand?post=4153"},{"taxonomy":"product_cat","embeddable":true,"href":"https:\/\/tuskwood.com\/da\/wp-json\/wp\/v2\/product_cat?post=4153"},{"taxonomy":"product_tag","embeddable":true,"href":"https:\/\/tuskwood.com\/da\/wp-json\/wp\/v2\/product_tag?post=4153"}],"curies":[{"name":"wp","href":"https:\/\/api.w.org\/{rel}","templated":true}]}}