{"id":2400,"date":"2026-01-07T11:38:07","date_gmt":"2026-01-07T11:38:07","guid":{"rendered":"https:\/\/tuskwood.com\/?page_id=2400"},"modified":"2026-01-07T20:12:51","modified_gmt":"2026-01-07T20:12:51","slug":"oppet-kop-fur-8-wochen-ruckgabe-und-umtauschrecht","status":"publish","type":"page","link":"https:\/\/tuskwood.com\/de\/oppet-kop-i-8-veckor-policy-for-returer-och-byten\/","title":{"rendered":"Offener Kauf f\u00fcr 8 Wochen! R\u00fcckgabe"},"content":{"rendered":"<p><strong>Letzte Aktualisierung: 7. Januar 2026<\/strong><\/p>\n\n\n\n<p>Wir m\u00f6chten, dass Ihr Aquascape genauso fantastisch wird, wie Sie es sich vorgestellt haben. Deshalb bieten wir Ihnen die gro\u00dfz\u00fcgigsten Konditionen in der Branche, damit Sie das perfekte Ergebnis selbst ausprobieren k\u00f6nnen.<\/p>\n\n\n\n<h3 class=\"wp-block-heading\">1. 8 Wochen offener Kauf (Unsere Scaper-Garantie)<\/h3>\n\n\n\n<p>Wir wissen, dass es schwierig ist, genau zu sehen, wie eine Wurzel passt, bis man sie \u00fcber das Aquarium h\u00e4lt. Deshalb bieten wir <strong>8 Wochen offener Kauf<\/strong>.<\/p>\n\n\n\n<ul class=\"wp-block-list\">\n<li>Kaufen Sie die St\u00fccke, aus denen Sie w\u00e4hlen.<\/li>\n\n\n\n<li>Probieren Sie sie in Ihrer Gartenlandschaft aus.<\/li>\n\n\n\n<li>Schicken Sie zur\u00fcck, was \u00fcbrig geblieben ist oder nicht passt.<\/li>\n<\/ul>\n\n\n\n<h3 class=\"wp-block-heading\">2. Bedingungen f\u00fcr R\u00fccksendungen<\/h3>\n\n\n\n<p>Damit eine R\u00fcckgabe genehmigt werden kann, m\u00fcssen die folgenden Kriterien erf\u00fcllt sein:<\/p>\n\n\n\n<ul class=\"wp-block-list\">\n<li>Die Waren m\u00fcssen in <strong>neuwertiger Zustand<\/strong>. Da es sich um ein nat\u00fcrliches Material handelt, bedeutet dies, dass die Wurzeln\/Steine nicht ges\u00e4gt, geklebt, gekocht oder eingeweicht worden sein d\u00fcrfen.<\/li>\n\n\n\n<li>Das Produkt sollte gut verpackt sein (vorzugsweise in der Originalverpackung), damit es beim Transport nicht besch\u00e4digt wird.<\/li>\n<\/ul>\n\n\n\n<h3 class=\"wp-block-heading\">3. R\u00fcckfracht<\/h3>\n\n\n\n<p>Mit der Aus\u00fcbung des Widerrufsrechts oder des offenen Kaufs sind Sie <strong>Kunde f\u00fcr die R\u00fcckfracht<\/strong>.<\/p>\n\n\n\n<ul class=\"wp-block-list\">\n<li>Sie k\u00f6nnen jedes Versandunternehmen w\u00e4hlen, aber wir empfehlen, dass das Paket verfolgbar ist.<\/li>\n\n\n\n<li>Bewahren Sie den R\u00fccksendeschein immer auf, bis wir den Erhalt der R\u00fccksendung best\u00e4tigt haben.<\/li>\n<\/ul>\n\n\n\n<h3 class=\"wp-block-heading\">4. Wie kann ich eine R\u00fccksendung vornehmen?<\/h3>\n\n\n\n<ol start=\"1\" class=\"wp-block-list\">\n<li>E-Mail an <strong>info@tuskwood.com<\/strong> und geben Sie Ihre Bestellnummer und die Produkte an, die Sie zur\u00fcckgeben m\u00f6chten.<\/li>\n\n\n\n<li>Wir werden Ihnen Anweisungen und eine R\u00fccksendeadresse zukommen lassen: <strong>Tuskwood, Idstigen 2, 34337 \u00c4lmhult<\/strong>.<\/li>\n\n\n\n<li>Verpacken Sie die Ware sorgf\u00e4ltig und senden Sie sie an uns zur\u00fcck.<\/li>\n<\/ol>\n\n\n\n<h3 class=\"wp-block-heading\">5. R\u00fcckzahlung<\/h3>\n\n\n\n<p>Sobald wir den Artikel erhalten und gepr\u00fcft haben, dass er sich in einem neuen Zustand befindet, schreiben wir Ihre Rechnung gut oder erstatten Ihnen das Geld \u00fcber die gleiche Zahlungsmethode, die Sie f\u00fcr den Kauf verwendet haben (z. B. Klarna oder Stripe). Dies geschieht normalerweise innerhalb von 7 Werktagen nach Erhalt der R\u00fccksendung.<\/p>\n\n\n\n<h3 class=\"wp-block-heading\">6 Beanstandungen<\/h3>\n\n\n\n<p>Wenn ein Artikel bei der Ankunft besch\u00e4digt ist oder wenn Sie das falsche Produkt erhalten haben, kontaktieren Sie uns sofort unter info@tuskwood.com. Wenn die Beschwerde genehmigt wird, ist Tuskwood.com nat\u00fcrlich f\u00fcr alle Versandkosten verantwortlich.<\/p>","protected":false},"excerpt":{"rendered":"<p>Senast uppdaterad: 7 januari 2026 Vi vill att din aquascape ska bli precis s\u00e5 fantastisk som du f\u00f6rest\u00e4llt dig. D\u00e4rf\u00f6r [&hellip;]<\/p>\n","protected":false},"author":1,"featured_media":0,"parent":0,"menu_order":0,"comment_status":"closed","ping_status":"closed","template":"","meta":{"_seopress_robots_primary_cat":"","_seopress_titles_title":"","_seopress_titles_desc":"","_seopress_robots_index":"","_uag_custom_page_level_css":"","site-sidebar-layout":"default","site-content-layout":"","ast-site-content-layout":"default","site-content-style":"default","site-sidebar-style":"default","ast-global-header-display":"","ast-banner-title-visibility":"","ast-main-header-display":"","ast-hfb-above-header-display":"","ast-hfb-below-header-display":"","ast-hfb-mobile-header-display":"","site-post-title":"","ast-breadcrumbs-content":"","ast-featured-img":"","footer-sml-layout":"","ast-disable-related-posts":"","theme-transparent-header-meta":"","adv-header-id-meta":"","stick-header-meta":"","header-above-stick-meta":"","header-main-stick-meta":"","header-below-stick-meta":"","astra-migrate-meta-layouts":"default","ast-page-background-enabled":"default","ast-page-background-meta":{"desktop":{"background-color":"var(--ast-global-color-5)","background-image":"","background-repeat":"repeat","background-position":"center center","background-size":"auto","background-attachment":"scroll","background-type":"","background-media":"","overlay-type":"","overlay-color":"","overlay-opacity":"","overlay-gradient":""},"tablet":{"background-color":"","background-image":"","background-repeat":"repeat","background-position":"center center","background-size":"auto","background-attachment":"scroll","background-type":"","background-media":"","overlay-type":"","overlay-color":"","overlay-opacity":"","overlay-gradient":""},"mobile":{"background-color":"","background-image":"","background-repeat":"repeat","background-position":"center center","background-size":"auto","background-attachment":"scroll","background-type":"","background-media":"","overlay-type":"","overlay-color":"","overlay-opacity":"","overlay-gradient":""}},"ast-content-background-meta":{"desktop":{"background-color":"var(--ast-global-color-4)","background-image":"","background-repeat":"repeat","background-position":"center center","background-size":"auto","background-attachment":"scroll","background-type":"","background-media":"","overlay-type":"","overlay-color":"","overlay-opacity":"","overlay-gradient":""},"tablet":{"background-color":"var(--ast-global-color-4)","background-image":"","background-repeat":"repeat","background-position":"center center","background-size":"auto","background-attachment":"scroll","background-type":"","background-media":"","overlay-type":"","overlay-color":"","overlay-opacity":"","overlay-gradient":""},"mobile":{"background-color":"var(--ast-global-color-4)","background-image":"","background-repeat":"repeat","background-position":"center center","background-size":"auto","background-attachment":"scroll","background-type":"","background-media":"","overlay-type":"","overlay-color":"","overlay-opacity":"","overlay-gradient":""}},"footnotes":""},"class_list":["post-2400","page","type-page","status-publish","hentry"],"uagb_featured_image_src":{"full":false,"thumbnail":false,"medium":false,"medium_large":false,"large":false,"1536x1536":false,"2048x2048":false,"trp-custom-language-flag":false,"woocommerce_thumbnail":false,"woocommerce_single":false,"woocommerce_gallery_thumbnail":false},"uagb_author_info":{"display_name":"admin","author_link":"https:\/\/tuskwood.com\/de\/author\/admin\/"},"uagb_comment_info":0,"uagb_excerpt":"Senast uppdaterad: 7 januari 2026 Vi vill att din aquascape ska bli precis s\u00e5 fantastisk som du f\u00f6rest\u00e4llt dig. D\u00e4rf\u00f6r [&hellip;]","_links":{"self":[{"href":"https:\/\/tuskwood.com\/de\/wp-json\/wp\/v2\/pages\/2400","targetHints":{"allow":["GET"]}}],"collection":[{"href":"https:\/\/tuskwood.com\/de\/wp-json\/wp\/v2\/pages"}],"about":[{"href":"https:\/\/tuskwood.com\/de\/wp-json\/wp\/v2\/types\/page"}],"author":[{"embeddable":true,"href":"https:\/\/tuskwood.com\/de\/wp-json\/wp\/v2\/users\/1"}],"replies":[{"embeddable":true,"href":"https:\/\/tuskwood.com\/de\/wp-json\/wp\/v2\/comments?post=2400"}],"version-history":[{"count":0,"href":"https:\/\/tuskwood.com\/de\/wp-json\/wp\/v2\/pages\/2400\/revisions"}],"wp:attachment":[{"href":"https:\/\/tuskwood.com\/de\/wp-json\/wp\/v2\/media?parent=2400"}],"curies":[{"name":"wp","href":"https:\/\/api.w.org\/{rel}","templated":true}]}}