{"id":2408,"date":"2026-01-07T19:30:32","date_gmt":"2026-01-07T19:30:32","guid":{"rendered":"https:\/\/tuskwood.com\/?page_id=2408"},"modified":"2026-01-07T19:31:10","modified_gmt":"2026-01-07T19:31:10","slug":"haufig-gestellte-fragen","status":"publish","type":"page","link":"https:\/\/tuskwood.com\/de\/vanliga-fragor\/","title":{"rendered":"H\u00e4ufig gestellte Fragen"},"content":{"rendered":"<h2 class=\"wp-block-heading\">FAQ - H\u00e4ufig gestellte Fragen zum Tuskwood<\/h2>\n\n\n\n<p>Hier finden Sie Antworten auf die am h\u00e4ufigsten gestellten Fragen zu unseren einzigartigen Wurzeln. Sie k\u00f6nnen nicht finden, was Sie suchen? Kontaktieren Sie uns unter info@tuskwood.com!<\/p>\n\n\n\n<h3 class=\"wp-block-heading\">Was ist Tuskwood und wie wird es verwendet?<\/h3>\n\n\n\n<p>Tuskwood besteht aus den mineralisierten Wurzeln von kleinen B\u00e4umen und Str\u00e4uchern, die seit Hunderten, manchmal Tausenden von Jahren in Torfmooren konserviert wurden. Dieser nat\u00fcrliche Prozess verleiht dem Holz eine einzigartige dunkle Farbe und extreme Haltbarkeit. Es ist perfekt f\u00fcr <strong>Aquascaping, Aquarien, Terrarien und Paludarien<\/strong> wo eine nat\u00fcrliche und gealterte \u00c4sthetik gew\u00fcnscht ist. Es wird auch Bogwood, Moorwood und Antwood genannt.<\/p>\n\n\n\n<h3 class=\"wp-block-heading\">Hat Tuskwood Auswirkungen auf den pH-Wert meines Aquariums?<\/h3>\n\n\n\n<p>Das Torfmoor ist eine saure Umgebung, und theoretisch kann Tuskwood den pH-Wert leicht senken. Wir haben Tests damit gemacht, und haben nicht in der Lage gewesen, es praktisch zu demonstrieren, so dass wir beurteilen, dass die Wirkung auf PH normalerweise unbedeutend ist. Wenn Sie besonders vorsichtig sein wollen, k\u00f6nnen Sie Ihr Tuskwood in einem separaten Aquarium oder Eimer mit Wasser volllaufen lassen und nach etwa einer Woche und einigen Wasserwechseln in ein Aquarium mit Fischen umziehen. Da wir keine eindeutigen Auswirkungen auf den PH-Wert messen konnten, glauben wir, dass dies normalerweise nicht notwendig ist.<br>Tuskwood kann helfen, das Wasser durch die Freisetzung nat\u00fcrlicher Stoffe zu enth\u00e4rten. <strong>Humins\u00e4uren und Gerbstoffe<\/strong>. Normalerweise wird jedoch nicht so viel freigesetzt, dass sich das Wasser braun f\u00e4rbt. Nach einiger Zeit und einigen Wasserwechseln ist eine gewisse schw\u00e4rzliche F\u00e4rbung des Wassers zu beobachten, aber keine dramatische Wirkung.<\/p>\n\n\n\n<h3 class=\"wp-block-heading\">Warum ist die Wurzel an der Oberfl\u00e4che wei\u00dflich? Wird sie braun?<\/h3>\n\n\n\n<p>Das ist v\u00f6llig normal! Der Grund daf\u00fcr ist, dass dieser Teil der Wurzel einige Monate lang dem Sonnenlicht ausgesetzt war, bevor er gesammelt wurde. Wenn mineralisiertes Holz im Sonnenlicht trocknet, kann es eine gr\u00e4uliche oder fast wei\u00dfe Oberfl\u00e4che annehmen. Wenn die Wurzel in Wasser getaucht wird und Feuchtigkeit aufnimmt, nimmt sie nach einigen Wochen wieder ihre nat\u00fcrliche, dunkelbraune Farbe an. <\/p>\n\n\n\n<h3 class=\"wp-block-heading\">Bildet sich ein Biofilm oder Schleim auf dem Tuskwood?<\/h3>\n\n\n\n<p>Nein, der Biofilm, der sich auf gew\u00f6hnlichem Rotmoor, Spinnenholz usw. bildet, bildet sich nicht auf Tuskwood. Das liegt daran, dass Tuskwood etwa 500-4000 Jahre alt ist und nicht die gleichen Substanzen enth\u00e4lt wie frisches Holz. <\/p>\n\n\n\n<h3 class=\"wp-block-heading\">Wie lange dauert es, bis die Wurzel absinkt?<\/h3>\n\n\n\n<p>Da Tuskwood sehr dicht ist, sinkt es schneller als viele andere H\u00f6lzer, aber es muss erst mit Wasser ges\u00e4ttigt werden.<\/p>\n\n\n\n<ul class=\"wp-block-list\">\n<li><strong>Kleine Wurzeln:<\/strong> Sinkt oft nach ein paar Tagen.<\/li>\n\n\n\n<li><strong>Gr\u00f6\u00dfere Wurzeln (mit einem Durchmesser von \u00fcber 15 cm):<\/strong> Kann nehmen <strong>2-3 Wochen<\/strong>.<\/li>\n\n\n\n<li><strong>Tipps:<\/strong> Sie k\u00f6nnen die Wurzel an einen Stein kleben oder sie in den ersten Tagen mit einem anderen Stein beschweren, damit sie sich sofort festsetzt. Manche Leute verwenden auch Waschbeutel mit Kieselsteinen, um die Wurzeln direkt im Aquarium zu beschweren. Diese werden entfernt, sobald die Wurzel von selbst absinkt.<\/li>\n<\/ul>\n\n\n\n<h3 class=\"wp-block-heading\">Wie bereite ich die Wurzeln vor der Verwendung vor?<\/h3>\n\n\n\n<ol start=\"1\" class=\"wp-block-list\">\n<li>Sp\u00fclen und b\u00fcrsten Sie die Wurzel mit Leitungswasser ab (verwenden Sie kein Reinigungsmittel).<\/li>\n\n\n\n<li>Sie k\u00f6nnen die Wurzel abkochen, wenn Sie sie desinfizieren wollen. Durch das Abkochen sinkt die Wurzel auch schneller.<\/li>\n<\/ol>\n\n\n\n<h3 class=\"wp-block-heading\">Ist Tuskwood f\u00fcr alle Arten von Fischen sicher?<\/h3>\n\n\n\n<p>Auf jeden Fall! Tuskwood hat einen positiven Einfluss auf die Wasserqualit\u00e4t. Besonders Arten wie <strong>Diskus, Scalare, Corydoras und verschiedene L-Motten<\/strong> gedeihen besonders gut, da die Wurzeln ihren nat\u00fcrlichen Lebensraum imitieren.<\/p>\n\n\n\n<h3 class=\"wp-block-heading\">Hat Tuskwood einen Einfluss auf die Farbe des Wassers?<\/h3>\n\n\n\n<p>Tuskwood kann helfen, das Wasser durch die Freisetzung nat\u00fcrlicher Stoffe zu enth\u00e4rten. <strong>Humins\u00e4uren und Gerbstoffe<\/strong>. Normalerweise wird jedoch nicht so viel freigesetzt, dass sich das Wasser braun f\u00e4rbt. Nach einiger Zeit und einigen Wasserwechseln ist eine gewisse schw\u00e4rzliche F\u00e4rbung des Wassers zu beobachten, aber keine dramatische Wirkung.<\/p>\n\n\n\n<h3 class=\"wp-block-heading\">Kann man Tuskwood f\u00fcr hartes Wasser verwenden?<\/h3>\n\n\n\n<p>Wir haben mehrere Kunden, die das Tuskwood erfolgreich in Aquarien mit afrikanischen Buntbarschen zusammen mit Kalkstein und hartem Wasser eingesetzt haben.<\/p>\n\n\n\n<h3 class=\"wp-block-heading\">Kann Tuskwood f\u00fcr ein Gemeinschaftsaquarium verwendet werden?<\/h3>\n\n\n\n<p>Ja, Sie k\u00f6nnen Tuskwood f\u00fcr alle Arten von Aquarien und alle Arten von Fischen verwenden. Besonders beliebt ist die Verwendung von Bogwood, wie Tuskwood, f\u00fcr s\u00fcdamerikanische Fische wie Diskus, Scalare, Ancistrus, Pleco, L-Malar, Gibbiceps, Neonsalmler, Rotmaulsalmler und viele andere. Die meisten s\u00fcdasiatischen Fische wie Gurami, Botia und Kampffische gedeihen auch mit Tuskwood.<\/p>\n\n\n\n<p><\/p>","protected":false},"excerpt":{"rendered":"<p>FAQ \u2013 Vanliga fr\u00e5gor om Tuskwood H\u00e4r hittar du svar p\u00e5 de vanligaste fr\u00e5gorna om v\u00e5ra unika r\u00f6tter. Hittar du [&hellip;]<\/p>\n","protected":false},"author":1,"featured_media":0,"parent":0,"menu_order":0,"comment_status":"closed","ping_status":"closed","template":"","meta":{"_seopress_robots_primary_cat":"","_seopress_titles_title":"","_seopress_titles_desc":"","_seopress_robots_index":"","_uag_custom_page_level_css":"","site-sidebar-layout":"default","site-content-layout":"","ast-site-content-layout":"default","site-content-style":"default","site-sidebar-style":"default","ast-global-header-display":"","ast-banner-title-visibility":"","ast-main-header-display":"","ast-hfb-above-header-display":"","ast-hfb-below-header-display":"","ast-hfb-mobile-header-display":"","site-post-title":"","ast-breadcrumbs-content":"","ast-featured-img":"","footer-sml-layout":"","ast-disable-related-posts":"","theme-transparent-header-meta":"","adv-header-id-meta":"","stick-header-meta":"","header-above-stick-meta":"","header-main-stick-meta":"","header-below-stick-meta":"","astra-migrate-meta-layouts":"default","ast-page-background-enabled":"default","ast-page-background-meta":{"desktop":{"background-color":"var(--ast-global-color-5)","background-image":"","background-repeat":"repeat","background-position":"center center","background-size":"auto","background-attachment":"scroll","background-type":"","background-media":"","overlay-type":"","overlay-color":"","overlay-opacity":"","overlay-gradient":""},"tablet":{"background-color":"","background-image":"","background-repeat":"repeat","background-position":"center center","background-size":"auto","background-attachment":"scroll","background-type":"","background-media":"","overlay-type":"","overlay-color":"","overlay-opacity":"","overlay-gradient":""},"mobile":{"background-color":"","background-image":"","background-repeat":"repeat","background-position":"center center","background-size":"auto","background-attachment":"scroll","background-type":"","background-media":"","overlay-type":"","overlay-color":"","overlay-opacity":"","overlay-gradient":""}},"ast-content-background-meta":{"desktop":{"background-color":"var(--ast-global-color-4)","background-image":"","background-repeat":"repeat","background-position":"center center","background-size":"auto","background-attachment":"scroll","background-type":"","background-media":"","overlay-type":"","overlay-color":"","overlay-opacity":"","overlay-gradient":""},"tablet":{"background-color":"var(--ast-global-color-4)","background-image":"","background-repeat":"repeat","background-position":"center center","background-size":"auto","background-attachment":"scroll","background-type":"","background-media":"","overlay-type":"","overlay-color":"","overlay-opacity":"","overlay-gradient":""},"mobile":{"background-color":"var(--ast-global-color-4)","background-image":"","background-repeat":"repeat","background-position":"center center","background-size":"auto","background-attachment":"scroll","background-type":"","background-media":"","overlay-type":"","overlay-color":"","overlay-opacity":"","overlay-gradient":""}},"footnotes":""},"class_list":["post-2408","page","type-page","status-publish","hentry"],"uagb_featured_image_src":{"full":false,"thumbnail":false,"medium":false,"medium_large":false,"large":false,"1536x1536":false,"2048x2048":false,"trp-custom-language-flag":false,"woocommerce_thumbnail":false,"woocommerce_single":false,"woocommerce_gallery_thumbnail":false},"uagb_author_info":{"display_name":"admin","author_link":"https:\/\/tuskwood.com\/de\/author\/admin\/"},"uagb_comment_info":0,"uagb_excerpt":"FAQ \u2013 Vanliga fr\u00e5gor om Tuskwood H\u00e4r hittar du svar p\u00e5 de vanligaste fr\u00e5gorna om v\u00e5ra unika r\u00f6tter. Hittar du [&hellip;]","_links":{"self":[{"href":"https:\/\/tuskwood.com\/de\/wp-json\/wp\/v2\/pages\/2408","targetHints":{"allow":["GET"]}}],"collection":[{"href":"https:\/\/tuskwood.com\/de\/wp-json\/wp\/v2\/pages"}],"about":[{"href":"https:\/\/tuskwood.com\/de\/wp-json\/wp\/v2\/types\/page"}],"author":[{"embeddable":true,"href":"https:\/\/tuskwood.com\/de\/wp-json\/wp\/v2\/users\/1"}],"replies":[{"embeddable":true,"href":"https:\/\/tuskwood.com\/de\/wp-json\/wp\/v2\/comments?post=2408"}],"version-history":[{"count":0,"href":"https:\/\/tuskwood.com\/de\/wp-json\/wp\/v2\/pages\/2408\/revisions"}],"wp:attachment":[{"href":"https:\/\/tuskwood.com\/de\/wp-json\/wp\/v2\/media?parent=2408"}],"curies":[{"name":"wp","href":"https:\/\/api.w.org\/{rel}","templated":true}]}}