{"id":2518,"date":"2026-02-06T22:24:09","date_gmt":"2026-02-06T22:24:09","guid":{"rendered":"https:\/\/tuskwood.com\/sekretesspolicy-eu\/"},"modified":"2026-02-06T22:24:09","modified_gmt":"2026-02-06T22:24:09","slug":"datenschutzpolitik-eu","status":"publish","type":"page","link":"https:\/\/tuskwood.com\/de\/sekretesspolicy-eu\/","title":{"rendered":"Datenschutzbestimmungen (EU)"},"content":{"rendered":"<!-- Legal document generated by Complianz | GDPR\/CCPA Cookie Consent https:\/\/wordpress.org\/plugins\/complianz-gdpr -->\n<div id=\"cmplz-document\" class=\"cmplz-document privacy-statement cmplz-document-eu\"><p><i>Diese Datenschutzerkl\u00e4rung wurde zuletzt am 2026-02-28 aktualisiert und gilt f\u00fcr B\u00fcrger und st\u00e4ndige Einwohner des Europ\u00e4ischen Wirtschaftsraums und der Schweiz.<\/i><br \/><br \/><\/p><p><p>In dieser Datenschutzerkl\u00e4rung erkl\u00e4ren wir, was wir mit den Daten machen, die wir \u00fcber Sie sammeln <a href=\"https:\/\/tuskwood.com\/de\">https:\/\/tuskwood.com\/de<\/a> Wir empfehlen Ihnen, dieses Dokument sorgf\u00e4ltig zu lesen. Bei unserer Verarbeitung halten wir uns an die gesetzlichen Bestimmungen. Das bedeutet unter anderem:<\/p><ul>\n                <li>Wir geben klar an, zu welchen Zwecken wir personenbezogene Daten verarbeiten. Dies geschieht in dieser Datenschutzerkl\u00e4rung.<\/li>\n                <li>Wir sind bestrebt, die Erhebung personenbezogener Daten auf die personenbezogenen Daten zu beschr\u00e4nken, die aus legitimen Gr\u00fcnden ben\u00f6tigt werden.<\/li>\n                <li>Wir werden zun\u00e4chst Ihre ausdr\u00fcckliche Zustimmung einholen, wenn dies f\u00fcr die Verarbeitung Ihrer personenbezogenen Daten erforderlich ist.<\/li>\n                <li>Wir ergreifen angemessene Sicherheitsma\u00dfnahmen, um Ihre personenbezogenen Daten zu sch\u00fctzen, und verlangen das Gleiche von den Parteien, die personenbezogene Daten in unserem Auftrag verarbeiten.<\/li>\n                <li>Wir respektieren Ihr Recht auf Zugang, Berichtigung oder L\u00f6schung Ihrer personenbezogenen Daten.<\/li>\n            <\/ul><p>Wenn Sie Fragen haben oder wissen m\u00f6chten, welche pers\u00f6nlichen Daten wir \u00fcber Sie gespeichert haben, wenden Sie sich bitte an uns.<\/p><\/p><h2>1. Zweck, Daten und Aufbewahrungsfrist<\/h2>Wir k\u00f6nnen personenbezogene Daten f\u00fcr eine Reihe von Zwecken im Zusammenhang mit unserem Gesch\u00e4ft sammeln oder erhalten, einschlie\u00dflich der folgenden: (zum Vergr\u00f6\u00dfern klicken)<details class=\"cmplz-dropdown dropdown-privacy-statement\"><summary><div><h3>1.1 Kontakt - per Telefon, Post, E-Mail und\/oder Web-Formate<\/h3><\/div><\/summary><p class=\"cmplz-subtitle\">Zu diesem Zweck verwenden wir die folgenden Daten:<\/p><p><ul><li>Ein Vor- und Nachname<\/li><li>Eine E-Mail Adresse<\/li><li>Eine Rufnummer<\/li><\/ul><\/p><p class=\"cmplz-subtitle\">Die Grundlage, auf der wir diese Daten verarbeiten k\u00f6nnen, ist:<\/p><p><a target=\"_blank\" rel=\"noopener noreferrer nofollow\" href=\"https:\/\/cookiedatabase.org\/legal-bases\/#legitimate\">zur Wahrung der berechtigten Interessen des f\u00fcr die Verarbeitung Verantwortlichen oder eines Dritten erforderlich ist und dieses Interesse gegen\u00fcber den Interessen der betroffenen Person \u00fcberwiegt.<\/a><\/p><p class=\"cmplz-subtitle\">Aufbewahrungsfrist<\/p><p>Wir bewahren diese Daten f\u00fcr die folgenden Monate auf, wenn der Dienst gek\u00fcndigt wird: 12<\/p><\/details><details class=\"cmplz-dropdown dropdown-privacy-statement\"><summary><div><h3>1.2 Zahlungen<\/h3><\/div><\/summary><p class=\"cmplz-subtitle\">Zu diesem Zweck verwenden wir die folgenden Daten:<\/p><p><ul><li>Ein Vor- und Nachname<\/li><li>Eine Wohnadresse oder eine andere physische Adresse, einschlie\u00dflich Stra\u00dfenname und Name der Stadt\/Ortschaft<\/li><li>Eine E-Mail Adresse<\/li><li>IP-Adresse<\/li><li>Eine Rufnummer<\/li><\/ul><\/p><p class=\"cmplz-subtitle\">Die Grundlage, auf der wir diese Daten verarbeiten k\u00f6nnen, ist:<\/p><p><a target=\"_blank\" rel=\"noopener noreferrer nofollow\" href=\"https:\/\/cookiedatabase.org\/legal-bases\/#obligation\">Zur Erf\u00fcllung einer gesetzlichen oder beh\u00f6rdlichen Verpflichtung<\/a><\/p><p class=\"cmplz-subtitle\">Aufbewahrungsfrist<\/p><p>Wir bestimmen die Aufenthaltsdauer nach festgelegten objektiven Kriterien: 84 M\u00e5nader<\/p><\/details><details class=\"cmplz-dropdown dropdown-privacy-statement\"><summary><div><h3>1.3 Registrierung eines Kontos<\/h3><\/div><\/summary><p class=\"cmplz-subtitle\">Zu diesem Zweck verwenden wir die folgenden Daten:<\/p><p><ul><li>Ein Vor- und Nachname<\/li><li>Eine E-Mail Adresse<\/li><li>Name oder Pseudonym des Kontos<\/li><li>IP-Adresse<\/li><\/ul><\/p><p class=\"cmplz-subtitle\">Die Grundlage, auf der wir diese Daten verarbeiten k\u00f6nnen, ist:<\/p><p><a target=\"_blank\" rel=\"noopener noreferrer nofollow\" href=\"https:\/\/cookiedatabase.org\/legal-bases\/#agreement\">Erforderlich f\u00fcr die Erf\u00fcllung eines Vertrags oder zur Vorbereitung eines Vertrags, an dem die betroffene Person beteiligt ist. <\/a><\/p><p class=\"cmplz-subtitle\">Aufbewahrungsfrist<\/p><p>Wir speichern diese Daten bis zur Beendigung des Dienstes.<\/p><\/details><details class=\"cmplz-dropdown dropdown-privacy-statement\"><summary><div><h3>1.4 Rundschreiben<\/h3><\/div><\/summary><p class=\"cmplz-subtitle\">Zu diesem Zweck verwenden wir die folgenden Daten:<\/p><p><ul><li>Ein Vor- und Nachname<\/li><li>Eine E-Mail Adresse<\/li><\/ul><\/p><p class=\"cmplz-subtitle\">Die Grundlage, auf der wir diese Daten verarbeiten k\u00f6nnen, ist:<\/p><p><a target=\"_blank\" rel=\"noopener noreferrer nofollow\" href=\"https:\/\/cookiedatabase.org\/legal-bases\/#consent\">Nach Erteilung der Genehmigung.<\/a><\/p><p class=\"cmplz-subtitle\">Aufbewahrungsfrist<\/p><p>Wir speichern diese Daten bis zur Beendigung des Dienstes.<\/p><\/details><details class=\"cmplz-dropdown dropdown-privacy-statement\"><summary><div><h3>1.5 Zur Erf\u00fcllung der gesetzlichen Verpflichtungen<\/h3><\/div><\/summary><p class=\"cmplz-subtitle\">Zu diesem Zweck verwenden wir die folgenden Daten:<\/p><p><ul><li>Ein Vor- und Nachname<\/li><li>Eine Wohnadresse oder eine andere physische Adresse, einschlie\u00dflich Stra\u00dfenname und Name der Stadt\/Ortschaft<\/li><li>Eine E-Mail Adresse<\/li><li>Eine Rufnummer<\/li><li>Finanzielle Informationen wie Bankkonto oder Kreditkartennummer<\/li><\/ul><\/p><p class=\"cmplz-subtitle\">Die Grundlage, auf der wir diese Daten verarbeiten k\u00f6nnen, ist:<\/p><p><a target=\"_blank\" rel=\"noopener noreferrer nofollow\" href=\"https:\/\/cookiedatabase.org\/legal-bases\/#obligation\">Zur Erf\u00fcllung einer gesetzlichen oder beh\u00f6rdlichen Verpflichtung<\/a><\/p><p class=\"cmplz-subtitle\">Aufbewahrungsfrist<\/p><p>Die Aufbewahrungsfrist wird nach bestimmten objektiven Kriterien festgelegt: Das Rechnungslegungsgesetz schreibt die Aufbewahrung von Unterlagen f\u00fcr 7 Jahre (84 Monate) vor.<\/p><\/details><details class=\"cmplz-dropdown dropdown-privacy-statement\"><summary><div><h3>1.6 Erstellen und Analysieren von Statistiken zur Verbesserung der Website.<\/h3><\/div><\/summary><p class=\"cmplz-subtitle\">Zu diesem Zweck verwenden wir die folgenden Daten:<\/p><p><ul><li>IP-Adresse<\/li><li>Informationen \u00fcber Internetaktivit\u00e4ten, einschlie\u00dflich, aber nicht beschr\u00e4nkt auf den Browserverlauf, den Suchverlauf und Informationen \u00fcber die Interaktionen des Kunden mit einer Website, einem Programm oder einer Werbung<\/li><li>Geolokalisierungsdaten<\/li><li>Datum der Geburt<\/li><li>Geschlecht<\/li><\/ul><\/p><p class=\"cmplz-subtitle\">Die Grundlage, auf der wir diese Daten verarbeiten k\u00f6nnen, ist:<\/p><p><a target=\"_blank\" rel=\"noopener noreferrer nofollow\" href=\"https:\/\/cookiedatabase.org\/legal-bases\/#consent\">Nach Erteilung der Genehmigung.<\/a><\/p><p class=\"cmplz-subtitle\">Aufbewahrungsfrist<\/p><p>Nach Beendigung des Dienstes werden wir diese Daten f\u00fcr die folgenden Zeitr\u00e4ume aufbewahren: 26 Monate nach Google-Standard.<\/p><\/details><details class=\"cmplz-dropdown dropdown-privacy-statement\"><summary><div><h3>1.7 Personalisierte Produkte und Dienstleistungen anbieten<\/h3><\/div><\/summary><p class=\"cmplz-subtitle\">Zu diesem Zweck verwenden wir die folgenden Daten:<\/p><p><ul><li>IP-Adresse<\/li><li>Informationen \u00fcber Internetaktivit\u00e4ten, einschlie\u00dflich, aber nicht beschr\u00e4nkt auf den Browserverlauf, den Suchverlauf und Informationen \u00fcber die Interaktionen des Kunden mit einer Website, einem Programm oder einer Werbung<\/li><li>Datum der Geburt<\/li><li>Geschlecht<\/li><li>Konten in sozialen Medien<\/li><\/ul><\/p><p class=\"cmplz-subtitle\">Die Grundlage, auf der wir diese Daten verarbeiten k\u00f6nnen, ist:<\/p><p><a target=\"_blank\" rel=\"noopener noreferrer nofollow\" href=\"https:\/\/cookiedatabase.org\/legal-bases\/#consent\">Nach Erteilung der Genehmigung.<\/a><\/p><p class=\"cmplz-subtitle\">Aufbewahrungsfrist<\/p><p>Nach Beendigung des Dienstes werden wir diese Daten f\u00fcr die folgenden Zeitr\u00e4ume aufbewahren: 12 Monate.<\/p><\/details><details class=\"cmplz-dropdown dropdown-privacy-statement\"><summary><div><h3>1.8 Lieferungen<\/h3><\/div><\/summary><p class=\"cmplz-subtitle\">Zu diesem Zweck verwenden wir die folgenden Daten:<\/p><p><ul><li>Ein Vor- und Nachname<\/li><li>Eine Wohnadresse oder eine andere physische Adresse, einschlie\u00dflich Stra\u00dfenname und Name der Stadt\/Ortschaft<\/li><li>Eine E-Mail Adresse<\/li><li>Eine Rufnummer<\/li><\/ul><\/p><p class=\"cmplz-subtitle\">Die Grundlage, auf der wir diese Daten verarbeiten k\u00f6nnen, ist:<\/p><p><a target=\"_blank\" rel=\"noopener noreferrer nofollow\" href=\"https:\/\/cookiedatabase.org\/legal-bases\/#agreement\">Erforderlich f\u00fcr die Erf\u00fcllung eines Vertrags oder zur Vorbereitung eines Vertrags, an dem die betroffene Person beteiligt ist. <\/a><\/p><p class=\"cmplz-subtitle\">Aufbewahrungsfrist<\/p><p>Wir speichern diese Daten bis zur Beendigung des Dienstes.<\/p><\/details><h2>2. Offenlegung gegen\u00fcber anderen Parteien<\/h2><p>Wir geben diese Daten nur zu den folgenden Zwecken an Auftragsverarbeiter weiter:<\/p><p class=\"cmplz-subtitle\">Prozessoren<\/p><p><b>Name:<\/b>&nbsp;meta<br \/>\n            <b>Land:<\/b>&nbsp;<br \/>\n            <b>Zweck:<\/b>&nbsp;<br \/>\n            <b>Name:<\/b>&nbsp;Neuer Prozessor<br \/>\n            <b>Land:<\/b>&nbsp;<br \/>\n            <b>Zweck:<\/b>&nbsp;<br \/>\n            <\/p><h2>3. cookies<\/h2><p>Unsere Website verwendet Cookies. Weitere Informationen \u00fcber Cookies finden Sie in unserem <a href=\"https:\/\/tuskwood.com\/de\/cookie-policy-eu\/\">Cookie-Politik<\/a> nach.&nbsp;<\/p><h2>4. Praktiken der Offenlegung<\/h2><p><p>Wir geben personenbezogene Daten weiter, wenn wir gesetzlich oder per Gerichtsbeschluss dazu verpflichtet sind, z. B. auf Ersuchen einer Strafverfolgungsbeh\u00f6rde, soweit dies gesetzlich zul\u00e4ssig ist, um Informationen bereitzustellen oder f\u00fcr eine Untersuchung in einer Angelegenheit, die die \u00f6ffentliche Sicherheit betrifft.<\/p><p>Wenn unsere Website oder unser Unternehmen im Rahmen einer Fusion oder \u00dcbernahme erworben oder verkauft wird, k\u00f6nnen Ihre Daten unseren Beratern und potenziellen K\u00e4ufern offengelegt und an die neuen Eigent\u00fcmer weitergegeben werden.<\/p><\/p><p>Wir haben einen Datenverarbeitungsvertrag mit Google.<\/p><p>Google darf die Daten nicht f\u00fcr andere Google-Dienste verwenden.<\/p><p>Die Angabe der vollst\u00e4ndigen IP-Adresse wird von uns blockiert.<\/p><h2>5. Sicherheit und Schutz<\/h2><p>Wir verpflichten uns zur Sicherheit personenbezogener Daten und ergreifen angemessene Sicherheitsma\u00dfnahmen, um den Missbrauch von und den unbefugten Zugriff auf personenbezogene Daten zu begrenzen. Dadurch wird sichergestellt, dass nur die erforderlichen Personen Zugang zu Ihren Daten haben, dass dieser Zugang gesch\u00fctzt ist und dass unsere Sicherheitsma\u00dfnahmen regelm\u00e4\u00dfig \u00fcberpr\u00fcft werden.<\/p><h2>6. Websites Dritter<\/h2><p>Diese Datenschutzerkl\u00e4rung gilt nicht f\u00fcr Websites von Dritten, die mit unserer Website verlinkt sind. Wir k\u00f6nnen nicht garantieren, dass diese Dritten Ihre pers\u00f6nlichen Daten zuverl\u00e4ssig oder sicher behandeln. Wir empfehlen Ihnen, die Datenschutzerkl\u00e4rungen dieser Websites zu lesen, bevor Sie sie nutzen.<\/p><h2>7. Erg\u00e4nzungen zu dieser Datenschutzerkl\u00e4rung<\/h2><p>Wir behalten uns das Recht vor, diese Datenschutzerkl\u00e4rung zu \u00e4ndern, und wir empfehlen Ihnen, sie regelm\u00e4\u00dfig auf \u00c4nderungen zu \u00fcberpr\u00fcfen. Dar\u00fcber hinaus werden wir Sie nach M\u00f6glichkeit auf dem Laufenden halten.<\/p><h2>8. Zugriff auf Ihre Daten und deren Bearbeitung<\/h2><p>Wenn Sie Fragen haben oder wissen m\u00f6chten, welche pers\u00f6nlichen Daten wir \u00fcber Sie gespeichert haben, wenden Sie sich bitte an uns. Sie k\u00f6nnen uns \u00fcber die unten stehenden Informationen kontaktieren. Sie haben die folgenden Rechte:<\/p><ul>\n                <li>Sie haben das Recht zu erfahren, wozu Ihre personenbezogenen Daten ben\u00f6tigt werden, was mit ihnen geschieht und wie lange sie gespeichert werden.<\/li>\n                <li>Auskunftsrecht: Sie haben das Recht, Ihre uns bekannten personenbezogenen Daten einzusehen.<\/li>\n                <li>Recht auf Berichtigung: Sie haben das Recht, Ihre personenbezogenen Daten zu erg\u00e4nzen, zu berichtigen, zu l\u00f6schen oder zu sperren, wann immer Sie dies w\u00fcnschen.<\/li>\n                <li>Wenn Sie uns Ihre Einwilligung zur Verarbeitung Ihrer Daten gegeben haben, haben Sie das Recht, diese Einwilligung zu widerrufen und Ihre personenbezogenen Daten l\u00f6schen zu lassen.<\/li>\n                <li>Recht auf \u00dcbermittlung Ihrer Daten: Sie haben das Recht, alle Ihre personenbezogenen Daten von einem f\u00fcr die Verarbeitung Verantwortlichen anzufordern und sie in ihrer Gesamtheit an einen anderen f\u00fcr die Verarbeitung Verantwortlichen zu \u00fcbermitteln.<\/li>\n                <li>Recht auf Widerspruch: Sie k\u00f6nnen der Verarbeitung Ihrer Daten widersprechen. Wir werden dem nachkommen, es sei denn, es liegen berechtigte Gr\u00fcnde f\u00fcr die Verarbeitung vor.<\/li>\n            <\/ul><p>Bitte geben Sie immer deutlich an, wer Sie sind, damit wir sicherstellen k\u00f6nnen, dass wir nicht die Daten der falschen Person bearbeiten oder l\u00f6schen.<\/p><h2>9. eine Beschwerde einreichen<\/h2><p>Wenn Sie mit der Art und Weise, wie wir (Ihre Beschwerde) die Verarbeitung Ihrer personenbezogenen Daten handhaben, nicht zufrieden sind, haben Sie das Recht, eine Beschwerde bei der Datenschutzbeh\u00f6rde einzureichen.<\/p><h2>10. Kontaktinformationen<\/h2><p>Herr Joel Andersson<br \/>\n        Idstigen 2, 34337 \u00c4lmhult<br \/>\n        Schweden<br \/>\n        Website: <a href=\"https:\/\/tuskwood.com\/de\">https:\/\/tuskwood.com\/de<\/a> <br \/>\n        E-Mail: <span class=\"cmplz-obfuscate\">info@<span class=\"cmplz-fmail-domain\">&#101;x.co&#109;<\/span>tus&#107;wo&#111;&#100;&#046;c&#111;&#109;<\/span> <br \/>\n        Telefonnummer: +46735171090<\/p><h2>11. Datenabfrage<\/h2><p>F\u00fcr die am h\u00e4ufigsten gestellten Fragen bieten wir Ihnen auch die M\u00f6glichkeit, unser Datenanfrageformular zu nutzen<br \/>\t\t\t<div class=\"cmplz-datarequest cmplz-alert\">\n\t\t\t\t<span class=\"cmplz-close\">\u00d7<\/span>\n\t\t\t\t<span id=\"cmplz-message\"><\/span>\n\t\t\t<\/div>\n\t\t\t<form id=\"cmplz-datarequest-form\" action=\"\">\n\t\t\t\t<input type=\"hidden\" required value=\"eu\" name=\"cmplz_datarequest_region\" id=\"cmplz_datarequest_region\" >\n\n\t\t\t\t<label for=\"cmplz_datarequest_firstname\" class=\"cmplz-first-name\">Name\t\t\t\t\t<input type=\"search\" class=\"datarequest-firstname\" value=\"\" placeholder=\"Ihr Vorname\" id=\"cmplz_datarequest_firstname\" name=\"cmplz_datarequest_firstname\" >\n\t\t\t\t<\/label>\n\t\t\t\t<div>\n\t\t\t\t\t<label for=\"cmplz_datarequest_name\">Name<\/label>\n\t\t\t\t\t<input type=\"text\" required value=\"\" placeholder=\"Dein Name\" id=\"cmplz_datarequest_name\" name=\"cmplz_datarequest_name\">\n\t\t\t\t<\/div>\n\t\t\t\t<div>\n\t\t\t\t\t<label for=\"cmplz_datarequest_email\">E-Mail Adresse<\/label>\n\t\t\t\t\t<input type=\"email\" required value=\"\" placeholder=\"email@email.com\" id=\"cmplz_datarequest_email\" name=\"cmplz_datarequest_email\">\n\t\t\t\t<\/div>\n\t\t\t\t\t\t\t\t\t\t<div class=\"cmplz_datarequest cmplz_datarequest_request_for_access\">\n\t\t\t\t\t\t\t<label for=\"cmplz_datarequest_request_for_access\">\n\t\t\t\t\t\t\t\t<input type=\"checkbox\" value=\"1\" name=\"cmplz_datarequest_request_for_access\" id=\"cmplz_datarequest_request_for_access\"\/>\n\t\t\t\t\t\t\t\tStelle einen Antrag auf Zugang zu den Daten, die wir \u00fcber dich verarbeiten.\t\t\t\t\t\t\t<\/label>\n\t\t\t\t\t\t<\/div>\n\t\t\t\t\t\t\t\t\t\t<div class=\"cmplz_datarequest cmplz_datarequest_right_to_be_forgotten\">\n\t\t\t\t\t\t\t<label for=\"cmplz_datarequest_right_to_be_forgotten\">\n\t\t\t\t\t\t\t\t<input type=\"checkbox\" value=\"1\" name=\"cmplz_datarequest_right_to_be_forgotten\" id=\"cmplz_datarequest_right_to_be_forgotten\"\/>\n\t\t\t\t\t\t\t\tStelle einen Antrag auf L\u00f6schung der Daten, wenn sie nicht mehr relevant sind.\t\t\t\t\t\t\t<\/label>\n\t\t\t\t\t\t<\/div>\n\t\t\t\t\t\t\t\t\t\t<div class=\"cmplz_datarequest cmplz_datarequest_right_to_data_portability\">\n\t\t\t\t\t\t\t<label for=\"cmplz_datarequest_right_to_data_portability\">\n\t\t\t\t\t\t\t\t<input type=\"checkbox\" value=\"1\" name=\"cmplz_datarequest_right_to_data_portability\" id=\"cmplz_datarequest_right_to_data_portability\"\/>\n\t\t\t\t\t\t\t\tStelle einen Antrag auf eine Exportdatei der Daten, die wir \u00fcber dich verarbeiten.\t\t\t\t\t\t\t<\/label>\n\t\t\t\t\t\t<\/div>\n\t\t\t\t\t\t\t\t<input type=\"button\" id=\"cmplz-datarequest-submit\"  value=\"Senden Sie\">\n\t\t\t<input type=\"hidden\" name=\"trp-form-language\" value=\"de\"\/><\/form>\n\n\t\t\t<style>\n\t\t\t\t\/* first-name is honeypot *\/\n\t\t\t\t.cmplz-first-name {\n\t\t\t\t\tposition: absolute !important;\n\t\t\t\t\tleft: -5000px !important;\n\t\t\t\t}\n\t\t\t<\/style>\n\t\t\t<\/p><\/div>","protected":false},"excerpt":{"rendered":"","protected":false},"author":1,"featured_media":0,"parent":0,"menu_order":0,"comment_status":"closed","ping_status":"closed","template":"","meta":{"_seopress_robots_primary_cat":"","_seopress_titles_title":"","_seopress_titles_desc":"","_seopress_robots_index":"","_uag_custom_page_level_css":"","site-sidebar-layout":"default","site-content-layout":"","ast-site-content-layout":"default","site-content-style":"default","site-sidebar-style":"default","ast-global-header-display":"","ast-banner-title-visibility":"","ast-main-header-display":"","ast-hfb-above-header-display":"","ast-hfb-below-header-display":"","ast-hfb-mobile-header-display":"","site-post-title":"","ast-breadcrumbs-content":"","ast-featured-img":"","footer-sml-layout":"","ast-disable-related-posts":"","theme-transparent-header-meta":"","adv-header-id-meta":"","stick-header-meta":"","header-above-stick-meta":"","header-main-stick-meta":"","header-below-stick-meta":"","astra-migrate-meta-layouts":"default","ast-page-background-enabled":"default","ast-page-background-meta":{"desktop":{"background-color":"var(--ast-global-color-5)","background-image":"","background-repeat":"repeat","background-position":"center center","background-size":"auto","background-attachment":"scroll","background-type":"","background-media":"","overlay-type":"","overlay-color":"","overlay-opacity":"","overlay-gradient":""},"tablet":{"background-color":"","background-image":"","background-repeat":"repeat","background-position":"center center","background-size":"auto","background-attachment":"scroll","background-type":"","background-media":"","overlay-type":"","overlay-color":"","overlay-opacity":"","overlay-gradient":""},"mobile":{"background-color":"","background-image":"","background-repeat":"repeat","background-position":"center center","background-size":"auto","background-attachment":"scroll","background-type":"","background-media":"","overlay-type":"","overlay-color":"","overlay-opacity":"","overlay-gradient":""}},"ast-content-background-meta":{"desktop":{"background-color":"var(--ast-global-color-4)","background-image":"","background-repeat":"repeat","background-position":"center center","background-size":"auto","background-attachment":"scroll","background-type":"","background-media":"","overlay-type":"","overlay-color":"","overlay-opacity":"","overlay-gradient":""},"tablet":{"background-color":"var(--ast-global-color-4)","background-image":"","background-repeat":"repeat","background-position":"center center","background-size":"auto","background-attachment":"scroll","background-type":"","background-media":"","overlay-type":"","overlay-color":"","overlay-opacity":"","overlay-gradient":""},"mobile":{"background-color":"var(--ast-global-color-4)","background-image":"","background-repeat":"repeat","background-position":"center center","background-size":"auto","background-attachment":"scroll","background-type":"","background-media":"","overlay-type":"","overlay-color":"","overlay-opacity":"","overlay-gradient":""}},"footnotes":""},"class_list":["post-2518","page","type-page","status-publish","hentry"],"uagb_featured_image_src":{"full":false,"thumbnail":false,"medium":false,"medium_large":false,"large":false,"1536x1536":false,"2048x2048":false,"trp-custom-language-flag":false,"woocommerce_thumbnail":false,"woocommerce_single":false,"woocommerce_gallery_thumbnail":false},"uagb_author_info":{"display_name":"admin","author_link":"https:\/\/tuskwood.com\/de\/author\/admin\/"},"uagb_comment_info":0,"uagb_excerpt":null,"_links":{"self":[{"href":"https:\/\/tuskwood.com\/de\/wp-json\/wp\/v2\/pages\/2518","targetHints":{"allow":["GET"]}}],"collection":[{"href":"https:\/\/tuskwood.com\/de\/wp-json\/wp\/v2\/pages"}],"about":[{"href":"https:\/\/tuskwood.com\/de\/wp-json\/wp\/v2\/types\/page"}],"author":[{"embeddable":true,"href":"https:\/\/tuskwood.com\/de\/wp-json\/wp\/v2\/users\/1"}],"replies":[{"embeddable":true,"href":"https:\/\/tuskwood.com\/de\/wp-json\/wp\/v2\/comments?post=2518"}],"version-history":[{"count":0,"href":"https:\/\/tuskwood.com\/de\/wp-json\/wp\/v2\/pages\/2518\/revisions"}],"wp:attachment":[{"href":"https:\/\/tuskwood.com\/de\/wp-json\/wp\/v2\/media?parent=2518"}],"curies":[{"name":"wp","href":"https:\/\/api.w.org\/{rel}","templated":true}]}}