{"id":2520,"date":"2026-02-06T22:24:12","date_gmt":"2026-02-06T22:24:12","guid":{"rendered":"https:\/\/tuskwood.com\/ansvarsfriskrivning\/"},"modified":"2026-02-06T22:24:12","modified_gmt":"2026-02-06T22:24:12","slug":"haftungsausschluss","status":"publish","type":"page","link":"https:\/\/tuskwood.com\/de\/ansvarsfriskrivning\/","title":{"rendered":"Haftungsverzicht"},"content":{"rendered":"<!-- Legal document generated by Complianz | GDPR\/CCPA Cookie Consent https:\/\/wordpress.org\/plugins\/complianz-gdpr -->\n<div id=\"cmplz-document\" class=\"cmplz-document disclaimer cmplz-document-all\"><p>Joel Andersson ist bestrebt, diese Website aktuell und korrekt zu halten. Sollten Sie jedoch auf veraltete oder falsche Informationen sto\u00dfen, w\u00fcrden wir uns freuen, wenn Sie uns dies mitteilen w\u00fcrden. Bitte geben Sie an, wo auf der Website Sie die Informationen gelesen haben. Wir werden uns dann so schnell wie m\u00f6glich darum k\u00fcmmern. Bitte senden Sie Ihr Feedback an: <span class=\"cmplz-obfuscate\">info@<span class=\"cmplz-fmail-domain\">e&#120;.&#099;&#111;m<\/span>&#116;&#117;&#115;&#107;&#119;o&#111;d&#046;&#099;o&#109;<\/span>.<\/p><p>Wir \u00fcbernehmen keine Haftung f\u00fcr Verluste, die sich aus Ungenauigkeiten oder Unvollst\u00e4ndigkeiten ergeben, noch f\u00fcr den Verlust oder die Verbreitung von Informationen \u00fcber das Internet, wie z.B. St\u00f6rungen oder Unterbrechungen. Bei der Verwendung von Internetformularen bem\u00fchen wir uns, die Anzahl der erforderlichen Felder so gering wie m\u00f6glich zu halten. Joel Andersson \u00fcbernimmt keine Haftung f\u00fcr Sch\u00e4den, die durch die Verwendung von Daten, Ratschl\u00e4gen oder Ideen entstehen, die von Joel Andersson empfohlen oder bezogen wurden.<\/p><p>Die Nutzung der Website und aller ihrer Teile (einschlie\u00dflich der Foren) unterliegt den <a href=\"https:\/\/tuskwood.com\/de\/benutzerbedingungen\/?wmc-currency=EUR\" target=\"_blank\">Bedingungen f\u00fcr die Nutzung<\/a>. Die Nutzung der Website setzt die Kenntnis und Annahme dieser Nutzungsbedingungen voraus.<\/p><p>Antworten und Datenschutzanfragen, die per E-Mail oder \u00fcber ein Internetformular \u00fcbermittelt werden, werden wie Briefe behandelt. Das bedeutet, dass Sie sp\u00e4testens innerhalb eines Monats eine Antwort von uns erwarten k\u00f6nnen. Bei umfangreichen Anfragen teilen wir Ihnen innerhalb eines Monats mit, wenn wir maximal drei Monate ben\u00f6tigen.<\/p><p>Alle personenbezogenen Daten, die Sie uns im Rahmen Ihrer Antwort oder Anfrage zur Verf\u00fcgung stellen, werden ausschlie\u00dflich in \u00dcbereinstimmung mit unserer Datenschutzrichtlinie verwendet.<\/p><p>Joel Andersson wird alle angemessenen Ma\u00dfnahmen ergreifen, um sein System gegen jede Form der unbefugten Nutzung zu sch\u00fctzen. Joel Andersson setzt zu diesem Zweck geeignete Technologien und organisatorische Ma\u00dfnahmen unter Ber\u00fccksichtigung des aktuellen Stands der Technik ein, ist jedoch nicht verantwortlich f\u00fcr direkte und\/oder indirekte Verluste jeglicher Art, die einem Nutzer der Website durch die unrechtm\u00e4\u00dfige Nutzung des Systems durch Dritte entstehen.<\/p><p>Joel Andersson ist nicht f\u00fcr den Inhalt von Websites verantwortlich, zu denen oder von denen ein Hyperlink oder ein anderer Verweis besteht, und alle von Dritten angebotenen Produkte oder Dienstleistungen werden gem\u00e4\u00df den Bedingungen dieser Dritten behandelt.<\/p><p>Unsere Mitarbeiter setzen alles daran, den Zugang zu unserer Website zu gew\u00e4hrleisten und sie st\u00e4ndig zu verbessern. Das Gleiche gilt f\u00fcr Menschen, die aufgrund einer Behinderung spezielle Software verwenden.<\/p><p>Alle geistigen Eigentumsrechte am Inhalt dieser Website sind Eigentum von Joel Andersson.<\/p><p>Die Vervielf\u00e4ltigung, Verbreitung oder sonstige Nutzung dieses Materials ist ohne schriftliche Genehmigung von Joel Andersson untersagt, es sei denn, es liegen andere Bestimmungen oder Ausnahmen nach geltendem Recht vor (z. B. das Recht zum Zitieren), es sei denn, der jeweilige Inhalt erfordert etwas anderes.<\/p><p>Sollten Sie Fragen oder Probleme mit der Verf\u00fcgbarkeit der Website haben, z\u00f6gern Sie bitte nicht, uns zu kontaktieren.<\/p><\/div>","protected":false},"excerpt":{"rendered":"","protected":false},"author":1,"featured_media":0,"parent":0,"menu_order":0,"comment_status":"closed","ping_status":"closed","template":"","meta":{"_seopress_robots_primary_cat":"","_seopress_titles_title":"","_seopress_titles_desc":"","_seopress_robots_index":"","_uag_custom_page_level_css":"","site-sidebar-layout":"default","site-content-layout":"","ast-site-content-layout":"default","site-content-style":"default","site-sidebar-style":"default","ast-global-header-display":"","ast-banner-title-visibility":"","ast-main-header-display":"","ast-hfb-above-header-display":"","ast-hfb-below-header-display":"","ast-hfb-mobile-header-display":"","site-post-title":"","ast-breadcrumbs-content":"","ast-featured-img":"","footer-sml-layout":"","ast-disable-related-posts":"","theme-transparent-header-meta":"","adv-header-id-meta":"","stick-header-meta":"","header-above-stick-meta":"","header-main-stick-meta":"","header-below-stick-meta":"","astra-migrate-meta-layouts":"default","ast-page-background-enabled":"default","ast-page-background-meta":{"desktop":{"background-color":"var(--ast-global-color-5)","background-image":"","background-repeat":"repeat","background-position":"center center","background-size":"auto","background-attachment":"scroll","background-type":"","background-media":"","overlay-type":"","overlay-color":"","overlay-opacity":"","overlay-gradient":""},"tablet":{"background-color":"","background-image":"","background-repeat":"repeat","background-position":"center center","background-size":"auto","background-attachment":"scroll","background-type":"","background-media":"","overlay-type":"","overlay-color":"","overlay-opacity":"","overlay-gradient":""},"mobile":{"background-color":"","background-image":"","background-repeat":"repeat","background-position":"center center","background-size":"auto","background-attachment":"scroll","background-type":"","background-media":"","overlay-type":"","overlay-color":"","overlay-opacity":"","overlay-gradient":""}},"ast-content-background-meta":{"desktop":{"background-color":"var(--ast-global-color-4)","background-image":"","background-repeat":"repeat","background-position":"center center","background-size":"auto","background-attachment":"scroll","background-type":"","background-media":"","overlay-type":"","overlay-color":"","overlay-opacity":"","overlay-gradient":""},"tablet":{"background-color":"var(--ast-global-color-4)","background-image":"","background-repeat":"repeat","background-position":"center center","background-size":"auto","background-attachment":"scroll","background-type":"","background-media":"","overlay-type":"","overlay-color":"","overlay-opacity":"","overlay-gradient":""},"mobile":{"background-color":"var(--ast-global-color-4)","background-image":"","background-repeat":"repeat","background-position":"center center","background-size":"auto","background-attachment":"scroll","background-type":"","background-media":"","overlay-type":"","overlay-color":"","overlay-opacity":"","overlay-gradient":""}},"footnotes":""},"class_list":["post-2520","page","type-page","status-publish","hentry"],"uagb_featured_image_src":{"full":false,"thumbnail":false,"medium":false,"medium_large":false,"large":false,"1536x1536":false,"2048x2048":false,"trp-custom-language-flag":false,"woocommerce_thumbnail":false,"woocommerce_single":false,"woocommerce_gallery_thumbnail":false},"uagb_author_info":{"display_name":"admin","author_link":"https:\/\/tuskwood.com\/de\/author\/admin\/"},"uagb_comment_info":0,"uagb_excerpt":null,"_links":{"self":[{"href":"https:\/\/tuskwood.com\/de\/wp-json\/wp\/v2\/pages\/2520","targetHints":{"allow":["GET"]}}],"collection":[{"href":"https:\/\/tuskwood.com\/de\/wp-json\/wp\/v2\/pages"}],"about":[{"href":"https:\/\/tuskwood.com\/de\/wp-json\/wp\/v2\/types\/page"}],"author":[{"embeddable":true,"href":"https:\/\/tuskwood.com\/de\/wp-json\/wp\/v2\/users\/1"}],"replies":[{"embeddable":true,"href":"https:\/\/tuskwood.com\/de\/wp-json\/wp\/v2\/comments?post=2520"}],"version-history":[{"count":0,"href":"https:\/\/tuskwood.com\/de\/wp-json\/wp\/v2\/pages\/2520\/revisions"}],"wp:attachment":[{"href":"https:\/\/tuskwood.com\/de\/wp-json\/wp\/v2\/media?parent=2520"}],"curies":[{"name":"wp","href":"https:\/\/api.w.org\/{rel}","templated":true}]}}