{"id":3167,"date":"2026-04-14T13:28:29","date_gmt":"2026-04-14T13:28:29","guid":{"rendered":"https:\/\/tuskwood.com\/?page_id=3167"},"modified":"2026-04-14T13:28:33","modified_gmt":"2026-04-14T13:28:33","slug":"tuskwood-akta-myrtra-for-akvarium","status":"publish","type":"page","link":"https:\/\/tuskwood.com\/de\/tuskwood-akta-myrtra-for-akvarium\/","title":{"rendered":"TUSKWOOD - ECHTES MOORHOLZ F\u00dcR AQUARIEN"},"content":{"rendered":"<div class=\"wp-block-uagb-container uagb-block-bf16050d alignfull uagb-is-root-container\"><div class=\"uagb-container-inner-blocks-wrap\">\n<div class=\"wp-block-uagb-container uagb-block-d4e307cf\">\n<div class=\"wp-block-media-text is-stacked-on-mobile\" style=\"grid-template-columns:26% auto\"><figure class=\"wp-block-media-text__media\"><img alt=\"\" loading=\"lazy\" decoding=\"async\" width=\"683\" height=\"1024\" src=\"https:\/\/tuskwood.com\/wp-content\/uploads\/2026\/04\/IMG_9300-w1000px-683x1024.jpg\" class=\"wp-image-3168 size-full\" srcset=\"https:\/\/tuskwood.com\/wp-content\/uploads\/2026\/04\/IMG_9300-w1000px-683x1024.jpg 683w, https:\/\/tuskwood.com\/wp-content\/uploads\/2026\/04\/IMG_9300-w1000px-200x300.jpg 200w, https:\/\/tuskwood.com\/wp-content\/uploads\/2026\/04\/IMG_9300-w1000px-768x1152.jpg 768w, https:\/\/tuskwood.com\/wp-content\/uploads\/2026\/04\/IMG_9300-w1000px-8x12.jpg 8w, https:\/\/tuskwood.com\/wp-content\/uploads\/2026\/04\/IMG_9300-w1000px-600x900.jpg 600w, https:\/\/tuskwood.com\/wp-content\/uploads\/2026\/04\/IMG_9300-w1000px.jpg 1000w\" sizes=\"auto, (max-width: 683px) 100vw, 683px\" \/><\/figure><div class=\"wp-block-media-text__content\">\n<p>Es gibt Wurzeln, die nur Dekoration sind.<br>Und dann gibt es noch Wurzeln, die eine Geschichte erz\u00e4hlen.<\/p>\n\n\n\n<p>Tuskwood ist echtes Moorholz aus n\u00f6rdlichen Torfmooren. Das Holz stammt von B\u00e4umen und Str\u00e4uchern, die einst in einer rauen, n\u00e4hrstoffarmen und wasserges\u00e4ttigten Umgebung ums \u00dcberleben k\u00e4mpften. Nichts w\u00e4chst dort schnell. Alles ist langsam. Jahr f\u00fcr Jahr. Schicht um Schicht. Wind, N\u00e4sse, K\u00e4lte, Dunkelheit.<\/p>\n\n\n\n<p>Irgendwann gab der Baum auf. Der Teil des Baumes, der sich \u00fcber dem wei\u00dfen Moos befand, brach zusammen, verrottete, der Teil, der sich unter der Moosdecke befand, versank im Moos.<\/p>\n\n\n\n<p>Aber sie ist nie verschwunden.<\/p>\n\n\n\n<p>Stattdessen wurde das Holz in dem anoxischen Moor \u00fcber Hunderte bis Tausende von Jahren konserviert. Humins\u00e4uren, Mineralien und die Zeit ver\u00e4nderten es langsam. Was einst ein lebendiger Baum war, wurde zu etwas anderem: dunkler, dichter, reifer, widerstandsf\u00e4higer. Kein frisches Holz. Kein gew\u00f6hnliches Holz. Sondern ein nat\u00fcrliches Material mit einem ganz eigenen Charakter.<\/p>\n\n\n\n<p>Genau das ist Tuskwood.<\/p>\n<\/div><\/div>\n<\/div>\n<\/div><\/div>\n\n\n\n<div class=\"wp-block-media-text has-media-on-the-right is-stacked-on-mobile\" style=\"grid-template-columns:auto 26%\"><div class=\"wp-block-media-text__content\">\n<p><strong>Jede Wurzel ist einzigartig - und uralt<\/strong><\/p>\n\n\n\n<p>Wenn Sie eine Tuskwood-Wurzel in der Hand halten, halten Sie nicht nur eine Form in der Hand, die in einem Aquarium sch\u00f6n aussieht. Sie halten ein St\u00fcck nordischer Naturgeschichte in der Hand.<\/p>\n\n\n\n<p>Jede Wurzel ist an ihrem eigenen Platz gewachsen. Hat ihre eigenen Jahre gek\u00e4mpft. Beeinflusst von ihrem eigenen B\u00fcschel, ihrem eigenen Wasserfluss, ihrer eigenen einzigartigen Umgebung im Moor. Deshalb gibt es auch keine Kopien. Keine Wurzel ist genau wie die andere. Jedes St\u00fcck tr\u00e4gt die Spuren eines echten Lebens und eines echten Ortes.<\/p>\n\n\n\n<p>Das ist auch der Grund, warum sich das Tuskwood anders anf\u00fchlt als viele andere Roots auf dem Markt.<\/p>\n<\/div><figure class=\"wp-block-media-text__media\"><img alt=\"\" decoding=\"async\" src=\"https:\/\/tuskwood.com\/wp-content\/uploads\/2026\/03\/20260302_224218.jpg\" class=\"wp-image-2985 size-full\"\/><\/figure><\/div>\n\n\n\n<div class=\"wp-block-media-text is-stacked-on-mobile\" style=\"grid-template-columns:36% auto\"><figure class=\"wp-block-media-text__media\"><img alt=\"\" loading=\"lazy\" decoding=\"async\" width=\"660\" height=\"780\" src=\"https:\/\/tuskwood.com\/wp-content\/uploads\/2026\/04\/603c34256a41f45a99aa6814_kikwetu-2.png\" class=\"wp-image-3169 size-full\" srcset=\"https:\/\/tuskwood.com\/wp-content\/uploads\/2026\/04\/603c34256a41f45a99aa6814_kikwetu-2.png 660w, https:\/\/tuskwood.com\/wp-content\/uploads\/2026\/04\/603c34256a41f45a99aa6814_kikwetu-2-254x300.png 254w, https:\/\/tuskwood.com\/wp-content\/uploads\/2026\/04\/603c34256a41f45a99aa6814_kikwetu-2-10x12.png 10w, https:\/\/tuskwood.com\/wp-content\/uploads\/2026\/04\/603c34256a41f45a99aa6814_kikwetu-2-600x709.png 600w\" sizes=\"auto, (max-width: 660px) 100vw, 660px\" \/><\/figure><div class=\"wp-block-media-text__content\">\n<p><strong>Keine asiatischen Importe. Keine hellfarbigen Exemplare.<\/strong><\/p>\n\n\n\n<p>Vieles von dem, was heute als \u201cMoorholz\u201d, \u201cMoosholz\u201d oder \u201cSumpfwurzel\u201d verkauft wird, ist in Wirklichkeit etwas ganz anderes als das klassische europ\u00e4ische Moorholz. Oft handelt es sich um importiertes, heller gef\u00e4rbtes Holz aus Asien, vorhersehbarere und einheitliche Reste aus Baumschulen und Gew\u00e4chsh\u00e4usern, oft Azaleen - manchmal wundersch\u00f6n an sich, manchmal chemisch behandelt, um sie schwarz zu f\u00e4rben, aber mit einer v\u00f6llig anderen Textur, Haptik und Eigenschaften im Wasser. Diese Wurzeln werden in der Regel auch sandgestrahlt, wodurch die nat\u00fcrliche Oberfl\u00e4chenstruktur und die Details entfernt werden und das Aussehen industrieller und fader wird.<\/p>\n\n\n\n<p>Tuskwood ist kein solches Material.<\/p>\n\n\n\n<p>Tuskwood ist dunkles, reifes, nat\u00fcrlich erhaltenes Holz aus n\u00f6rdlichen Moorgebieten. Es ist von der Natur selbst langsam geformt worden. W\u00e4hrend sich die hellen Alternativen oft trocken, leicht und vor\u00fcbergehend anf\u00fchlen, hat Tuskwood ein anderes Gewicht. Eine andere Ruhe. Eine andere Glaubw\u00fcrdigkeit in einem nat\u00fcrlichen Aquarium. Eine einzigartige Herkunft, jede Wurzel hat ihre eigene Geschichte zu erz\u00e4hlen.<\/p>\n\n\n\n<p>Man sieht es an der Farbe.<br>Sie ist in der Struktur zu sp\u00fcren.<br>Und das sieht man im Aquarium.<\/p>\n<\/div><\/div>\n\n\n\n<div class=\"wp-block-media-text has-media-on-the-right is-stacked-on-mobile\" style=\"grid-template-columns:auto 28%\"><div class=\"wp-block-media-text__content\">\n<p><strong>Eine Wurzel, die mehr kann als nur gut aussehen<\/strong><\/p>\n\n\n\n<p>Beim Tuskwood geht es nicht nur um die Form. Es geht auch um die Funktion.<\/p>\n\n\n\n<p>Echtes Moorholz gibt von Natur aus Gerbstoffe und Huminstoffe ab, wenn es in Wasser gelegt wird. Dies ist Teil der Natur des Materials. F\u00fcr viele Fische, Garnelen und Mikroorganismen geh\u00f6ren diese Stoffe in eine nat\u00fcrlichere aquatische Umgebung. Sie tragen zu dem weichen, lebendigen und biologisch aktiven Wasser bei, das viele Aquarianer suchen.<\/p>\n\n\n\n<p>Wie stark eine Tuskwood-Wurzel das Wasser f\u00e4rbt, kann von Wurzel zu Wurzel leicht variieren. In den meisten F\u00e4llen ist die Auswirkung von Anfang an gering, und nach einigen Wochen bis Monaten ist in der Regel kein Einfluss auf die Farbe des Wassers festzustellen. Auch ohne Farbeinfluss findet eine sehr langsame Freisetzung von f\u00fcr das Aquarium n\u00fctzlichen Stoffen \u00fcber einen sehr langen Zeitraum statt.<\/p>\n\n\n\n<p>Die Huminstoffe in echtem Moorholz werden auch mit einem nat\u00fcrlich sch\u00fctzenden und leicht antibakteriellen Milieu in Verbindung gebracht, das sich g\u00fcnstig auf die Gesundheit der Fische auswirkt, was einer der Gr\u00fcnde ist, warum klassisches Moorholz in der Aquaristik so lange so beliebt war.<\/p>\n\n\n\n<p>Das Tuskwood ist nicht nur etwas, das man sich ansieht.<br>Es ist etwas, das mit dem Leben im Aquarium interagiert.<\/p>\n<\/div><figure class=\"wp-block-media-text__media\"><img alt=\"\" loading=\"lazy\" decoding=\"async\" width=\"683\" height=\"1024\" src=\"https:\/\/tuskwood.com\/wp-content\/uploads\/2026\/04\/499402964_122114707934843968_3562982866609318195_n-683x1024.jpg\" class=\"wp-image-3170 size-full\" srcset=\"https:\/\/tuskwood.com\/wp-content\/uploads\/2026\/04\/499402964_122114707934843968_3562982866609318195_n-683x1024.jpg 683w, https:\/\/tuskwood.com\/wp-content\/uploads\/2026\/04\/499402964_122114707934843968_3562982866609318195_n-200x300.jpg 200w, https:\/\/tuskwood.com\/wp-content\/uploads\/2026\/04\/499402964_122114707934843968_3562982866609318195_n-768x1152.jpg 768w, https:\/\/tuskwood.com\/wp-content\/uploads\/2026\/04\/499402964_122114707934843968_3562982866609318195_n-8x12.jpg 8w, https:\/\/tuskwood.com\/wp-content\/uploads\/2026\/04\/499402964_122114707934843968_3562982866609318195_n-600x900.jpg 600w, https:\/\/tuskwood.com\/wp-content\/uploads\/2026\/04\/499402964_122114707934843968_3562982866609318195_n.jpg 1024w\" sizes=\"auto, (max-width: 683px) 100vw, 683px\" \/><\/figure><\/div>\n\n\n\n<div class=\"wp-block-media-text is-stacked-on-mobile\"><figure class=\"wp-block-media-text__media\"><img alt=\"\" loading=\"lazy\" decoding=\"async\" width=\"1024\" height=\"694\" src=\"https:\/\/tuskwood.com\/wp-content\/uploads\/2026\/04\/Bogwood-in-the-70s-1024x694.png\" class=\"wp-image-3189 size-full\" srcset=\"https:\/\/tuskwood.com\/wp-content\/uploads\/2026\/04\/Bogwood-in-the-70s-1024x694.png 1024w, https:\/\/tuskwood.com\/wp-content\/uploads\/2026\/04\/Bogwood-in-the-70s-300x203.png 300w, https:\/\/tuskwood.com\/wp-content\/uploads\/2026\/04\/Bogwood-in-the-70s-768x520.png 768w, https:\/\/tuskwood.com\/wp-content\/uploads\/2026\/04\/Bogwood-in-the-70s-18x12.png 18w, https:\/\/tuskwood.com\/wp-content\/uploads\/2026\/04\/Bogwood-in-the-70s-600x406.png 600w, https:\/\/tuskwood.com\/wp-content\/uploads\/2026\/04\/Bogwood-in-the-70s.png 1134w\" sizes=\"auto, (max-width: 1024px) 100vw, 1024px\" \/><\/figure><div class=\"wp-block-media-text__content\">\n<p><strong>Echtes Moorholz in der Aquariengeschichte<\/strong><\/p>\n\n\n\n<p>Echtes Moorholz ist seit langem ein fester Bestandteil des Aquarienhobbys. Es ist eines der klassischen Naturmaterialien, das wegen seines dunklen, reifen Aussehens, seiner Stabilit\u00e4t im Wasser und seiner F\u00e4higkeit, dem Aquarium ein nat\u00fcrliches Aussehen zu verleihen, gesch\u00e4tzt wird.<\/p>\n\n\n\n<p>Sie wird oft mit s\u00fcdamerikanischen Lebensr\u00e4umen und Schwarzwasseraquarien in Verbindung gebracht, wo sie sich nat\u00fcrlich sehr gut einf\u00fcgt. Aber Tuskwood geh\u00f6rt nicht nur dorthin. Wir haben auch viele gute Beispiele daf\u00fcr, dass echtes Ameisenholz in Hartwasseraquarien gut funktioniert, sogar in Kalksteinaquarien. Das zeigt etwas Wichtiges: Tuskwood ist nicht auf einen bestimmten Stil oder eine bestimmte Wasserumgebung beschr\u00e4nkt. Es ist ein starkes und vielseitiges Naturmaterial, das vielen verschiedenen Arten von Aquarien Charakter und Funktion verleihen kann.<\/p>\n\n\n\n<p>W\u00e4hrend von frischem Weichholz in der Aquaristik seit langem abgeraten wird, nimmt Moosholz von Nadelb\u00e4umen und Str\u00e4uchern seit Jahrzehnten einen zentralen Platz in der Aquaristik ein. Wenn es verf\u00fcgbar war, wurde es auch von vielen der seri\u00f6sesten und bekanntesten Aquarianer gew\u00e4hlt.<\/p>\n<\/div><\/div>\n\n\n\n<div class=\"wp-block-uagb-container uagb-block-86d2e705 alignfull uagb-is-root-container\"><div class=\"uagb-container-inner-blocks-wrap\">\n<div class=\"wp-block-media-text is-stacked-on-mobile\" style=\"grid-template-columns:38% auto\"><figure class=\"wp-block-media-text__media\"><img alt=\"\" loading=\"lazy\" decoding=\"async\" width=\"1024\" height=\"1024\" src=\"https:\/\/tuskwood.com\/wp-content\/uploads\/2026\/04\/23f69910-ad5e-4cbe-8294-04edf44fa786.png\" class=\"wp-image-3190 size-full\" srcset=\"https:\/\/tuskwood.com\/wp-content\/uploads\/2026\/04\/23f69910-ad5e-4cbe-8294-04edf44fa786.png 1024w, https:\/\/tuskwood.com\/wp-content\/uploads\/2026\/04\/23f69910-ad5e-4cbe-8294-04edf44fa786-300x300.png 300w, https:\/\/tuskwood.com\/wp-content\/uploads\/2026\/04\/23f69910-ad5e-4cbe-8294-04edf44fa786-150x150.png 150w, https:\/\/tuskwood.com\/wp-content\/uploads\/2026\/04\/23f69910-ad5e-4cbe-8294-04edf44fa786-768x768.png 768w, https:\/\/tuskwood.com\/wp-content\/uploads\/2026\/04\/23f69910-ad5e-4cbe-8294-04edf44fa786-12x12.png 12w, https:\/\/tuskwood.com\/wp-content\/uploads\/2026\/04\/23f69910-ad5e-4cbe-8294-04edf44fa786-600x600.png 600w, https:\/\/tuskwood.com\/wp-content\/uploads\/2026\/04\/23f69910-ad5e-4cbe-8294-04edf44fa786-100x100.png 100w\" sizes=\"auto, (max-width: 1024px) 100vw, 1024px\" \/><\/figure><div class=\"wp-block-media-text__content\">\n<p><strong>Mehr als eine Wurzel<\/strong><br>Das Tuskwood ist f\u00fcr alle, die mehr wollen als nur ein weiteres Detail f\u00fcr die Gartengestaltung. <br>Es ist f\u00fcr diejenigen, die ein Aquarium mit einem Gef\u00fchl f\u00fcr den Ort bauen wollen. Dem Alter. Der Natur. Etwas, das sich weniger nach Fabrik und mehr nach Wald, mehr nach Sumpf, mehr nach Realit\u00e4t anf\u00fchlt. <br><br>Jede Wurzel ist einzigartig.<br>Jede Wurzel ist uralt.<br>Jede Wurzel hat eine Geschichte zu erz\u00e4hlen.<br><br><strong>Tuskwood - Aquarienwurzeln zum Anfassen<\/strong><\/p>\n<\/div><\/div>\n<\/div><\/div>","protected":false},"excerpt":{"rendered":"<p>Det finns r\u00f6tter som bara \u00e4r dekoration.Och s\u00e5 finns det r\u00f6tter som b\u00e4r p\u00e5 en historia. Tuskwood \u00e4r \u00e4kta myrtr\u00e4 [&hellip;]<\/p>\n","protected":false},"author":1,"featured_media":0,"parent":0,"menu_order":0,"comment_status":"closed","ping_status":"closed","template":"","meta":{"_seopress_robots_primary_cat":"","_seopress_titles_title":"","_seopress_titles_desc":"","_seopress_robots_index":"","_uag_custom_page_level_css":"","site-sidebar-layout":"default","site-content-layout":"","ast-site-content-layout":"default","site-content-style":"default","site-sidebar-style":"default","ast-global-header-display":"","ast-banner-title-visibility":"","ast-main-header-display":"","ast-hfb-above-header-display":"","ast-hfb-below-header-display":"","ast-hfb-mobile-header-display":"","site-post-title":"","ast-breadcrumbs-content":"","ast-featured-img":"","footer-sml-layout":"","ast-disable-related-posts":"","theme-transparent-header-meta":"","adv-header-id-meta":"","stick-header-meta":"","header-above-stick-meta":"","header-main-stick-meta":"","header-below-stick-meta":"","astra-migrate-meta-layouts":"default","ast-page-background-enabled":"default","ast-page-background-meta":{"desktop":{"background-color":"var(--ast-global-color-5)","background-image":"","background-repeat":"repeat","background-position":"center center","background-size":"auto","background-attachment":"scroll","background-type":"","background-media":"","overlay-type":"","overlay-color":"","overlay-opacity":"","overlay-gradient":""},"tablet":{"background-color":"","background-image":"","background-repeat":"repeat","background-position":"center center","background-size":"auto","background-attachment":"scroll","background-type":"","background-media":"","overlay-type":"","overlay-color":"","overlay-opacity":"","overlay-gradient":""},"mobile":{"background-color":"","background-image":"","background-repeat":"repeat","background-position":"center center","background-size":"auto","background-attachment":"scroll","background-type":"","background-media":"","overlay-type":"","overlay-color":"","overlay-opacity":"","overlay-gradient":""}},"ast-content-background-meta":{"desktop":{"background-color":"var(--ast-global-color-4)","background-image":"","background-repeat":"repeat","background-position":"center center","background-size":"auto","background-attachment":"scroll","background-type":"","background-media":"","overlay-type":"","overlay-color":"","overlay-opacity":"","overlay-gradient":""},"tablet":{"background-color":"var(--ast-global-color-4)","background-image":"","background-repeat":"repeat","background-position":"center center","background-size":"auto","background-attachment":"scroll","background-type":"","background-media":"","overlay-type":"","overlay-color":"","overlay-opacity":"","overlay-gradient":""},"mobile":{"background-color":"var(--ast-global-color-4)","background-image":"","background-repeat":"repeat","background-position":"center center","background-size":"auto","background-attachment":"scroll","background-type":"","background-media":"","overlay-type":"","overlay-color":"","overlay-opacity":"","overlay-gradient":""}},"footnotes":""},"class_list":["post-3167","page","type-page","status-publish","hentry"],"uagb_featured_image_src":{"full":false,"thumbnail":false,"medium":false,"medium_large":false,"large":false,"1536x1536":false,"2048x2048":false,"trp-custom-language-flag":false,"woocommerce_thumbnail":false,"woocommerce_single":false,"woocommerce_gallery_thumbnail":false},"uagb_author_info":{"display_name":"admin","author_link":"https:\/\/tuskwood.com\/de\/author\/admin\/"},"uagb_comment_info":0,"uagb_excerpt":"Det finns r\u00f6tter som bara \u00e4r dekoration.Och s\u00e5 finns det r\u00f6tter som b\u00e4r p\u00e5 en historia. Tuskwood \u00e4r \u00e4kta myrtr\u00e4 [&hellip;]","_links":{"self":[{"href":"https:\/\/tuskwood.com\/de\/wp-json\/wp\/v2\/pages\/3167","targetHints":{"allow":["GET"]}}],"collection":[{"href":"https:\/\/tuskwood.com\/de\/wp-json\/wp\/v2\/pages"}],"about":[{"href":"https:\/\/tuskwood.com\/de\/wp-json\/wp\/v2\/types\/page"}],"author":[{"embeddable":true,"href":"https:\/\/tuskwood.com\/de\/wp-json\/wp\/v2\/users\/1"}],"replies":[{"embeddable":true,"href":"https:\/\/tuskwood.com\/de\/wp-json\/wp\/v2\/comments?post=3167"}],"version-history":[{"count":3,"href":"https:\/\/tuskwood.com\/de\/wp-json\/wp\/v2\/pages\/3167\/revisions"}],"predecessor-version":[{"id":3191,"href":"https:\/\/tuskwood.com\/de\/wp-json\/wp\/v2\/pages\/3167\/revisions\/3191"}],"wp:attachment":[{"href":"https:\/\/tuskwood.com\/de\/wp-json\/wp\/v2\/media?parent=3167"}],"curies":[{"name":"wp","href":"https:\/\/api.w.org\/{rel}","templated":true}]}}