{"id":3193,"date":"2026-04-14T13:44:49","date_gmt":"2026-04-14T13:44:49","guid":{"rendered":"https:\/\/tuskwood.com\/?page_id=3193"},"modified":"2026-04-14T13:49:48","modified_gmt":"2026-04-14T13:49:48","slug":"tuskwood-skotselrad-och-hantering","status":"publish","type":"page","link":"https:\/\/tuskwood.com\/de\/tuskwood-skotselrad-och-hantering\/","title":{"rendered":"TUSKWOOD - Pflege und Handhabung"},"content":{"rendered":"<p>Din Tuskwood-rot har legat bevarad i syrefattiga nordiska mossmarker i hundratals \u2013 ibland tusentals \u2013 \u00e5r. Under denna tid har tr\u00e4et l\u00e5ngsamt impregnerats med humus, mineraliserats och formats av naturens egna krafter.<br>Varje rot b\u00e4r p\u00e5 en historia om den kamp som har utk\u00e4mpats mot kyla, m\u00f6rker, och v\u00e4ta, om den plats och det liv som gav just den h\u00e4r roten dess unika egenskaper och former. Tuskwood \u00e4r ett exklusivt naturmaterial, det f\u00f6rtj\u00e4nar att hanteras med r\u00e4tt omsorg.<br>Den goda nyheten: det \u00e4r enkelt \u2013 n\u00e4r du vet hur.<\/p>\n\n\n\n<div class=\"wp-block-media-text is-stacked-on-mobile\" style=\"grid-template-columns:26% auto\"><figure class=\"wp-block-media-text__media\"><img alt=\"\" loading=\"lazy\" decoding=\"async\" width=\"1024\" height=\"1024\" src=\"https:\/\/tuskwood.com\/wp-content\/uploads\/2026\/04\/Tuskwood-branched-root-50-70-XXL-Special-4.png\" class=\"wp-image-3197 size-full\" srcset=\"https:\/\/tuskwood.com\/wp-content\/uploads\/2026\/04\/Tuskwood-branched-root-50-70-XXL-Special-4.png 1024w, https:\/\/tuskwood.com\/wp-content\/uploads\/2026\/04\/Tuskwood-branched-root-50-70-XXL-Special-4-300x300.png 300w, https:\/\/tuskwood.com\/wp-content\/uploads\/2026\/04\/Tuskwood-branched-root-50-70-XXL-Special-4-150x150.png 150w, https:\/\/tuskwood.com\/wp-content\/uploads\/2026\/04\/Tuskwood-branched-root-50-70-XXL-Special-4-768x768.png 768w, https:\/\/tuskwood.com\/wp-content\/uploads\/2026\/04\/Tuskwood-branched-root-50-70-XXL-Special-4-12x12.png 12w, https:\/\/tuskwood.com\/wp-content\/uploads\/2026\/04\/Tuskwood-branched-root-50-70-XXL-Special-4-600x600.png 600w, https:\/\/tuskwood.com\/wp-content\/uploads\/2026\/04\/Tuskwood-branched-root-50-70-XXL-Special-4-100x100.png 100w\" sizes=\"auto, (max-width: 1024px) 100vw, 1024px\" \/><\/figure><div class=\"wp-block-media-text__content\">\n<p><strong>1. Reng\u00f6ring<\/strong><br>Tuskwood beh\u00f6ver inte reng\u00f6ras f\u00f6r att g\u00f6ra det s\u00e4kert f\u00f6r anv\u00e4ndning i akvariet, men en allm\u00e4n reng\u00f6ring f\u00f6r att ta bort eventuell l\u00f6s torv, barkfragment \u00e4r v\u00e4lkommet. Enklast \u00e4r att anv\u00e4nda till exempel en diskborste och vanligt kranvatten. Det beh\u00f6ver inte bli helt rent, torv och bark \u00e4r inget farligt f\u00f6r vattenmilj\u00f6n, och den antimikrobiella milj\u00f6n som har konserverat roten i s\u00e5 m\u00e5nga \u00e5r f\u00f6rhindrar den fr\u00e5n att vara en b\u00e4rare av vanliga parasiter och smittor.<br>Anv\u00e4nd inte kemikalier, och koka inte roten. Kokning kan p\u00e5verka rotens naturliga antibakteriella och r\u00f6tbest\u00e4ndiga egenskaper negativt och kemikalier kan i v\u00e4rsta fall absorberas av roten och sedan l\u00e4cka ut i akvarievattnet.<\/p>\n<\/div><\/div>\n\n\n\n<div class=\"wp-block-uagb-container uagb-block-8b86ba46 alignfull uagb-is-root-container\"><div class=\"uagb-container-inner-blocks-wrap\">\n<div class=\"wp-block-media-text has-media-on-the-right is-stacked-on-mobile\" style=\"grid-template-columns:auto 22%\"><div class=\"wp-block-media-text__content\">\n<p><strong>2. Bl\u00f6tl\u00e4ggning<\/strong><br>L\u00e4gg roten i vatten med en vikt p\u00e5 alternativt limmad till sten eller liknande i en aquascape, i <strong>1-2 Wochen<\/strong> f\u00f6r tunnare r\u00f6tter, och <strong>3-4 veckor<\/strong> f\u00f6r tjockare exemplar. Byt g\u00e4rna vattnet en g\u00e5ng per vecka. Detta l\u00e5ter roten absorbera vatten och minska sin flytkraft. Det g\u00f6r \u00e4ven att eventuella initialt h\u00f6gre utsl\u00e4pp av humus och antibakteriella \u00e4mnen fr\u00e5n roten inte p\u00e5verkar djurliv i akvariet.<\/p>\n<\/div><figure class=\"wp-block-media-text__media\"><img alt=\"\" loading=\"lazy\" decoding=\"async\" width=\"1024\" height=\"1024\" src=\"https:\/\/tuskwood.com\/wp-content\/uploads\/2026\/04\/Tuskwood-Weathered-XL-50-70-6.png\" class=\"wp-image-3196 size-full\" srcset=\"https:\/\/tuskwood.com\/wp-content\/uploads\/2026\/04\/Tuskwood-Weathered-XL-50-70-6.png 1024w, https:\/\/tuskwood.com\/wp-content\/uploads\/2026\/04\/Tuskwood-Weathered-XL-50-70-6-300x300.png 300w, https:\/\/tuskwood.com\/wp-content\/uploads\/2026\/04\/Tuskwood-Weathered-XL-50-70-6-150x150.png 150w, https:\/\/tuskwood.com\/wp-content\/uploads\/2026\/04\/Tuskwood-Weathered-XL-50-70-6-768x768.png 768w, https:\/\/tuskwood.com\/wp-content\/uploads\/2026\/04\/Tuskwood-Weathered-XL-50-70-6-12x12.png 12w, https:\/\/tuskwood.com\/wp-content\/uploads\/2026\/04\/Tuskwood-Weathered-XL-50-70-6-600x600.png 600w, https:\/\/tuskwood.com\/wp-content\/uploads\/2026\/04\/Tuskwood-Weathered-XL-50-70-6-100x100.png 100w\" sizes=\"auto, (max-width: 1024px) 100vw, 1024px\" \/><\/figure><\/div>\n<\/div><\/div>\n\n\n\n<div class=\"wp-block-media-text is-stacked-on-mobile\" style=\"grid-template-columns:23% auto\"><figure class=\"wp-block-media-text__media\"><img alt=\"\" loading=\"lazy\" decoding=\"async\" width=\"683\" height=\"1024\" src=\"https:\/\/tuskwood.com\/wp-content\/uploads\/2026\/04\/Tuskwood-weathered-log-1-683x1024.png\" class=\"wp-image-3198 size-full\" srcset=\"https:\/\/tuskwood.com\/wp-content\/uploads\/2026\/04\/Tuskwood-weathered-log-1-683x1024.png 683w, https:\/\/tuskwood.com\/wp-content\/uploads\/2026\/04\/Tuskwood-weathered-log-1-200x300.png 200w, https:\/\/tuskwood.com\/wp-content\/uploads\/2026\/04\/Tuskwood-weathered-log-1-768x1152.png 768w, https:\/\/tuskwood.com\/wp-content\/uploads\/2026\/04\/Tuskwood-weathered-log-1-8x12.png 8w, https:\/\/tuskwood.com\/wp-content\/uploads\/2026\/04\/Tuskwood-weathered-log-1-600x900.png 600w, https:\/\/tuskwood.com\/wp-content\/uploads\/2026\/04\/Tuskwood-weathered-log-1.png 1024w\" sizes=\"auto, (max-width: 683px) 100vw, 683px\" \/><\/figure><div class=\"wp-block-media-text__content\">\n<p><strong>3. Kapning<\/strong><\/p>\n\n\n\n<p>Det g\u00e5r utm\u00e4rkt att kapa tunnare r\u00f6tter efter tycke och smak. R\u00f6tter \u00f6ver 5cm i diameter, och s\u00e4rskilt centrala delar av stubbar, b\u00f6r man undvika att kapa. Om man \u00e4nd\u00e5 vill kapa en s\u00e5dan del b\u00f6r man b\u00f6r vara extra noga med efterf\u00f6ljande bl\u00f6tl\u00e4ggning och f\u00f6rdubbla tiden till 6-8 veckor. Detta eftersom kapning av en tjockare del kan g\u00f6ra den att fris\u00e4ttningen av antibakteriella \u00e4mnen som normalt \u00e4r mycket positiva f\u00f6r vattenmilj\u00f6n, blir alltf\u00f6r intensiva under en period.<\/p>\n<\/div><\/div>\n\n\n\n<div class=\"wp-block-media-text has-media-on-the-right is-stacked-on-mobile\" style=\"grid-template-columns:auto 32%\"><div class=\"wp-block-media-text__content\">\n<p><strong>F\u00e4rgf\u00f6r\u00e4ndring<br><\/strong>Om roten varit solblekt kan den f\u00f6rst vara gr\u00e5are. \u00a0I vatten \u00e5terg\u00e5r den naturligt till en djup brun till r\u00f6dbrun ton inom <strong>2-3 Wochen<\/strong><\/p>\n\n\n\n<p><strong>P\u00e5verkan p\u00e5 vatten<br><\/strong>Tuskwood har efter initial v\u00e4tning en liten om ens m\u00e4rkbar<strong> p\u00e5verkan p\u00e5 pH<\/strong> och ger generelllt sett ingen <strong>kraftig blackwater-effekt<\/strong>. Det passar d\u00e4rmed utm\u00e4rkt till s\u00e5v\u00e4l sydamerikanska och afrikanska biotoper. Det har en mild, naturlig, antimikrobiell effekt som \u00e4r mycket positiv f\u00f6r fiskar, amfibier och skaldjur.<\/p>\n\n\n\n<p><strong>Biofilm<br><\/strong>En stor f\u00f6rdel med Tuskwood \u00e4r att man normalt helt slipper biofilm och slime bildning. En tunn gr\u00e5 hinna skulle kunna uppst\u00e5, om det skulle ske, \u00e4r det mycket begr\u00e4nsat och kortvarigt, och g\u00e5r bort av sig sj\u00e4lv p\u00e5 kort tid.<\/p>\n<\/div><figure class=\"wp-block-media-text__media\"><img alt=\"\" loading=\"lazy\" decoding=\"async\" width=\"1024\" height=\"1024\" src=\"https:\/\/tuskwood.com\/wp-content\/uploads\/2026\/04\/e200ebca-1256-49a7-8047-927aed79b96c.png\" class=\"wp-image-3194 size-full\" srcset=\"https:\/\/tuskwood.com\/wp-content\/uploads\/2026\/04\/e200ebca-1256-49a7-8047-927aed79b96c.png 1024w, https:\/\/tuskwood.com\/wp-content\/uploads\/2026\/04\/e200ebca-1256-49a7-8047-927aed79b96c-300x300.png 300w, https:\/\/tuskwood.com\/wp-content\/uploads\/2026\/04\/e200ebca-1256-49a7-8047-927aed79b96c-150x150.png 150w, https:\/\/tuskwood.com\/wp-content\/uploads\/2026\/04\/e200ebca-1256-49a7-8047-927aed79b96c-768x768.png 768w, https:\/\/tuskwood.com\/wp-content\/uploads\/2026\/04\/e200ebca-1256-49a7-8047-927aed79b96c-12x12.png 12w, https:\/\/tuskwood.com\/wp-content\/uploads\/2026\/04\/e200ebca-1256-49a7-8047-927aed79b96c-600x600.png 600w, https:\/\/tuskwood.com\/wp-content\/uploads\/2026\/04\/e200ebca-1256-49a7-8047-927aed79b96c-100x100.png 100w\" sizes=\"auto, (max-width: 1024px) 100vw, 1024px\" \/><\/figure><\/div>\n\n\n\n<p><strong>Mekaniska skador p\u00e5 roten<br><\/strong>Ibland kan sm\u00e5, tunna grenar g\u00e5 av under transport eller hantering. Ingen fara. Du kan enkelt laga det med vanligt superlim (cyanoakrylat). Applicera en liten m\u00e4ngd och pressa ihop. Klart p\u00e5 n\u00e5gra sekunder. (Samma metod anv\u00e4nds professionellt inom aquascaping)<\/p>\n\n\n\n<p><strong>EN DEL AV N\u00c5GOT ST\u00d6RRE<\/strong><\/p>\n\n\n\n<p>Tuskwood \u00e4r inte massproducerat.<br>Det \u00e4r lokalt utvunnet, format av naturen och noggrant utvalt f\u00f6r aquascaping.<br>Ett h\u00e5llbart alternativ till importerade tr\u00e4slag \u2013 fr\u00e5n Europa, f\u00f6r Europa.<\/p>\n\n\n\n<p>Och kanske viktigast av allt:<\/p>\n\n\n\n<p><strong>Att v\u00e4lja Tuskwood, \u00e4r inte att v\u00e4lja vilken rot som helst.<br>Tuskwood \u00e4r, en rot som har en ber\u00e4ttelse, en rot som \u00e4r mer \u00e4n bara sitt utseende. En rot med historia, och en positiv effekt p\u00e5 hela sin omgivning.<\/strong><\/p>\n\n\n\n<p><strong>Tuskwood &#8211; R\u00f6tter, som ber\u00f6r.<\/strong><\/p>\n\n\n\n<p><\/p>","protected":false},"excerpt":{"rendered":"<p>Din Tuskwood-rot har legat bevarad i syrefattiga nordiska mossmarker i hundratals \u2013 ibland tusentals \u2013 \u00e5r. Under denna tid har [&hellip;]<\/p>\n","protected":false},"author":1,"featured_media":0,"parent":0,"menu_order":0,"comment_status":"closed","ping_status":"closed","template":"","meta":{"_seopress_robots_primary_cat":"","_seopress_titles_title":"","_seopress_titles_desc":"","_seopress_robots_index":"","_uag_custom_page_level_css":"","site-sidebar-layout":"default","site-content-layout":"","ast-site-content-layout":"default","site-content-style":"default","site-sidebar-style":"default","ast-global-header-display":"","ast-banner-title-visibility":"","ast-main-header-display":"","ast-hfb-above-header-display":"","ast-hfb-below-header-display":"","ast-hfb-mobile-header-display":"","site-post-title":"","ast-breadcrumbs-content":"","ast-featured-img":"","footer-sml-layout":"","ast-disable-related-posts":"","theme-transparent-header-meta":"","adv-header-id-meta":"","stick-header-meta":"","header-above-stick-meta":"","header-main-stick-meta":"","header-below-stick-meta":"","astra-migrate-meta-layouts":"default","ast-page-background-enabled":"default","ast-page-background-meta":{"desktop":{"background-color":"var(--ast-global-color-5)","background-image":"","background-repeat":"repeat","background-position":"center center","background-size":"auto","background-attachment":"scroll","background-type":"","background-media":"","overlay-type":"","overlay-color":"","overlay-opacity":"","overlay-gradient":""},"tablet":{"background-color":"","background-image":"","background-repeat":"repeat","background-position":"center center","background-size":"auto","background-attachment":"scroll","background-type":"","background-media":"","overlay-type":"","overlay-color":"","overlay-opacity":"","overlay-gradient":""},"mobile":{"background-color":"","background-image":"","background-repeat":"repeat","background-position":"center center","background-size":"auto","background-attachment":"scroll","background-type":"","background-media":"","overlay-type":"","overlay-color":"","overlay-opacity":"","overlay-gradient":""}},"ast-content-background-meta":{"desktop":{"background-color":"var(--ast-global-color-4)","background-image":"","background-repeat":"repeat","background-position":"center center","background-size":"auto","background-attachment":"scroll","background-type":"","background-media":"","overlay-type":"","overlay-color":"","overlay-opacity":"","overlay-gradient":""},"tablet":{"background-color":"var(--ast-global-color-4)","background-image":"","background-repeat":"repeat","background-position":"center center","background-size":"auto","background-attachment":"scroll","background-type":"","background-media":"","overlay-type":"","overlay-color":"","overlay-opacity":"","overlay-gradient":""},"mobile":{"background-color":"var(--ast-global-color-4)","background-image":"","background-repeat":"repeat","background-position":"center center","background-size":"auto","background-attachment":"scroll","background-type":"","background-media":"","overlay-type":"","overlay-color":"","overlay-opacity":"","overlay-gradient":""}},"footnotes":""},"class_list":["post-3193","page","type-page","status-publish","hentry"],"uagb_featured_image_src":{"full":false,"thumbnail":false,"medium":false,"medium_large":false,"large":false,"1536x1536":false,"2048x2048":false,"trp-custom-language-flag":false,"woocommerce_thumbnail":false,"woocommerce_single":false,"woocommerce_gallery_thumbnail":false},"uagb_author_info":{"display_name":"admin","author_link":"https:\/\/tuskwood.com\/de\/author\/admin\/"},"uagb_comment_info":0,"uagb_excerpt":"Din Tuskwood-rot har legat bevarad i syrefattiga nordiska mossmarker i hundratals \u2013 ibland tusentals \u2013 \u00e5r. Under denna tid har [&hellip;]","_links":{"self":[{"href":"https:\/\/tuskwood.com\/de\/wp-json\/wp\/v2\/pages\/3193","targetHints":{"allow":["GET"]}}],"collection":[{"href":"https:\/\/tuskwood.com\/de\/wp-json\/wp\/v2\/pages"}],"about":[{"href":"https:\/\/tuskwood.com\/de\/wp-json\/wp\/v2\/types\/page"}],"author":[{"embeddable":true,"href":"https:\/\/tuskwood.com\/de\/wp-json\/wp\/v2\/users\/1"}],"replies":[{"embeddable":true,"href":"https:\/\/tuskwood.com\/de\/wp-json\/wp\/v2\/comments?post=3193"}],"version-history":[{"count":1,"href":"https:\/\/tuskwood.com\/de\/wp-json\/wp\/v2\/pages\/3193\/revisions"}],"predecessor-version":[{"id":3199,"href":"https:\/\/tuskwood.com\/de\/wp-json\/wp\/v2\/pages\/3193\/revisions\/3199"}],"wp:attachment":[{"href":"https:\/\/tuskwood.com\/de\/wp-json\/wp\/v2\/media?parent=3193"}],"curies":[{"name":"wp","href":"https:\/\/api.w.org\/{rel}","templated":true}]}}