{"id":1900,"date":"2025-12-27T09:54:27","date_gmt":"2025-12-27T09:54:27","guid":{"rendered":"https:\/\/tuskwood.com\/?post_type=product&#038;p=1900"},"modified":"2026-04-15T06:40:07","modified_gmt":"2026-04-15T06:40:07","slug":"tuskwood-aquascaping-root-xxl-rootflow-50-70cm-nr19-b-copy-2","status":"publish","type":"product","link":"https:\/\/tuskwood.com\/de\/produkt\/tuskwood-aquascaping-root-xxl-rootflow-50-70cm-nr19-b-kopia-2\/","title":{"rendered":"Tuskwood Aquascaping Wurzel XL Wurzelfluss 40-50cm nr16 AA"},"content":{"rendered":"<p data-start=\"264\" data-end=\"467\">Ein einzigartiges St\u00fcck\u00a0<strong data-start=\"350\" data-end=\"374\">Skandinavisches Moorholz<\/strong>, die \u00fcber Hunderte bis Tausende von Jahren auf nat\u00fcrliche Weise im Torf konserviert wurden. Dies ist ein echter Blickfang und funktioniert perfekt als\u00a0<strong>Aquarienwurzel in Aquascape und Aquarium<\/strong>.<\/p>\n<p data-start=\"264\" data-end=\"467\"><strong>Das Produkt auf den Bildern ist genau die Wurzel, die Sie kaufen.<\/strong><\/p>\n<p><strong>Vorteile von Tuskwood<\/strong><\/p>\n<ul>\n<li data-start=\"2134\" data-end=\"2162\">\n<p data-start=\"2136\" data-end=\"2162\">Echtes mineralisiertes Moorholz \/ Moosholz<\/p>\n<\/li>\n<li data-start=\"2163\" data-end=\"2186\">\n<p data-start=\"2165\" data-end=\"2186\">Lange Lebensdauer<\/p>\n<\/li>\n<li data-start=\"2226\" data-end=\"2275\">\n<p data-start=\"2228\" data-end=\"2275\">Normalerweise keine Biofilm- oder Schleimbildung<\/p>\n<\/li>\n<li data-start=\"2276\" data-end=\"2313\">\n<p data-start=\"2278\" data-end=\"2313\">Funktioniert sowohl in hartem als auch in weichem Wasser<\/p>\n<\/li>\n<li data-start=\"2314\" data-end=\"2341\">\n<p data-start=\"2316\" data-end=\"2341\">Nat\u00fcrlich sch\u00f6ne r\u00f6tlich-braune Farbt\u00f6ne unter Wasser<\/p>\n<\/li>\n<\/ul>\n<p data-start=\"731\" data-end=\"1030\">Im Gegensatz zu normalen\u00a0<strong data-start=\"757\" data-end=\"808\">Spiderwood, Manzanita, Mangrovenholz oder malaysisches Treibholz<\/strong>, Tuskwood stammt aus Europa und entsteht auf nat\u00fcrliche Weise in nordischen Moorgebieten. Die Mineralisierung macht das Holz haltbar und verleiht ihm nat\u00fcrlich dunkle Farben und Formen, die an alte Flussufer oder \u00fcberflutete Waldwurzeln erinnern.<\/p>\n<p data-start=\"1112\" data-end=\"1242\">Tuskwood entgleitet langsam <strong data-start=\"1147\" data-end=\"1169\">nat\u00fcrliche Gerbstoffe<\/strong> die die Gesundheit der Fische unterst\u00fctzen. Die Auswirkungen auf die Farbe des Wassers sind jedoch minimal und in der Regel nicht erkennbar.<\/p>\n<p data-start=\"1339\" data-end=\"1476\">\u2714 stabile und milde Gerbstoffabgabe<br data-start=\"1374\" data-end=\"1377\" \/>\u2714 g\u00fcnstig f\u00fcr das Wohlbefinden der Fische<br data-start=\"1411\" data-end=\"1414\" \/>\u2714 Mild antimikrobiell<\/p>\n<p data-start=\"1665\" data-end=\"1781\">Ein Gro\u00dfteil des f\u00fcr Aquascaping verkauften Holzes stammt aus tropischen W\u00e4ldern in Asien und wird um die halbe Welt transportiert.<br \/><strong data-start=\"1783\" data-end=\"1825\">Tuskwood ist ein nordisches Naturmaterial<\/strong>, Es wird vor Ort als Nebenprodukt anderer nat\u00fcrlicher Verwendungszwecke gesammelt und ist damit eine nachhaltigere Wahl ohne Abholzung der Tropenw\u00e4lder und unw\u00fcrdige Arbeitsbedingungen; stattdessen wird der Transport minimiert und die lokale Wirtschaft und Besch\u00e4ftigung gef\u00f6rdert.<\/p>\n<p data-start=\"2021\" data-end=\"2047\"><strong>Perfekt f\u00fcr:<\/strong><\/p>\n<ul data-start=\"2048\" data-end=\"2113\">\n<li data-start=\"2048\" data-end=\"2062\">\n<p data-start=\"2050\" data-end=\"2062\">Pflanzenaquarium<\/p>\n<\/li>\n<li data-start=\"2048\" data-end=\"2062\">\n<p data-start=\"2050\" data-end=\"2062\">Naturaquarium im ADA-Stil<\/p>\n<\/li>\n<li data-start=\"2075\" data-end=\"2085\">\n<p data-start=\"2077\" data-end=\"2085\">Biotope<\/p>\n<\/li>\n<li data-start=\"2086\" data-end=\"2098\">\n<p data-start=\"2088\" data-end=\"2098\">Schwarzwasser<\/p>\n<\/li>\n<li data-start=\"2099\" data-end=\"2113\">\n<p data-start=\"2101\" data-end=\"2113\">Schauaquarium<\/p>\n<\/li>\n<li data-start=\"2099\" data-end=\"2113\">Aquascaping<\/li>\n<\/ul>\n<p data-start=\"2399\" data-end=\"2526\"><strong>Tipps zum Aquascaping<\/strong><\/p>\n<p>Als Blickfang platzieren und mit Steinen, Sand oder kleinen Zweigen erg\u00e4nzen<\/p>\n<p><strong>Vorbereitung f\u00fcr den Einsatz<br \/><\/strong><\/p>\n<p>Befolgen Sie stets die Pflege- und Handhabungshinweise des Tuskwood, die Sie unter dem Hauptmen\u00fc \u201d\u00dcber Tuskwood\u201d finden.\u201d\u00a0<\/p>","protected":false},"excerpt":{"rendered":"<h3 data-path-to-node=\"3\"><b data-path-to-node=\"3\" data-index-in-node=\"0\">Tuskwood Ancient Bogwood<\/b><\/h3>\n<p data-path-to-node=\"4\">Echtes Moorholz, handgepfl\u00fcckt aus nordischen Torfmooren, wo es 500-4000 Jahre lang auf nat\u00fcrliche Weise konserviert wurde. Durch diesen einzigartigen Prozess ist das Holz teilweise mineralisiert, mit Huminstoffen impr\u00e4gniert, langlebig und von wundersch\u00f6ner dunkelrotbrauner Farbe. Tuskwood altes Moorholz ist seit langem die begehrteste Wurzelart f\u00fcr das Aquarienhobby.<\/p>\n<ul data-path-to-node=\"5\">\n<li>\n<p data-path-to-node=\"5,0,0\"><b data-path-to-node=\"5,0,0\" data-index-in-node=\"0\">Lange Nutzungsdauer:<\/b> Teilweise mineralisiert und extrem haltbar.<\/p>\n<\/li>\n<li>\n<p data-path-to-node=\"5,1,0\"><b>Positiv f\u00fcr die aquatische Umwelt:<\/b> F\u00f6rdert das Gleichgewicht und die Gesundheit im Aquarium.<\/p>\n<\/li>\n<li>\n<p data-path-to-node=\"5,2,0\"><b data-path-to-node=\"5,2,0\" data-index-in-node=\"0\">Kein Biofilm:<\/b> Bildet normalerweise keinen Schleim auf dem Holz.<\/p>\n<\/li>\n<li>\n<p data-path-to-node=\"5,3,0\"><b data-path-to-node=\"5,3,0\" data-index-in-node=\"0\">Nachhaltig und lokal produziert:<\/b> Sorgf\u00e4ltig handverlesen in den nordischen L\u00e4ndern.<\/p>\n<\/li>\n<li><strong>Klares Wasser:<\/strong> Der Einfluss von Holz auf die Farbe des Wassers ist normalerweise sehr begrenzt und von kurzer Dauer.<\/li>\n<\/ul>","protected":false},"featured_media":1905,"comment_status":"closed","ping_status":"closed","template":"","meta":{"_seopress_robots_primary_cat":"","_seopress_titles_title":"","_seopress_titles_desc":"","_seopress_robots_index":"","_uag_custom_page_level_css":"","site-sidebar-layout":"default","site-content-layout":"","ast-site-content-layout":"default","site-content-style":"default","site-sidebar-style":"default","ast-global-header-display":"","ast-banner-title-visibility":"","ast-main-header-display":"","ast-hfb-above-header-display":"","ast-hfb-below-header-display":"","ast-hfb-mobile-header-display":"","site-post-title":"","ast-breadcrumbs-content":"","ast-featured-img":"","footer-sml-layout":"","ast-disable-related-posts":"","theme-transparent-header-meta":"","adv-header-id-meta":"","stick-header-meta":"","header-above-stick-meta":"","header-main-stick-meta":"","header-below-stick-meta":"","astra-migrate-meta-layouts":"default","ast-page-background-enabled":"default","ast-page-background-meta":{"desktop":{"background-color":"var(--ast-global-color-5)","background-image":"","background-repeat":"repeat","background-position":"center center","background-size":"auto","background-attachment":"scroll","background-type":"","background-media":"","overlay-type":"","overlay-color":"","overlay-opacity":"","overlay-gradient":""},"tablet":{"background-color":"","background-image":"","background-repeat":"repeat","background-position":"center center","background-size":"auto","background-attachment":"scroll","background-type":"","background-media":"","overlay-type":"","overlay-color":"","overlay-opacity":"","overlay-gradient":""},"mobile":{"background-color":"","background-image":"","background-repeat":"repeat","background-position":"center center","background-size":"auto","background-attachment":"scroll","background-type":"","background-media":"","overlay-type":"","overlay-color":"","overlay-opacity":"","overlay-gradient":""}},"ast-content-background-meta":{"desktop":{"background-color":"var(--ast-global-color-4)","background-image":"","background-repeat":"repeat","background-position":"center center","background-size":"auto","background-attachment":"scroll","background-type":"","background-media":"","overlay-type":"","overlay-color":"","overlay-opacity":"","overlay-gradient":""},"tablet":{"background-color":"var(--ast-global-color-4)","background-image":"","background-repeat":"repeat","background-position":"center center","background-size":"auto","background-attachment":"scroll","background-type":"","background-media":"","overlay-type":"","overlay-color":"","overlay-opacity":"","overlay-gradient":""},"mobile":{"background-color":"var(--ast-global-color-4)","background-image":"","background-repeat":"repeat","background-position":"center center","background-size":"auto","background-attachment":"scroll","background-type":"","background-media":"","overlay-type":"","overlay-color":"","overlay-opacity":"","overlay-gradient":""}}},"product_brand":[46],"product_cat":[254],"product_tag":[],"class_list":{"0":"post-1900","1":"product","2":"type-product","3":"status-publish","4":"has-post-thumbnail","6":"product_brand-tuskwood","7":"product_cat-tuskwood_bogwood_wysiwyg","8":"pa_detaljerad-storlek-40-50-cm","9":"desktop-align-left","10":"tablet-align-left","11":"mobile-align-left","12":"ast-product-gallery-layout-vertical-slider","13":"ast-product-tabs-layout-accordion","14":"ast-qv-on-image","16":"first","17":"instock","18":"taxable","19":"shipping-taxable","20":"purchasable","21":"product-type-simple"},"shsp-ext":{"main":{},"variations":[]},"uagb_featured_image_src":{"full":["https:\/\/tuskwood.com\/wp-content\/uploads\/2025\/12\/20251208_201906-1-scaled.jpg",2560,1920,false],"thumbnail":["https:\/\/tuskwood.com\/wp-content\/uploads\/2025\/12\/20251208_201906-1-scaled.jpg",150,113,false],"medium":["https:\/\/tuskwood.com\/wp-content\/uploads\/2025\/12\/20251208_201906-1-scaled.jpg",300,225,false],"medium_large":["https:\/\/tuskwood.com\/wp-content\/uploads\/2025\/12\/20251208_201906-1-scaled.jpg",768,576,false],"large":["https:\/\/tuskwood.com\/wp-content\/uploads\/2025\/12\/20251208_201906-1-scaled.jpg",1024,768,false],"1536x1536":["https:\/\/tuskwood.com\/wp-content\/uploads\/2025\/12\/20251208_201906-1-scaled.jpg",1536,1152,false],"2048x2048":["https:\/\/tuskwood.com\/wp-content\/uploads\/2025\/12\/20251208_201906-1-scaled.jpg",2048,1536,false],"trp-custom-language-flag":["https:\/\/tuskwood.com\/wp-content\/uploads\/2025\/12\/20251208_201906-1-scaled.jpg",16,12,false],"woocommerce_thumbnail":["https:\/\/tuskwood.com\/wp-content\/uploads\/2025\/12\/20251208_201906-1-300x300.jpg",300,300,true],"woocommerce_single":["https:\/\/tuskwood.com\/wp-content\/uploads\/2025\/12\/20251208_201906-1-600x450.jpg",600,450,true],"woocommerce_gallery_thumbnail":["https:\/\/tuskwood.com\/wp-content\/uploads\/2025\/12\/20251208_201906-1-100x100.jpg",100,100,true]},"uagb_author_info":{"display_name":"admin","author_link":"https:\/\/tuskwood.com\/de\/author\/"},"uagb_comment_info":0,"uagb_excerpt":"Tuskwood Ancient Bogwood\u00c4kta Bogwood, handplockat ur nordiska torvmossar d\u00e4r det konserverats naturligt i 500\u20134000 \u00e5r. Denna unika process g\u00f6r tr\u00e4et delvis mineraliserat, impregnerat med humus\u00e4mnen, h\u00e5llbart och vackert m\u00f6rkt r\u00f6dbrunt f\u00e4rgat. Tuskwood ancient bogwood \u00e4r den mest efters\u00f6kta typen av r\u00f6tter till akvariehobbyn sedan l\u00e5ng tid tillbaka.L\u00e5ng livsl\u00e4ngd: Delvis mineraliserat och extremt h\u00e5llbart.Positivt f\u00f6r vattenmilj\u00f6n:&hellip;","_links":{"self":[{"href":"https:\/\/tuskwood.com\/de\/wp-json\/wp\/v2\/product\/1900","targetHints":{"allow":["GET"]}}],"collection":[{"href":"https:\/\/tuskwood.com\/de\/wp-json\/wp\/v2\/product"}],"about":[{"href":"https:\/\/tuskwood.com\/de\/wp-json\/wp\/v2\/types\/product"}],"replies":[{"embeddable":true,"href":"https:\/\/tuskwood.com\/de\/wp-json\/wp\/v2\/comments?post=1900"}],"wp:featuredmedia":[{"embeddable":true,"href":"https:\/\/tuskwood.com\/de\/wp-json\/wp\/v2\/media\/1905"}],"wp:attachment":[{"href":"https:\/\/tuskwood.com\/de\/wp-json\/wp\/v2\/media?parent=1900"}],"wp:term":[{"taxonomy":"product_brand","embeddable":true,"href":"https:\/\/tuskwood.com\/de\/wp-json\/wp\/v2\/product_brand?post=1900"},{"taxonomy":"product_cat","embeddable":true,"href":"https:\/\/tuskwood.com\/de\/wp-json\/wp\/v2\/product_cat?post=1900"},{"taxonomy":"product_tag","embeddable":true,"href":"https:\/\/tuskwood.com\/de\/wp-json\/wp\/v2\/product_tag?post=1900"}],"curies":[{"name":"wp","href":"https:\/\/api.w.org\/{rel}","templated":true}]}}