{"id":2775,"date":"2026-03-03T10:07:15","date_gmt":"2026-03-03T10:07:15","guid":{"rendered":"https:\/\/tuskwood.com\/?post_type=product&#038;p=2775"},"modified":"2026-03-30T10:40:00","modified_gmt":"2026-03-30T10:40:00","slug":"nrt24","status":"publish","type":"product","link":"https:\/\/tuskwood.com\/de\/produkt\/nrt24\/","title":{"rendered":"NoT24"},"content":{"rendered":"<p data-start=\"264\" data-end=\"467\">Ein einzigartiges St\u00fcck\u00a0<strong data-start=\"350\" data-end=\"374\">Skandinavisches Moorholz<\/strong>, die \u00fcber Hunderte bis Tausende von Jahren auf nat\u00fcrliche Weise im Torf konserviert wurden. Dies ist ein echter Blickfang und funktioniert perfekt als\u00a0<strong>Aquarienwurzel im Aquascape im Aquarium<\/strong>, ob Sie ein von der Natur inspiriertes ADA-Layout oder ein s\u00fcdamerikanisches Biotop erstellen<\/p>\n<p data-start=\"264\" data-end=\"467\"><strong>Das Produkt auf den Bildern ist genau die Wurzel, die Sie kaufen.<\/strong><\/p>\n<p data-start=\"1783\" data-end=\"1941\">Die Bilder wurden in einem Aquarium mit den Standardma\u00dfen P90, 90x45x45 aufgenommen.<\/p>\n<p><strong>Vorteile von Tuskwood<\/strong><\/p>\n<ul>\n<li data-start=\"2134\" data-end=\"2162\">\n<p data-start=\"2136\" data-end=\"2162\">Echtes mineralisiertes Moorholz \/ Moosholz<\/p>\n<\/li>\n<li data-start=\"2163\" data-end=\"2186\">\n<p data-start=\"2165\" data-end=\"2186\">Lange Lebensdauer<\/p>\n<\/li>\n<li data-start=\"2187\" data-end=\"2225\">\n<p data-start=\"2189\" data-end=\"2225\">Ungiftig und sicher f\u00fcr Fische und Garnelen<\/p>\n<\/li>\n<li data-start=\"2226\" data-end=\"2275\">\n<p data-start=\"2228\" data-end=\"2275\">Kein Biofilm oder Schleim<\/p>\n<\/li>\n<li data-start=\"2276\" data-end=\"2313\">\n<p data-start=\"2278\" data-end=\"2313\">Besonders gut f\u00fcr weiches Wasser, funktioniert auch gut bei hartem Wasser.<\/p>\n<\/li>\n<li data-start=\"2314\" data-end=\"2341\">\n<p data-start=\"2316\" data-end=\"2341\">Nat\u00fcrlich dunkle Farbt\u00f6ne (wird unter Wasser gleichm\u00e4\u00dfig dunkelbraun)<\/p>\n<\/li>\n<li data-start=\"2342\" data-end=\"2369\">\n<p data-start=\"2344\" data-end=\"2369\">Jedes Exemplar ist einzigartig<\/p>\n<\/li>\n<\/ul>\n<p data-start=\"731\" data-end=\"1030\">Im Gegensatz zu normalen\u00a0<strong data-start=\"757\" data-end=\"808\">Spiderwood, Manzanita, Mangrovenholz oder malaysisches Treibholz<\/strong>, Tuskwood stammt aus Europa und entsteht auf nat\u00fcrliche Weise in nordischen Moorgebieten. Die Mineralisierung macht das Holz haltbar und verleiht ihm nat\u00fcrlich dunkle Farben und Formen, die an alte Flussufer oder \u00fcberflutete Waldwurzeln erinnern.<\/p>\n<p data-start=\"1112\" data-end=\"1242\">Tuskwood ist sehr langsam in der Freisetzung <strong data-start=\"1147\" data-end=\"1169\">nat\u00fcrliche Gerbstoffe<\/strong> die die Gesundheit der Fische unterst\u00fctzen. Die Auswirkungen auf die Farbe des Wassers sind jedoch minimal und in der Regel nicht erkennbar.<\/p>\n<p data-start=\"1339\" data-end=\"1476\">\u2714 stabile und milde Gerbstoffabgabe<br data-start=\"1374\" data-end=\"1377\" \/>\u2714 g\u00fcnstig f\u00fcr das Wohlbefinden der Fische<br data-start=\"1411\" data-end=\"1414\" \/>\u2714 f\u00f6rdert nat\u00fcrliches Verhalten<\/p>\n<p data-start=\"1665\" data-end=\"1781\">Ein Gro\u00dfteil des f\u00fcr Aquascaping verkauften Holzes stammt aus tropischen W\u00e4ldern in Asien und wird um die halbe Welt transportiert.<br \/><strong data-start=\"1783\" data-end=\"1825\">Tuskwood ist ein nordisches Naturmaterial<\/strong>, Es wird vor Ort als Nebenprodukt anderer nat\u00fcrlicher Verwendungszwecke gesammelt und ist damit eine nachhaltigere Wahl ohne Abholzung der Tropenw\u00e4lder und unw\u00fcrdige Arbeitsbedingungen; stattdessen wird der Transport minimiert und die lokale Wirtschaft und Besch\u00e4ftigung gef\u00f6rdert.<\/p>\n<p data-start=\"2021\" data-end=\"2047\"><strong>Perfekt f\u00fcr:<\/strong><\/p>\n<ul data-start=\"2048\" data-end=\"2113\">\n<li data-start=\"2048\" data-end=\"2062\">\n<p data-start=\"2050\" data-end=\"2062\">Pflanzenaquarium<\/p>\n<\/li>\n<li data-start=\"2048\" data-end=\"2062\">\n<p data-start=\"2050\" data-end=\"2062\">Naturaquarium im ADA-Stil<\/p>\n<\/li>\n<li data-start=\"2075\" data-end=\"2085\">\n<p data-start=\"2077\" data-end=\"2085\">Biotope<\/p>\n<\/li>\n<li data-start=\"2086\" data-end=\"2098\">\n<p data-start=\"2088\" data-end=\"2098\">Schwarzwasser<\/p>\n<\/li>\n<li data-start=\"2099\" data-end=\"2113\">\n<p data-start=\"2101\" data-end=\"2113\">Schauaquarium<\/p>\n<\/li>\n<li data-start=\"2099\" data-end=\"2113\">Aquascaping<\/li>\n<\/ul>\n<p data-start=\"2399\" data-end=\"2526\"><strong>Tipps zum Aquascaping<\/strong><\/p>\n<p>Stellen Sie sie als Blickfang auf und erg\u00e4nzen Sie sie mit Steinen, Sand oder kleinen \u00c4sten, um Flussufer oder \u00fcberschwemmte W\u00e4lder zu imitieren.\u00a0<\/p>\n<p><strong>Vorbereitung der Wurzel vor der Verwendung<\/strong>\u00a0Bevor Sie das Tuskwood ins Aquarium setzen, empfehlen wir, die Wurzel mit Wasser und einer B\u00fcrste (z. B. einer Sp\u00fclb\u00fcrste) abzusp\u00fclen und abzub\u00fcrsten, um loses organisches Material aus dem Torfmoos zu entfernen. Tuskwood ist von Natur aus fl\u00fcssig, wenn es v\u00f6llig trocken ist, und muss Wasser aufnehmen, bevor es von selbst absinkt. Es gibt zwei g\u00e4ngige Methoden:\u00a0<\/p>\n<p><strong>1 Wasserabsenkung<br \/><\/strong>Legen Sie die Wurzel in einen mit Wasser gef\u00fcllten Eimer oder K\u00fcbel. Legen Sie einen Stein darauf, um sie unter der Wasseroberfl\u00e4che zu halten.<br data-start=\"740\" data-end=\"743\" \/>Normalerweise dauert es\u00a0<strong data-start=\"762\" data-end=\"776\">1-2 Wochen<\/strong> bevor die Wurzel vollst\u00e4ndig mit Wasser vollgesogen ist und von selbst absinkt. Wenn die Wurzel von selbst absinkt, ist sie bereit f\u00fcr das Aquarium.<\/p>\n<p data-start=\"888\" data-end=\"989\"><strong>2 Einbau in ein trockenes Aquarium (Aquascaping-Methode)<br \/><\/strong>Wenn Sie Ihre Anlage in einem trockenen Aquarium bauen, k\u00f6nnen Sie die Wurzel mit Aquariensilikon oder Sekundenkleber (Cyanacrylat) direkt an Steinen oder an der Glasscheibe befestigen. So bleibt sie stabil, auch wenn das Wasser sp\u00e4ter wieder aufgef\u00fcllt wird. Nach dem Wasserwechsel ist sie bereit f\u00fcr Fische und Garnelen.<\/p>\n<p data-start=\"1135\" data-end=\"1227\"><strong>\u00dcber gekochte Wurzeln<br \/><\/strong>Wir raten davon ab, Sto\u00dfh\u00f6lzer zu kochen, da dies nicht notwendig ist.<br \/>Wenn Sie die Wurzel dennoch desinfizieren wollen, k\u00f6nnen Sie sie mit kochendem Wasser \u00fcbergie\u00dfen oder mit einem Desinfektionsmittel waschen.<br \/>Im schlimmsten Fall kann das Abkochen die Festigkeit und die Chemie der Wurzel beeintr\u00e4chtigen.<\/p>\n<p data-start=\"1135\" data-end=\"1227\"><strong>Wasserwechsel<br \/><\/strong>Tuskwood ist eine der sichersten und chemisch stabilsten Holzarten, die Sie f\u00fcr Ihr Aquarium bekommen k\u00f6nnen, mit einer zweifellos positiven Wirkung auf die aquatische Umwelt.<br \/>Dennoch sollte das Wasser, in dem die Wurzel anfangs eingeweicht wurde, immer weggeworfen werden. Dies geschieht bei allen Aquarienwurzeln, unabh\u00e4ngig von ihrer Herkunft, als Vorsichtsma\u00dfnahme, da eine Holzwurzel immer einen gewissen Einfluss auf die Wasserchemie der anf\u00e4nglichen Benetzung haben kann.<\/p>","protected":false},"excerpt":{"rendered":"<h3 data-path-to-node=\"3\"><b data-path-to-node=\"3\" data-index-in-node=\"0\">Tuskwood Ancient Bogwood<\/b><\/h3>\n<p data-path-to-node=\"4\">Echtes Moorholz, handgepfl\u00fcckt aus nordischen Torfmooren, wo es 500-4000 Jahre lang auf nat\u00fcrliche Weise konserviert wurde. Dieser einzigartige Prozess macht das Holz teilweise mineralisiert, langlebig und wundersch\u00f6n dunkel gef\u00e4rbt - die begehrteste Art von Wurzeln f\u00fcr das Aquarienhobby.<\/p>\n<ul data-path-to-node=\"5\">\n<li>\n<p data-path-to-node=\"5,0,0\"><b data-path-to-node=\"5,0,0\" data-index-in-node=\"0\">Lange Nutzungsdauer:<\/b> Teilweise mineralisiert und sehr dauerhaft.<\/p>\n<\/li>\n<li>\n<p data-path-to-node=\"5,1,0\"><b data-path-to-node=\"5,1,0\" data-index-in-node=\"0\">Sicher und ungiftig:<\/b> Sicher f\u00fcr Fische und Garnelen.<\/p>\n<\/li>\n<li>\n<p data-path-to-node=\"5,2,0\"><b data-path-to-node=\"5,2,0\" data-index-in-node=\"0\">Kein Biofilm:<\/b> Bildet keinen Schleim im Wasser.<\/p>\n<\/li>\n<li>\n<p data-path-to-node=\"5,3,0\"><b data-path-to-node=\"5,3,0\" data-index-in-node=\"0\">Nachhaltig und lokal produziert:<\/b>\u00a0Sorgf\u00e4ltig handverlesen in den nordischen L\u00e4ndern.<\/p>\n<\/li>\n<\/ul>","protected":false},"featured_media":2882,"comment_status":"open","ping_status":"closed","template":"","meta":{"_seopress_robots_primary_cat":"","_seopress_titles_title":"","_seopress_titles_desc":"","_seopress_robots_index":"","_uag_custom_page_level_css":"","site-sidebar-layout":"default","site-content-layout":"","ast-site-content-layout":"default","site-content-style":"default","site-sidebar-style":"default","ast-global-header-display":"","ast-banner-title-visibility":"","ast-main-header-display":"","ast-hfb-above-header-display":"","ast-hfb-below-header-display":"","ast-hfb-mobile-header-display":"","site-post-title":"","ast-breadcrumbs-content":"","ast-featured-img":"","footer-sml-layout":"","ast-disable-related-posts":"","theme-transparent-header-meta":"","adv-header-id-meta":"","stick-header-meta":"","header-above-stick-meta":"","header-main-stick-meta":"","header-below-stick-meta":"","astra-migrate-meta-layouts":"default","ast-page-background-enabled":"default","ast-page-background-meta":{"desktop":{"background-color":"var(--ast-global-color-5)","background-image":"","background-repeat":"repeat","background-position":"center center","background-size":"auto","background-attachment":"scroll","background-type":"","background-media":"","overlay-type":"","overlay-color":"","overlay-opacity":"","overlay-gradient":""},"tablet":{"background-color":"","background-image":"","background-repeat":"repeat","background-position":"center center","background-size":"auto","background-attachment":"scroll","background-type":"","background-media":"","overlay-type":"","overlay-color":"","overlay-opacity":"","overlay-gradient":""},"mobile":{"background-color":"","background-image":"","background-repeat":"repeat","background-position":"center center","background-size":"auto","background-attachment":"scroll","background-type":"","background-media":"","overlay-type":"","overlay-color":"","overlay-opacity":"","overlay-gradient":""}},"ast-content-background-meta":{"desktop":{"background-color":"var(--ast-global-color-4)","background-image":"","background-repeat":"repeat","background-position":"center center","background-size":"auto","background-attachment":"scroll","background-type":"","background-media":"","overlay-type":"","overlay-color":"","overlay-opacity":"","overlay-gradient":""},"tablet":{"background-color":"var(--ast-global-color-4)","background-image":"","background-repeat":"repeat","background-position":"center center","background-size":"auto","background-attachment":"scroll","background-type":"","background-media":"","overlay-type":"","overlay-color":"","overlay-opacity":"","overlay-gradient":""},"mobile":{"background-color":"var(--ast-global-color-4)","background-image":"","background-repeat":"repeat","background-position":"center center","background-size":"auto","background-attachment":"scroll","background-type":"","background-media":"","overlay-type":"","overlay-color":"","overlay-opacity":"","overlay-gradient":""}}},"product_brand":[],"product_cat":[231],"product_tag":[],"class_list":{"0":"post-2775","1":"product","2":"type-product","3":"status-publish","4":"has-post-thumbnail","6":"product_cat-centerpieces","7":"pa_kollektion-select-grade","8":"pa_stil-iron-style","9":"pa_storlek-xx-large-50-70-cm","10":"desktop-align-left","11":"tablet-align-left","12":"mobile-align-left","13":"ast-product-gallery-layout-vertical-slider","14":"ast-product-tabs-layout-accordion","15":"ast-qv-on-image","17":"first","18":"instock","19":"sale","20":"taxable","21":"shipping-taxable","22":"purchasable","23":"product-type-simple"},"shsp-ext":{"main":{},"variations":[]},"uagb_featured_image_src":{"full":["https:\/\/tuskwood.com\/wp-content\/uploads\/2026\/03\/20260302_213015-scaled.jpg",1200,1200,false],"thumbnail":["https:\/\/tuskwood.com\/wp-content\/uploads\/2026\/03\/20260302_213015-150x150.jpg",150,150,true],"medium":["https:\/\/tuskwood.com\/wp-content\/uploads\/2026\/03\/20260302_213015-300x300.jpg",300,300,true],"medium_large":["https:\/\/tuskwood.com\/wp-content\/uploads\/2026\/03\/20260302_213015-768x768.jpg",768,768,true],"large":["https:\/\/tuskwood.com\/wp-content\/uploads\/2026\/03\/20260302_213015-1024x1024.jpg",1024,1024,true],"1536x1536":["https:\/\/tuskwood.com\/wp-content\/uploads\/2026\/03\/20260302_213015-1536x1536.jpg",1200,1200,true],"2048x2048":["https:\/\/tuskwood.com\/wp-content\/uploads\/2026\/03\/20260302_213015-2048x2048.jpg",1200,1200,true],"trp-custom-language-flag":["https:\/\/tuskwood.com\/wp-content\/uploads\/2026\/03\/20260302_213015-12x12.jpg",12,12,true],"woocommerce_thumbnail":["https:\/\/tuskwood.com\/wp-content\/uploads\/2026\/03\/20260302_213015-300x300.jpg",300,300,true],"woocommerce_single":["https:\/\/tuskwood.com\/wp-content\/uploads\/2026\/03\/20260302_213015-600x600.jpg",600,600,true],"woocommerce_gallery_thumbnail":["https:\/\/tuskwood.com\/wp-content\/uploads\/2026\/03\/20260302_213015-100x100.jpg",100,100,true]},"uagb_author_info":{"display_name":"admin","author_link":"https:\/\/tuskwood.com\/de\/author\/"},"uagb_comment_info":0,"uagb_excerpt":"Tuskwood Ancient Bogwood\u00c4kta Bogwood, handplockat ur nordiska torvmossar d\u00e4r det konserverats naturligt i 500\u20134000 \u00e5r. Denna unika process g\u00f6r tr\u00e4et delvis mineraliserat, h\u00e5llbart och vackert m\u00f6rkt f\u00e4rgat \u2013 den mest efters\u00f6kta typen av r\u00f6tter till akvariehobbyn.L\u00e5ng livsl\u00e4ngd: Delvis mineraliserat och mycket h\u00e5llbart.S\u00e4kert &amp; Giftfritt: S\u00e4kert f\u00f6r b\u00e5de fisk och r\u00e4kor.Ingen biofilm: Bildar inget slime i&hellip;","_links":{"self":[{"href":"https:\/\/tuskwood.com\/de\/wp-json\/wp\/v2\/product\/2775","targetHints":{"allow":["GET"]}}],"collection":[{"href":"https:\/\/tuskwood.com\/de\/wp-json\/wp\/v2\/product"}],"about":[{"href":"https:\/\/tuskwood.com\/de\/wp-json\/wp\/v2\/types\/product"}],"replies":[{"embeddable":true,"href":"https:\/\/tuskwood.com\/de\/wp-json\/wp\/v2\/comments?post=2775"}],"wp:featuredmedia":[{"embeddable":true,"href":"https:\/\/tuskwood.com\/de\/wp-json\/wp\/v2\/media\/2882"}],"wp:attachment":[{"href":"https:\/\/tuskwood.com\/de\/wp-json\/wp\/v2\/media?parent=2775"}],"wp:term":[{"taxonomy":"product_brand","embeddable":true,"href":"https:\/\/tuskwood.com\/de\/wp-json\/wp\/v2\/product_brand?post=2775"},{"taxonomy":"product_cat","embeddable":true,"href":"https:\/\/tuskwood.com\/de\/wp-json\/wp\/v2\/product_cat?post=2775"},{"taxonomy":"product_tag","embeddable":true,"href":"https:\/\/tuskwood.com\/de\/wp-json\/wp\/v2\/product_tag?post=2775"}],"curies":[{"name":"wp","href":"https:\/\/api.w.org\/{rel}","templated":true}]}}