{"id":4196,"date":"2026-05-04T02:31:28","date_gmt":"2026-05-04T00:31:28","guid":{"rendered":"https:\/\/tuskwood.com\/produkt\/tuskwood-akvarierot-akta-uraldrig-bogwood-unik-56-cm-p232618\/"},"modified":"2026-05-11T18:49:25","modified_gmt":"2026-05-11T16:49:25","slug":"tuskwood-aquarium-wurzel-akta-alten-moorholz-einzigartig-56-cm-p232618","status":"publish","type":"product","link":"https:\/\/tuskwood.com\/de\/produkt\/tuskwood-akvarierot-akta-uraldrig-bogwood-unik-56-cm-p232618\/","title":{"rendered":"Tuskwood Aquarium Wurzel WYSIWYG Echtes Moorholz Einzigartig 56 cm P232618"},"content":{"rendered":"<h2>Einzigartiges Produkt P232618<\/h2>\n<p>Ein einzigartiges St\u00fcck skandinavisches Moorholz, das \u00fcber Hunderte bis Tausende von Jahren nat\u00fcrlich im Torf konserviert wurde. Es ist ein echter Blickfang und eignet sich perfekt als Aquarienwurzel in Aquascape und Aquarium.<\/p>\n<p><strong>Es ist eine einzigartige Wurzel, und es ist genau die Wurzel auf dem Foto, das Sie kaufen.<\/strong> Was Sie sehen, ist was Sie bekommen, WYSIWYG.<\/p>\n<h3>Beschreibung der Art der Wurzel<\/h3>\n<p>Eine mittelgro\u00dfe bis gro\u00dfe Wurzel mit einem geschwungenen Hauptk\u00f6rper und zwei deutlichen Vorspr\u00fcngen, die der Form ein offenes, skulpturales Aussehen verleihen. Sie hat eine sch\u00f6ne Kombination aus kompaktem K\u00f6rper, klarer Oberfl\u00e4che und nat\u00fcrlicher Bewegung, was den Aufbau einer Anlage um sie herum erleichtert.<\/p>\n<h3>Vorschl\u00e4ge f\u00fcr die Gestaltung von Aquarien und Bepflanzungsideen<\/h3>\n<p>Geeignet f\u00fcr Ryuboku, Naturaquarien und nat\u00fcrliche Uferlandschaften. Die Wurzelh\u00f6hlen und R\u00e4nder eignen sich f\u00fcr Anubias, Bucephalandra, kleinen Javafarn und Moos. Cryptocoryne, Staurogyne repens oder niedrig wachsende Vordergrundpflanzen k\u00f6nnen um die Basis herum gepflanzt werden, w\u00e4hrend h\u00f6here Vallisneria oder Hygrophila im Hintergrund verwendet werden k\u00f6nnen.<\/p>\n<h3>Abmessungen der Wurzel<\/h3>\n<ul>\n<li><strong>L\u00e4nge:<\/strong> 56cm<\/li>\n<li><strong>H\u00f6he:<\/strong> 20 cm (8 Zoll)<\/li>\n<li><strong>Die Tiefe:<\/strong> 21cm<\/li>\n<\/ul>\n<h3>Vorgeschlagenes Format und Gr\u00f6\u00dfe des Aquariums<\/h3>\n<p>Mit einer L\u00e4nge von 56 cm, einer Tiefe von 21 cm und einer H\u00f6he von 20 cm passt sie gut in Aquarien von 60-90 cm, je nachdem, wie zentral sie platziert wird. In einem 90-cm-Aquarium wird sie zu einer deutlichen, aber nicht \u00fcberw\u00e4ltigenden Hauptwurzel.<\/p>\n<h3>Vorteile von Tuskwood<\/h3>\n<ul>\n<li>Echtes mineralisiertes Moorholz \/ Moosholz<\/li>\n<li>Lange Lebensdauer<\/li>\n<li>Normalerweise keine Biofilm- oder Schleimbildung<\/li>\n<li>Funktioniert sowohl in hartem als auch in weichem Wasser<\/li>\n<li>Zuverl\u00e4ssige Sinkf\u00e4higkeit, normalerweise Sinken innerhalb von 2-4 Wochen<\/li>\n<li>Nat\u00fcrlich sch\u00f6ne Farbt\u00f6ne in Dunkelbraun mit leichter r\u00f6tlicher T\u00f6nung unter Wasser<\/li>\n<\/ul>\n<p>Im Gegensatz zu normalem Spinnenholz, Manzanita, Mangrovenholz oder malaysischem Treibholz stammt Tuskwood aus Europa und hat sich auf nat\u00fcrliche Weise in nordischen Torfgebieten gebildet. Die Mineralisierung und Impr\u00e4gnierung mit Humus macht das Holz dauerhaft und sch\u00f6n.<\/p>\n<p>Tuskwood setzt langsam nat\u00fcrliche Huminstoffe frei, die die Gesundheit der Fische unterst\u00fctzen. Die Auswirkungen auf die Farbe des Wassers sind jedoch minimal und in der Regel nicht wahrnehmbar.<\/p>\n<ul>\n<li>Stabile und milde Freisetzung von Humus<\/li>\n<li>Positiv f\u00fcr das Wohlbefinden der Fische<\/li>\n<li>Milz antimikrobiell<\/li>\n<\/ul>\n<h3>Eine nachhaltigere Wahl<\/h3>\n<p>Ein Gro\u00dfteil des f\u00fcr Aquascaping verkauften Holzes stammt aus tropischen W\u00e4ldern in Asien und wird um die halbe Welt transportiert.<\/p>\n<p>Tuskwood ist ein nordisches Naturmaterial, das vor Ort als Nebenprodukt anderer nat\u00fcrlicher Verwendungen gesammelt wird. Das macht es zu einer nachhaltigeren Wahl, ohne unregulierten Tropenholzeinschlag, Mangrovenzerst\u00f6rung oder unw\u00fcrdige Arbeitsbedingungen. Tuskwood steht f\u00fcr minimale Transporte und die F\u00f6rderung der lokalen Wirtschaft und Arbeitspl\u00e4tze.<\/p>\n<p><em>Tuskwood ist ein sehr kleines Unternehmen, und wir verwenden KI, um uns auf Qualit\u00e4t und Lieferung zu konzentrieren. Aquascape-Renderings, \u00dcbersetzungen in andere Sprachen als Schwedisch und die Beschreibung der einzelnen Wurzeln auf dieser Seite werden mit KI erstellt und k\u00f6nnen kleine Fehler enthalten. Wir bitten dies zu entschuldigen. Echte Menschen sind immer per Telefon oder E-Mail erreichbar.<\/em><\/p>","protected":false},"excerpt":{"rendered":"<h3>Tuskwood Ancient Bogwood<\/h3>\n<p>Echtes Moorholz, handgepfl\u00fcckt aus nordischen Torfmooren, wo es 500-4000 Jahre lang auf nat\u00fcrliche Weise konserviert wurde. Durch diesen einzigartigen Prozess ist das Holz teilweise mineralisiert, mit Huminstoffen impr\u00e4gniert, langlebig und von wundersch\u00f6ner dunkelrotbrauner Farbe. Tuskwood Ancient Bogwood ist eine sehr gefragte Wurzelart f\u00fcr Aquarien und Aquascaping.<\/p>\n<ul>\n<li><strong>Lange Nutzungsdauer:<\/strong> Teilweise mineralisiert und extrem haltbar.<\/li>\n<li><strong>Positiv f\u00fcr die aquatische Umwelt:<\/strong> F\u00f6rdert das Gleichgewicht und die Gesundheit im Aquarium.<\/li>\n<li><strong>Kein Biofilm:<\/strong> Bildet normalerweise keinen Schleim auf dem Holz.<\/li>\n<li><strong>Nachhaltig und lokal produziert:<\/strong> Sorgf\u00e4ltig handverlesen in den nordischen L\u00e4ndern.<\/li>\n<li><strong>Klares Wasser:<\/strong> Der Einfluss von Holz auf die Farbe des Wassers ist normalerweise sehr begrenzt und von kurzer Dauer.<\/li>\n<\/ul>","protected":false},"featured_media":4187,"comment_status":"closed","ping_status":"closed","template":"","meta":{"_seopress_robots_primary_cat":"","_seopress_titles_title":"","_seopress_titles_desc":"","_seopress_robots_index":"","_seopress_analysis_target_kw":"","_uag_custom_page_level_css":"","site-sidebar-layout":"default","site-content-layout":"","ast-site-content-layout":"default","site-content-style":"default","site-sidebar-style":"default","ast-global-header-display":"","ast-banner-title-visibility":"","ast-main-header-display":"","ast-hfb-above-header-display":"","ast-hfb-below-header-display":"","ast-hfb-mobile-header-display":"","site-post-title":"","ast-breadcrumbs-content":"","ast-featured-img":"","footer-sml-layout":"","ast-disable-related-posts":"","theme-transparent-header-meta":"","adv-header-id-meta":"","stick-header-meta":"","header-above-stick-meta":"","header-main-stick-meta":"","header-below-stick-meta":"","astra-migrate-meta-layouts":"default","ast-page-background-enabled":"default","ast-page-background-meta":{"desktop":{"background-color":"var(--ast-global-color-5)","background-image":"","background-repeat":"repeat","background-position":"center center","background-size":"auto","background-attachment":"scroll","background-type":"","background-media":"","overlay-type":"","overlay-color":"","overlay-opacity":"","overlay-gradient":""},"tablet":{"background-color":"","background-image":"","background-repeat":"repeat","background-position":"center center","background-size":"auto","background-attachment":"scroll","background-type":"","background-media":"","overlay-type":"","overlay-color":"","overlay-opacity":"","overlay-gradient":""},"mobile":{"background-color":"","background-image":"","background-repeat":"repeat","background-position":"center center","background-size":"auto","background-attachment":"scroll","background-type":"","background-media":"","overlay-type":"","overlay-color":"","overlay-opacity":"","overlay-gradient":""}},"ast-content-background-meta":{"desktop":{"background-color":"var(--ast-global-color-4)","background-image":"","background-repeat":"repeat","background-position":"center center","background-size":"auto","background-attachment":"scroll","background-type":"","background-media":"","overlay-type":"","overlay-color":"","overlay-opacity":"","overlay-gradient":""},"tablet":{"background-color":"var(--ast-global-color-4)","background-image":"","background-repeat":"repeat","background-position":"center center","background-size":"auto","background-attachment":"scroll","background-type":"","background-media":"","overlay-type":"","overlay-color":"","overlay-opacity":"","overlay-gradient":""},"mobile":{"background-color":"var(--ast-global-color-4)","background-image":"","background-repeat":"repeat","background-position":"center center","background-size":"auto","background-attachment":"scroll","background-type":"","background-media":"","overlay-type":"","overlay-color":"","overlay-opacity":"","overlay-gradient":""}}},"product_brand":[46],"product_cat":[254],"product_tag":[],"class_list":{"0":"post-4196","1":"product","2":"type-product","3":"status-publish","4":"has-post-thumbnail","6":"product_brand-tuskwood","7":"product_cat-tuskwood_bogwood_wysiwyg","8":"desktop-align-left","9":"tablet-align-left","10":"mobile-align-left","11":"ast-product-gallery-layout-vertical-slider","12":"ast-product-tabs-layout-accordion","14":"first","15":"outofstock","16":"sold-individually","17":"taxable","18":"shipping-taxable","19":"purchasable","20":"product-type-simple"},"shsp-ext":{"main":{},"variations":[]},"uagb_featured_image_src":{"full":["https:\/\/tuskwood.com\/wp-content\/uploads\/2026\/05\/P232618-collage-aquascape01-measurement-thumb-3.jpg",1024,1024,false],"thumbnail":["https:\/\/tuskwood.com\/wp-content\/uploads\/2026\/05\/P232618-collage-aquascape01-measurement-thumb-3-150x150.jpg",150,150,true],"medium":["https:\/\/tuskwood.com\/wp-content\/uploads\/2026\/05\/P232618-collage-aquascape01-measurement-thumb-3-300x300.jpg",300,300,true],"medium_large":["https:\/\/tuskwood.com\/wp-content\/uploads\/2026\/05\/P232618-collage-aquascape01-measurement-thumb-3-768x768.jpg",768,768,true],"large":["https:\/\/tuskwood.com\/wp-content\/uploads\/2026\/05\/P232618-collage-aquascape01-measurement-thumb-3.jpg",1024,1024,false],"1536x1536":["https:\/\/tuskwood.com\/wp-content\/uploads\/2026\/05\/P232618-collage-aquascape01-measurement-thumb-3.jpg",1024,1024,false],"2048x2048":["https:\/\/tuskwood.com\/wp-content\/uploads\/2026\/05\/P232618-collage-aquascape01-measurement-thumb-3.jpg",1024,1024,false],"trp-custom-language-flag":["https:\/\/tuskwood.com\/wp-content\/uploads\/2026\/05\/P232618-collage-aquascape01-measurement-thumb-3-12x12.jpg",12,12,true],"woocommerce_thumbnail":["https:\/\/tuskwood.com\/wp-content\/uploads\/2026\/05\/P232618-collage-aquascape01-measurement-thumb-3-400x400.jpg",400,400,true],"woocommerce_single":["https:\/\/tuskwood.com\/wp-content\/uploads\/2026\/05\/P232618-collage-aquascape01-measurement-thumb-3.jpg",1024,1024,false],"woocommerce_gallery_thumbnail":["https:\/\/tuskwood.com\/wp-content\/uploads\/2026\/05\/P232618-collage-aquascape01-measurement-thumb-3-100x100.jpg",100,100,true]},"uagb_author_info":{"display_name":"Codex Agent","author_link":"https:\/\/tuskwood.com\/de\/author\/"},"uagb_comment_info":0,"uagb_excerpt":"Tuskwood Ancient Bogwood\u00c4kta bogwood, handplockat ur nordiska torvmossar d\u00e4r det konserverats naturligt i 500-4000 \u00e5r. Denna unika process g\u00f6r tr\u00e4et delvis mineraliserat, impregnerat med humus\u00e4mnen, h\u00e5llbart och vackert m\u00f6rkt r\u00f6dbrunt f\u00e4rgat. Tuskwood Ancient Bogwood \u00e4r en mycket eftertraktad typ av rot till akvarium och aquascaping.L\u00e5ng livsl\u00e4ngd: Delvis mineraliserat och extremt h\u00e5llbart.Positivt f\u00f6r vattenmilj\u00f6n: Fr\u00e4mjar balans&hellip;","_links":{"self":[{"href":"https:\/\/tuskwood.com\/de\/wp-json\/wp\/v2\/product\/4196","targetHints":{"allow":["GET"]}}],"collection":[{"href":"https:\/\/tuskwood.com\/de\/wp-json\/wp\/v2\/product"}],"about":[{"href":"https:\/\/tuskwood.com\/de\/wp-json\/wp\/v2\/types\/product"}],"replies":[{"embeddable":true,"href":"https:\/\/tuskwood.com\/de\/wp-json\/wp\/v2\/comments?post=4196"}],"wp:featuredmedia":[{"embeddable":true,"href":"https:\/\/tuskwood.com\/de\/wp-json\/wp\/v2\/media\/4187"}],"wp:attachment":[{"href":"https:\/\/tuskwood.com\/de\/wp-json\/wp\/v2\/media?parent=4196"}],"wp:term":[{"taxonomy":"product_brand","embeddable":true,"href":"https:\/\/tuskwood.com\/de\/wp-json\/wp\/v2\/product_brand?post=4196"},{"taxonomy":"product_cat","embeddable":true,"href":"https:\/\/tuskwood.com\/de\/wp-json\/wp\/v2\/product_cat?post=4196"},{"taxonomy":"product_tag","embeddable":true,"href":"https:\/\/tuskwood.com\/de\/wp-json\/wp\/v2\/product_tag?post=4196"}],"curies":[{"name":"wp","href":"https:\/\/api.w.org\/{rel}","templated":true}]}}