{"id":2400,"date":"2026-01-07T11:38:07","date_gmt":"2026-01-07T11:38:07","guid":{"rendered":"https:\/\/tuskwood.com\/?page_id=2400"},"modified":"2026-01-07T20:12:51","modified_gmt":"2026-01-07T20:12:51","slug":"oppet-kop-for-8-weeks-policy-for-returns-and-exchanges","status":"publish","type":"page","link":"https:\/\/tuskwood.com\/en\/oppet-kop-i-8-veckor-policy-for-returer-och-byten\/","title":{"rendered":"Open purchase for 8 weeks! Returns"},"content":{"rendered":"<p><strong>Last updated: January 7, 2026<\/strong><\/p>\n\n\n\n<p>We want your aquascape to be just as amazing as you imagined. That's why we offer the most generous terms in the industry, so you can try your hand at getting the perfect result.<\/p>\n\n\n\n<h3 class=\"wp-block-heading\">1. 8 weeks open purchase (Our Scaper Guarantee)<\/h3>\n\n\n\n<p>We know that it's hard to see exactly how a root fits until you hold it over the aquarium. That's why we offer <strong>8 weeks open purchase<\/strong>.<\/p>\n\n\n\n<ul class=\"wp-block-list\">\n<li>Buy home the pieces you choose from.<\/li>\n\n\n\n<li>Try them in your hardscape.<\/li>\n\n\n\n<li>Send back what was left over or did not fit.<\/li>\n<\/ul>\n\n\n\n<h3 class=\"wp-block-heading\">2. Conditions for returns<\/h3>\n\n\n\n<p>For a return to be accepted, the following criteria must be met:<\/p>\n\n\n\n<ul class=\"wp-block-list\">\n<li>The goods must be in <strong>mint condition<\/strong>. As it is a natural material, this means that the roots\/stones must not have been sawn, glued, boiled or soaked.<\/li>\n\n\n\n<li>The product should be packed well (preferably in its original packaging) so that it is not damaged during transportation.<\/li>\n<\/ul>\n\n\n\n<h3 class=\"wp-block-heading\">3. return freight<\/h3>\n\n\n\n<p>When exercising the right of withdrawal or open purchase, you are <strong>customer for the return freight<\/strong>.<\/p>\n\n\n\n<ul class=\"wp-block-list\">\n<li>You can choose any shipping company, but we recommend that the package is sent trackable.<\/li>\n\n\n\n<li>Always keep the return receipt until we have confirmed that we have received the return.<\/li>\n<\/ul>\n\n\n\n<h3 class=\"wp-block-heading\">4. How do I make a return?<\/h3>\n\n\n\n<ol start=\"1\" class=\"wp-block-list\">\n<li>Email us at <strong>info@tuskwood.com<\/strong> and indicate your order number and the products you want to return.<\/li>\n\n\n\n<li>We will send you instructions and a return address: <strong>Tuskwood, Idstigen 2, 34337 \u00c4lmhult<\/strong>.<\/li>\n\n\n\n<li>Pack the goods carefully and send them back to us.<\/li>\n<\/ol>\n\n\n\n<h3 class=\"wp-block-heading\">5. repayment<\/h3>\n\n\n\n<p>Once we have received and checked that the item is in new condition, we will credit your invoice or refund the money via the same payment method you used for the purchase (e.g. Klarna or Stripe). This is normally done within 7 working days of receiving the return.<\/p>\n\n\n\n<h3 class=\"wp-block-heading\">6 Complaints<\/h3>\n\n\n\n<p>If an item is damaged when it arrives or if you received the wrong product, contact us immediately at info@tuskwood.com. If the complaint is approved, Tuskwood.com is of course responsible for all shipping costs.<\/p>","protected":false},"excerpt":{"rendered":"<p>Senast uppdaterad: 7 januari 2026 Vi vill att din aquascape ska bli precis s\u00e5 fantastisk som du f\u00f6rest\u00e4llt dig. D\u00e4rf\u00f6r [&hellip;]<\/p>\n","protected":false},"author":1,"featured_media":0,"parent":0,"menu_order":0,"comment_status":"closed","ping_status":"closed","template":"","meta":{"_seopress_robots_primary_cat":"","_seopress_titles_title":"","_seopress_titles_desc":"","_seopress_robots_index":"","_uag_custom_page_level_css":"","site-sidebar-layout":"default","site-content-layout":"","ast-site-content-layout":"default","site-content-style":"default","site-sidebar-style":"default","ast-global-header-display":"","ast-banner-title-visibility":"","ast-main-header-display":"","ast-hfb-above-header-display":"","ast-hfb-below-header-display":"","ast-hfb-mobile-header-display":"","site-post-title":"","ast-breadcrumbs-content":"","ast-featured-img":"","footer-sml-layout":"","ast-disable-related-posts":"","theme-transparent-header-meta":"","adv-header-id-meta":"","stick-header-meta":"","header-above-stick-meta":"","header-main-stick-meta":"","header-below-stick-meta":"","astra-migrate-meta-layouts":"default","ast-page-background-enabled":"default","ast-page-background-meta":{"desktop":{"background-color":"var(--ast-global-color-5)","background-image":"","background-repeat":"repeat","background-position":"center center","background-size":"auto","background-attachment":"scroll","background-type":"","background-media":"","overlay-type":"","overlay-color":"","overlay-opacity":"","overlay-gradient":""},"tablet":{"background-color":"","background-image":"","background-repeat":"repeat","background-position":"center center","background-size":"auto","background-attachment":"scroll","background-type":"","background-media":"","overlay-type":"","overlay-color":"","overlay-opacity":"","overlay-gradient":""},"mobile":{"background-color":"","background-image":"","background-repeat":"repeat","background-position":"center center","background-size":"auto","background-attachment":"scroll","background-type":"","background-media":"","overlay-type":"","overlay-color":"","overlay-opacity":"","overlay-gradient":""}},"ast-content-background-meta":{"desktop":{"background-color":"var(--ast-global-color-4)","background-image":"","background-repeat":"repeat","background-position":"center center","background-size":"auto","background-attachment":"scroll","background-type":"","background-media":"","overlay-type":"","overlay-color":"","overlay-opacity":"","overlay-gradient":""},"tablet":{"background-color":"var(--ast-global-color-4)","background-image":"","background-repeat":"repeat","background-position":"center center","background-size":"auto","background-attachment":"scroll","background-type":"","background-media":"","overlay-type":"","overlay-color":"","overlay-opacity":"","overlay-gradient":""},"mobile":{"background-color":"var(--ast-global-color-4)","background-image":"","background-repeat":"repeat","background-position":"center center","background-size":"auto","background-attachment":"scroll","background-type":"","background-media":"","overlay-type":"","overlay-color":"","overlay-opacity":"","overlay-gradient":""}},"footnotes":""},"class_list":["post-2400","page","type-page","status-publish","hentry"],"uagb_featured_image_src":{"full":false,"thumbnail":false,"medium":false,"medium_large":false,"large":false,"1536x1536":false,"2048x2048":false,"trp-custom-language-flag":false,"woocommerce_thumbnail":false,"woocommerce_single":false,"woocommerce_gallery_thumbnail":false},"uagb_author_info":{"display_name":"admin","author_link":"https:\/\/tuskwood.com\/en\/author\/admin\/"},"uagb_comment_info":0,"uagb_excerpt":"Senast uppdaterad: 7 januari 2026 Vi vill att din aquascape ska bli precis s\u00e5 fantastisk som du f\u00f6rest\u00e4llt dig. D\u00e4rf\u00f6r [&hellip;]","_links":{"self":[{"href":"https:\/\/tuskwood.com\/en\/wp-json\/wp\/v2\/pages\/2400","targetHints":{"allow":["GET"]}}],"collection":[{"href":"https:\/\/tuskwood.com\/en\/wp-json\/wp\/v2\/pages"}],"about":[{"href":"https:\/\/tuskwood.com\/en\/wp-json\/wp\/v2\/types\/page"}],"author":[{"embeddable":true,"href":"https:\/\/tuskwood.com\/en\/wp-json\/wp\/v2\/users\/1"}],"replies":[{"embeddable":true,"href":"https:\/\/tuskwood.com\/en\/wp-json\/wp\/v2\/comments?post=2400"}],"version-history":[{"count":0,"href":"https:\/\/tuskwood.com\/en\/wp-json\/wp\/v2\/pages\/2400\/revisions"}],"wp:attachment":[{"href":"https:\/\/tuskwood.com\/en\/wp-json\/wp\/v2\/media?parent=2400"}],"curies":[{"name":"wp","href":"https:\/\/api.w.org\/{rel}","templated":true}]}}