{"id":27,"date":"2025-08-01T12:26:56","date_gmt":"2025-08-01T12:26:56","guid":{"rendered":"https:\/\/tuskwood.com\/om\/"},"modified":"2026-04-14T14:45:10","modified_gmt":"2026-04-14T14:45:10","slug":"to","status":"publish","type":"page","link":"https:\/\/tuskwood.com\/en\/om\/","title":{"rendered":"About the company Tuskwood and Joel Andersson"},"content":{"rendered":"<div class=\"inherit-container-width wp-block-group alignfull has-tertiary-background-color has-background is-layout-constrained wp-container-core-group-is-layout-7276a2bb wp-block-group-is-layout-constrained\" id=\"team\" style=\"margin-top:0;margin-bottom:0;padding-top:var(--wp--preset--spacing--60);padding-right:var(--wp--preset--spacing--30);padding-bottom:var(--wp--preset--spacing--60);padding-left:var(--wp--preset--spacing--30)\">\n<div class=\"wp-block-group alignwide is-vertical is-layout-flex wp-container-core-group-is-layout-fe9cc265 wp-block-group-is-layout-flex\">\n<div class=\"wp-block-group alignwide is-content-justification-left is-layout-constrained wp-container-core-group-is-layout-8b4c372c wp-block-group-is-layout-constrained\">\n<h2 class=\"wp-block-heading\" style=\"margin-top:12px\">Natural beauty and sustainability in every root<\/h2>\n\n\n\n<p class=\"has-medium-font-size\" style=\"margin-top:16px\">Welcome to the&nbsp;<strong>Tuskwood.com<\/strong>. Tuskwood is run by me, Joel Andersson. I have spent many years in aquarium and aquascaping, and my biggest passion is to create beautiful hardscapes.<br>We specialize in offering nature's own works of art: mineralized wood, Bogwood.<\/p>\n\n\n\n<h3 class=\"wp-block-heading\">Our history and vision<\/h3>\n\n\n\n<p>En dag gick jag med hunden \u00f6ver en lokal mosse, och undrade \u00f6ver r\u00f6tterna som kommer upp, tyckte de var r\u00e4tts\u00e5 lika de tropiska r\u00f6tter jag ibland hade k\u00f6pt till mitt akvarium. Jag kontaktade olika mark\u00e4gare som driver naturbruk, och jo, vid naturbruk p\u00e5 mossen kommer det i begr\u00e4nsad m\u00e4ngd varje \u00e5r upp ett antal ur\u00e5ldriga r\u00f6tter fr\u00e5n mossens djup. Jag l\u00e4rde mig ocks\u00e5, att akvariehobbyn har en l\u00e5ng tradition av att anv\u00e4nda just dessa mossr\u00f6tter, bogwood, inom aquascaping. N\u00e4r vi kom till mossen f\u00f6rsta g\u00e5ngen, kunde vi se att m\u00e5nga r\u00f6tter var trasiga, krossade, brutna eller p\u00e5 annat s\u00e4tt ol\u00e4mpliga f\u00f6r aquascaping, men, vi har f\u00e5tt f\u00f6rm\u00e5nen att regelbundet betr\u00e4da relevanta torvt\u00e4kter, och v\u00e4lja ut det b\u00e4sta som kommer upp. Numera har vi exklusiva avtal med relevanta mark\u00e4gare i Sverige. Vi har gjort m\u00e5nga tester med r\u00f6tterna i olika akvarium och s\u00e5lt m\u00e5nga via Tradera sedan 2024, och via v\u00e5r hemsida och webshop som vi lanserade i December 2025.<br>Med lokal insamling, sortering, kapning, lagring och packning, s\u00e5 minskar vi transporter av tr\u00e4 till akvarium fr\u00e5n l\u00e4nder i fj\u00e4rran \u00d6stern och Afrika, p\u00e5 s\u00e5 s\u00e4tt minskar vi milj\u00f6p\u00e5verkan, Tuskwood \u00e4r helt enkelt ett mycket h\u00e5llbart val. V\u00e5r ambition \u00e4r att bidra till samh\u00e4llet genom att beh\u00e5lla all verksamhet lokalt och skapa lokala arbetstillf\u00e4llen, s\u00e4rskilt f\u00f6r utsatta m\u00e4nniskor l\u00e5ngt fr\u00e5n arbetsmarknaden, i Sveriges ekonomiskt utsatta landsbygd. <\/p>\n\n\n\n<p>Som f\u00f6retag \u00e4r Tuskwood mycket litet, ett enskilt f\u00f6retag, en hobby, en kostnad snarare \u00e4n en int\u00e4ktsk\u00e4lla. En dr\u00f6m finns om att sakta men s\u00e4kert bygga upp en stabil f\u00f6rs\u00e4ljning och en fungerande hobbyverksamhet med en rimlig l\u00f6nsamhet, som ger arbetstillf\u00e4llen till dem som beh\u00f6ver det mest. <br>Det \u00e4r \u00e4ven en dr\u00f6m om ett b\u00e4ttre aquascaping tr\u00e4 fr\u00e5n Europa f\u00f6r Europa. Ett aquascaping tr\u00e4 som b\u00e4r p\u00e5 en otrolig historia och ger en unik ber\u00e4ttelse till varje akvarium som det blir en del av. Tuskwood, r\u00f6tter som ber\u00f6r.<\/p>\n\n\n\n<p>Vi driver Tuskwood p\u00e5 fritiden, fr\u00e5n \u00c4lmhult i hj\u00e4rtat av Sm\u00e5land, en region k\u00e4nd f\u00f6r sin hantverkstradition och n\u00e4rhet till naturen. F\u00f6r oss \u00e4r \u00e4rlighet, l\u00e5ngsiktighet och p\u00e5litlighet grundstenarna i v\u00e5r relation med dig som kund.<\/p>\n<\/div>\n<\/div>\n\n\n\n<div class=\"wp-block-columns alignwide is-layout-flex wp-container-core-columns-is-layout-28f84493 wp-block-columns-is-layout-flex\">\n<div class=\"wp-block-column is-layout-flow wp-container-core-column-is-layout-f5bb311e wp-block-column-is-layout-flow\">\n<div class=\"wp-block-columns has-background-background-color has-background is-layout-flex wp-container-core-columns-is-layout-d47a2335 wp-block-columns-is-layout-flex\" style=\"border-radius:1.5rem;padding-top:1.5rem;padding-right:1.5rem;padding-bottom:1.5rem;padding-left:1.5rem\">\n<div class=\"wp-block-column is-layout-flow wp-block-column-is-layout-flow\" style=\"flex-basis:40%\">\n<figure class=\"wp-block-image size-large has-custom-border is-style-default\"><img alt=\"\" loading=\"lazy\" decoding=\"async\" width=\"879\" height=\"1024\" src=\"https:\/\/tuskwood.com\/wp-content\/uploads\/2025\/08\/20250406_185333-1-879x1024.jpg\" class=\"wp-image-123\" style=\"border-radius:1.5rem;aspect-ratio:1;object-fit:cover\" srcset=\"https:\/\/tuskwood.com\/wp-content\/uploads\/2025\/08\/20250406_185333-1-879x1024.jpg 879w, https:\/\/tuskwood.com\/wp-content\/uploads\/2025\/08\/20250406_185333-1-257x300.jpg 257w, https:\/\/tuskwood.com\/wp-content\/uploads\/2025\/08\/20250406_185333-1-768x895.jpg 768w, https:\/\/tuskwood.com\/wp-content\/uploads\/2025\/08\/20250406_185333-1.jpg 1200w, https:\/\/tuskwood.com\/wp-content\/uploads\/2025\/08\/20250406_185333-1-600x699.jpg 600w\" sizes=\"auto, (max-width: 879px) 100vw, 879px\" \/><\/figure>\n<\/div>\n\n\n\n<div class=\"wp-block-column is-layout-flow wp-block-column-is-layout-flow\" style=\"padding-top:var(--wp--preset--spacing--20);padding-bottom:var(--wp--preset--spacing--20)\">\n<h4 class=\"wp-block-heading\" style=\"font-size:24px\">Joel Andersson<\/h4>\n\n\n\n<p class=\"has-primary-color has-text-color has-small-font-size\" style=\"margin-top:4px\">CEO, Founder, Product Manager, Marketing, Web, Accounting, Finance, Purchasing, Production, Transportation, Communication.<\/p>\n\n\n\n<p>With the help of understanding, supportive and forgiving children and fianc\u00e9e, I do everything myself so far.<\/p>\n<\/div>\n<\/div>\n<\/div>\n\n\n\n<div class=\"wp-block-column is-layout-flow wp-container-core-column-is-layout-f5bb311e wp-block-column-is-layout-flow\">\n<div class=\"wp-block-columns has-background-background-color has-background is-layout-flex wp-container-core-columns-is-layout-d47a2335 wp-block-columns-is-layout-flex\" style=\"border-radius:1.5rem;padding-top:1.5rem;padding-right:1.5rem;padding-bottom:1.5rem;padding-left:1.5rem\">\n<div class=\"wp-block-column is-layout-flow wp-block-column-is-layout-flow\" style=\"flex-basis:40%\">\n<figure class=\"wp-block-image size-full has-custom-border is-style-default\"><img loading=\"lazy\" decoding=\"async\" width=\"1000\" height=\"991\" src=\"https:\/\/tuskwood.com\/wp-content\/uploads\/2025\/08\/20250420_221955-1.png\" alt=\"Tuskwood logo\" class=\"wp-image-112\" style=\"border-radius:1.5rem;aspect-ratio:1;object-fit:cover\" srcset=\"https:\/\/tuskwood.com\/wp-content\/uploads\/2025\/08\/20250420_221955-1.png 1000w, https:\/\/tuskwood.com\/wp-content\/uploads\/2025\/08\/20250420_221955-1-300x297.png 300w, https:\/\/tuskwood.com\/wp-content\/uploads\/2025\/08\/20250420_221955-1-150x150.png 150w, https:\/\/tuskwood.com\/wp-content\/uploads\/2025\/08\/20250420_221955-1-768x761.png 768w, https:\/\/tuskwood.com\/wp-content\/uploads\/2025\/08\/20250420_221955-1-12x12.png 12w, https:\/\/tuskwood.com\/wp-content\/uploads\/2025\/08\/20250420_221955-1-600x595.png 600w, https:\/\/tuskwood.com\/wp-content\/uploads\/2025\/08\/20250420_221955-1-100x100.png 100w, https:\/\/tuskwood.com\/wp-content\/uploads\/2025\/08\/20250420_221955-1-47x47.png 47w\" sizes=\"auto, (max-width: 1000px) 100vw, 1000px\" \/><\/figure>\n<\/div>\n\n\n\n<div class=\"wp-block-column is-layout-flow wp-block-column-is-layout-flow\" style=\"padding-top:var(--wp--preset--spacing--20);padding-bottom:var(--wp--preset--spacing--20)\">\n<h4 class=\"wp-block-heading\" style=\"font-size:24px\">Contact us<\/h4>\n\n\n\n<p>Tuskwood - Joel Andersson<br>Idstigen 2<br>34337 \u00c4lmhult<br>Sweden<br>+46735171090<br>info@tuskwood.com<br>VAT No SE811016277601<\/p>\n<\/div>\n<\/div>\n<\/div>\n<\/div>\n<\/div>\n\n\n\n<p><\/p>","protected":false},"excerpt":{"rendered":"<p>Naturlig sk\u00f6nhet och h\u00e5llbarhet i varje rot V\u00e4lkommen till&nbsp;Tuskwood.com. Tuskwood drivs av mig, Joel Andersson. Jag har \u00e4gnat m\u00e5nga \u00e5r [&hellip;]<\/p>\n","protected":false},"author":1,"featured_media":0,"parent":0,"menu_order":0,"comment_status":"closed","ping_status":"closed","template":"","meta":{"_seopress_robots_primary_cat":"","_seopress_titles_title":"","_seopress_titles_desc":"","_seopress_robots_index":"","_uag_custom_page_level_css":"","site-sidebar-layout":"default","site-content-layout":"","ast-site-content-layout":"default","site-content-style":"default","site-sidebar-style":"default","ast-global-header-display":"","ast-banner-title-visibility":"","ast-main-header-display":"","ast-hfb-above-header-display":"","ast-hfb-below-header-display":"","ast-hfb-mobile-header-display":"","site-post-title":"","ast-breadcrumbs-content":"","ast-featured-img":"","footer-sml-layout":"","ast-disable-related-posts":"","theme-transparent-header-meta":"","adv-header-id-meta":"","stick-header-meta":"","header-above-stick-meta":"","header-main-stick-meta":"","header-below-stick-meta":"","astra-migrate-meta-layouts":"default","ast-page-background-enabled":"default","ast-page-background-meta":{"desktop":{"background-color":"var(--ast-global-color-5)","background-image":"","background-repeat":"repeat","background-position":"center center","background-size":"auto","background-attachment":"scroll","background-type":"","background-media":"","overlay-type":"","overlay-color":"","overlay-opacity":"","overlay-gradient":""},"tablet":{"background-color":"","background-image":"","background-repeat":"repeat","background-position":"center center","background-size":"auto","background-attachment":"scroll","background-type":"","background-media":"","overlay-type":"","overlay-color":"","overlay-opacity":"","overlay-gradient":""},"mobile":{"background-color":"","background-image":"","background-repeat":"repeat","background-position":"center center","background-size":"auto","background-attachment":"scroll","background-type":"","background-media":"","overlay-type":"","overlay-color":"","overlay-opacity":"","overlay-gradient":""}},"ast-content-background-meta":{"desktop":{"background-color":"var(--ast-global-color-4)","background-image":"","background-repeat":"repeat","background-position":"center center","background-size":"auto","background-attachment":"scroll","background-type":"","background-media":"","overlay-type":"","overlay-color":"","overlay-opacity":"","overlay-gradient":""},"tablet":{"background-color":"var(--ast-global-color-4)","background-image":"","background-repeat":"repeat","background-position":"center center","background-size":"auto","background-attachment":"scroll","background-type":"","background-media":"","overlay-type":"","overlay-color":"","overlay-opacity":"","overlay-gradient":""},"mobile":{"background-color":"var(--ast-global-color-4)","background-image":"","background-repeat":"repeat","background-position":"center center","background-size":"auto","background-attachment":"scroll","background-type":"","background-media":"","overlay-type":"","overlay-color":"","overlay-opacity":"","overlay-gradient":""}},"footnotes":""},"class_list":["post-27","page","type-page","status-publish","hentry"],"uagb_featured_image_src":{"full":false,"thumbnail":false,"medium":false,"medium_large":false,"large":false,"1536x1536":false,"2048x2048":false,"trp-custom-language-flag":false,"woocommerce_thumbnail":false,"woocommerce_single":false,"woocommerce_gallery_thumbnail":false},"uagb_author_info":{"display_name":"admin","author_link":"https:\/\/tuskwood.com\/en\/author\/admin\/"},"uagb_comment_info":0,"uagb_excerpt":"Naturlig sk\u00f6nhet och h\u00e5llbarhet i varje rot V\u00e4lkommen till&nbsp;Tuskwood.com. Tuskwood drivs av mig, Joel Andersson. Jag har \u00e4gnat m\u00e5nga \u00e5r [&hellip;]","_links":{"self":[{"href":"https:\/\/tuskwood.com\/en\/wp-json\/wp\/v2\/pages\/27","targetHints":{"allow":["GET"]}}],"collection":[{"href":"https:\/\/tuskwood.com\/en\/wp-json\/wp\/v2\/pages"}],"about":[{"href":"https:\/\/tuskwood.com\/en\/wp-json\/wp\/v2\/types\/page"}],"author":[{"embeddable":true,"href":"https:\/\/tuskwood.com\/en\/wp-json\/wp\/v2\/users\/1"}],"replies":[{"embeddable":true,"href":"https:\/\/tuskwood.com\/en\/wp-json\/wp\/v2\/comments?post=27"}],"version-history":[{"count":2,"href":"https:\/\/tuskwood.com\/en\/wp-json\/wp\/v2\/pages\/27\/revisions"}],"predecessor-version":[{"id":3208,"href":"https:\/\/tuskwood.com\/en\/wp-json\/wp\/v2\/pages\/27\/revisions\/3208"}],"wp:attachment":[{"href":"https:\/\/tuskwood.com\/en\/wp-json\/wp\/v2\/media?parent=27"}],"curies":[{"name":"wp","href":"https:\/\/api.w.org\/{rel}","templated":true}]}}