{"id":1887,"date":"2025-12-27T09:39:44","date_gmt":"2025-12-27T09:39:44","guid":{"rendered":"https:\/\/tuskwood.com\/?post_type=product&#038;p=1887"},"modified":"2026-04-15T05:53:57","modified_gmt":"2026-04-15T05:53:57","slug":"tuskwood-aquascaping-root-bonsai-tree-style-wide-m-20-30-nr82-kopia","status":"publish","type":"product","link":"https:\/\/tuskwood.com\/en\/produkt\/tuskwood-aquascaping-root-bonsai-tree-style-wide-m-20-30-nr82-kopia\/","title":{"rendered":"Tuskwood Aquascaping Root Bonsai Tree Style Wide M 20-30 nr83"},"content":{"rendered":"<p data-start=\"264\" data-end=\"467\">A unique piece\u00a0<strong data-start=\"350\" data-end=\"374\">Scandinavian bogwood<\/strong>, naturally preserved in peat over hundreds to thousands of years. This is a real eye-catcher and works perfectly as\u00a0<strong>aquarium root in aquascape and aquarium<\/strong>.<\/p>\n<p data-start=\"264\" data-end=\"467\"><strong>The product in the pictures is exactly the root you buy.<\/strong><\/p>\n<p><strong>Advantages of Tuskwood<\/strong><\/p>\n<ul>\n<li data-start=\"2134\" data-end=\"2162\">\n<p data-start=\"2136\" data-end=\"2162\">Genuine mineralized bogwood \/ moss wood<\/p>\n<\/li>\n<li data-start=\"2163\" data-end=\"2186\">\n<p data-start=\"2165\" data-end=\"2186\">Long life span<\/p>\n<\/li>\n<li data-start=\"2226\" data-end=\"2275\">\n<p data-start=\"2228\" data-end=\"2275\">Normally no biofilm or slime formation<\/p>\n<\/li>\n<li data-start=\"2276\" data-end=\"2313\">\n<p data-start=\"2278\" data-end=\"2313\">Works in both hard and soft water<\/p>\n<\/li>\n<li data-start=\"2314\" data-end=\"2341\">\n<p data-start=\"2316\" data-end=\"2341\">Naturally beautiful reddish-brown tones under water<\/p>\n<\/li>\n<\/ul>\n<p data-start=\"731\" data-end=\"1030\">Unlike regular\u00a0<strong data-start=\"757\" data-end=\"808\">spiderwood, manzanita, mangrove or Malaysian driftwood<\/strong>, Tuskwood comes from Europe and has formed naturally in Nordic peatlands. The mineralization makes the wood durable, and naturally produces dark colours and shapes reminiscent of old riverbank or flooded forest roots.<\/p>\n<p data-start=\"1112\" data-end=\"1242\">Tuskwood is slowly slipping away <strong data-start=\"1147\" data-end=\"1169\">natural tannins<\/strong> that support fish health. However, the impact on the color of the water is minimal, usually not noticeable.<\/p>\n<p data-start=\"1339\" data-end=\"1476\">\u2714 stable and mild tannin release<br data-start=\"1374\" data-end=\"1377\" \/>\u2714 positive for the well-being of fish<br data-start=\"1411\" data-end=\"1414\" \/>\u2714 Mild antimicrobial<\/p>\n<p data-start=\"1665\" data-end=\"1781\">Much of the wood sold for aquascaping comes from tropical forests in Asia and is shipped halfway around the world.<br \/><strong data-start=\"1783\" data-end=\"1825\">Tuskwood is a Nordic natural material<\/strong>, collected locally as a by-product of other natural uses, making it a more sustainable choice without tropical deforestation and undignified working conditions, instead minimizing transportation and promoting local economy and jobs.<\/p>\n<p data-start=\"2021\" data-end=\"2047\"><strong>Perfect for:<\/strong><\/p>\n<ul data-start=\"2048\" data-end=\"2113\">\n<li data-start=\"2048\" data-end=\"2062\">\n<p data-start=\"2050\" data-end=\"2062\">plant aquarium<\/p>\n<\/li>\n<li data-start=\"2048\" data-end=\"2062\">\n<p data-start=\"2050\" data-end=\"2062\">ADA-style nature aquarium<\/p>\n<\/li>\n<li data-start=\"2075\" data-end=\"2085\">\n<p data-start=\"2077\" data-end=\"2085\">biotopes<\/p>\n<\/li>\n<li data-start=\"2086\" data-end=\"2098\">\n<p data-start=\"2088\" data-end=\"2098\">blackwater<\/p>\n<\/li>\n<li data-start=\"2099\" data-end=\"2113\">\n<p data-start=\"2101\" data-end=\"2113\">show aquarium<\/p>\n<\/li>\n<li data-start=\"2099\" data-end=\"2113\">aquascaping<\/li>\n<\/ul>\n<p data-start=\"2399\" data-end=\"2526\"><strong>Aquascaping tips<\/strong><\/p>\n<p>Place as an eye-catcher and supplement with stones, sand or small branches<\/p>\n<p><strong>Preparation for use<br \/><\/strong><\/p>\n<p>Always follow the Tuskwood care and handling advice which you can find under the main menu \u201dAbout Tuskwood\u201d\u00a0<\/p>","protected":false},"excerpt":{"rendered":"<h3 data-path-to-node=\"3\"><b data-path-to-node=\"3\" data-index-in-node=\"0\">Tuskwood Ancient Bogwood<\/b><\/h3>\n<p data-path-to-node=\"4\">Genuine Bogwood, hand-picked from Nordic peat bogs where it has been naturally preserved for 500-4000 years. This unique process makes the wood partially mineralized, impregnated with humic substances, durable and beautifully dark reddish-brown colored. Tuskwood ancient bogwood is the most sought-after type of roots for the aquarium hobby for a long time.<\/p>\n<ul data-path-to-node=\"5\">\n<li>\n<p data-path-to-node=\"5,0,0\"><b data-path-to-node=\"5,0,0\" data-index-in-node=\"0\">Long service life:<\/b> Partially mineralized and extremely durable.<\/p>\n<\/li>\n<li>\n<p data-path-to-node=\"5,1,0\"><b>Positive for the aquatic environment:<\/b> Promotes balance and health in the aquarium.<\/p>\n<\/li>\n<li>\n<p data-path-to-node=\"5,2,0\"><b data-path-to-node=\"5,2,0\" data-index-in-node=\"0\">No biofilm:<\/b> Does not normally form a slime on the wood.<\/p>\n<\/li>\n<li>\n<p data-path-to-node=\"5,3,0\"><b data-path-to-node=\"5,3,0\" data-index-in-node=\"0\">Sustainable &amp; Local:<\/b> Carefully handpicked in the Nordics.<\/p>\n<\/li>\n<li><strong>Clear water:<\/strong> The impact of wood on the color of water is normally very limited and short-lived.<\/li>\n<\/ul>","protected":false},"featured_media":1862,"comment_status":"closed","ping_status":"closed","template":"","meta":{"_seopress_robots_primary_cat":"","_seopress_titles_title":"","_seopress_titles_desc":"","_seopress_robots_index":"","_uag_custom_page_level_css":"","site-sidebar-layout":"default","site-content-layout":"","ast-site-content-layout":"default","site-content-style":"default","site-sidebar-style":"default","ast-global-header-display":"","ast-banner-title-visibility":"","ast-main-header-display":"","ast-hfb-above-header-display":"","ast-hfb-below-header-display":"","ast-hfb-mobile-header-display":"","site-post-title":"","ast-breadcrumbs-content":"","ast-featured-img":"","footer-sml-layout":"","ast-disable-related-posts":"","theme-transparent-header-meta":"","adv-header-id-meta":"","stick-header-meta":"","header-above-stick-meta":"","header-main-stick-meta":"","header-below-stick-meta":"","astra-migrate-meta-layouts":"default","ast-page-background-enabled":"default","ast-page-background-meta":{"desktop":{"background-color":"var(--ast-global-color-5)","background-image":"","background-repeat":"repeat","background-position":"center center","background-size":"auto","background-attachment":"scroll","background-type":"","background-media":"","overlay-type":"","overlay-color":"","overlay-opacity":"","overlay-gradient":""},"tablet":{"background-color":"","background-image":"","background-repeat":"repeat","background-position":"center center","background-size":"auto","background-attachment":"scroll","background-type":"","background-media":"","overlay-type":"","overlay-color":"","overlay-opacity":"","overlay-gradient":""},"mobile":{"background-color":"","background-image":"","background-repeat":"repeat","background-position":"center center","background-size":"auto","background-attachment":"scroll","background-type":"","background-media":"","overlay-type":"","overlay-color":"","overlay-opacity":"","overlay-gradient":""}},"ast-content-background-meta":{"desktop":{"background-color":"var(--ast-global-color-4)","background-image":"","background-repeat":"repeat","background-position":"center center","background-size":"auto","background-attachment":"scroll","background-type":"","background-media":"","overlay-type":"","overlay-color":"","overlay-opacity":"","overlay-gradient":""},"tablet":{"background-color":"var(--ast-global-color-4)","background-image":"","background-repeat":"repeat","background-position":"center center","background-size":"auto","background-attachment":"scroll","background-type":"","background-media":"","overlay-type":"","overlay-color":"","overlay-opacity":"","overlay-gradient":""},"mobile":{"background-color":"var(--ast-global-color-4)","background-image":"","background-repeat":"repeat","background-position":"center center","background-size":"auto","background-attachment":"scroll","background-type":"","background-media":"","overlay-type":"","overlay-color":"","overlay-opacity":"","overlay-gradient":""}}},"product_brand":[46],"product_cat":[254],"product_tag":[],"class_list":{"0":"post-1887","1":"product","2":"type-product","3":"status-publish","4":"has-post-thumbnail","6":"product_brand-tuskwood","7":"product_cat-tuskwood_bogwood_wysiwyg","8":"pa_detaljerad-storlek-20-30-cm","9":"desktop-align-left","10":"tablet-align-left","11":"mobile-align-left","12":"ast-product-gallery-layout-vertical-slider","13":"ast-product-gallery-with-no-image","14":"ast-product-tabs-layout-accordion","15":"ast-qv-on-image","17":"first","18":"instock","19":"sale","20":"taxable","21":"shipping-taxable","22":"purchasable","23":"product-type-simple"},"shsp-ext":{"main":{},"variations":[]},"uagb_featured_image_src":{"full":["https:\/\/tuskwood.com\/wp-content\/uploads\/2025\/12\/20251213_115006-scaled.jpg",1600,1200,false],"thumbnail":["https:\/\/tuskwood.com\/wp-content\/uploads\/2025\/12\/20251213_115006-150x150.jpg",150,150,true],"medium":["https:\/\/tuskwood.com\/wp-content\/uploads\/2025\/12\/20251213_115006-300x225.jpg",300,225,true],"medium_large":["https:\/\/tuskwood.com\/wp-content\/uploads\/2025\/12\/20251213_115006-768x576.jpg",768,576,true],"large":["https:\/\/tuskwood.com\/wp-content\/uploads\/2025\/12\/20251213_115006-1024x768.jpg",1024,768,true],"1536x1536":["https:\/\/tuskwood.com\/wp-content\/uploads\/2025\/12\/20251213_115006-1536x1152.jpg",1536,1152,true],"2048x2048":["https:\/\/tuskwood.com\/wp-content\/uploads\/2025\/12\/20251213_115006-2048x1536.jpg",1600,1200,true],"trp-custom-language-flag":["https:\/\/tuskwood.com\/wp-content\/uploads\/2025\/12\/20251213_115006-scaled.jpg",16,12,false],"woocommerce_thumbnail":["https:\/\/tuskwood.com\/wp-content\/uploads\/2025\/12\/20251213_115006-scaled-300x300.jpg",300,300,true],"woocommerce_single":["https:\/\/tuskwood.com\/wp-content\/uploads\/2025\/12\/20251213_115006-scaled-600x450.jpg",600,450,true],"woocommerce_gallery_thumbnail":["https:\/\/tuskwood.com\/wp-content\/uploads\/2025\/12\/20251213_115006-scaled-100x100.jpg",100,100,true]},"uagb_author_info":{"display_name":"admin","author_link":"https:\/\/tuskwood.com\/en\/author\/"},"uagb_comment_info":0,"uagb_excerpt":"Tuskwood Ancient Bogwood\u00c4kta Bogwood, handplockat ur nordiska torvmossar d\u00e4r det konserverats naturligt i 500\u20134000 \u00e5r. Denna unika process g\u00f6r tr\u00e4et delvis mineraliserat, impregnerat med humus\u00e4mnen, h\u00e5llbart och vackert m\u00f6rkt r\u00f6dbrunt f\u00e4rgat. Tuskwood ancient bogwood \u00e4r den mest efters\u00f6kta typen av r\u00f6tter till akvariehobbyn sedan l\u00e5ng tid tillbaka.L\u00e5ng livsl\u00e4ngd: Delvis mineraliserat och extremt h\u00e5llbart.Positivt f\u00f6r vattenmilj\u00f6n:&hellip;","_links":{"self":[{"href":"https:\/\/tuskwood.com\/en\/wp-json\/wp\/v2\/product\/1887","targetHints":{"allow":["GET"]}}],"collection":[{"href":"https:\/\/tuskwood.com\/en\/wp-json\/wp\/v2\/product"}],"about":[{"href":"https:\/\/tuskwood.com\/en\/wp-json\/wp\/v2\/types\/product"}],"replies":[{"embeddable":true,"href":"https:\/\/tuskwood.com\/en\/wp-json\/wp\/v2\/comments?post=1887"}],"wp:featuredmedia":[{"embeddable":true,"href":"https:\/\/tuskwood.com\/en\/wp-json\/wp\/v2\/media\/1862"}],"wp:attachment":[{"href":"https:\/\/tuskwood.com\/en\/wp-json\/wp\/v2\/media?parent=1887"}],"wp:term":[{"taxonomy":"product_brand","embeddable":true,"href":"https:\/\/tuskwood.com\/en\/wp-json\/wp\/v2\/product_brand?post=1887"},{"taxonomy":"product_cat","embeddable":true,"href":"https:\/\/tuskwood.com\/en\/wp-json\/wp\/v2\/product_cat?post=1887"},{"taxonomy":"product_tag","embeddable":true,"href":"https:\/\/tuskwood.com\/en\/wp-json\/wp\/v2\/product_tag?post=1887"}],"curies":[{"name":"wp","href":"https:\/\/api.w.org\/{rel}","templated":true}]}}