{"id":2768,"date":"2026-03-03T11:07:08","date_gmt":"2026-03-03T10:07:08","guid":{"rendered":"https:\/\/tuskwood.com\/?post_type=product&#038;p=2768"},"modified":"2026-05-10T06:10:34","modified_gmt":"2026-05-10T04:10:34","slug":"nrt17","status":"publish","type":"product","link":"https:\/\/tuskwood.com\/fi\/produkt\/nrt17\/","title":{"rendered":"Tuskwood Akvaario Root WYSIWYG Aito Bogwood Ainutlaatuinen NrT17"},"content":{"rendered":"<p data-start=\"264\" data-end=\"467\">Ainutlaatuinen kappale\u00a0<strong data-start=\"350\" data-end=\"374\">Skandinaavinen suopuu<\/strong>, jotka ovat s\u00e4ilyneet turpeessa luonnollisesti satojen tai tuhansien vuosien ajan. T\u00e4m\u00e4 on todellinen katseenvangitsija, ja se toimii t\u00e4ydellisesti kuin\u00a0<strong>akvaario root in aquascape ja akvaario<\/strong>.<\/p>\n<p data-start=\"264\" data-end=\"467\"><strong>Kuvissa oleva tuote on juuri se, jonka ostat.<\/strong><\/p>\n<p><strong>Tuskwood:n edut<\/strong><\/p>\n<ul>\n<li data-start=\"2134\" data-end=\"2162\">\n<p data-start=\"2136\" data-end=\"2162\">Aito mineralisoitunut suopuu \/ sammalpuu<\/p>\n<\/li>\n<li data-start=\"2163\" data-end=\"2186\">\n<p data-start=\"2165\" data-end=\"2186\">Pitk\u00e4 k\u00e4ytt\u00f6ik\u00e4<\/p>\n<\/li>\n<li data-start=\"2226\" data-end=\"2275\">\n<p data-start=\"2228\" data-end=\"2275\">Normaalisti ei muodostu biofilmi\u00e4 tai limaa<\/p>\n<\/li>\n<li data-start=\"2276\" data-end=\"2313\">\n<p data-start=\"2278\" data-end=\"2313\">Toimii sek\u00e4 kovassa ett\u00e4 pehme\u00e4ss\u00e4 vedess\u00e4<\/p>\n<\/li>\n<li data-start=\"2314\" data-end=\"2341\">\n<p data-start=\"2316\" data-end=\"2341\">Luonnostaan kaunis punaruskea v\u00e4ris\u00e4vy veden alla.<\/p>\n<\/li>\n<\/ul>\n<p data-start=\"731\" data-end=\"1030\">Toisin kuin tavalliset\u00a0<strong data-start=\"757\" data-end=\"808\">h\u00e4m\u00e4h\u00e4kkipuu, manzanita, mangrovepuu tai malesialainen ajopuu.<\/strong>, Tuskwood on per\u00e4isin Euroopasta, ja sit\u00e4 muodostuu luonnostaan pohjoismaisilla turvemailla. Mineralisoituminen tekee puusta kest\u00e4v\u00e4\u00e4 ja antaa sille luonnostaan tummat v\u00e4rit ja muodot, jotka muistuttavat vanhoja jokivarsien tai tulvimets\u00e4n juuria.<\/p>\n<p data-start=\"1112\" data-end=\"1242\">Tuskwood vapautuu hitaasti <strong data-start=\"1147\" data-end=\"1169\">luonnolliset tanniinit<\/strong> jotka tukevat kalojen terveytt\u00e4. Vaikutus veden v\u00e4riin on kuitenkin minimaalinen, eik\u00e4 sit\u00e4 yleens\u00e4 huomaa.<\/p>\n<p data-start=\"1339\" data-end=\"1476\">\u2714 vakaa ja mieto tanniinin vapautuminen<br data-start=\"1374\" data-end=\"1377\" \/>\u2714 kalojen hyvinvoinnin kannalta suotuisa<br data-start=\"1411\" data-end=\"1414\" \/>\u2714 Liev\u00e4sti antimikrobinen.<\/p>\n<p data-start=\"1665\" data-end=\"1781\">Suuri osa aquascapingiin myyt\u00e4v\u00e4st\u00e4 puusta on per\u00e4isin Aasian trooppisista metsist\u00e4, ja se kuljetetaan puolen maailman ymp\u00e4ri.<br \/><strong data-start=\"1783\" data-end=\"1825\">Tuskwood on pohjoismainen luonnonmateriaali<\/strong>, joka ker\u00e4t\u00e4\u00e4n paikallisesti muiden luonnollisten k\u00e4ytt\u00f6tarkoitusten sivutuotteena, mik\u00e4 tekee siit\u00e4 kest\u00e4v\u00e4mm\u00e4n valinnan ilman trooppisten metsien h\u00e4vitt\u00e4mist\u00e4 ja ep\u00e4suotuisia ty\u00f6oloja, minimoimalla kuljetukset ja edist\u00e4m\u00e4ll\u00e4 paikallista taloutta ja ty\u00f6paikkoja.<\/p>\n<p data-start=\"2021\" data-end=\"2047\"><strong>T\u00e4ydellinen:<\/strong><\/p>\n<ul data-start=\"2048\" data-end=\"2113\">\n<li data-start=\"2048\" data-end=\"2062\">\n<p data-start=\"2050\" data-end=\"2062\">kasviakvaario<\/p>\n<\/li>\n<li data-start=\"2048\" data-end=\"2062\">\n<p data-start=\"2050\" data-end=\"2062\">ADA-tyylinen luontoakvaario<\/p>\n<\/li>\n<li data-start=\"2075\" data-end=\"2085\">\n<p data-start=\"2077\" data-end=\"2085\">biotoopit<\/p>\n<\/li>\n<li data-start=\"2086\" data-end=\"2098\">\n<p data-start=\"2088\" data-end=\"2098\">mustavesi<\/p>\n<\/li>\n<li data-start=\"2099\" data-end=\"2113\">\n<p data-start=\"2101\" data-end=\"2113\">n\u00e4yt\u00e4 akvaario<\/p>\n<\/li>\n<li data-start=\"2099\" data-end=\"2113\">aquascaping<\/li>\n<\/ul>\n<p data-start=\"2399\" data-end=\"2526\"><strong>Aquascaping vinkkej\u00e4<\/strong><\/p>\n<p>Aseta katseenvangitsijaksi ja t\u00e4ydenn\u00e4 kivill\u00e4, hiekalla tai pienill\u00e4 oksilla.<\/p>\n<p><strong>Valmistelu k\u00e4ytt\u00f6\u00e4 varten<br \/><\/strong><\/p>\n<p>Noudata aina Tuskwood:n hoito- ja k\u00e4sittelyohjeita, jotka l\u00f6yd\u00e4t p\u00e4\u00e4valikosta \u201dTietoja Tuskwood:st\u00e4\u201d.\u201d\u00a0<\/p>","protected":false},"excerpt":{"rendered":"<h3 data-path-to-node=\"3\"><b data-path-to-node=\"3\" data-index-in-node=\"0\">Tuskwood Muinainen suopuu<\/b><\/h3>\n<p data-path-to-node=\"4\">Aitoa suopuuta, joka on poimittu k\u00e4sin pohjoismaisilta soilta, joilla se on s\u00e4ilynyt luonnossa 500-4000 vuotta. T\u00e4m\u00e4 ainutlaatuinen prosessi tekee puusta osittain mineralisoitunutta, humusaineilla kyll\u00e4stetty\u00e4, kest\u00e4v\u00e4\u00e4 ja v\u00e4rilt\u00e4\u00e4n kauniin tumman punaruskeaa. Tuskwood-vanha suopuu on jo pitk\u00e4\u00e4n ollut akvaarioharrastuksen halutuin juurilaji.<\/p>\n<ul data-path-to-node=\"5\">\n<li>\n<p data-path-to-node=\"5,0,0\"><b data-path-to-node=\"5,0,0\" data-index-in-node=\"0\">Pitk\u00e4 k\u00e4ytt\u00f6ik\u00e4:<\/b> Osittain mineralisoitunut ja eritt\u00e4in kest\u00e4v\u00e4.<\/p>\n<\/li>\n<li>\n<p data-path-to-node=\"5,1,0\"><b>Positiivinen vesiymp\u00e4rist\u00f6lle:<\/b> Edist\u00e4\u00e4 akvaarion tasapainoa ja terveytt\u00e4.<\/p>\n<\/li>\n<li>\n<p data-path-to-node=\"5,2,0\"><b data-path-to-node=\"5,2,0\" data-index-in-node=\"0\">Ei biofilmi\u00e4:<\/b> Ei tavallisesti muodosta limaa puun p\u00e4\u00e4lle.<\/p>\n<\/li>\n<li>\n<p data-path-to-node=\"5,3,0\"><b data-path-to-node=\"5,3,0\" data-index-in-node=\"0\">Kest\u00e4v\u00e4 ja paikallisesti tuotettu:<\/b> Huolellisesti k\u00e4sin valittu Pohjoismaissa.<\/p>\n<\/li>\n<li><strong>Kirkas vesi:<\/strong> Puun vaikutus veden v\u00e4riin on yleens\u00e4 hyvin rajallinen ja lyhytaikainen.<\/li>\n<\/ul>","protected":false},"featured_media":2847,"comment_status":"closed","ping_status":"closed","template":"","meta":{"_seopress_robots_primary_cat":"","_seopress_titles_title":"","_seopress_titles_desc":"","_seopress_robots_index":"","_seopress_analysis_target_kw":"","_uag_custom_page_level_css":"","site-sidebar-layout":"default","site-content-layout":"","ast-site-content-layout":"default","site-content-style":"default","site-sidebar-style":"default","ast-global-header-display":"","ast-banner-title-visibility":"","ast-main-header-display":"","ast-hfb-above-header-display":"","ast-hfb-below-header-display":"","ast-hfb-mobile-header-display":"","site-post-title":"","ast-breadcrumbs-content":"","ast-featured-img":"","footer-sml-layout":"","ast-disable-related-posts":"","theme-transparent-header-meta":"","adv-header-id-meta":"","stick-header-meta":"","header-above-stick-meta":"","header-main-stick-meta":"","header-below-stick-meta":"","astra-migrate-meta-layouts":"default","ast-page-background-enabled":"default","ast-page-background-meta":{"desktop":{"background-color":"var(--ast-global-color-5)","background-image":"","background-repeat":"repeat","background-position":"center center","background-size":"auto","background-attachment":"scroll","background-type":"","background-media":"","overlay-type":"","overlay-color":"","overlay-opacity":"","overlay-gradient":""},"tablet":{"background-color":"","background-image":"","background-repeat":"repeat","background-position":"center center","background-size":"auto","background-attachment":"scroll","background-type":"","background-media":"","overlay-type":"","overlay-color":"","overlay-opacity":"","overlay-gradient":""},"mobile":{"background-color":"","background-image":"","background-repeat":"repeat","background-position":"center center","background-size":"auto","background-attachment":"scroll","background-type":"","background-media":"","overlay-type":"","overlay-color":"","overlay-opacity":"","overlay-gradient":""}},"ast-content-background-meta":{"desktop":{"background-color":"var(--ast-global-color-4)","background-image":"","background-repeat":"repeat","background-position":"center center","background-size":"auto","background-attachment":"scroll","background-type":"","background-media":"","overlay-type":"","overlay-color":"","overlay-opacity":"","overlay-gradient":""},"tablet":{"background-color":"var(--ast-global-color-4)","background-image":"","background-repeat":"repeat","background-position":"center center","background-size":"auto","background-attachment":"scroll","background-type":"","background-media":"","overlay-type":"","overlay-color":"","overlay-opacity":"","overlay-gradient":""},"mobile":{"background-color":"var(--ast-global-color-4)","background-image":"","background-repeat":"repeat","background-position":"center center","background-size":"auto","background-attachment":"scroll","background-type":"","background-media":"","overlay-type":"","overlay-color":"","overlay-opacity":"","overlay-gradient":""}}},"product_brand":[],"product_cat":[254],"product_tag":[],"class_list":{"0":"post-2768","1":"product","2":"type-product","3":"status-publish","4":"has-post-thumbnail","6":"product_cat-tuskwood_bogwood_wysiwyg","7":"desktop-align-left","8":"tablet-align-left","9":"mobile-align-left","10":"ast-product-gallery-layout-vertical-slider","11":"ast-product-tabs-layout-accordion","13":"first","14":"instock","15":"taxable","16":"shipping-taxable","17":"purchasable","18":"product-type-simple"},"shsp-ext":{"main":{},"variations":[]},"uagb_featured_image_src":{"full":["https:\/\/tuskwood.com\/wp-content\/uploads\/2026\/03\/20260302_205647-scaled.jpg",1200,1200,false],"thumbnail":["https:\/\/tuskwood.com\/wp-content\/uploads\/2026\/03\/20260302_205647-150x150.jpg",150,150,true],"medium":["https:\/\/tuskwood.com\/wp-content\/uploads\/2026\/03\/20260302_205647-300x300.jpg",300,300,true],"medium_large":["https:\/\/tuskwood.com\/wp-content\/uploads\/2026\/03\/20260302_205647-768x768.jpg",768,768,true],"large":["https:\/\/tuskwood.com\/wp-content\/uploads\/2026\/03\/20260302_205647-1024x1024.jpg",1024,1024,true],"1536x1536":["https:\/\/tuskwood.com\/wp-content\/uploads\/2026\/03\/20260302_205647-1536x1536.jpg",1200,1200,true],"2048x2048":["https:\/\/tuskwood.com\/wp-content\/uploads\/2026\/03\/20260302_205647-2048x2048.jpg",1200,1200,true],"trp-custom-language-flag":["https:\/\/tuskwood.com\/wp-content\/uploads\/2026\/03\/20260302_205647-12x12.jpg",12,12,true],"woocommerce_thumbnail":["https:\/\/tuskwood.com\/wp-content\/uploads\/2026\/03\/20260302_205647-scaled-400x400.jpg",400,400,true],"woocommerce_single":["https:\/\/tuskwood.com\/wp-content\/uploads\/2026\/03\/20260302_205647-2048x2048.jpg",1200,1200,true],"woocommerce_gallery_thumbnail":["https:\/\/tuskwood.com\/wp-content\/uploads\/2026\/03\/20260302_205647-scaled-100x100.jpg",100,100,true]},"uagb_author_info":{"display_name":"admin","author_link":"https:\/\/tuskwood.com\/fi\/author\/"},"uagb_comment_info":0,"uagb_excerpt":"Tuskwood Ancient Bogwood\u00c4kta Bogwood, handplockat ur nordiska torvmossar d\u00e4r det konserverats naturligt i 500\u20134000 \u00e5r. Denna unika process g\u00f6r tr\u00e4et delvis mineraliserat, impregnerat med humus\u00e4mnen, h\u00e5llbart och vackert m\u00f6rkt r\u00f6dbrunt f\u00e4rgat. Tuskwood ancient bogwood \u00e4r den mest efters\u00f6kta typen av r\u00f6tter till akvariehobbyn sedan l\u00e5ng tid tillbaka.L\u00e5ng livsl\u00e4ngd: Delvis mineraliserat och extremt h\u00e5llbart.Positivt f\u00f6r vattenmilj\u00f6n:&hellip;","_links":{"self":[{"href":"https:\/\/tuskwood.com\/fi\/wp-json\/wp\/v2\/product\/2768","targetHints":{"allow":["GET"]}}],"collection":[{"href":"https:\/\/tuskwood.com\/fi\/wp-json\/wp\/v2\/product"}],"about":[{"href":"https:\/\/tuskwood.com\/fi\/wp-json\/wp\/v2\/types\/product"}],"replies":[{"embeddable":true,"href":"https:\/\/tuskwood.com\/fi\/wp-json\/wp\/v2\/comments?post=2768"}],"wp:featuredmedia":[{"embeddable":true,"href":"https:\/\/tuskwood.com\/fi\/wp-json\/wp\/v2\/media\/2847"}],"wp:attachment":[{"href":"https:\/\/tuskwood.com\/fi\/wp-json\/wp\/v2\/media?parent=2768"}],"wp:term":[{"taxonomy":"product_brand","embeddable":true,"href":"https:\/\/tuskwood.com\/fi\/wp-json\/wp\/v2\/product_brand?post=2768"},{"taxonomy":"product_cat","embeddable":true,"href":"https:\/\/tuskwood.com\/fi\/wp-json\/wp\/v2\/product_cat?post=2768"},{"taxonomy":"product_tag","embeddable":true,"href":"https:\/\/tuskwood.com\/fi\/wp-json\/wp\/v2\/product_tag?post=2768"}],"curies":[{"name":"wp","href":"https:\/\/api.w.org\/{rel}","templated":true}]}}