{"id":4028,"date":"2026-05-04T02:23:36","date_gmt":"2026-05-04T00:23:36","guid":{"rendered":"https:\/\/tuskwood.com\/produkt\/tuskwood-akvarierot-akta-uraldrig-bogwood-unik-42-cm-p042618\/"},"modified":"2026-05-11T20:47:06","modified_gmt":"2026-05-11T18:47:06","slug":"tuskwood-akvaario-root-akta-muinainen-suopuu-ainutlaatuinen-42-cm-p042618","status":"publish","type":"product","link":"https:\/\/tuskwood.com\/fi\/produkt\/tuskwood-akvarierot-akta-uraldrig-bogwood-unik-42-cm-p042618\/","title":{"rendered":"Tuskwood Akvaario Juuri WYSIWYG Aito Bogwood Unique 42 cm P042618"},"content":{"rendered":"<h2>Ainutlaatuinen tuote P042618<\/h2>\n<p>Ainutlaatuinen pala skandinaavista suopuuta, joka on s\u00e4ilynyt turpeessa satojen tai tuhansien vuosien ajan. T\u00e4m\u00e4 on todellinen katseenvangitsija ja toimii t\u00e4ydellisesti akvaariojuurena vesimaisemassa ja akvaariossa.<\/p>\n<p><strong>Se on ainutlaatuinen juuri, ja se on juuri sellainen kuin kuvassa, jonka olet ostamassa.<\/strong> N\u00e4et sen, mit\u00e4 saat, WYSIWYG.<\/p>\n<h3>Juuren luonteen kuvaus<\/h3>\n<p>Dynaaminen juuri, jossa on selke\u00e4 kaaren muoto, vahva pohja ja useita luonnollisia haaroja, jotka luovat liikett\u00e4 matalasta pisteest\u00e4 korkeaan pisteeseen. Se sopii hyvin, kun ulkoasun on tunnuttava suuntaavalta ja el\u00e4v\u00e4lt\u00e4.<\/p>\n<h3>Akvaariotyyli\u00e4 koskevia ehdotuksia ja istutusideoita<\/h3>\n<p>Erityisen hyv\u00e4 kolmiotyyliin, luontotyyliin, viidakkotyyliin ja purojen elinymp\u00e4rist\u00f6n tuntumaan. Helppohoitoiset kasvit: Anubias, Bucephalandra, java-saniainen ja sammal oksilla. Vaativammat kasvit: Rotala, Hydrocotyle ja pieni Cryptocoryne tyven ymp\u00e4rill\u00e4.<\/p>\n<h3>Juuren mitat<\/h3>\n<ul>\n<li><strong>Pituus:<\/strong> 42cm<\/li>\n<li><strong>Korkeus:<\/strong> 33cm<\/li>\n<li><strong>Syvyys:<\/strong> 19cm<\/li>\n<\/ul>\n<h3>Ehdotettu akvaarion muoto ja koko<\/h3>\n<p>Sopii parhaiten suorakulmaisiin akvaarioihin noin 80 cm:n pituisista akvaarioista alkaen, mutta voi toimia my\u00f6s suuremmissa neli\u00f6akvaarioissa, jos juuren annetaan muodostaa p\u00e4\u00e4rakenne.<\/p>\n<h3>Tuskwood:n edut<\/h3>\n<ul>\n<li>Aito mineralisoitunut suopuu \/ sammalpuu<\/li>\n<li>Pitk\u00e4 k\u00e4ytt\u00f6ik\u00e4<\/li>\n<li>Normaalisti ei muodostu biofilmi\u00e4 tai limaa<\/li>\n<li>Toimii sek\u00e4 kovassa ett\u00e4 pehme\u00e4ss\u00e4 vedess\u00e4<\/li>\n<li>Luotettava uppoamiskyky, uppoaa yleens\u00e4 2-4 viikossa.<\/li>\n<li>Luonnonkaunis tummanruskea v\u00e4ris\u00e4vy, jossa on hieman punertava s\u00e4vy veden alla.<\/li>\n<\/ul>\n<p>Toisin kuin tavallinen h\u00e4m\u00e4h\u00e4kkipuu, manzanita-, mangrove- tai malesialainen ajopuu, Tuskwood on per\u00e4isin Euroopasta, ja se on muodostunut luonnollisesti pohjoismaisilla soilla. Humusmineralisaatio ja -yll\u00e4pitoisuus tekev\u00e4t puusta kest\u00e4v\u00e4n ja kauniin.<\/p>\n<p>Tuskwood vapauttaa hitaasti luonnollisia humusaineita, jotka tukevat kalojen terveytt\u00e4. Vaikutus veden v\u00e4riin on kuitenkin minimaalinen eik\u00e4 sit\u00e4 yleens\u00e4 huomaa.<\/p>\n<ul>\n<li>Vakaa ja liev\u00e4 humuksen vapautuminen<\/li>\n<li>My\u00f6nteinen kalojen hyvinvoinnin kannalta<\/li>\n<li>Pernan antimikrobinen<\/li>\n<\/ul>\n<h3>Kest\u00e4v\u00e4mpi valinta<\/h3>\n<p>Suuri osa aquascapingiin myyt\u00e4v\u00e4st\u00e4 puusta on per\u00e4isin Aasian trooppisista metsist\u00e4, ja se kuljetetaan puolen maailman ymp\u00e4ri.<\/p>\n<p>Tuskwood on pohjoismainen luonnonmateriaali, joka on ker\u00e4tty paikallisesti muiden luonnollisten k\u00e4ytt\u00f6tarkoitusten sivutuotteena. T\u00e4m\u00e4 tekee siit\u00e4 kest\u00e4v\u00e4mm\u00e4n valinnan, jossa ei tarvita trooppisia s\u00e4\u00e4ntelem\u00e4tt\u00f6mi\u00e4 hakkuita, mangroveiden tuhoutumista tai ep\u00e4suotuisia ty\u00f6oloja. Tuskwood edustaa minimaalista kuljetusta ja paikallistalouden ja ty\u00f6paikkojen edist\u00e4mist\u00e4.<\/p>\n<p><em>Tuskwood on hyvin pieni yritys, ja k\u00e4yt\u00e4mme teko\u00e4ly\u00e4 keskitty\u00e4ksemme laatuun ja toimitukseen. Aquascape:n render\u00f6innit, k\u00e4\u00e4nn\u00f6kset muille kielille kuin ruotsiksi ja yksitt\u00e4isen juuren kuvaus t\u00e4ll\u00e4 sivulla on tehty teko\u00e4ly\u00e4 k\u00e4ytt\u00e4en, ja niiss\u00e4 voi olla pieni\u00e4 virheit\u00e4. Pahoittelemme t\u00e4t\u00e4. Oikeat ihmiset ovat aina tavoitettavissa puhelimitse tai s\u00e4hk\u00f6postitse.<\/em><\/p>","protected":false},"excerpt":{"rendered":"<h3>Tuskwood Muinainen suopuu<\/h3>\n<p>Aitoa suopuuta, joka on poimittu k\u00e4sin pohjoismaisilta soilta, joilla se on s\u00e4ilynyt luonnossa 500-4000 vuotta. T\u00e4m\u00e4n ainutlaatuisen prosessin ansiosta puu on osittain mineralisoitunut, humusaineilla kyll\u00e4stetty, kest\u00e4v\u00e4 ja v\u00e4rilt\u00e4\u00e4n kauniin tumman punaruskea. Tuskwood Ancient Bogwood on eritt\u00e4in haluttu akvaarioiden ja aquascapingin juurilaji.<\/p>\n<ul>\n<li><strong>Pitk\u00e4 k\u00e4ytt\u00f6ik\u00e4:<\/strong> Osittain mineralisoitunut ja eritt\u00e4in kest\u00e4v\u00e4.<\/li>\n<li><strong>Positiivinen vesiymp\u00e4rist\u00f6lle:<\/strong> Edist\u00e4\u00e4 akvaarion tasapainoa ja terveytt\u00e4.<\/li>\n<li><strong>Ei biofilmi\u00e4:<\/strong> Ei tavallisesti muodosta limaa puun p\u00e4\u00e4lle.<\/li>\n<li><strong>Kest\u00e4v\u00e4\u00e4 ja paikallisesti tuotettua:<\/strong> Huolellisesti k\u00e4sin valittu Pohjoismaissa.<\/li>\n<li><strong>Kirkas vesi:<\/strong> Puun vaikutus veden v\u00e4riin on yleens\u00e4 hyvin rajallinen ja lyhytaikainen.<\/li>\n<\/ul>","protected":false},"featured_media":4019,"comment_status":"closed","ping_status":"closed","template":"","meta":{"_seopress_robots_primary_cat":"","_seopress_titles_title":"","_seopress_titles_desc":"","_seopress_robots_index":"","_seopress_analysis_target_kw":"","_uag_custom_page_level_css":"","site-sidebar-layout":"default","site-content-layout":"","ast-site-content-layout":"default","site-content-style":"default","site-sidebar-style":"default","ast-global-header-display":"","ast-banner-title-visibility":"","ast-main-header-display":"","ast-hfb-above-header-display":"","ast-hfb-below-header-display":"","ast-hfb-mobile-header-display":"","site-post-title":"","ast-breadcrumbs-content":"","ast-featured-img":"","footer-sml-layout":"","ast-disable-related-posts":"","theme-transparent-header-meta":"","adv-header-id-meta":"","stick-header-meta":"","header-above-stick-meta":"","header-main-stick-meta":"","header-below-stick-meta":"","astra-migrate-meta-layouts":"default","ast-page-background-enabled":"default","ast-page-background-meta":{"desktop":{"background-color":"var(--ast-global-color-5)","background-image":"","background-repeat":"repeat","background-position":"center center","background-size":"auto","background-attachment":"scroll","background-type":"","background-media":"","overlay-type":"","overlay-color":"","overlay-opacity":"","overlay-gradient":""},"tablet":{"background-color":"","background-image":"","background-repeat":"repeat","background-position":"center center","background-size":"auto","background-attachment":"scroll","background-type":"","background-media":"","overlay-type":"","overlay-color":"","overlay-opacity":"","overlay-gradient":""},"mobile":{"background-color":"","background-image":"","background-repeat":"repeat","background-position":"center center","background-size":"auto","background-attachment":"scroll","background-type":"","background-media":"","overlay-type":"","overlay-color":"","overlay-opacity":"","overlay-gradient":""}},"ast-content-background-meta":{"desktop":{"background-color":"var(--ast-global-color-4)","background-image":"","background-repeat":"repeat","background-position":"center center","background-size":"auto","background-attachment":"scroll","background-type":"","background-media":"","overlay-type":"","overlay-color":"","overlay-opacity":"","overlay-gradient":""},"tablet":{"background-color":"var(--ast-global-color-4)","background-image":"","background-repeat":"repeat","background-position":"center center","background-size":"auto","background-attachment":"scroll","background-type":"","background-media":"","overlay-type":"","overlay-color":"","overlay-opacity":"","overlay-gradient":""},"mobile":{"background-color":"var(--ast-global-color-4)","background-image":"","background-repeat":"repeat","background-position":"center center","background-size":"auto","background-attachment":"scroll","background-type":"","background-media":"","overlay-type":"","overlay-color":"","overlay-opacity":"","overlay-gradient":""}}},"product_brand":[46],"product_cat":[254],"product_tag":[],"class_list":{"0":"post-4028","1":"product","2":"type-product","3":"status-publish","4":"has-post-thumbnail","6":"product_brand-tuskwood","7":"product_cat-tuskwood_bogwood_wysiwyg","8":"desktop-align-left","9":"tablet-align-left","10":"mobile-align-left","11":"ast-product-gallery-layout-vertical-slider","12":"ast-product-tabs-layout-accordion","14":"first","15":"instock","16":"sold-individually","17":"taxable","18":"shipping-taxable","19":"purchasable","20":"product-type-simple"},"shsp-ext":{"main":{},"variations":[]},"uagb_featured_image_src":{"full":["https:\/\/tuskwood.com\/wp-content\/uploads\/2026\/05\/P042618-collage-aquascape01-measurement-thumb-3.jpg",1024,1024,false],"thumbnail":["https:\/\/tuskwood.com\/wp-content\/uploads\/2026\/05\/P042618-collage-aquascape01-measurement-thumb-3-150x150.jpg",150,150,true],"medium":["https:\/\/tuskwood.com\/wp-content\/uploads\/2026\/05\/P042618-collage-aquascape01-measurement-thumb-3-300x300.jpg",300,300,true],"medium_large":["https:\/\/tuskwood.com\/wp-content\/uploads\/2026\/05\/P042618-collage-aquascape01-measurement-thumb-3-768x768.jpg",768,768,true],"large":["https:\/\/tuskwood.com\/wp-content\/uploads\/2026\/05\/P042618-collage-aquascape01-measurement-thumb-3.jpg",1024,1024,false],"1536x1536":["https:\/\/tuskwood.com\/wp-content\/uploads\/2026\/05\/P042618-collage-aquascape01-measurement-thumb-3.jpg",1024,1024,false],"2048x2048":["https:\/\/tuskwood.com\/wp-content\/uploads\/2026\/05\/P042618-collage-aquascape01-measurement-thumb-3.jpg",1024,1024,false],"trp-custom-language-flag":["https:\/\/tuskwood.com\/wp-content\/uploads\/2026\/05\/P042618-collage-aquascape01-measurement-thumb-3-12x12.jpg",12,12,true],"woocommerce_thumbnail":["https:\/\/tuskwood.com\/wp-content\/uploads\/2026\/05\/P042618-collage-aquascape01-measurement-thumb-3-400x400.jpg",400,400,true],"woocommerce_single":["https:\/\/tuskwood.com\/wp-content\/uploads\/2026\/05\/P042618-collage-aquascape01-measurement-thumb-3.jpg",1024,1024,false],"woocommerce_gallery_thumbnail":["https:\/\/tuskwood.com\/wp-content\/uploads\/2026\/05\/P042618-collage-aquascape01-measurement-thumb-3-100x100.jpg",100,100,true]},"uagb_author_info":{"display_name":"Codex Agent","author_link":"https:\/\/tuskwood.com\/fi\/author\/"},"uagb_comment_info":0,"uagb_excerpt":"Tuskwood Ancient Bogwood\u00c4kta bogwood, handplockat ur nordiska torvmossar d\u00e4r det konserverats naturligt i 500-4000 \u00e5r. Denna unika process g\u00f6r tr\u00e4et delvis mineraliserat, impregnerat med humus\u00e4mnen, h\u00e5llbart och vackert m\u00f6rkt r\u00f6dbrunt f\u00e4rgat. Tuskwood Ancient Bogwood \u00e4r en mycket eftertraktad typ av rot till akvarium och aquascaping.L\u00e5ng livsl\u00e4ngd: Delvis mineraliserat och extremt h\u00e5llbart.Positivt f\u00f6r vattenmilj\u00f6n: Fr\u00e4mjar balans&hellip;","_links":{"self":[{"href":"https:\/\/tuskwood.com\/fi\/wp-json\/wp\/v2\/product\/4028","targetHints":{"allow":["GET"]}}],"collection":[{"href":"https:\/\/tuskwood.com\/fi\/wp-json\/wp\/v2\/product"}],"about":[{"href":"https:\/\/tuskwood.com\/fi\/wp-json\/wp\/v2\/types\/product"}],"replies":[{"embeddable":true,"href":"https:\/\/tuskwood.com\/fi\/wp-json\/wp\/v2\/comments?post=4028"}],"wp:featuredmedia":[{"embeddable":true,"href":"https:\/\/tuskwood.com\/fi\/wp-json\/wp\/v2\/media\/4019"}],"wp:attachment":[{"href":"https:\/\/tuskwood.com\/fi\/wp-json\/wp\/v2\/media?parent=4028"}],"wp:term":[{"taxonomy":"product_brand","embeddable":true,"href":"https:\/\/tuskwood.com\/fi\/wp-json\/wp\/v2\/product_brand?post=4028"},{"taxonomy":"product_cat","embeddable":true,"href":"https:\/\/tuskwood.com\/fi\/wp-json\/wp\/v2\/product_cat?post=4028"},{"taxonomy":"product_tag","embeddable":true,"href":"https:\/\/tuskwood.com\/fi\/wp-json\/wp\/v2\/product_tag?post=4028"}],"curies":[{"name":"wp","href":"https:\/\/api.w.org\/{rel}","templated":true}]}}