{"id":2408,"date":"2026-01-07T19:30:32","date_gmt":"2026-01-07T19:30:32","guid":{"rendered":"https:\/\/tuskwood.com\/?page_id=2408"},"modified":"2026-01-07T19:31:10","modified_gmt":"2026-01-07T19:31:10","slug":"vanliga-fragor","status":"publish","type":"page","link":"https:\/\/tuskwood.com\/fr\/vanliga-fragor\/","title":{"rendered":"Vanliga Fr\u00e5gor"},"content":{"rendered":"<h2 class=\"wp-block-heading\">FAQ \u2013 Vanliga fr\u00e5gor om Tuskwood<\/h2>\n\n\n\n<p>H\u00e4r hittar du svar p\u00e5 de vanligaste fr\u00e5gorna om v\u00e5ra unika r\u00f6tter. Hittar du inte det du s\u00f6ker? Kontakta oss p\u00e5 info@tuskwood.com!<\/p>\n\n\n\n<h3 class=\"wp-block-heading\">Vad \u00e4r Tuskwood och hur anv\u00e4nds det?<\/h3>\n\n\n\n<p>Tuskwood \u00e4r mineraliserade r\u00f6tter fr\u00e5n mindre tr\u00e4d och buskar som konserverats i torvmossar under hundratals, ibland flera tusen \u00e5r. Denna naturliga process ger tr\u00e4et en unik m\u00f6rk ton och en extrem h\u00e5llbarhet. Det \u00e4r perfekt f\u00f6r <strong>aquascaping, akvarier, terrarier och paludarier<\/strong> d\u00e4r man vill ha en naturlig och \u00e5ldrad estetik. Det kallar \u00e4ven Bogwood, Moorwood och Myrtr\u00e4.<\/p>\n\n\n\n<h3 class=\"wp-block-heading\">P\u00e5verkar Tuskwood pH-v\u00e4rdet i mitt akvarium?<\/h3>\n\n\n\n<p>Torvmossen \u00e4r en sur milj\u00f6, och teoretiskt kan Tuskwood s\u00e4nka pH-v\u00e4rdet n\u00e5got. Vi har gjort tester med detta, och inte kunnat p\u00e5visa det praktiskt, s\u00e5 vi bed\u00f6mer att effekten p\u00e5 PH normalt s\u00e4tt \u00e4r obetydlig. Om man vill vara extra f\u00f6rstik kan man l\u00e5ta sin Tuskwood bli vattendr\u00e4nkt i ett separat akvarium eller en hink, och efter n\u00e5gon vecka och ett par vattenbyten, flytta till akvarium med fiskar i. Eftersom vi inte har kunnat m\u00e4ta en tydlig effekt p\u00e5 PH, s\u00e5 menar vi dock att det i normalfallet inte \u00e4r n\u00f6dv\u00e4ndigt.<br>Tuskwood kan bidra till att mjukg\u00f6ra vattnet genom att frig\u00f6ra naturliga <strong>humussyror och tanniner<\/strong>. Det sl\u00e4pper dock normalt inte ifr\u00e5n sig s\u00e5 mycket att vattnets f\u00e4rg blir brunt. Ett visst svartaktigt djup i f\u00e4rgton p\u00e5 vattnen kan m\u00e4rkas efter en tid och f\u00e5 vattenbyten, men ingen dramatisk effekt.<\/p>\n\n\n\n<h3 class=\"wp-block-heading\">Varf\u00f6r \u00e4r roten vitaktig p\u00e5 ytan? Blir den brun?<\/h3>\n\n\n\n<p>Det \u00e4r helt normalt! Det beror p\u00e5 att den delen av roten har f\u00e5tt solljus p\u00e5 sig under n\u00e5gra m\u00e5nader innan den blev insamlad. N\u00e4r mineraliserat tr\u00e4 torkar i solljus kan det f\u00e5 en gr\u00e5aktig eller n\u00e4stan vit yta. N\u00e4r roten hamnar i vatten och sugit \u00e5t sig fukt \u00e5terg\u00e5r den efter n\u00e5gra veckor till sin naturliga, djupt m\u00f6rkbruna f\u00e4rg. <\/p>\n\n\n\n<h3 class=\"wp-block-heading\">Bildas det biofilm eller slime p\u00e5 Tuskwood?<\/h3>\n\n\n\n<p>Nej, den biofilm som bildas p\u00e5 vanlig red moor, spider wood osv, bildas inte p\u00e5 Tuskwood. Detta eftersom tuskwood \u00e4r ca 500-4000 \u00e5r gammalt, och inte inneh\u00e5ller de \u00e4mnen som f\u00e4rskt tr\u00e4 g\u00f6r. <\/p>\n\n\n\n<h3 class=\"wp-block-heading\">Hur l\u00e5ng tid tar det innan roten sjunker?<\/h3>\n\n\n\n<p>Eftersom Tuskwood \u00e4r mycket kompakt sjunker det snabbare \u00e4n m\u00e5nga andra tr\u00e4slag, men det beh\u00f6ver m\u00e4ttas med vatten f\u00f6rst.<\/p>\n\n\n\n<ul class=\"wp-block-list\">\n<li><strong>Sm\u00e5 r\u00f6tter:<\/strong> Sjunker ofta efter n\u00e5gra dagar.<\/li>\n\n\n\n<li><strong>St\u00f6rre r\u00f6tter (\u00f6ver 15 cm i diameter):<\/strong> Kan ta <strong>2\u20133 veckor<\/strong>.<\/li>\n\n\n\n<li><strong>Tips:<\/strong> Du kan limma fast roten p\u00e5 en sten eller tynga ner den med en annan sten under den f\u00f6rsta tiden f\u00f6r att f\u00e5 den p\u00e5 plats direkt. Vissa anv\u00e4ndet \u00e4ven tv\u00e4ttp\u00e5sar fulla med sm\u00e5sten f\u00f6r att tynga ner r\u00f6tter direkt i akvariet. Dessa plockas bort s\u00e5 snart roten sjunker av sig sj\u00e4lv.<\/li>\n<\/ul>\n\n\n\n<h3 class=\"wp-block-heading\">Hur f\u00f6rbereder jag r\u00f6tterna innan anv\u00e4ndning?<\/h3>\n\n\n\n<ol start=\"1\" class=\"wp-block-list\">\n<li>Sk\u00f6lj och borsta av roten med kranvatten (anv\u00e4nd ej reng\u00f6ringsmedel).<\/li>\n\n\n\n<li>Det g\u00e5r att koka roten om man vill desinficera den. Kokning bidrar ocks\u00e5 till att roten sjunker snabbare.<\/li>\n<\/ol>\n\n\n\n<h3 class=\"wp-block-heading\">\u00c4r Tuskwood s\u00e4kert f\u00f6r alla typer av fiskar?<\/h3>\n\n\n\n<p>Absolut! Tuskwood har en positiv effekt p\u00e5 vattenkvaliteten. S\u00e4rskilt arter som <strong>Diskus, Scalare, Corydoras och olika L-malar<\/strong> trivs extra bra d\u00e5 r\u00f6tterna efterliknar deras naturliga habitat.<\/p>\n\n\n\n<h3 class=\"wp-block-heading\">P\u00e5verkar Tuskwood f\u00e4rgen p\u00e5 vattnet?<\/h3>\n\n\n\n<p>Tuskwood kan bidra till att mjukg\u00f6ra vattnet genom att frig\u00f6ra naturliga <strong>humussyror och tanniner<\/strong>. Det sl\u00e4pper dock normalt inte ifr\u00e5n sig s\u00e5 mycket att vattnets f\u00e4rg blir brunt. Ett visst svartaktigt djup i f\u00e4rgton p\u00e5 vattnen kan m\u00e4rkas efter en tid och f\u00e5 vattenbyten, men ingen dramatisk effekt.<\/p>\n\n\n\n<h3 class=\"wp-block-heading\">Kan man anv\u00e4nda Tuskwood till h\u00e5rt vatten<\/h3>\n\n\n\n<p>Vi har flera kunder som har anv\u00e4nt Tuskwood framg\u00e5ngsrikt till akvarium med afrikanska ciklider ihop med kalksten och h\u00e5rt vatten.<\/p>\n\n\n\n<h3 class=\"wp-block-heading\">Kan man anv\u00e4nda Tuskwood till s\u00e4llskapsakvarium<\/h3>\n\n\n\n<p>Ja, man kan anv\u00e4nda Tuskwood till alla olika sorters akvarium och alla olika sorters fiskar. S\u00e4rksilt popu\u00e4rt \u00e4r det att anv\u00e4nda Bogwood, s\u00e5som Tuskwood, till sydamerikanska fiskar som Discus, Scalare, Ancistrus, Pleco, L-Malar, Gibbiceps, Neontetra, R\u00f6dmunstetra och m\u00e5nga andra. \u00c4ven de flesta sydosasiatiska fiskar s\u00e5som Gurami, Botia och Kampfisk trivs utm\u00e4rkt ihop med Tuskwood.<\/p>\n\n\n\n<p><\/p>","protected":false},"excerpt":{"rendered":"<p>FAQ \u2013 Vanliga fr\u00e5gor om Tuskwood H\u00e4r hittar du svar p\u00e5 de vanligaste fr\u00e5gorna om v\u00e5ra unika r\u00f6tter. Hittar du [&hellip;]<\/p>\n","protected":false},"author":1,"featured_media":0,"parent":0,"menu_order":0,"comment_status":"closed","ping_status":"closed","template":"","meta":{"_seopress_robots_primary_cat":"","_seopress_titles_title":"","_seopress_titles_desc":"","_seopress_robots_index":"","_uag_custom_page_level_css":"","site-sidebar-layout":"default","site-content-layout":"","ast-site-content-layout":"default","site-content-style":"default","site-sidebar-style":"default","ast-global-header-display":"","ast-banner-title-visibility":"","ast-main-header-display":"","ast-hfb-above-header-display":"","ast-hfb-below-header-display":"","ast-hfb-mobile-header-display":"","site-post-title":"","ast-breadcrumbs-content":"","ast-featured-img":"","footer-sml-layout":"","ast-disable-related-posts":"","theme-transparent-header-meta":"","adv-header-id-meta":"","stick-header-meta":"","header-above-stick-meta":"","header-main-stick-meta":"","header-below-stick-meta":"","astra-migrate-meta-layouts":"default","ast-page-background-enabled":"default","ast-page-background-meta":{"desktop":{"background-color":"var(--ast-global-color-5)","background-image":"","background-repeat":"repeat","background-position":"center center","background-size":"auto","background-attachment":"scroll","background-type":"","background-media":"","overlay-type":"","overlay-color":"","overlay-opacity":"","overlay-gradient":""},"tablet":{"background-color":"","background-image":"","background-repeat":"repeat","background-position":"center center","background-size":"auto","background-attachment":"scroll","background-type":"","background-media":"","overlay-type":"","overlay-color":"","overlay-opacity":"","overlay-gradient":""},"mobile":{"background-color":"","background-image":"","background-repeat":"repeat","background-position":"center center","background-size":"auto","background-attachment":"scroll","background-type":"","background-media":"","overlay-type":"","overlay-color":"","overlay-opacity":"","overlay-gradient":""}},"ast-content-background-meta":{"desktop":{"background-color":"var(--ast-global-color-4)","background-image":"","background-repeat":"repeat","background-position":"center center","background-size":"auto","background-attachment":"scroll","background-type":"","background-media":"","overlay-type":"","overlay-color":"","overlay-opacity":"","overlay-gradient":""},"tablet":{"background-color":"var(--ast-global-color-4)","background-image":"","background-repeat":"repeat","background-position":"center center","background-size":"auto","background-attachment":"scroll","background-type":"","background-media":"","overlay-type":"","overlay-color":"","overlay-opacity":"","overlay-gradient":""},"mobile":{"background-color":"var(--ast-global-color-4)","background-image":"","background-repeat":"repeat","background-position":"center center","background-size":"auto","background-attachment":"scroll","background-type":"","background-media":"","overlay-type":"","overlay-color":"","overlay-opacity":"","overlay-gradient":""}},"footnotes":""},"class_list":["post-2408","page","type-page","status-publish","hentry"],"uagb_featured_image_src":{"full":false,"thumbnail":false,"medium":false,"medium_large":false,"large":false,"1536x1536":false,"2048x2048":false,"trp-custom-language-flag":false,"woocommerce_thumbnail":false,"woocommerce_single":false,"woocommerce_gallery_thumbnail":false},"uagb_author_info":{"display_name":"admin","author_link":"https:\/\/tuskwood.com\/fr\/author\/admin\/"},"uagb_comment_info":0,"uagb_excerpt":"FAQ \u2013 Vanliga fr\u00e5gor om Tuskwood H\u00e4r hittar du svar p\u00e5 de vanligaste fr\u00e5gorna om v\u00e5ra unika r\u00f6tter. Hittar du [&hellip;]","_links":{"self":[{"href":"https:\/\/tuskwood.com\/fr\/wp-json\/wp\/v2\/pages\/2408","targetHints":{"allow":["GET"]}}],"collection":[{"href":"https:\/\/tuskwood.com\/fr\/wp-json\/wp\/v2\/pages"}],"about":[{"href":"https:\/\/tuskwood.com\/fr\/wp-json\/wp\/v2\/types\/page"}],"author":[{"embeddable":true,"href":"https:\/\/tuskwood.com\/fr\/wp-json\/wp\/v2\/users\/1"}],"replies":[{"embeddable":true,"href":"https:\/\/tuskwood.com\/fr\/wp-json\/wp\/v2\/comments?post=2408"}],"version-history":[{"count":0,"href":"https:\/\/tuskwood.com\/fr\/wp-json\/wp\/v2\/pages\/2408\/revisions"}],"wp:attachment":[{"href":"https:\/\/tuskwood.com\/fr\/wp-json\/wp\/v2\/media?parent=2408"}],"curies":[{"name":"wp","href":"https:\/\/api.w.org\/{rel}","templated":true}]}}