{"id":2789,"date":"2026-03-03T10:07:24","date_gmt":"2026-03-03T10:07:24","guid":{"rendered":"https:\/\/tuskwood.com\/?post_type=product&#038;p=2789"},"modified":"2026-04-18T18:31:07","modified_gmt":"2026-04-18T18:31:07","slug":"nrt38","status":"publish","type":"product","link":"https:\/\/tuskwood.com\/fr\/produkt\/nrt38\/","title":{"rendered":"NrT38"},"content":{"rendered":"<p data-start=\"264\" data-end=\"467\">Ett unikt stycke\u00a0<strong data-start=\"350\" data-end=\"374\">skandinavisk bogwood<\/strong>, naturligt bevarat i torv under hundratals till tusentals \u00e5r. Det h\u00e4r \u00e4r ett riktigt blickf\u00e5ng och fungerar perfekt som\u00a0<strong>akvarierot i aquascape och akvarium<\/strong>.<\/p>\n<p data-start=\"264\" data-end=\"467\"><strong>Produkten p\u00e5 bilderna \u00e4r exakt den rot du k\u00f6per.<\/strong><\/p>\n<p><strong>F\u00f6rdelar med Tuskwood<\/strong><\/p>\n<ul>\n<li data-start=\"2134\" data-end=\"2162\">\n<p data-start=\"2136\" data-end=\"2162\">\u00c4kta mineraliserad bogwood \/ mosstr\u00e4<\/p>\n<\/li>\n<li data-start=\"2163\" data-end=\"2186\">\n<p data-start=\"2165\" data-end=\"2186\">L\u00e5ng livsl\u00e4ngd<\/p>\n<\/li>\n<li data-start=\"2226\" data-end=\"2275\">\n<p data-start=\"2228\" data-end=\"2275\">Normalt sett ingen biofilm eller slimebildning<\/p>\n<\/li>\n<li data-start=\"2276\" data-end=\"2313\">\n<p data-start=\"2278\" data-end=\"2313\">Fungerar i b\u00e5de h\u00e5rt och mjukt vatten<\/p>\n<\/li>\n<li data-start=\"2314\" data-end=\"2341\">\n<p data-start=\"2316\" data-end=\"2341\">Naturligt vackra r\u00f6dbruna f\u00e4rtoner under vatten<\/p>\n<\/li>\n<\/ul>\n<p data-start=\"731\" data-end=\"1030\">Till skillnad fr\u00e5n vanlig\u00a0<strong data-start=\"757\" data-end=\"808\">spiderwood, manzanita, mangrove eller malaysisk driftwood<\/strong>, kommer Tuskwood fr\u00e5n Europa och har bildats naturligt i nordiska torvmarker. Mineraliseringen g\u00f6r tr\u00e4et h\u00e5llbart, och ger naturligt m\u00f6rka f\u00e4rger och former som p\u00e5minner om r\u00f6tter fr\u00e5n gammal flodstrand eller \u00f6versv\u00e4mmad skog.<\/p>\n<p data-start=\"1112\" data-end=\"1242\">Tuskwood sl\u00e4pper l\u00e5ngsamt ifr\u00e5n sig <strong data-start=\"1147\" data-end=\"1169\">naturliga tanniner<\/strong> som st\u00f6djer fiskars h\u00e4lsa. P\u00e5verkan p\u00e5 f\u00e4rgen av vattnet \u00e4r dock minimal, oftast ej m\u00e4rkbar.<\/p>\n<p data-start=\"1339\" data-end=\"1476\">\u2714 stabil och mild tanninfris\u00e4ttning<br data-start=\"1374\" data-end=\"1377\" \/>\u2714 positivt f\u00f6r fiskarnas v\u00e4lm\u00e5ende<br data-start=\"1411\" data-end=\"1414\" \/>\u2714 Milt antimikrobiell<\/p>\n<p data-start=\"1665\" data-end=\"1781\">Mycket av det tr\u00e4 som s\u00e4ljs f\u00f6r aquascaping kommer fr\u00e5n tropiska skogar i Asien och skeppas runt halva jordklotet.<br \/><strong data-start=\"1783\" data-end=\"1825\">Tuskwood \u00e4r ett nordiskt naturmaterial<\/strong>, insamlat lokalt som en biprodukt vid annat naturbruk vilket g\u00f6r det till ett mer h\u00e5llbart val utan tropisk skogsavverkning och ov\u00e4rdiga arbetsvillkor, ist\u00e4llet minimal transport och fr\u00e4mjande av lokal ekonomi och arbetstillf\u00e4llen.<\/p>\n<p data-start=\"2021\" data-end=\"2047\"><strong>Perfekt f\u00f6r:<\/strong><\/p>\n<ul data-start=\"2048\" data-end=\"2113\">\n<li data-start=\"2048\" data-end=\"2062\">\n<p data-start=\"2050\" data-end=\"2062\">v\u00e4xtakvarium<\/p>\n<\/li>\n<li data-start=\"2048\" data-end=\"2062\">\n<p data-start=\"2050\" data-end=\"2062\">ADA-style nature aquarium<\/p>\n<\/li>\n<li data-start=\"2075\" data-end=\"2085\">\n<p data-start=\"2077\" data-end=\"2085\">biotoper<\/p>\n<\/li>\n<li data-start=\"2086\" data-end=\"2098\">\n<p data-start=\"2088\" data-end=\"2098\">blackwater<\/p>\n<\/li>\n<li data-start=\"2099\" data-end=\"2113\">\n<p data-start=\"2101\" data-end=\"2113\">showakvarium<\/p>\n<\/li>\n<li data-start=\"2099\" data-end=\"2113\">aquascaping<\/li>\n<\/ul>\n<p data-start=\"2399\" data-end=\"2526\"><strong>Aquascaping tips<\/strong><\/p>\n<p>Placera som blickf\u00e5ng och komplettera med stenar, sand eller mindre grenar<\/p>\n<p><strong>F\u00f6rberedelse inf\u00f6r anv\u00e4ndning<br \/><\/strong><\/p>\n<p>F\u00f6lj alltid Tuskwoods sk\u00f6tsel och hanteringsr\u00e5d som du hittar under huvudmenyn &#8221;Om Tuskwood&#8221;\u00a0<\/p>","protected":false},"excerpt":{"rendered":"<h3 data-path-to-node=\"3\"><b data-path-to-node=\"3\" data-index-in-node=\"0\">Tuskwood Ancient Bogwood<\/b><\/h3>\n<p data-path-to-node=\"4\">\u00c4kta Bogwood, handplockat ur nordiska torvmossar d\u00e4r det konserverats naturligt i 500\u20134000 \u00e5r. Denna unika process g\u00f6r tr\u00e4et delvis mineraliserat, impregnerat med humus\u00e4mnen, h\u00e5llbart och vackert m\u00f6rkt r\u00f6dbrunt f\u00e4rgat. Tuskwood ancient bogwood \u00e4r den mest efters\u00f6kta typen av r\u00f6tter till akvariehobbyn sedan l\u00e5ng tid tillbaka.<\/p>\n<ul data-path-to-node=\"5\">\n<li>\n<p data-path-to-node=\"5,0,0\"><b data-path-to-node=\"5,0,0\" data-index-in-node=\"0\">L\u00e5ng livsl\u00e4ngd:<\/b> Delvis mineraliserat och extremt h\u00e5llbart.<\/p>\n<\/li>\n<li>\n<p data-path-to-node=\"5,1,0\"><b>Positivt f\u00f6r vattenmilj\u00f6n:<\/b> Fr\u00e4mjar balans och h\u00e4lsa i akvariet.<\/p>\n<\/li>\n<li>\n<p data-path-to-node=\"5,2,0\"><b data-path-to-node=\"5,2,0\" data-index-in-node=\"0\">Ingen biofilm:<\/b> Bildar normalt sett inget slime p\u00e5 tr\u00e4et.<\/p>\n<\/li>\n<li>\n<p data-path-to-node=\"5,3,0\"><b data-path-to-node=\"5,3,0\" data-index-in-node=\"0\">H\u00e5llbart &amp; N\u00e4rproducerat:<\/b> Varsamt handplockat i Norden.<\/p>\n<\/li>\n<li><strong>Klart vatten:<\/strong> Tr\u00e4ets inverkan p\u00e5 vattnets f\u00e4rg \u00e4r normalt ytterst begr\u00e4nsad och kortvarig.<\/li>\n<\/ul>","protected":false},"featured_media":2960,"comment_status":"closed","ping_status":"closed","template":"","meta":{"_seopress_robots_primary_cat":"","_seopress_titles_title":"","_seopress_titles_desc":"","_seopress_robots_index":"","_uag_custom_page_level_css":"","site-sidebar-layout":"default","site-content-layout":"","ast-site-content-layout":"default","site-content-style":"default","site-sidebar-style":"default","ast-global-header-display":"","ast-banner-title-visibility":"","ast-main-header-display":"","ast-hfb-above-header-display":"","ast-hfb-below-header-display":"","ast-hfb-mobile-header-display":"","site-post-title":"","ast-breadcrumbs-content":"","ast-featured-img":"","footer-sml-layout":"","ast-disable-related-posts":"","theme-transparent-header-meta":"","adv-header-id-meta":"","stick-header-meta":"","header-above-stick-meta":"","header-main-stick-meta":"","header-below-stick-meta":"","astra-migrate-meta-layouts":"default","ast-page-background-enabled":"default","ast-page-background-meta":{"desktop":{"background-color":"var(--ast-global-color-5)","background-image":"","background-repeat":"repeat","background-position":"center center","background-size":"auto","background-attachment":"scroll","background-type":"","background-media":"","overlay-type":"","overlay-color":"","overlay-opacity":"","overlay-gradient":""},"tablet":{"background-color":"","background-image":"","background-repeat":"repeat","background-position":"center center","background-size":"auto","background-attachment":"scroll","background-type":"","background-media":"","overlay-type":"","overlay-color":"","overlay-opacity":"","overlay-gradient":""},"mobile":{"background-color":"","background-image":"","background-repeat":"repeat","background-position":"center center","background-size":"auto","background-attachment":"scroll","background-type":"","background-media":"","overlay-type":"","overlay-color":"","overlay-opacity":"","overlay-gradient":""}},"ast-content-background-meta":{"desktop":{"background-color":"var(--ast-global-color-4)","background-image":"","background-repeat":"repeat","background-position":"center center","background-size":"auto","background-attachment":"scroll","background-type":"","background-media":"","overlay-type":"","overlay-color":"","overlay-opacity":"","overlay-gradient":""},"tablet":{"background-color":"var(--ast-global-color-4)","background-image":"","background-repeat":"repeat","background-position":"center center","background-size":"auto","background-attachment":"scroll","background-type":"","background-media":"","overlay-type":"","overlay-color":"","overlay-opacity":"","overlay-gradient":""},"mobile":{"background-color":"var(--ast-global-color-4)","background-image":"","background-repeat":"repeat","background-position":"center center","background-size":"auto","background-attachment":"scroll","background-type":"","background-media":"","overlay-type":"","overlay-color":"","overlay-opacity":"","overlay-gradient":""}}},"product_brand":[],"product_cat":[254],"product_tag":[],"class_list":{"0":"post-2789","1":"product","2":"type-product","3":"status-publish","4":"has-post-thumbnail","6":"product_cat-tuskwood_bogwood_wysiwyg","7":"pa_detaljerad-storlek-50-70-cm","8":"desktop-align-left","9":"tablet-align-left","10":"mobile-align-left","11":"ast-product-gallery-layout-vertical-slider","12":"ast-product-tabs-layout-accordion","13":"ast-qv-on-image","15":"first","16":"outofstock","17":"taxable","18":"shipping-taxable","19":"purchasable","20":"product-type-simple"},"shsp-ext":{"main":{},"variations":[]},"uagb_featured_image_src":{"full":["https:\/\/tuskwood.com\/wp-content\/uploads\/2026\/03\/20260302_223012-scaled.jpg",1200,1200,false],"thumbnail":["https:\/\/tuskwood.com\/wp-content\/uploads\/2026\/03\/20260302_223012-150x150.jpg",150,150,true],"medium":["https:\/\/tuskwood.com\/wp-content\/uploads\/2026\/03\/20260302_223012-300x300.jpg",300,300,true],"medium_large":["https:\/\/tuskwood.com\/wp-content\/uploads\/2026\/03\/20260302_223012-768x768.jpg",768,768,true],"large":["https:\/\/tuskwood.com\/wp-content\/uploads\/2026\/03\/20260302_223012-1024x1024.jpg",1024,1024,true],"1536x1536":["https:\/\/tuskwood.com\/wp-content\/uploads\/2026\/03\/20260302_223012-1536x1536.jpg",1200,1200,true],"2048x2048":["https:\/\/tuskwood.com\/wp-content\/uploads\/2026\/03\/20260302_223012-2048x2048.jpg",1200,1200,true],"trp-custom-language-flag":["https:\/\/tuskwood.com\/wp-content\/uploads\/2026\/03\/20260302_223012-12x12.jpg",12,12,true],"woocommerce_thumbnail":["https:\/\/tuskwood.com\/wp-content\/uploads\/2026\/03\/20260302_223012-300x300.jpg",300,300,true],"woocommerce_single":["https:\/\/tuskwood.com\/wp-content\/uploads\/2026\/03\/20260302_223012-600x600.jpg",600,600,true],"woocommerce_gallery_thumbnail":["https:\/\/tuskwood.com\/wp-content\/uploads\/2026\/03\/20260302_223012-100x100.jpg",100,100,true]},"uagb_author_info":{"display_name":"admin","author_link":"https:\/\/tuskwood.com\/fr\/author\/"},"uagb_comment_info":0,"uagb_excerpt":"Tuskwood Ancient Bogwood\u00c4kta Bogwood, handplockat ur nordiska torvmossar d\u00e4r det konserverats naturligt i 500\u20134000 \u00e5r. Denna unika process g\u00f6r tr\u00e4et delvis mineraliserat, impregnerat med humus\u00e4mnen, h\u00e5llbart och vackert m\u00f6rkt r\u00f6dbrunt f\u00e4rgat. Tuskwood ancient bogwood \u00e4r den mest efters\u00f6kta typen av r\u00f6tter till akvariehobbyn sedan l\u00e5ng tid tillbaka.L\u00e5ng livsl\u00e4ngd: Delvis mineraliserat och extremt h\u00e5llbart.Positivt f\u00f6r vattenmilj\u00f6n:\u2026","_links":{"self":[{"href":"https:\/\/tuskwood.com\/fr\/wp-json\/wp\/v2\/product\/2789","targetHints":{"allow":["GET"]}}],"collection":[{"href":"https:\/\/tuskwood.com\/fr\/wp-json\/wp\/v2\/product"}],"about":[{"href":"https:\/\/tuskwood.com\/fr\/wp-json\/wp\/v2\/types\/product"}],"replies":[{"embeddable":true,"href":"https:\/\/tuskwood.com\/fr\/wp-json\/wp\/v2\/comments?post=2789"}],"wp:featuredmedia":[{"embeddable":true,"href":"https:\/\/tuskwood.com\/fr\/wp-json\/wp\/v2\/media\/2960"}],"wp:attachment":[{"href":"https:\/\/tuskwood.com\/fr\/wp-json\/wp\/v2\/media?parent=2789"}],"wp:term":[{"taxonomy":"product_brand","embeddable":true,"href":"https:\/\/tuskwood.com\/fr\/wp-json\/wp\/v2\/product_brand?post=2789"},{"taxonomy":"product_cat","embeddable":true,"href":"https:\/\/tuskwood.com\/fr\/wp-json\/wp\/v2\/product_cat?post=2789"},{"taxonomy":"product_tag","embeddable":true,"href":"https:\/\/tuskwood.com\/fr\/wp-json\/wp\/v2\/product_tag?post=2789"}],"curies":[{"name":"wp","href":"https:\/\/api.w.org\/{rel}","templated":true}]}}