{"id":3248,"date":"2026-04-14T18:04:11","date_gmt":"2026-04-14T18:04:11","guid":{"rendered":"https:\/\/tuskwood.com\/?post_type=product&#038;p=3248"},"modified":"2026-04-21T21:48:24","modified_gmt":"2026-04-21T21:48:24","slug":"tuskwood-branched-root-kopia-2","status":"publish","type":"product","link":"https:\/\/tuskwood.com\/fr\/produkt\/tuskwood-branched-root-kopia-2\/","title":{"rendered":"ID16 Tuskwood Branched root 30-50 L &#8211; \u00c4kta Mosstr\u00e4 Akvarierot"},"content":{"rendered":"<p data-start=\"264\" data-end=\"467\">Une pi\u00e8ce unique\u00a0<strong data-start=\"350\" data-end=\"374\">Bois de tourbi\u00e8re scandinave<\/strong>, Il s'agit d'une collection d'objets d'art, conserv\u00e9s naturellement dans la tourbe pendant des centaines, voire des milliers d'ann\u00e9es. Il s'agit d'une v\u00e9ritable attraction et fonctionne parfaitement en tant que\u00a0<strong>racine d'aquarium dans aquascape et aquarium<\/strong>.<\/p>\n<p data-start=\"264\" data-end=\"467\">Det \u00e4r en rot, eller ett set med r\u00f6tter, inom storleksklassen som anges, och som \u00e4r snarlika de p\u00e5 bilderna som priset avser.<br \/>Varje rot \u00e4r unik, och det \u00e4r en del av charmen och f\u00f6rdelen med Tuskwood, att tv\u00e5 r\u00f6tter aldrig ser exakt likadana ut.<\/p>\n<p><strong>Avantages de Tuskwood<\/strong><\/p>\n<ul>\n<li data-start=\"2134\" data-end=\"2162\">\n<p data-start=\"2136\" data-end=\"2162\">V\u00e9ritable bois de tourbi\u00e8re \/ bois de mousse min\u00e9ralis\u00e9<\/p>\n<\/li>\n<li data-start=\"2163\" data-end=\"2186\">\n<p data-start=\"2165\" data-end=\"2186\">Longue dur\u00e9e de vie<\/p>\n<\/li>\n<li data-start=\"2226\" data-end=\"2275\">\n<p data-start=\"2228\" data-end=\"2275\">Normalement pas de formation de biofilm ou de mucus<\/p>\n<\/li>\n<li data-start=\"2276\" data-end=\"2313\">\n<p data-start=\"2278\" data-end=\"2313\">Fonctionne aussi bien en eau dure qu'en eau douce<\/p>\n<\/li>\n<li data-start=\"2314\" data-end=\"2341\">\n<p data-start=\"2316\" data-end=\"2341\">Une couleur brun-rouge naturellement belle sous l'eau<\/p>\n<\/li>\n<\/ul>\n<p data-start=\"731\" data-end=\"1030\">Contrairement aux\u00a0<strong data-start=\"757\" data-end=\"808\">bois d'araign\u00e9e, manzanita, pal\u00e9tuvier ou bois flott\u00e9 de Malaisie<\/strong>, Le Tuskwood provient d'Europe et se forme naturellement dans les tourbi\u00e8res nordiques. La min\u00e9ralisation rend le bois durable, lui donne des couleurs naturellement fonc\u00e9es et des formes qui rappellent les racines d'une vieille rivi\u00e8re ou d'une for\u00eat inond\u00e9e.<\/p>\n<p data-start=\"1112\" data-end=\"1242\">Le Tuskwood est lent \u00e0 se lib\u00e9rer <strong data-start=\"1147\" data-end=\"1169\">tanins naturels<\/strong> qui favorisent la sant\u00e9 des poissons. Cependant, l'impact sur la couleur de l'eau est minime et g\u00e9n\u00e9ralement imperceptible.<\/p>\n<p data-start=\"1339\" data-end=\"1476\">\u2714 lib\u00e9ration stable et douce des tanins<br data-start=\"1374\" data-end=\"1377\" \/>\u2714 favorable au bien-\u00eatre des poissons<br data-start=\"1411\" data-end=\"1414\" \/>\u2714 L\u00e9g\u00e8rement antimicrobien<\/p>\n<p data-start=\"1665\" data-end=\"1781\">Une grande partie du bois vendu pour l'aquascaping provient des for\u00eats tropicales d'Asie et est exp\u00e9di\u00e9 \u00e0 l'autre bout du monde.<br \/><strong data-start=\"1783\" data-end=\"1825\">Tuskwood est un mat\u00e9riau naturel nordique<\/strong>, Il s'agit donc d'un choix plus durable qui \u00e9vite la d\u00e9forestation tropicale et les conditions de travail indignes, tout en minimisant le transport et en favorisant l'\u00e9conomie et l'emploi locaux.<\/p>\n<p data-start=\"2021\" data-end=\"2047\"><strong>Parfait pour :<\/strong><\/p>\n<ul data-start=\"2048\" data-end=\"2113\">\n<li data-start=\"2048\" data-end=\"2062\">\n<p data-start=\"2050\" data-end=\"2062\">aquarium v\u00e9g\u00e9tal<\/p>\n<\/li>\n<li data-start=\"2048\" data-end=\"2062\">\n<p data-start=\"2050\" data-end=\"2062\">Aquarium naturel de type ADA<\/p>\n<\/li>\n<li data-start=\"2075\" data-end=\"2085\">\n<p data-start=\"2077\" data-end=\"2085\">biotopes<\/p>\n<\/li>\n<li data-start=\"2086\" data-end=\"2098\">\n<p data-start=\"2088\" data-end=\"2098\">eau noire<\/p>\n<\/li>\n<li data-start=\"2099\" data-end=\"2113\">\n<p data-start=\"2101\" data-end=\"2113\">aquarium d'exposition<\/p>\n<\/li>\n<li data-start=\"2099\" data-end=\"2113\">aquascaping<\/li>\n<\/ul>\n<p data-start=\"2399\" data-end=\"2526\"><strong>Conseils pour l'aquascaping<\/strong><\/p>\n<p>Placez-la pour attirer l'attention et compl\u00e9tez-la avec des pierres, du sable ou de petites branches.<\/p>\n<p><strong>Pr\u00e9paration \u00e0 l'utilisation<br \/><\/strong><\/p>\n<p>Suivez toujours les conseils d'entretien et de manipulation de Tuskwood que vous trouverez dans le menu principal \u201dA propos de Tuskwood\u201d\u00a0<\/p>","protected":false},"excerpt":{"rendered":"<h3 data-path-to-node=\"3\"><b data-path-to-node=\"3\" data-index-in-node=\"0\">Tuskwood Bois de tourbi\u00e8re ancien<\/b><\/h3>\n<p data-path-to-node=\"4\">V\u00e9ritable bois de tourbe, cueilli \u00e0 la main dans les tourbi\u00e8res nordiques o\u00f9 il a \u00e9t\u00e9 naturellement pr\u00e9serv\u00e9 pendant 500 \u00e0 4000 ans. Ce processus unique rend le bois partiellement min\u00e9ralis\u00e9, impr\u00e9gn\u00e9 de substances humiques, durable et d'une magnifique couleur brun-rouge fonc\u00e9. Le bois de tourbe ancien Tuskwood est depuis longtemps le type de racine le plus recherch\u00e9 pour l'aquariophilie.<\/p>\n<ul data-path-to-node=\"5\">\n<li>\n<p data-path-to-node=\"5,0,0\"><b data-path-to-node=\"5,0,0\" data-index-in-node=\"0\">Longue dur\u00e9e de vie :<\/b> Partiellement min\u00e9ralis\u00e9e et extr\u00eamement durable.<\/p>\n<\/li>\n<li>\n<p data-path-to-node=\"5,1,0\"><b>Positif pour l'environnement aquatique :<\/b> Favorise l'\u00e9quilibre et la sant\u00e9 dans l'aquarium.<\/p>\n<\/li>\n<li>\n<p data-path-to-node=\"5,2,0\"><b data-path-to-node=\"5,2,0\" data-index-in-node=\"0\">Pas de biofilm :<\/b> Ne forme normalement pas de boue sur le bois.<\/p>\n<\/li>\n<li>\n<p data-path-to-node=\"5,3,0\"><b data-path-to-node=\"5,3,0\" data-index-in-node=\"0\">Durables et produits localement :<\/b> S\u00e9lectionn\u00e9s avec soin dans les pays nordiques.<\/p>\n<\/li>\n<li><strong>Eau claire :<\/strong> L'impact du bois sur la couleur de l'eau est normalement tr\u00e8s limit\u00e9 et de courte dur\u00e9e.<\/li>\n<\/ul>","protected":false},"featured_media":3265,"comment_status":"open","ping_status":"closed","template":"","meta":{"_seopress_robots_primary_cat":"","_seopress_titles_title":"","_seopress_titles_desc":"","_seopress_robots_index":"","_uag_custom_page_level_css":"","site-sidebar-layout":"default","site-content-layout":"","ast-site-content-layout":"default","site-content-style":"default","site-sidebar-style":"default","ast-global-header-display":"","ast-banner-title-visibility":"","ast-main-header-display":"","ast-hfb-above-header-display":"","ast-hfb-below-header-display":"","ast-hfb-mobile-header-display":"","site-post-title":"","ast-breadcrumbs-content":"","ast-featured-img":"","footer-sml-layout":"","ast-disable-related-posts":"","theme-transparent-header-meta":"default","adv-header-id-meta":"","stick-header-meta":"default","header-above-stick-meta":"","header-main-stick-meta":"","header-below-stick-meta":"","astra-migrate-meta-layouts":"set","ast-page-background-enabled":"default","ast-page-background-meta":{"desktop":{"background-color":"var(--ast-global-color-5)","background-image":"","background-repeat":"repeat","background-position":"center center","background-size":"auto","background-attachment":"scroll","background-type":"","background-media":"","overlay-type":"","overlay-color":"","overlay-opacity":"","overlay-gradient":""},"tablet":{"background-color":"","background-image":"","background-repeat":"repeat","background-position":"center center","background-size":"auto","background-attachment":"scroll","background-type":"","background-media":"","overlay-type":"","overlay-color":"","overlay-opacity":"","overlay-gradient":""},"mobile":{"background-color":"","background-image":"","background-repeat":"repeat","background-position":"center center","background-size":"auto","background-attachment":"scroll","background-type":"","background-media":"","overlay-type":"","overlay-color":"","overlay-opacity":"","overlay-gradient":""}},"ast-content-background-meta":{"desktop":{"background-color":"var(--ast-global-color-4)","background-image":"","background-repeat":"repeat","background-position":"center center","background-size":"auto","background-attachment":"scroll","background-type":"","background-media":"","overlay-type":"","overlay-color":"","overlay-opacity":"","overlay-gradient":""},"tablet":{"background-color":"var(--ast-global-color-4)","background-image":"","background-repeat":"repeat","background-position":"center center","background-size":"auto","background-attachment":"scroll","background-type":"","background-media":"","overlay-type":"","overlay-color":"","overlay-opacity":"","overlay-gradient":""},"mobile":{"background-color":"var(--ast-global-color-4)","background-image":"","background-repeat":"repeat","background-position":"center center","background-size":"auto","background-attachment":"scroll","background-type":"","background-media":"","overlay-type":"","overlay-color":"","overlay-opacity":"","overlay-gradient":""}}},"product_brand":[],"product_cat":[256],"product_tag":[267],"class_list":{"0":"post-3248","1":"product","2":"type-product","3":"status-publish","4":"has-post-thumbnail","6":"product_cat-tuskwood-forgrenad-rot","7":"product_tag-aqua-xxl-2026","8":"pa_detaljerad-storlek-30-50-cm","9":"desktop-align-left","10":"tablet-align-left","11":"mobile-align-left","12":"ast-product-gallery-layout-vertical-slider","13":"ast-product-tabs-layout-accordion","14":"ast-qv-on-image","16":"first","17":"instock","18":"taxable","19":"shipping-taxable","20":"purchasable","21":"product-type-simple"},"shsp-ext":{"main":{},"variations":[]},"uagb_featured_image_src":{"full":["https:\/\/tuskwood.com\/wp-content\/uploads\/2026\/04\/7901be1a66f947d036f3f82180e7bd0b22e027311419421a0a3bd4d3ef94f6c5.png",1024,1024,false],"thumbnail":["https:\/\/tuskwood.com\/wp-content\/uploads\/2026\/04\/7901be1a66f947d036f3f82180e7bd0b22e027311419421a0a3bd4d3ef94f6c5-150x150.png",150,150,true],"medium":["https:\/\/tuskwood.com\/wp-content\/uploads\/2026\/04\/7901be1a66f947d036f3f82180e7bd0b22e027311419421a0a3bd4d3ef94f6c5-300x300.png",300,300,true],"medium_large":["https:\/\/tuskwood.com\/wp-content\/uploads\/2026\/04\/7901be1a66f947d036f3f82180e7bd0b22e027311419421a0a3bd4d3ef94f6c5-768x768.png",768,768,true],"large":["https:\/\/tuskwood.com\/wp-content\/uploads\/2026\/04\/7901be1a66f947d036f3f82180e7bd0b22e027311419421a0a3bd4d3ef94f6c5.png",1024,1024,false],"1536x1536":["https:\/\/tuskwood.com\/wp-content\/uploads\/2026\/04\/7901be1a66f947d036f3f82180e7bd0b22e027311419421a0a3bd4d3ef94f6c5.png",1024,1024,false],"2048x2048":["https:\/\/tuskwood.com\/wp-content\/uploads\/2026\/04\/7901be1a66f947d036f3f82180e7bd0b22e027311419421a0a3bd4d3ef94f6c5.png",1024,1024,false],"trp-custom-language-flag":["https:\/\/tuskwood.com\/wp-content\/uploads\/2026\/04\/7901be1a66f947d036f3f82180e7bd0b22e027311419421a0a3bd4d3ef94f6c5-12x12.png",12,12,true],"woocommerce_thumbnail":["https:\/\/tuskwood.com\/wp-content\/uploads\/2026\/04\/7901be1a66f947d036f3f82180e7bd0b22e027311419421a0a3bd4d3ef94f6c5-300x300.png",300,300,true],"woocommerce_single":["https:\/\/tuskwood.com\/wp-content\/uploads\/2026\/04\/7901be1a66f947d036f3f82180e7bd0b22e027311419421a0a3bd4d3ef94f6c5-600x600.png",600,600,true],"woocommerce_gallery_thumbnail":["https:\/\/tuskwood.com\/wp-content\/uploads\/2026\/04\/7901be1a66f947d036f3f82180e7bd0b22e027311419421a0a3bd4d3ef94f6c5-100x100.png",100,100,true]},"uagb_author_info":{"display_name":"admin","author_link":"https:\/\/tuskwood.com\/fr\/author\/"},"uagb_comment_info":0,"uagb_excerpt":"Tuskwood Ancient Bogwood\u00c4kta Bogwood, handplockat ur nordiska torvmossar d\u00e4r det konserverats naturligt i 500\u20134000 \u00e5r. Denna unika process g\u00f6r tr\u00e4et delvis mineraliserat, impregnerat med humus\u00e4mnen, h\u00e5llbart och vackert m\u00f6rkt r\u00f6dbrunt f\u00e4rgat. Tuskwood ancient bogwood \u00e4r den mest efters\u00f6kta typen av r\u00f6tter till akvariehobbyn sedan l\u00e5ng tid tillbaka.L\u00e5ng livsl\u00e4ngd: Delvis mineraliserat och extremt h\u00e5llbart.Positivt f\u00f6r vattenmilj\u00f6n:\u2026","_links":{"self":[{"href":"https:\/\/tuskwood.com\/fr\/wp-json\/wp\/v2\/product\/3248","targetHints":{"allow":["GET"]}}],"collection":[{"href":"https:\/\/tuskwood.com\/fr\/wp-json\/wp\/v2\/product"}],"about":[{"href":"https:\/\/tuskwood.com\/fr\/wp-json\/wp\/v2\/types\/product"}],"replies":[{"embeddable":true,"href":"https:\/\/tuskwood.com\/fr\/wp-json\/wp\/v2\/comments?post=3248"}],"wp:featuredmedia":[{"embeddable":true,"href":"https:\/\/tuskwood.com\/fr\/wp-json\/wp\/v2\/media\/3265"}],"wp:attachment":[{"href":"https:\/\/tuskwood.com\/fr\/wp-json\/wp\/v2\/media?parent=3248"}],"wp:term":[{"taxonomy":"product_brand","embeddable":true,"href":"https:\/\/tuskwood.com\/fr\/wp-json\/wp\/v2\/product_brand?post=3248"},{"taxonomy":"product_cat","embeddable":true,"href":"https:\/\/tuskwood.com\/fr\/wp-json\/wp\/v2\/product_cat?post=3248"},{"taxonomy":"product_tag","embeddable":true,"href":"https:\/\/tuskwood.com\/fr\/wp-json\/wp\/v2\/product_tag?post=3248"}],"curies":[{"name":"wp","href":"https:\/\/api.w.org\/{rel}","templated":true}]}}