{"id":5253,"date":"2026-05-15T02:43:47","date_gmt":"2026-05-15T00:43:47","guid":{"rendered":"https:\/\/tuskwood.com\/produkt\/tuskwood-akvarierot-set-om-3-delar-wysiwyg-akta-bogwood-unik-30-cm-s3332620\/"},"modified":"2026-05-15T10:38:34","modified_gmt":"2026-05-15T08:38:34","slug":"tuskwood-akvarierot-set-om-3-delar-wysiwyg-akta-bogwood-unik-30-cm-s3332620","status":"publish","type":"product","link":"https:\/\/tuskwood.com\/fr\/produkt\/tuskwood-akvarierot-set-om-3-delar-wysiwyg-akta-bogwood-unik-30-cm-s3332620\/","title":{"rendered":"Tuskwood Akvarierot Set om 3 delar WYSIWYG \u00c4kta Bogwood Unik 30 cm S3332620"},"content":{"rendered":"<h2>Unik produkt S3332620<\/h2>\n<p>Ett unikt set om 3 delar skandinavisk bogwood, naturligt bevarat i torv under hundratals till tusentals \u00e5r. Setet fungerar som ett samlat blickf\u00e5ng i aquascape och akvarium.<\/p>\n<p><strong>Det \u00e4r ett unikt set, och det \u00e4r exakt setet p\u00e5 bilden du k\u00f6per.<\/strong> Delarna s\u00e4ljs tillsammans och visas som en fast arrangerad helhet. What you see is what you get, WYSIWYG.<\/p>\n<h3>Description de la nature de la racine<\/h3>\n<p>Tuskwood rot S3332620 \u00e4r en kompakt och m\u00e5ngfacetterad rot med en distinkt, slingrande form p\u00e5 ena sidan. Dess t\u00e4ta struktur skapar en robust bas.<\/p>\n<h3>Suggestions de style d'aquarium et id\u00e9es de plantation<\/h3>\n<p>De m\u00e5nga sammanfl\u00e4tade och utskjutande delarna erbjuder utm\u00e4rkta f\u00e4stpunkter f\u00f6r epifytiska v\u00e4xter som Anubias, Bucephalandra och Javaormbunke. Mellan rotens grenar kan mossor f\u00e4stas f\u00f6r att f\u00f6rst\u00e4rka den naturliga k\u00e4nslan. Den slingrande delen kan fungera som ett blickf\u00e5ng i ett mindre akvarium eller som en intressant detalj i ett st\u00f6rre akvarielandskap.<\/p>\n<h3>Dimensions de la racine<\/h3>\n<ul>\n<li><strong>Longueur :<\/strong> 30cm<\/li>\n<li><strong>Hauteur :<\/strong> 21 cm<\/li>\n<li><strong>Profondeur :<\/strong> 7 cm<\/li>\n<\/ul>\n<h3>Format et taille de l'aquarium propos\u00e9s<\/h3>\n<p>Med sina m\u00e5tt p\u00e5 30 cm l\u00e4ngd, 21 cm h\u00f6jd och 7 cm djup\/bredd passar denna rot v\u00e4l i nanoakvarier eller som en del av en st\u00f6rre komposition i medelstora akvarier.<\/p>\n<h3>Avantages de Tuskwood<\/h3>\n<ul>\n<li>V\u00e9ritable bois de tourbi\u00e8re \/ bois de mousse min\u00e9ralis\u00e9<\/li>\n<li>Longue dur\u00e9e de vie<\/li>\n<li>Normalement pas de formation de biofilm ou de mucus<\/li>\n<li>Fonctionne aussi bien en eau dure qu'en eau douce<\/li>\n<li>Capacit\u00e9 d'enfoncement fiable, enfoncement normal en 2 \u00e0 4 semaines<\/li>\n<li>La couleur naturellement belle se d\u00e9cline en brun fonc\u00e9 avec une l\u00e9g\u00e8re teinte rouge\u00e2tre sous l'eau.<\/li>\n<\/ul>\n<p>Contrairement au bois d'araign\u00e9e, au manzanita, au pal\u00e9tuvier ou au bois flott\u00e9 de Malaisie, le Tuskwood provient d'Europe et s'est form\u00e9 naturellement dans les tourbi\u00e8res nordiques. La min\u00e9ralisation et l'impr\u00e9gnation d'humus rendent le bois durable et beau.<\/p>\n<p>Tuskwood lib\u00e8re lentement des substances humiques naturelles qui favorisent la sant\u00e9 des poissons. Cependant, l'impact sur la couleur de l'eau est minime et g\u00e9n\u00e9ralement imperceptible.<\/p>\n<ul>\n<li>Lib\u00e9ration stable et douce de l'humus<\/li>\n<li>Positif pour le bien-\u00eatre des poissons<\/li>\n<li>Antimicrobien pour la rate<\/li>\n<\/ul>\n<h3>Un choix plus durable<\/h3>\n<p>Une grande partie du bois vendu pour l'aquascaping provient des for\u00eats tropicales d'Asie et est exp\u00e9di\u00e9 \u00e0 l'autre bout du monde.<\/p>\n<p>Tuskwood est un mat\u00e9riau naturel nordique, collect\u00e9 localement en tant que sous-produit d'autres utilisations naturelles. Cela en fait un choix plus durable, sans exploitation foresti\u00e8re tropicale non r\u00e9glement\u00e9e, sans destruction de la mangrove et sans conditions de travail indignes. Tuskwood est synonyme de transport minimal et de promotion de l'\u00e9conomie et des emplois locaux.<\/p>\n<p><em>Tuskwood est une tr\u00e8s petite entreprise et nous utilisons l'IA pour nous concentrer sur la qualit\u00e9 et la livraison. Les rendus de Aquascape, la traduction dans des langues autres que le su\u00e9dois et la description de la racine individuelle sur cette page sont r\u00e9alis\u00e9s \u00e0 l'aide de l'IA et peuvent comporter des erreurs mineures. Nous nous en excusons. De vraies personnes sont toujours disponibles par t\u00e9l\u00e9phone ou par courrier \u00e9lectronique.<\/em><\/p>","protected":false},"excerpt":{"rendered":"<h3>Tuskwood Bois de tourbi\u00e8re ancien<\/h3>\n<p>V\u00e9ritable bois de tourbi\u00e8re, cueilli \u00e0 la main dans les tourbi\u00e8res nordiques o\u00f9 il a \u00e9t\u00e9 naturellement pr\u00e9serv\u00e9 pendant 500 \u00e0 4000 ans. Ce processus unique rend le bois partiellement min\u00e9ralis\u00e9, impr\u00e9gn\u00e9 de substances humiques, durable et d'une magnifique couleur brun rouge\u00e2tre fonc\u00e9. Tuskwood Ancient Bogwood est un type de racine tr\u00e8s recherch\u00e9 pour les aquariums et l'aquascaping.<\/p>\n<ul>\n<li><strong>Longue dur\u00e9e de vie :<\/strong> Partiellement min\u00e9ralis\u00e9e et extr\u00eamement durable.<\/li>\n<li><strong>Positif pour l'environnement aquatique :<\/strong> Favorise l'\u00e9quilibre et la sant\u00e9 dans l'aquarium.<\/li>\n<li><strong>Pas de biofilm :<\/strong> Ne forme normalement pas de boue sur le bois.<\/li>\n<li><strong>Durable et produit localement :<\/strong> S\u00e9lectionn\u00e9s avec soin dans les pays nordiques.<\/li>\n<li><strong>Eau claire :<\/strong> L'impact du bois sur la couleur de l'eau est normalement tr\u00e8s limit\u00e9 et de courte dur\u00e9e.<\/li>\n<\/ul>","protected":false},"featured_media":5248,"comment_status":"closed","ping_status":"closed","template":"","meta":{"_seopress_robots_primary_cat":"","_seopress_titles_title":"","_seopress_titles_desc":"","_seopress_robots_index":"","_seopress_analysis_target_kw":"","_uag_custom_page_level_css":"","site-sidebar-layout":"default","site-content-layout":"","ast-site-content-layout":"default","site-content-style":"default","site-sidebar-style":"default","ast-global-header-display":"","ast-banner-title-visibility":"","ast-main-header-display":"","ast-hfb-above-header-display":"","ast-hfb-below-header-display":"","ast-hfb-mobile-header-display":"","site-post-title":"","ast-breadcrumbs-content":"","ast-featured-img":"","footer-sml-layout":"","ast-disable-related-posts":"","theme-transparent-header-meta":"","adv-header-id-meta":"","stick-header-meta":"","header-above-stick-meta":"","header-main-stick-meta":"","header-below-stick-meta":"","astra-migrate-meta-layouts":"default","ast-page-background-enabled":"default","ast-page-background-meta":{"desktop":{"background-color":"var(--ast-global-color-5)","background-image":"","background-repeat":"repeat","background-position":"center center","background-size":"auto","background-attachment":"scroll","background-type":"","background-media":"","overlay-type":"","overlay-color":"","overlay-opacity":"","overlay-gradient":""},"tablet":{"background-color":"","background-image":"","background-repeat":"repeat","background-position":"center center","background-size":"auto","background-attachment":"scroll","background-type":"","background-media":"","overlay-type":"","overlay-color":"","overlay-opacity":"","overlay-gradient":""},"mobile":{"background-color":"","background-image":"","background-repeat":"repeat","background-position":"center center","background-size":"auto","background-attachment":"scroll","background-type":"","background-media":"","overlay-type":"","overlay-color":"","overlay-opacity":"","overlay-gradient":""}},"ast-content-background-meta":{"desktop":{"background-color":"var(--ast-global-color-4)","background-image":"","background-repeat":"repeat","background-position":"center center","background-size":"auto","background-attachment":"scroll","background-type":"","background-media":"","overlay-type":"","overlay-color":"","overlay-opacity":"","overlay-gradient":""},"tablet":{"background-color":"var(--ast-global-color-4)","background-image":"","background-repeat":"repeat","background-position":"center center","background-size":"auto","background-attachment":"scroll","background-type":"","background-media":"","overlay-type":"","overlay-color":"","overlay-opacity":"","overlay-gradient":""},"mobile":{"background-color":"var(--ast-global-color-4)","background-image":"","background-repeat":"repeat","background-position":"center center","background-size":"auto","background-attachment":"scroll","background-type":"","background-media":"","overlay-type":"","overlay-color":"","overlay-opacity":"","overlay-gradient":""}}},"product_brand":[46],"product_cat":[254],"product_tag":[],"class_list":{"0":"post-5253","1":"product","2":"type-product","3":"status-publish","4":"has-post-thumbnail","6":"product_brand-tuskwood","7":"product_cat-tuskwood_bogwood_wysiwyg","8":"pa_rotkaraktar-rotter-med-tydlig-form","9":"desktop-align-left","10":"tablet-align-left","11":"mobile-align-left","12":"ast-product-gallery-layout-vertical-slider","13":"ast-product-tabs-layout-accordion","15":"first","16":"instock","17":"sold-individually","18":"taxable","19":"shipping-taxable","20":"purchasable","21":"product-type-simple"},"shsp-ext":{"main":{},"variations":[]},"uagb_featured_image_src":{"full":["https:\/\/tuskwood.com\/wp-content\/uploads\/2026\/05\/S3332620-collage-aquascape01-measurement-thumb-1.jpg",1024,1024,false],"thumbnail":["https:\/\/tuskwood.com\/wp-content\/uploads\/2026\/05\/S3332620-collage-aquascape01-measurement-thumb-1-150x150.jpg",150,150,true],"medium":["https:\/\/tuskwood.com\/wp-content\/uploads\/2026\/05\/S3332620-collage-aquascape01-measurement-thumb-1-300x300.jpg",300,300,true],"medium_large":["https:\/\/tuskwood.com\/wp-content\/uploads\/2026\/05\/S3332620-collage-aquascape01-measurement-thumb-1-768x768.jpg",768,768,true],"large":["https:\/\/tuskwood.com\/wp-content\/uploads\/2026\/05\/S3332620-collage-aquascape01-measurement-thumb-1.jpg",1024,1024,false],"1536x1536":["https:\/\/tuskwood.com\/wp-content\/uploads\/2026\/05\/S3332620-collage-aquascape01-measurement-thumb-1.jpg",1024,1024,false],"2048x2048":["https:\/\/tuskwood.com\/wp-content\/uploads\/2026\/05\/S3332620-collage-aquascape01-measurement-thumb-1.jpg",1024,1024,false],"trp-custom-language-flag":["https:\/\/tuskwood.com\/wp-content\/uploads\/2026\/05\/S3332620-collage-aquascape01-measurement-thumb-1-12x12.jpg",12,12,true],"woocommerce_thumbnail":["https:\/\/tuskwood.com\/wp-content\/uploads\/2026\/05\/S3332620-collage-aquascape01-measurement-thumb-1-400x400.jpg",400,400,true],"woocommerce_single":["https:\/\/tuskwood.com\/wp-content\/uploads\/2026\/05\/S3332620-collage-aquascape01-measurement-thumb-1.jpg",1024,1024,false],"woocommerce_gallery_thumbnail":["https:\/\/tuskwood.com\/wp-content\/uploads\/2026\/05\/S3332620-collage-aquascape01-measurement-thumb-1-100x100.jpg",100,100,true]},"uagb_author_info":{"display_name":"Codex Agent","author_link":"https:\/\/tuskwood.com\/fr\/author\/"},"uagb_comment_info":0,"uagb_excerpt":"Tuskwood Ancient Bogwood\u00c4kta bogwood, handplockat ur nordiska torvmossar d\u00e4r det konserverats naturligt i 500-4000 \u00e5r. Denna unika process g\u00f6r tr\u00e4et delvis mineraliserat, impregnerat med humus\u00e4mnen, h\u00e5llbart och vackert m\u00f6rkt r\u00f6dbrunt f\u00e4rgat. Tuskwood Ancient Bogwood \u00e4r en mycket eftertraktad typ av rot till akvarium och aquascaping.L\u00e5ng livsl\u00e4ngd: Delvis mineraliserat och extremt h\u00e5llbart.Positivt f\u00f6r vattenmilj\u00f6n: Fr\u00e4mjar balans\u2026","_links":{"self":[{"href":"https:\/\/tuskwood.com\/fr\/wp-json\/wp\/v2\/product\/5253","targetHints":{"allow":["GET"]}}],"collection":[{"href":"https:\/\/tuskwood.com\/fr\/wp-json\/wp\/v2\/product"}],"about":[{"href":"https:\/\/tuskwood.com\/fr\/wp-json\/wp\/v2\/types\/product"}],"replies":[{"embeddable":true,"href":"https:\/\/tuskwood.com\/fr\/wp-json\/wp\/v2\/comments?post=5253"}],"wp:featuredmedia":[{"embeddable":true,"href":"https:\/\/tuskwood.com\/fr\/wp-json\/wp\/v2\/media\/5248"}],"wp:attachment":[{"href":"https:\/\/tuskwood.com\/fr\/wp-json\/wp\/v2\/media?parent=5253"}],"wp:term":[{"taxonomy":"product_brand","embeddable":true,"href":"https:\/\/tuskwood.com\/fr\/wp-json\/wp\/v2\/product_brand?post=5253"},{"taxonomy":"product_cat","embeddable":true,"href":"https:\/\/tuskwood.com\/fr\/wp-json\/wp\/v2\/product_cat?post=5253"},{"taxonomy":"product_tag","embeddable":true,"href":"https:\/\/tuskwood.com\/fr\/wp-json\/wp\/v2\/product_tag?post=5253"}],"curies":[{"name":"wp","href":"https:\/\/api.w.org\/{rel}","templated":true}]}}