{"id":2396,"date":"2026-01-07T11:30:42","date_gmt":"2026-01-07T11:30:42","guid":{"rendered":"https:\/\/tuskwood.com\/?page_id=2396"},"modified":"2026-01-07T19:33:44","modified_gmt":"2026-01-07T19:33:44","slug":"privacybeleid-voor-tuskwood-com","status":"publish","type":"page","link":"https:\/\/tuskwood.com\/nl\/integritetspolicy-for-tuskwood-com\/","title":{"rendered":"Beleid gegevensbeheer"},"content":{"rendered":"<p><strong>Laatst bijgewerkt op: 7 januari 2026<\/strong><\/p>\n\n\n\n<p>Wij van <strong>Tuskwood.com<\/strong> is toegewijd aan het beschermen van uw privacy. Dit beleid beschrijft hoe wij uw persoonlijke gegevens verzamelen, gebruiken en beschermen wanneer u onze website bezoekt of een aankoop doet van onze aquascaping producten.<\/p>\n\n\n\n<h3 class=\"wp-block-heading\">1. Welke informatie verzamelen we?<\/h3>\n\n\n\n<p>Wanneer je interactie hebt met onze winkel, verzamelen we de volgende gegevens om je bestelling te leveren en je de best mogelijke service te bieden:<\/p>\n\n\n\n<ul class=\"wp-block-list\">\n<li><strong>Identiteitsgegevens:<\/strong> Naam en burgerservicenummer (indien vereist door de betalingsprovider).<\/li>\n\n\n\n<li><strong>Contactgegevens:<\/strong> Factuur- en afleveradres, e-mailadres en telefoonnummer.<\/li>\n\n\n\n<li><strong>Transactiegegevens:<\/strong> Details van de producten die je hebt gekocht en betalingsbevestigingen.<\/li>\n\n\n\n<li><strong>Technische gegevens:<\/strong> IP-adres, inloggegevens en hoe u onze website gebruikt (via cookies).<\/li>\n<\/ul>\n\n\n\n<h3 class=\"wp-block-heading\">2. Waarom verzamelen we deze gegevens?<\/h3>\n\n\n\n<p>Wij verwerken uw gegevens om:<\/p>\n\n\n\n<ul class=\"wp-block-list\">\n<li><strong>Je bestelling beheren:<\/strong> Stuur je wortels, stenen en accessoires naar het juiste adres.<\/li>\n\n\n\n<li><strong>Betalingsverwerking:<\/strong> Voer veilige transacties uit via onze partners.<\/li>\n\n\n\n<li><strong>Klantenservice:<\/strong> Je helpen met vragen over je aankoop of specifieke wortels.<\/li>\n\n\n\n<li><strong>Marketing:<\/strong> Nieuwsbrieven sturen met tips voor aquascaping en productnieuws (alleen als je het geaccepteerd hebt).<\/li>\n<\/ul>\n\n\n\n<h3 class=\"wp-block-heading\">3. externe leveranciers (met wie delen we gegevens?)<\/h3>\n\n\n\n<p>Om je WooCommerce-winkel te laten werken, delen we de nodige informatie met:<\/p>\n\n\n\n<ul class=\"wp-block-list\">\n<li><strong>Betalingsproviders:<\/strong> (bijv. Klarna, Stripe of PayPal) om je betaling te verwerken.<\/li>\n\n\n\n<li><strong>Logistieke partners:<\/strong> (bijv. PostNord, DHL) om je pakket te bezorgen.<\/li>\n\n\n\n<li><strong>Analyse-instrumenten:<\/strong> (bijv. Google Analytics) om te begrijpen hoe bezoekers door de winkel navigeren.<\/li>\n<\/ul>\n\n\n\n<h3 class=\"wp-block-heading\">4. Hoe lang bewaren we uw gegevens?<\/h3>\n\n\n\n<p>We bewaren je gegevens niet langer dan nodig is om de doelen te bereiken waarvoor ze zijn verzameld en om te voldoen aan wettelijke vereisten (bijvoorbeeld de boekhoudwet die bewaring gedurende 7 jaar vereist).<\/p>\n\n\n\n<h3 class=\"wp-block-heading\">5. uw rechten<\/h3>\n\n\n\n<p>Je hebt een recht onder de GDPR:<\/p>\n\n\n\n<ul class=\"wp-block-list\">\n<li><strong>Extracten registreren:<\/strong> Weten welke gegevens we over u bewaren.<\/li>\n\n\n\n<li><strong>Correctie:<\/strong> Foutieve gegevens laten corrigeren.<\/li>\n\n\n\n<li><strong>Wissen:<\/strong> Vergeten worden\u201d en je gegevens laten verwijderen (tenzij we ze om juridische redenen moeten bewaren).<\/li>\n<\/ul>\n\n\n\n<h3 class=\"wp-block-heading\">6. koekjes<\/h3>\n\n\n\n<p>We gebruiken cookies om de inhoud van uw winkelmandje bij te houden terwijl u op de site surft en om uw gebruikerservaring te verbeteren.<\/p>\n\n\n\n<h3 class=\"wp-block-heading\">7. contactgegevens<\/h3>\n\n\n\n<p>Als u vragen hebt over de manier waarop wij met uw persoonlijke gegevens omgaan, neem dan contact met ons op: <strong>E-mail:<\/strong> info@tuskwood.com <strong>Adres:<\/strong> Idstigen 2, 34337 \u00c4lmhult, Zweden<\/p>","protected":false},"excerpt":{"rendered":"<p>Senast uppdaterad: 7 januari 2026 Vi p\u00e5 Tuskwood.com v\u00e4rnar om din integritet. Denna policy beskriver hur vi samlar in, anv\u00e4nder [&hellip;]<\/p>\n","protected":false},"author":1,"featured_media":0,"parent":0,"menu_order":0,"comment_status":"closed","ping_status":"closed","template":"","meta":{"_seopress_robots_primary_cat":"","_seopress_titles_title":"","_seopress_titles_desc":"","_seopress_robots_index":"","_uag_custom_page_level_css":"","site-sidebar-layout":"default","site-content-layout":"","ast-site-content-layout":"default","site-content-style":"default","site-sidebar-style":"default","ast-global-header-display":"","ast-banner-title-visibility":"","ast-main-header-display":"","ast-hfb-above-header-display":"","ast-hfb-below-header-display":"","ast-hfb-mobile-header-display":"","site-post-title":"","ast-breadcrumbs-content":"","ast-featured-img":"","footer-sml-layout":"","ast-disable-related-posts":"","theme-transparent-header-meta":"","adv-header-id-meta":"","stick-header-meta":"","header-above-stick-meta":"","header-main-stick-meta":"","header-below-stick-meta":"","astra-migrate-meta-layouts":"default","ast-page-background-enabled":"default","ast-page-background-meta":{"desktop":{"background-color":"var(--ast-global-color-5)","background-image":"","background-repeat":"repeat","background-position":"center center","background-size":"auto","background-attachment":"scroll","background-type":"","background-media":"","overlay-type":"","overlay-color":"","overlay-opacity":"","overlay-gradient":""},"tablet":{"background-color":"","background-image":"","background-repeat":"repeat","background-position":"center center","background-size":"auto","background-attachment":"scroll","background-type":"","background-media":"","overlay-type":"","overlay-color":"","overlay-opacity":"","overlay-gradient":""},"mobile":{"background-color":"","background-image":"","background-repeat":"repeat","background-position":"center center","background-size":"auto","background-attachment":"scroll","background-type":"","background-media":"","overlay-type":"","overlay-color":"","overlay-opacity":"","overlay-gradient":""}},"ast-content-background-meta":{"desktop":{"background-color":"var(--ast-global-color-4)","background-image":"","background-repeat":"repeat","background-position":"center center","background-size":"auto","background-attachment":"scroll","background-type":"","background-media":"","overlay-type":"","overlay-color":"","overlay-opacity":"","overlay-gradient":""},"tablet":{"background-color":"var(--ast-global-color-4)","background-image":"","background-repeat":"repeat","background-position":"center center","background-size":"auto","background-attachment":"scroll","background-type":"","background-media":"","overlay-type":"","overlay-color":"","overlay-opacity":"","overlay-gradient":""},"mobile":{"background-color":"var(--ast-global-color-4)","background-image":"","background-repeat":"repeat","background-position":"center center","background-size":"auto","background-attachment":"scroll","background-type":"","background-media":"","overlay-type":"","overlay-color":"","overlay-opacity":"","overlay-gradient":""}},"footnotes":""},"class_list":["post-2396","page","type-page","status-publish","hentry"],"uagb_featured_image_src":{"full":false,"thumbnail":false,"medium":false,"medium_large":false,"large":false,"1536x1536":false,"2048x2048":false,"trp-custom-language-flag":false,"woocommerce_thumbnail":false,"woocommerce_single":false,"woocommerce_gallery_thumbnail":false},"uagb_author_info":{"display_name":"admin","author_link":"https:\/\/tuskwood.com\/nl\/author\/admin\/"},"uagb_comment_info":0,"uagb_excerpt":"Senast uppdaterad: 7 januari 2026 Vi p\u00e5 Tuskwood.com v\u00e4rnar om din integritet. Denna policy beskriver hur vi samlar in, anv\u00e4nder [&hellip;]","_links":{"self":[{"href":"https:\/\/tuskwood.com\/nl\/wp-json\/wp\/v2\/pages\/2396","targetHints":{"allow":["GET"]}}],"collection":[{"href":"https:\/\/tuskwood.com\/nl\/wp-json\/wp\/v2\/pages"}],"about":[{"href":"https:\/\/tuskwood.com\/nl\/wp-json\/wp\/v2\/types\/page"}],"author":[{"embeddable":true,"href":"https:\/\/tuskwood.com\/nl\/wp-json\/wp\/v2\/users\/1"}],"replies":[{"embeddable":true,"href":"https:\/\/tuskwood.com\/nl\/wp-json\/wp\/v2\/comments?post=2396"}],"version-history":[{"count":0,"href":"https:\/\/tuskwood.com\/nl\/wp-json\/wp\/v2\/pages\/2396\/revisions"}],"wp:attachment":[{"href":"https:\/\/tuskwood.com\/nl\/wp-json\/wp\/v2\/media?parent=2396"}],"curies":[{"name":"wp","href":"https:\/\/api.w.org\/{rel}","templated":true}]}}