{"id":27,"date":"2025-08-01T12:26:56","date_gmt":"2025-08-01T12:26:56","guid":{"rendered":"https:\/\/tuskwood.com\/om\/"},"modified":"2026-04-14T14:45:10","modified_gmt":"2026-04-14T14:45:10","slug":"naar","status":"publish","type":"page","link":"https:\/\/tuskwood.com\/nl\/om\/","title":{"rendered":"Over het bedrijf Tuskwood en Joel Andersson"},"content":{"rendered":"<div class=\"inherit-container-width wp-block-group alignfull has-tertiary-background-color has-background is-layout-constrained wp-container-core-group-is-layout-7276a2bb wp-block-group-is-layout-constrained\" id=\"team\" style=\"margin-top:0;margin-bottom:0;padding-top:var(--wp--preset--spacing--60);padding-right:var(--wp--preset--spacing--30);padding-bottom:var(--wp--preset--spacing--60);padding-left:var(--wp--preset--spacing--30)\">\n<div class=\"wp-block-group alignwide is-vertical is-layout-flex wp-container-core-group-is-layout-fe9cc265 wp-block-group-is-layout-flex\">\n<div class=\"wp-block-group alignwide is-content-justification-left is-layout-constrained wp-container-core-group-is-layout-8b4c372c wp-block-group-is-layout-constrained\">\n<h2 class=\"wp-block-heading\" style=\"margin-top:12px\">Natuurlijke schoonheid en duurzaamheid in elke wortel<\/h2>\n\n\n\n<p class=\"has-medium-font-size\" style=\"margin-top:16px\">Welkom bij de&nbsp;<strong>Tuskwood.com<\/strong>. Tuskwood wordt gerund door mij, Joel Andersson. Ik ben al vele jaren bezig met aquarium- en aquascaping en mijn grootste passie is het cre\u00ebren van prachtige hardscapes.<br>Wij zijn gespecialiseerd in het aanbieden van kunstwerken uit de natuur zelf: gemineraliseerd hout, Bogwood.<\/p>\n\n\n\n<h3 class=\"wp-block-heading\">Onze geschiedenis en visie<\/h3>\n\n\n\n<p>Op een dag liep ik met mijn hond door een plaatselijk moeras en vroeg me af hoe het zat met de wortels die opkwamen, omdat ik dacht dat ze veel leken op de tropische wortels die ik soms kocht voor mijn aquarium. Ik nam contact op met verschillende landeigenaren die aan natuurlandbouw doen, en ja hoor, in de natuurlandbouw op het moeras komt elk jaar een beperkt aantal oude wortels uit de diepten van het moeras omhoog. Ik hoorde ook dat de aquariumhobby een lange traditie heeft in het gebruik van deze veenwortels bij aquascaping. Toen we voor het eerst naar het veen kwamen, zagen we dat veel wortels gebroken, verbrijzeld, gebroken of op een andere manier ongeschikt waren voor aquascaping, maar we hebben het voorrecht gehad om regelmatig het betreffende veen in te gaan en het beste eruit te selecteren. Tegenwoordig hebben we exclusieve overeenkomsten met relevante landeigenaren in Zweden. We hebben veel tests gedaan met de wortels in verschillende aquaria en hebben er sinds 2024 veel verkocht via Tradera en via onze website en webshop die we in december 2025 hebben gelanceerd.<br>Met lokaal verzamelen, sorteren, snijden, opslaan en verpakken verminderen we het transport van hout naar het aquarium vanuit landen in het Verre Oosten en Afrika, waardoor de impact op het milieu afneemt. Tuskwood is simpelweg een zeer duurzame keuze. Het is onze ambitie om bij te dragen aan de maatschappij door alle activiteiten lokaal te houden en lokale banen te cre\u00ebren, vooral voor kwetsbare mensen die ver van de arbeidsmarkt af staan, in de economisch kwetsbare plattelandsgebieden van Zweden. <\/p>\n\n\n\n<p>Als bedrijf is Tuskwood erg klein, een eenmanszaak, een hobby, eerder een uitgave dan een bron van inkomsten. Er is een droom om langzaam maar zeker een stabiele omzet op te bouwen en een goed functionerend hobbybedrijf met een redelijke winstgevendheid, dat werk biedt aan degenen die het het hardst nodig hebben. <br>Het is ook een droom van een beter aquascaping hout uit Europa voor Europa. Een aquascaping hout dat een ongelooflijke geschiedenis met zich meedraagt en een uniek verhaal brengt aan elk aquarium waar het deel van gaat uitmaken. Tuskwood, wortels die raken.<\/p>\n\n\n\n<p>We runnen Tuskwood in onze vrije tijd, vanuit \u00c4lmhult in het hart van Sm\u00e5land, een regio die bekend staat om zijn ambachtelijke traditie en de nabijheid van de natuur. Voor ons zijn eerlijkheid, langetermijndenken en betrouwbaarheid de hoekstenen van onze relatie met jou als klant.<\/p>\n<\/div>\n<\/div>\n\n\n\n<div class=\"wp-block-columns alignwide is-layout-flex wp-container-core-columns-is-layout-28f84493 wp-block-columns-is-layout-flex\">\n<div class=\"wp-block-column is-layout-flow wp-container-core-column-is-layout-f5bb311e wp-block-column-is-layout-flow\">\n<div class=\"wp-block-columns has-background-background-color has-background is-layout-flex wp-container-core-columns-is-layout-d47a2335 wp-block-columns-is-layout-flex\" style=\"border-radius:1.5rem;padding-top:1.5rem;padding-right:1.5rem;padding-bottom:1.5rem;padding-left:1.5rem\">\n<div class=\"wp-block-column is-layout-flow wp-block-column-is-layout-flow\" style=\"flex-basis:40%\">\n<figure class=\"wp-block-image size-large has-custom-border is-style-default\"><img alt=\"\" loading=\"lazy\" decoding=\"async\" width=\"879\" height=\"1024\" src=\"https:\/\/tuskwood.com\/wp-content\/uploads\/2025\/08\/20250406_185333-1-879x1024.jpg\" class=\"wp-image-123\" style=\"border-radius:1.5rem;aspect-ratio:1;object-fit:cover\" srcset=\"https:\/\/tuskwood.com\/wp-content\/uploads\/2025\/08\/20250406_185333-1-879x1024.jpg 879w, https:\/\/tuskwood.com\/wp-content\/uploads\/2025\/08\/20250406_185333-1-257x300.jpg 257w, https:\/\/tuskwood.com\/wp-content\/uploads\/2025\/08\/20250406_185333-1-768x895.jpg 768w, https:\/\/tuskwood.com\/wp-content\/uploads\/2025\/08\/20250406_185333-1.jpg 1200w, https:\/\/tuskwood.com\/wp-content\/uploads\/2025\/08\/20250406_185333-1-600x699.jpg 600w\" sizes=\"auto, (max-width: 879px) 100vw, 879px\" \/><\/figure>\n<\/div>\n\n\n\n<div class=\"wp-block-column is-layout-flow wp-block-column-is-layout-flow\" style=\"padding-top:var(--wp--preset--spacing--20);padding-bottom:var(--wp--preset--spacing--20)\">\n<h4 class=\"wp-block-heading\" style=\"font-size:24px\">De heer Joel Andersson<\/h4>\n\n\n\n<p class=\"has-primary-color has-text-color has-small-font-size\" style=\"margin-top:4px\">CEO, Oprichter, Productmanager, Marketing, Web, Boekhouding, Financi\u00ebn, Inkoop, Productie, Transport, Communicatie.<\/p>\n\n\n\n<p>Met de hulp van begripvolle, ondersteunende en vergevingsgezinde kinderen en verloofde, doe ik tot nu toe alles zelf.<\/p>\n<\/div>\n<\/div>\n<\/div>\n\n\n\n<div class=\"wp-block-column is-layout-flow wp-container-core-column-is-layout-f5bb311e wp-block-column-is-layout-flow\">\n<div class=\"wp-block-columns has-background-background-color has-background is-layout-flex wp-container-core-columns-is-layout-d47a2335 wp-block-columns-is-layout-flex\" style=\"border-radius:1.5rem;padding-top:1.5rem;padding-right:1.5rem;padding-bottom:1.5rem;padding-left:1.5rem\">\n<div class=\"wp-block-column is-layout-flow wp-block-column-is-layout-flow\" style=\"flex-basis:40%\">\n<figure class=\"wp-block-image size-full has-custom-border is-style-default\"><img loading=\"lazy\" decoding=\"async\" width=\"1000\" height=\"991\" src=\"https:\/\/tuskwood.com\/wp-content\/uploads\/2025\/08\/20250420_221955-1.png\" alt=\"Tuskwood logo\" class=\"wp-image-112\" style=\"border-radius:1.5rem;aspect-ratio:1;object-fit:cover\" srcset=\"https:\/\/tuskwood.com\/wp-content\/uploads\/2025\/08\/20250420_221955-1.png 1000w, https:\/\/tuskwood.com\/wp-content\/uploads\/2025\/08\/20250420_221955-1-300x297.png 300w, https:\/\/tuskwood.com\/wp-content\/uploads\/2025\/08\/20250420_221955-1-150x150.png 150w, https:\/\/tuskwood.com\/wp-content\/uploads\/2025\/08\/20250420_221955-1-768x761.png 768w, https:\/\/tuskwood.com\/wp-content\/uploads\/2025\/08\/20250420_221955-1-12x12.png 12w, https:\/\/tuskwood.com\/wp-content\/uploads\/2025\/08\/20250420_221955-1-600x595.png 600w, https:\/\/tuskwood.com\/wp-content\/uploads\/2025\/08\/20250420_221955-1-100x100.png 100w, https:\/\/tuskwood.com\/wp-content\/uploads\/2025\/08\/20250420_221955-1-47x47.png 47w\" sizes=\"auto, (max-width: 1000px) 100vw, 1000px\" \/><\/figure>\n<\/div>\n\n\n\n<div class=\"wp-block-column is-layout-flow wp-block-column-is-layout-flow\" style=\"padding-top:var(--wp--preset--spacing--20);padding-bottom:var(--wp--preset--spacing--20)\">\n<h4 class=\"wp-block-heading\" style=\"font-size:24px\">Neem contact met ons op<\/h4>\n\n\n\n<p>Tuskwood - Joel Andersson<br>Idstigen 2<br>34337 \u00c4lmhult<br>Zweden<br>+46735171090<br>info@tuskwood.com<br>BTW-nr. SE811016277601<\/p>\n<\/div>\n<\/div>\n<\/div>\n<\/div>\n<\/div>\n\n\n\n<p><\/p>","protected":false},"excerpt":{"rendered":"<p>Naturlig sk\u00f6nhet och h\u00e5llbarhet i varje rot V\u00e4lkommen till&nbsp;Tuskwood.com. Tuskwood drivs av mig, Joel Andersson. Jag har \u00e4gnat m\u00e5nga \u00e5r [&hellip;]<\/p>\n","protected":false},"author":1,"featured_media":0,"parent":0,"menu_order":0,"comment_status":"closed","ping_status":"closed","template":"","meta":{"_seopress_robots_primary_cat":"","_seopress_titles_title":"","_seopress_titles_desc":"","_seopress_robots_index":"","_uag_custom_page_level_css":"","site-sidebar-layout":"default","site-content-layout":"","ast-site-content-layout":"default","site-content-style":"default","site-sidebar-style":"default","ast-global-header-display":"","ast-banner-title-visibility":"","ast-main-header-display":"","ast-hfb-above-header-display":"","ast-hfb-below-header-display":"","ast-hfb-mobile-header-display":"","site-post-title":"","ast-breadcrumbs-content":"","ast-featured-img":"","footer-sml-layout":"","ast-disable-related-posts":"","theme-transparent-header-meta":"","adv-header-id-meta":"","stick-header-meta":"","header-above-stick-meta":"","header-main-stick-meta":"","header-below-stick-meta":"","astra-migrate-meta-layouts":"default","ast-page-background-enabled":"default","ast-page-background-meta":{"desktop":{"background-color":"var(--ast-global-color-5)","background-image":"","background-repeat":"repeat","background-position":"center center","background-size":"auto","background-attachment":"scroll","background-type":"","background-media":"","overlay-type":"","overlay-color":"","overlay-opacity":"","overlay-gradient":""},"tablet":{"background-color":"","background-image":"","background-repeat":"repeat","background-position":"center center","background-size":"auto","background-attachment":"scroll","background-type":"","background-media":"","overlay-type":"","overlay-color":"","overlay-opacity":"","overlay-gradient":""},"mobile":{"background-color":"","background-image":"","background-repeat":"repeat","background-position":"center center","background-size":"auto","background-attachment":"scroll","background-type":"","background-media":"","overlay-type":"","overlay-color":"","overlay-opacity":"","overlay-gradient":""}},"ast-content-background-meta":{"desktop":{"background-color":"var(--ast-global-color-4)","background-image":"","background-repeat":"repeat","background-position":"center center","background-size":"auto","background-attachment":"scroll","background-type":"","background-media":"","overlay-type":"","overlay-color":"","overlay-opacity":"","overlay-gradient":""},"tablet":{"background-color":"var(--ast-global-color-4)","background-image":"","background-repeat":"repeat","background-position":"center center","background-size":"auto","background-attachment":"scroll","background-type":"","background-media":"","overlay-type":"","overlay-color":"","overlay-opacity":"","overlay-gradient":""},"mobile":{"background-color":"var(--ast-global-color-4)","background-image":"","background-repeat":"repeat","background-position":"center center","background-size":"auto","background-attachment":"scroll","background-type":"","background-media":"","overlay-type":"","overlay-color":"","overlay-opacity":"","overlay-gradient":""}},"footnotes":""},"class_list":["post-27","page","type-page","status-publish","hentry"],"uagb_featured_image_src":{"full":false,"thumbnail":false,"medium":false,"medium_large":false,"large":false,"1536x1536":false,"2048x2048":false,"trp-custom-language-flag":false,"woocommerce_thumbnail":false,"woocommerce_single":false,"woocommerce_gallery_thumbnail":false},"uagb_author_info":{"display_name":"admin","author_link":"https:\/\/tuskwood.com\/nl\/author\/admin\/"},"uagb_comment_info":0,"uagb_excerpt":"Naturlig sk\u00f6nhet och h\u00e5llbarhet i varje rot V\u00e4lkommen till&nbsp;Tuskwood.com. Tuskwood drivs av mig, Joel Andersson. Jag har \u00e4gnat m\u00e5nga \u00e5r [&hellip;]","_links":{"self":[{"href":"https:\/\/tuskwood.com\/nl\/wp-json\/wp\/v2\/pages\/27","targetHints":{"allow":["GET"]}}],"collection":[{"href":"https:\/\/tuskwood.com\/nl\/wp-json\/wp\/v2\/pages"}],"about":[{"href":"https:\/\/tuskwood.com\/nl\/wp-json\/wp\/v2\/types\/page"}],"author":[{"embeddable":true,"href":"https:\/\/tuskwood.com\/nl\/wp-json\/wp\/v2\/users\/1"}],"replies":[{"embeddable":true,"href":"https:\/\/tuskwood.com\/nl\/wp-json\/wp\/v2\/comments?post=27"}],"version-history":[{"count":2,"href":"https:\/\/tuskwood.com\/nl\/wp-json\/wp\/v2\/pages\/27\/revisions"}],"predecessor-version":[{"id":3208,"href":"https:\/\/tuskwood.com\/nl\/wp-json\/wp\/v2\/pages\/27\/revisions\/3208"}],"wp:attachment":[{"href":"https:\/\/tuskwood.com\/nl\/wp-json\/wp\/v2\/media?parent=27"}],"curies":[{"name":"wp","href":"https:\/\/api.w.org\/{rel}","templated":true}]}}