{"id":3167,"date":"2026-04-14T13:28:29","date_gmt":"2026-04-14T13:28:29","guid":{"rendered":"https:\/\/tuskwood.com\/?page_id=3167"},"modified":"2026-04-14T13:28:33","modified_gmt":"2026-04-14T13:28:33","slug":"tuskwood-akta-myrtra-for-akvarium","status":"publish","type":"page","link":"https:\/\/tuskwood.com\/nl\/tuskwood-akta-myrtra-for-akvarium\/","title":{"rendered":"TUSKWOOD - ECHT VEENHOUT VOOR AQUARIA"},"content":{"rendered":"<div class=\"wp-block-uagb-container uagb-block-bf16050d alignfull uagb-is-root-container\"><div class=\"uagb-container-inner-blocks-wrap\">\n<div class=\"wp-block-uagb-container uagb-block-d4e307cf\">\n<div class=\"wp-block-media-text is-stacked-on-mobile\" style=\"grid-template-columns:26% auto\"><figure class=\"wp-block-media-text__media\"><img alt=\"\" loading=\"lazy\" decoding=\"async\" width=\"683\" height=\"1024\" src=\"https:\/\/tuskwood.com\/wp-content\/uploads\/2026\/04\/IMG_9300-w1000px-683x1024.jpg\" class=\"wp-image-3168 size-full\" srcset=\"https:\/\/tuskwood.com\/wp-content\/uploads\/2026\/04\/IMG_9300-w1000px-683x1024.jpg 683w, https:\/\/tuskwood.com\/wp-content\/uploads\/2026\/04\/IMG_9300-w1000px-200x300.jpg 200w, https:\/\/tuskwood.com\/wp-content\/uploads\/2026\/04\/IMG_9300-w1000px-768x1152.jpg 768w, https:\/\/tuskwood.com\/wp-content\/uploads\/2026\/04\/IMG_9300-w1000px-8x12.jpg 8w, https:\/\/tuskwood.com\/wp-content\/uploads\/2026\/04\/IMG_9300-w1000px-600x900.jpg 600w, https:\/\/tuskwood.com\/wp-content\/uploads\/2026\/04\/IMG_9300-w1000px.jpg 1000w\" sizes=\"auto, (max-width: 683px) 100vw, 683px\" \/><\/figure><div class=\"wp-block-media-text__content\">\n<p>Er zijn wortels die gewoon decoratie zijn.<br>En dan zijn er wortels die een verhaal met zich meedragen.<\/p>\n\n\n\n<p>Tuskwood is echt veenhout uit noordelijke veengebieden. Het hout is afkomstig van bomen en struiken die ooit worstelden om te overleven in een ruwe, voedselarme en met water verzadigde omgeving. Niets groeit er snel. Alles gaat langzaam. Jaar na jaar. Laag na laag. Wind, nat, koud, duisternis.<\/p>\n\n\n\n<p>Uiteindelijk gaf de boom het op. Het deel van de boom dat zich boven het witte mos bevond, brak af, verrotte, het deel dat zich onder het mos bevond, zakte weg in het mos.<\/p>\n\n\n\n<p>Maar het ging nooit weg.<\/p>\n\n\n\n<p>In plaats daarvan werd het hout in het anoxische moeras honderden tot duizenden jaren bewaard. Humuszuren, mineralen en tijd veranderden het langzaam. Wat ooit een levende boom was, werd iets anders: donkerder, dichter, volwassener, veerkrachtiger. Geen vers hout. Geen gewoon hout. Maar een natuurlijk materiaal met een geheel eigen karakter.<\/p>\n\n\n\n<p>Dat is wat Tuskwood is.<\/p>\n<\/div><\/div>\n<\/div>\n<\/div><\/div>\n\n\n\n<div class=\"wp-block-media-text has-media-on-the-right is-stacked-on-mobile\" style=\"grid-template-columns:auto 26%\"><div class=\"wp-block-media-text__content\">\n<p><strong>Elke wortel is uniek - en oeroud<\/strong><\/p>\n\n\n\n<p>Als je een Tuskwood wortel in je hand houdt, heb je niet alleen een vorm die mooi staat in een aquarium. Je houdt een stukje Scandinavische natuurgeschiedenis vast.<\/p>\n\n\n\n<p>Elke wortel is op zijn eigen plek gegroeid. Zijn eigen jaren gevochten. Be\u00efnvloed door zijn eigen bosje, zijn eigen waterstroming, zijn eigen unieke omgeving in het moeras. Daarom zijn er geen kopie\u00ebn. Geen enkele wortel lijkt precies op een andere. Elk stuk draagt sporen van een echt leven en een echte plek.<\/p>\n\n\n\n<p>Dit is ook de reden waarom de Tuskwood anders aanvoelt dan veel andere wortels op de markt.<\/p>\n<\/div><figure class=\"wp-block-media-text__media\"><img alt=\"\" decoding=\"async\" src=\"https:\/\/tuskwood.com\/wp-content\/uploads\/2026\/03\/20260302_224218.jpg\" class=\"wp-image-2985 size-full\"\/><\/figure><\/div>\n\n\n\n<div class=\"wp-block-media-text is-stacked-on-mobile\" style=\"grid-template-columns:36% auto\"><figure class=\"wp-block-media-text__media\"><img alt=\"\" loading=\"lazy\" decoding=\"async\" width=\"660\" height=\"780\" src=\"https:\/\/tuskwood.com\/wp-content\/uploads\/2026\/04\/603c34256a41f45a99aa6814_kikwetu-2.png\" class=\"wp-image-3169 size-full\" srcset=\"https:\/\/tuskwood.com\/wp-content\/uploads\/2026\/04\/603c34256a41f45a99aa6814_kikwetu-2.png 660w, https:\/\/tuskwood.com\/wp-content\/uploads\/2026\/04\/603c34256a41f45a99aa6814_kikwetu-2-254x300.png 254w, https:\/\/tuskwood.com\/wp-content\/uploads\/2026\/04\/603c34256a41f45a99aa6814_kikwetu-2-10x12.png 10w, https:\/\/tuskwood.com\/wp-content\/uploads\/2026\/04\/603c34256a41f45a99aa6814_kikwetu-2-600x709.png 600w\" sizes=\"auto, (max-width: 660px) 100vw, 660px\" \/><\/figure><div class=\"wp-block-media-text__content\">\n<p><strong>Geen Aziatische import. Geen lichtgekleurde exemplaren.<\/strong><\/p>\n\n\n\n<p>Veel van wat tegenwoordig verkocht wordt als \u201cmoerashout\u201d, \u201cmoshout\u201d of \u201cmoeraswortel\u201d is in feite iets heel anders dan klassiek Europees moerashout. Het is vaak ge\u00efmporteerd, lichter gekleurd hout uit Azi\u00eb, meer voorspelbare en uniforme restanten uit kwekerijen en kassen, vaak Azalea's - soms mooi op zichzelf, soms chemisch behandeld om ze zwart van kleur te maken, maar met een compleet andere textuur, gevoel en eigenschappen in water. Deze wortels worden meestal ook gezandstraald, waardoor de natuurlijke textuur en details van het oppervlak verdwijnen en de look meer industrieel en saai wordt.<\/p>\n\n\n\n<p>Tuskwood is niet zo'n materiaal.<\/p>\n\n\n\n<p>Tuskwood is donker, volwassen, natuurlijk verduurzaamd hout uit noordelijke veengebieden. Het is langzaam gevormd door de natuur zelf. Waar de lichtgekleurde alternatieven vaak droog, licht en tijdelijk aanvoelen, heeft Tuskwood een ander gewicht. Een andere rust. Een andere geloofwaardigheid in een natuurlijk aquarium. Een unieke herkomst, elke wortel heeft zijn eigen verhaal te vertellen.<\/p>\n\n\n\n<p>Dat zie je aan de kleur.<br>Het is voelbaar in de structuur.<br>En dat is te zien in het aquarium.<\/p>\n<\/div><\/div>\n\n\n\n<div class=\"wp-block-media-text has-media-on-the-right is-stacked-on-mobile\" style=\"grid-template-columns:auto 28%\"><div class=\"wp-block-media-text__content\">\n<p><strong>Een wortel die er niet alleen goed uitziet<\/strong><\/p>\n\n\n\n<p>Tuskwood draait niet alleen om vorm. Het gaat ook om functie.<\/p>\n\n\n\n<p>Echt veenhout geeft van nature looistoffen en humus af wanneer het in water wordt gelegd. Dit hoort bij de aard van het materiaal. Voor veel vissen, garnalen en micro-organismen horen deze stoffen thuis in een natuurlijker aquatisch milieu. Ze dragen bij aan het zachte, levendige en biologisch actieve water waar veel aquarianen naar op zoek zijn.<\/p>\n\n\n\n<p>De mate waarin een Tuskwood wortel het water kleurt, kan licht verschillen van wortel tot wortel. In de meeste gevallen is het effect vanaf het begin klein en na een paar weken tot een paar maanden is er normaal gesproken geen merkbaar effect op de kleur van het water. Zelfs zonder enig effect op de kleur blijft er een zeer langzame afgifte van stoffen die gunstig zijn voor het aquarium.<\/p>\n\n\n\n<p>De humusstoffen in echt moerashout worden ook geassocieerd met een van nature beschermende en mild antibacteri\u00eble omgeving, gunstig voor de gezondheid van vissen, wat een van de redenen is waarom klassiek moerashout al zo lang zo populair is in aquaria.<\/p>\n\n\n\n<p>De Tuskwood is niet zomaar iets waar je naar kijkt.<br>Het is iets dat samenwerkt met het leven in het aquarium.<\/p>\n<\/div><figure class=\"wp-block-media-text__media\"><img alt=\"\" loading=\"lazy\" decoding=\"async\" width=\"683\" height=\"1024\" src=\"https:\/\/tuskwood.com\/wp-content\/uploads\/2026\/04\/499402964_122114707934843968_3562982866609318195_n-683x1024.jpg\" class=\"wp-image-3170 size-full\" srcset=\"https:\/\/tuskwood.com\/wp-content\/uploads\/2026\/04\/499402964_122114707934843968_3562982866609318195_n-683x1024.jpg 683w, https:\/\/tuskwood.com\/wp-content\/uploads\/2026\/04\/499402964_122114707934843968_3562982866609318195_n-200x300.jpg 200w, https:\/\/tuskwood.com\/wp-content\/uploads\/2026\/04\/499402964_122114707934843968_3562982866609318195_n-768x1152.jpg 768w, https:\/\/tuskwood.com\/wp-content\/uploads\/2026\/04\/499402964_122114707934843968_3562982866609318195_n-8x12.jpg 8w, https:\/\/tuskwood.com\/wp-content\/uploads\/2026\/04\/499402964_122114707934843968_3562982866609318195_n-600x900.jpg 600w, https:\/\/tuskwood.com\/wp-content\/uploads\/2026\/04\/499402964_122114707934843968_3562982866609318195_n.jpg 1024w\" sizes=\"auto, (max-width: 683px) 100vw, 683px\" \/><\/figure><\/div>\n\n\n\n<div class=\"wp-block-media-text is-stacked-on-mobile\"><figure class=\"wp-block-media-text__media\"><img alt=\"\" loading=\"lazy\" decoding=\"async\" width=\"1024\" height=\"694\" src=\"https:\/\/tuskwood.com\/wp-content\/uploads\/2026\/04\/Bogwood-in-the-70s-1024x694.png\" class=\"wp-image-3189 size-full\" srcset=\"https:\/\/tuskwood.com\/wp-content\/uploads\/2026\/04\/Bogwood-in-the-70s-1024x694.png 1024w, https:\/\/tuskwood.com\/wp-content\/uploads\/2026\/04\/Bogwood-in-the-70s-300x203.png 300w, https:\/\/tuskwood.com\/wp-content\/uploads\/2026\/04\/Bogwood-in-the-70s-768x520.png 768w, https:\/\/tuskwood.com\/wp-content\/uploads\/2026\/04\/Bogwood-in-the-70s-18x12.png 18w, https:\/\/tuskwood.com\/wp-content\/uploads\/2026\/04\/Bogwood-in-the-70s-600x406.png 600w, https:\/\/tuskwood.com\/wp-content\/uploads\/2026\/04\/Bogwood-in-the-70s.png 1134w\" sizes=\"auto, (max-width: 1024px) 100vw, 1024px\" \/><\/figure><div class=\"wp-block-media-text__content\">\n<p><strong>Echt moerashout in de geschiedenis van het aquarium<\/strong><\/p>\n\n\n\n<p>Echt veenhout is al heel lang een belangrijk onderdeel van de aquariumhobby. Het is een van de klassieke natuurlijke materialen - gewaardeerd om zijn donkere, volwassen uiterlijk, zijn stabiliteit in het water en zijn vermogen om het aquarium een meer natuurlijke uitstraling te geven.<\/p>\n\n\n\n<p>Hij wordt vaak geassocieerd met Zuid-Amerikaanse omgevingen en zwartwateraquaria, waar hij natuurlijk heel goed past. Maar Tuskwood hoort daar niet alleen thuis. We hebben ook veel goede voorbeelden van echt mierenhout dat goed werkt in cichlidenaquaria met hard water, zelfs in kalksteenopstellingen. Dit laat iets belangrijks zien: Tuskwood is niet beperkt tot \u00e9\u00e9n stijl of \u00e9\u00e9n aquatisch milieu. Het is een sterk en veelzijdig natuurlijk materiaal dat karakter en functie kan toevoegen aan veel verschillende soorten aquaria.<\/p>\n\n\n\n<p>Terwijl vers zachthout in de aquariumhobby lange tijd is afgeraden, heeft moshout van naaldbomen en struiken decennialang een centrale plaats in de hobby ingenomen. Als het beschikbaar was, is het ook het soort hout dat veel van de meest serieuze en prominente aquarianen hebben gekozen.<\/p>\n<\/div><\/div>\n\n\n\n<div class=\"wp-block-uagb-container uagb-block-86d2e705 alignfull uagb-is-root-container\"><div class=\"uagb-container-inner-blocks-wrap\">\n<div class=\"wp-block-media-text is-stacked-on-mobile\" style=\"grid-template-columns:38% auto\"><figure class=\"wp-block-media-text__media\"><img alt=\"\" loading=\"lazy\" decoding=\"async\" width=\"1024\" height=\"1024\" src=\"https:\/\/tuskwood.com\/wp-content\/uploads\/2026\/04\/23f69910-ad5e-4cbe-8294-04edf44fa786.png\" class=\"wp-image-3190 size-full\" srcset=\"https:\/\/tuskwood.com\/wp-content\/uploads\/2026\/04\/23f69910-ad5e-4cbe-8294-04edf44fa786.png 1024w, https:\/\/tuskwood.com\/wp-content\/uploads\/2026\/04\/23f69910-ad5e-4cbe-8294-04edf44fa786-300x300.png 300w, https:\/\/tuskwood.com\/wp-content\/uploads\/2026\/04\/23f69910-ad5e-4cbe-8294-04edf44fa786-150x150.png 150w, https:\/\/tuskwood.com\/wp-content\/uploads\/2026\/04\/23f69910-ad5e-4cbe-8294-04edf44fa786-768x768.png 768w, https:\/\/tuskwood.com\/wp-content\/uploads\/2026\/04\/23f69910-ad5e-4cbe-8294-04edf44fa786-12x12.png 12w, https:\/\/tuskwood.com\/wp-content\/uploads\/2026\/04\/23f69910-ad5e-4cbe-8294-04edf44fa786-600x600.png 600w, https:\/\/tuskwood.com\/wp-content\/uploads\/2026\/04\/23f69910-ad5e-4cbe-8294-04edf44fa786-100x100.png 100w\" sizes=\"auto, (max-width: 1024px) 100vw, 1024px\" \/><\/figure><div class=\"wp-block-media-text__content\">\n<p><strong>Meer dan een wortel<\/strong><br>De Tuskwood is voor diegenen die meer willen dan gewoon een ander hardscape detail. <br>Het is voor mensen die een aquarium willen bouwen met een gevoel van plaats. Van ouderdom. Van de natuur. Iets dat minder fabrieks aanvoelt en meer bos, meer moeras, meer realiteit. <br><br>Elke wortel is uniek.<br>Elke wortel is oeroud.<br>Elke wortel heeft een verhaal te vertellen.<br><br><strong>Tuskwood - Aquariumwortels die elkaar raken<\/strong><\/p>\n<\/div><\/div>\n<\/div><\/div>","protected":false},"excerpt":{"rendered":"<p>Det finns r\u00f6tter som bara \u00e4r dekoration.Och s\u00e5 finns det r\u00f6tter som b\u00e4r p\u00e5 en historia. Tuskwood \u00e4r \u00e4kta myrtr\u00e4 [&hellip;]<\/p>\n","protected":false},"author":1,"featured_media":0,"parent":0,"menu_order":0,"comment_status":"closed","ping_status":"closed","template":"","meta":{"_seopress_robots_primary_cat":"","_seopress_titles_title":"","_seopress_titles_desc":"","_seopress_robots_index":"","_uag_custom_page_level_css":"","site-sidebar-layout":"default","site-content-layout":"","ast-site-content-layout":"default","site-content-style":"default","site-sidebar-style":"default","ast-global-header-display":"","ast-banner-title-visibility":"","ast-main-header-display":"","ast-hfb-above-header-display":"","ast-hfb-below-header-display":"","ast-hfb-mobile-header-display":"","site-post-title":"","ast-breadcrumbs-content":"","ast-featured-img":"","footer-sml-layout":"","ast-disable-related-posts":"","theme-transparent-header-meta":"","adv-header-id-meta":"","stick-header-meta":"","header-above-stick-meta":"","header-main-stick-meta":"","header-below-stick-meta":"","astra-migrate-meta-layouts":"default","ast-page-background-enabled":"default","ast-page-background-meta":{"desktop":{"background-color":"var(--ast-global-color-5)","background-image":"","background-repeat":"repeat","background-position":"center center","background-size":"auto","background-attachment":"scroll","background-type":"","background-media":"","overlay-type":"","overlay-color":"","overlay-opacity":"","overlay-gradient":""},"tablet":{"background-color":"","background-image":"","background-repeat":"repeat","background-position":"center center","background-size":"auto","background-attachment":"scroll","background-type":"","background-media":"","overlay-type":"","overlay-color":"","overlay-opacity":"","overlay-gradient":""},"mobile":{"background-color":"","background-image":"","background-repeat":"repeat","background-position":"center center","background-size":"auto","background-attachment":"scroll","background-type":"","background-media":"","overlay-type":"","overlay-color":"","overlay-opacity":"","overlay-gradient":""}},"ast-content-background-meta":{"desktop":{"background-color":"var(--ast-global-color-4)","background-image":"","background-repeat":"repeat","background-position":"center center","background-size":"auto","background-attachment":"scroll","background-type":"","background-media":"","overlay-type":"","overlay-color":"","overlay-opacity":"","overlay-gradient":""},"tablet":{"background-color":"var(--ast-global-color-4)","background-image":"","background-repeat":"repeat","background-position":"center center","background-size":"auto","background-attachment":"scroll","background-type":"","background-media":"","overlay-type":"","overlay-color":"","overlay-opacity":"","overlay-gradient":""},"mobile":{"background-color":"var(--ast-global-color-4)","background-image":"","background-repeat":"repeat","background-position":"center center","background-size":"auto","background-attachment":"scroll","background-type":"","background-media":"","overlay-type":"","overlay-color":"","overlay-opacity":"","overlay-gradient":""}},"footnotes":""},"class_list":["post-3167","page","type-page","status-publish","hentry"],"uagb_featured_image_src":{"full":false,"thumbnail":false,"medium":false,"medium_large":false,"large":false,"1536x1536":false,"2048x2048":false,"trp-custom-language-flag":false,"woocommerce_thumbnail":false,"woocommerce_single":false,"woocommerce_gallery_thumbnail":false},"uagb_author_info":{"display_name":"admin","author_link":"https:\/\/tuskwood.com\/nl\/author\/admin\/"},"uagb_comment_info":0,"uagb_excerpt":"Det finns r\u00f6tter som bara \u00e4r dekoration.Och s\u00e5 finns det r\u00f6tter som b\u00e4r p\u00e5 en historia. Tuskwood \u00e4r \u00e4kta myrtr\u00e4 [&hellip;]","_links":{"self":[{"href":"https:\/\/tuskwood.com\/nl\/wp-json\/wp\/v2\/pages\/3167","targetHints":{"allow":["GET"]}}],"collection":[{"href":"https:\/\/tuskwood.com\/nl\/wp-json\/wp\/v2\/pages"}],"about":[{"href":"https:\/\/tuskwood.com\/nl\/wp-json\/wp\/v2\/types\/page"}],"author":[{"embeddable":true,"href":"https:\/\/tuskwood.com\/nl\/wp-json\/wp\/v2\/users\/1"}],"replies":[{"embeddable":true,"href":"https:\/\/tuskwood.com\/nl\/wp-json\/wp\/v2\/comments?post=3167"}],"version-history":[{"count":3,"href":"https:\/\/tuskwood.com\/nl\/wp-json\/wp\/v2\/pages\/3167\/revisions"}],"predecessor-version":[{"id":3191,"href":"https:\/\/tuskwood.com\/nl\/wp-json\/wp\/v2\/pages\/3167\/revisions\/3191"}],"wp:attachment":[{"href":"https:\/\/tuskwood.com\/nl\/wp-json\/wp\/v2\/media?parent=3167"}],"curies":[{"name":"wp","href":"https:\/\/api.w.org\/{rel}","templated":true}]}}