{"id":3193,"date":"2026-04-14T13:44:49","date_gmt":"2026-04-14T13:44:49","guid":{"rendered":"https:\/\/tuskwood.com\/?page_id=3193"},"modified":"2026-04-14T13:49:48","modified_gmt":"2026-04-14T13:49:48","slug":"tuskwood-schottenrij-en-behandeling","status":"publish","type":"page","link":"https:\/\/tuskwood.com\/nl\/tuskwood-skotselrad-och-hantering\/","title":{"rendered":"TUSKWOOD - Onderhoud en behandeling"},"content":{"rendered":"<p>Je Tuskwood wortel is honderden - soms duizenden - jaren bewaard gebleven in zuurstofarme Scandinavische moerassen. Gedurende deze tijd is het hout langzaam ge\u00efmpregneerd met humus, gemineraliseerd en gevormd door de krachten van de natuur.<br>Elke wortel draagt een verhaal met zich mee van de strijd tegen kou, duisternis en nattigheid, van de plaats en het leven die deze specifieke wortel zijn unieke eigenschappen en vormen hebben gegeven. Tuskwood is een exclusief natuurlijk materiaal, het verdient het om met de juiste zorg te worden behandeld.<br>Het goede nieuws: het is gemakkelijk - als je eenmaal weet hoe.<\/p>\n\n\n\n<div class=\"wp-block-media-text is-stacked-on-mobile\" style=\"grid-template-columns:26% auto\"><figure class=\"wp-block-media-text__media\"><img alt=\"\" loading=\"lazy\" decoding=\"async\" width=\"1024\" height=\"1024\" src=\"https:\/\/tuskwood.com\/wp-content\/uploads\/2026\/04\/Tuskwood-branched-root-50-70-XXL-Special-4.png\" class=\"wp-image-3197 size-full\" srcset=\"https:\/\/tuskwood.com\/wp-content\/uploads\/2026\/04\/Tuskwood-branched-root-50-70-XXL-Special-4.png 1024w, https:\/\/tuskwood.com\/wp-content\/uploads\/2026\/04\/Tuskwood-branched-root-50-70-XXL-Special-4-300x300.png 300w, https:\/\/tuskwood.com\/wp-content\/uploads\/2026\/04\/Tuskwood-branched-root-50-70-XXL-Special-4-150x150.png 150w, https:\/\/tuskwood.com\/wp-content\/uploads\/2026\/04\/Tuskwood-branched-root-50-70-XXL-Special-4-768x768.png 768w, https:\/\/tuskwood.com\/wp-content\/uploads\/2026\/04\/Tuskwood-branched-root-50-70-XXL-Special-4-12x12.png 12w, https:\/\/tuskwood.com\/wp-content\/uploads\/2026\/04\/Tuskwood-branched-root-50-70-XXL-Special-4-600x600.png 600w, https:\/\/tuskwood.com\/wp-content\/uploads\/2026\/04\/Tuskwood-branched-root-50-70-XXL-Special-4-100x100.png 100w\" sizes=\"auto, (max-width: 1024px) 100vw, 1024px\" \/><\/figure><div class=\"wp-block-media-text__content\">\n<p><strong>1. schoonmaken<\/strong><br>De Tuskwood hoeft niet gereinigd te worden om hem veilig te maken voor gebruik in het aquarium, maar een algemene schoonmaakbeurt om losse turf, schorsfragmenten te verwijderen is welkom. De makkelijkste manier om dit te doen is bijvoorbeeld met een afwasborstel en gewoon kraanwater. Het hoeft niet helemaal schoon te zijn, turf en schors zijn niet gevaarlijk voor het aquatisch milieu, en het antimicrobi\u00eble milieu dat de wortel zoveel jaren heeft bewaard, voorkomt dat het een drager is van veel voorkomende parasieten en infecties.<br>Gebruik geen chemicali\u00ebn en kook de wortel niet. Koken kan de natuurlijke antibacteri\u00eble en rotbestendige eigenschappen van de wortel negatief be\u00efnvloeden en in het ergste geval kunnen chemicali\u00ebn door de wortel worden opgenomen en vervolgens in het aquariumwater terechtkomen.<\/p>\n<\/div><\/div>\n\n\n\n<div class=\"wp-block-uagb-container uagb-block-8b86ba46 alignfull uagb-is-root-container\"><div class=\"uagb-container-inner-blocks-wrap\">\n<div class=\"wp-block-media-text has-media-on-the-right is-stacked-on-mobile\" style=\"grid-template-columns:auto 22%\"><div class=\"wp-block-media-text__content\">\n<p><strong>2. weken<\/strong><br>Zet de wortel in water met een gewicht van alternatief gelijmd op steen of iets dergelijks in een aquascape, in <strong>1-2 weken<\/strong> voor dunnere wortels, en <strong>3-4 weken<\/strong> voor dikkere exemplaren. Ververs het water \u00e9\u00e9n keer per week. Zo kan de wortel water opnemen en zijn drijfvermogen verminderen. Het betekent ook dat een eventuele hogere afgifte van humus en antibacteri\u00eble stoffen uit de wortel geen invloed heeft op de fauna van het aquarium.<\/p>\n<\/div><figure class=\"wp-block-media-text__media\"><img alt=\"\" loading=\"lazy\" decoding=\"async\" width=\"1024\" height=\"1024\" src=\"https:\/\/tuskwood.com\/wp-content\/uploads\/2026\/04\/Tuskwood-Weathered-XL-50-70-6.png\" class=\"wp-image-3196 size-full\" srcset=\"https:\/\/tuskwood.com\/wp-content\/uploads\/2026\/04\/Tuskwood-Weathered-XL-50-70-6.png 1024w, https:\/\/tuskwood.com\/wp-content\/uploads\/2026\/04\/Tuskwood-Weathered-XL-50-70-6-300x300.png 300w, https:\/\/tuskwood.com\/wp-content\/uploads\/2026\/04\/Tuskwood-Weathered-XL-50-70-6-150x150.png 150w, https:\/\/tuskwood.com\/wp-content\/uploads\/2026\/04\/Tuskwood-Weathered-XL-50-70-6-768x768.png 768w, https:\/\/tuskwood.com\/wp-content\/uploads\/2026\/04\/Tuskwood-Weathered-XL-50-70-6-12x12.png 12w, https:\/\/tuskwood.com\/wp-content\/uploads\/2026\/04\/Tuskwood-Weathered-XL-50-70-6-600x600.png 600w, https:\/\/tuskwood.com\/wp-content\/uploads\/2026\/04\/Tuskwood-Weathered-XL-50-70-6-100x100.png 100w\" sizes=\"auto, (max-width: 1024px) 100vw, 1024px\" \/><\/figure><\/div>\n<\/div><\/div>\n\n\n\n<div class=\"wp-block-media-text is-stacked-on-mobile\" style=\"grid-template-columns:23% auto\"><figure class=\"wp-block-media-text__media\"><img alt=\"\" loading=\"lazy\" decoding=\"async\" width=\"683\" height=\"1024\" src=\"https:\/\/tuskwood.com\/wp-content\/uploads\/2026\/04\/Tuskwood-weathered-log-1-683x1024.png\" class=\"wp-image-3198 size-full\" srcset=\"https:\/\/tuskwood.com\/wp-content\/uploads\/2026\/04\/Tuskwood-weathered-log-1-683x1024.png 683w, https:\/\/tuskwood.com\/wp-content\/uploads\/2026\/04\/Tuskwood-weathered-log-1-200x300.png 200w, https:\/\/tuskwood.com\/wp-content\/uploads\/2026\/04\/Tuskwood-weathered-log-1-768x1152.png 768w, https:\/\/tuskwood.com\/wp-content\/uploads\/2026\/04\/Tuskwood-weathered-log-1-8x12.png 8w, https:\/\/tuskwood.com\/wp-content\/uploads\/2026\/04\/Tuskwood-weathered-log-1-600x900.png 600w, https:\/\/tuskwood.com\/wp-content\/uploads\/2026\/04\/Tuskwood-weathered-log-1.png 1024w\" sizes=\"auto, (max-width: 683px) 100vw, 683px\" \/><\/figure><div class=\"wp-block-media-text__content\">\n<p><strong>3. snijden<\/strong><\/p>\n\n\n\n<p>Het is mogelijk om dunnere wortels naar eigen inzicht te knippen. Wortels met een diameter van meer dan 5 cm en vooral centrale delen van stronken moeten vermeden worden. Als je toch zo'n stuk wilt afknippen, moet je extra voorzichtig zijn met het daaropvolgende weken en de tijd verdubbelen tot 6-8 weken. De reden hiervoor is dat het afsnijden van een dikkere sectie ervoor kan zorgen dat de afgifte van antibacteri\u00eble stoffen, die normaal zeer gunstig zijn voor het aquatisch milieu, na verloop van tijd te intens wordt.<\/p>\n<\/div><\/div>\n\n\n\n<div class=\"wp-block-media-text has-media-on-the-right is-stacked-on-mobile\" style=\"grid-template-columns:auto 32%\"><div class=\"wp-block-media-text__content\">\n<p><strong>Kleurverandering<br><\/strong>Als de wortel in de zon gebleekt is, kan hij eerst grijzer zijn.  In water krijgt het binnenin een diepbruine tot roodbruine kleur. <strong>2-3 weken<\/strong><\/p>\n\n\n\n<p><strong>Invloed op water<br><\/strong>Tuskwood heeft na eerste bevochtiging weinig of geen merkbaar<strong> invloed op pH<\/strong> en biedt over het algemeen geen <strong>krachtig zwartwatereffect<\/strong>. Het is daarom ideaal voor zowel Zuid-Amerikaanse als Afrikaanse biotopen. Het heeft een milde, natuurlijke, antimicrobi\u00eble werking die zeer gunstig is voor vissen, amfibie\u00ebn en schelpdieren.<\/p>\n\n\n\n<p><strong>biofilm<br><\/strong>Een groot voordeel van Tuskwood is dat het biofilm- en slijmvorming normaal gesproken volledig voorkomt. Er kan een dun grijs laagje ontstaan, maar als dat gebeurt, is dat zeer beperkt en van korte duur en gaat het in korte tijd vanzelf weer weg.<\/p>\n<\/div><figure class=\"wp-block-media-text__media\"><img alt=\"\" loading=\"lazy\" decoding=\"async\" width=\"1024\" height=\"1024\" src=\"https:\/\/tuskwood.com\/wp-content\/uploads\/2026\/04\/e200ebca-1256-49a7-8047-927aed79b96c.png\" class=\"wp-image-3194 size-full\" srcset=\"https:\/\/tuskwood.com\/wp-content\/uploads\/2026\/04\/e200ebca-1256-49a7-8047-927aed79b96c.png 1024w, https:\/\/tuskwood.com\/wp-content\/uploads\/2026\/04\/e200ebca-1256-49a7-8047-927aed79b96c-300x300.png 300w, https:\/\/tuskwood.com\/wp-content\/uploads\/2026\/04\/e200ebca-1256-49a7-8047-927aed79b96c-150x150.png 150w, https:\/\/tuskwood.com\/wp-content\/uploads\/2026\/04\/e200ebca-1256-49a7-8047-927aed79b96c-768x768.png 768w, https:\/\/tuskwood.com\/wp-content\/uploads\/2026\/04\/e200ebca-1256-49a7-8047-927aed79b96c-12x12.png 12w, https:\/\/tuskwood.com\/wp-content\/uploads\/2026\/04\/e200ebca-1256-49a7-8047-927aed79b96c-600x600.png 600w, https:\/\/tuskwood.com\/wp-content\/uploads\/2026\/04\/e200ebca-1256-49a7-8047-927aed79b96c-100x100.png 100w\" sizes=\"auto, (max-width: 1024px) 100vw, 1024px\" \/><\/figure><\/div>\n\n\n\n<p><strong>Mechanische schade aan de wortel<br><\/strong>Soms kunnen kleine, dunne takken afbreken tijdens transport of behandeling. Maak je geen zorgen. Je kunt ze gemakkelijk vastzetten met gewone superlijm (cyanoacrylaat). Breng een kleine hoeveelheid aan en druk samen. Klaar in enkele seconden (dezelfde methode wordt professioneel gebruikt bij aquascaping)<\/p>\n\n\n\n<p><strong>DEEL VAN IETS GROTERS<\/strong><\/p>\n\n\n\n<p>Tuskwood wordt niet in massa geproduceerd.<br>Het is lokaal geproduceerd, gevormd door de natuur en zorgvuldig geselecteerd voor aquascaping.<br>Een duurzaam alternatief voor ge\u00efmporteerd hout - uit Europa, voor Europa.<\/p>\n\n\n\n<p>En misschien wel het belangrijkste:<\/p>\n\n\n\n<p><strong>Kiezen voor Tuskwood is niet zomaar een wortel kiezen.<br>Tuskwood is een wortel met een verhaal, een wortel die meer is dan alleen zijn uiterlijk. Een wortel met een geschiedenis en een positief effect op zijn hele omgeving.<\/strong><\/p>\n\n\n\n<p><strong>Tuskwood - Wortels, die aanraken.<\/strong><\/p>\n\n\n\n<p><\/p>","protected":false},"excerpt":{"rendered":"<p>Din Tuskwood-rot har legat bevarad i syrefattiga nordiska mossmarker i hundratals \u2013 ibland tusentals \u2013 \u00e5r. Under denna tid har [&hellip;]<\/p>\n","protected":false},"author":1,"featured_media":0,"parent":0,"menu_order":0,"comment_status":"closed","ping_status":"closed","template":"","meta":{"_seopress_robots_primary_cat":"","_seopress_titles_title":"","_seopress_titles_desc":"","_seopress_robots_index":"","_uag_custom_page_level_css":"","site-sidebar-layout":"default","site-content-layout":"","ast-site-content-layout":"default","site-content-style":"default","site-sidebar-style":"default","ast-global-header-display":"","ast-banner-title-visibility":"","ast-main-header-display":"","ast-hfb-above-header-display":"","ast-hfb-below-header-display":"","ast-hfb-mobile-header-display":"","site-post-title":"","ast-breadcrumbs-content":"","ast-featured-img":"","footer-sml-layout":"","ast-disable-related-posts":"","theme-transparent-header-meta":"","adv-header-id-meta":"","stick-header-meta":"","header-above-stick-meta":"","header-main-stick-meta":"","header-below-stick-meta":"","astra-migrate-meta-layouts":"default","ast-page-background-enabled":"default","ast-page-background-meta":{"desktop":{"background-color":"var(--ast-global-color-5)","background-image":"","background-repeat":"repeat","background-position":"center center","background-size":"auto","background-attachment":"scroll","background-type":"","background-media":"","overlay-type":"","overlay-color":"","overlay-opacity":"","overlay-gradient":""},"tablet":{"background-color":"","background-image":"","background-repeat":"repeat","background-position":"center center","background-size":"auto","background-attachment":"scroll","background-type":"","background-media":"","overlay-type":"","overlay-color":"","overlay-opacity":"","overlay-gradient":""},"mobile":{"background-color":"","background-image":"","background-repeat":"repeat","background-position":"center center","background-size":"auto","background-attachment":"scroll","background-type":"","background-media":"","overlay-type":"","overlay-color":"","overlay-opacity":"","overlay-gradient":""}},"ast-content-background-meta":{"desktop":{"background-color":"var(--ast-global-color-4)","background-image":"","background-repeat":"repeat","background-position":"center center","background-size":"auto","background-attachment":"scroll","background-type":"","background-media":"","overlay-type":"","overlay-color":"","overlay-opacity":"","overlay-gradient":""},"tablet":{"background-color":"var(--ast-global-color-4)","background-image":"","background-repeat":"repeat","background-position":"center center","background-size":"auto","background-attachment":"scroll","background-type":"","background-media":"","overlay-type":"","overlay-color":"","overlay-opacity":"","overlay-gradient":""},"mobile":{"background-color":"var(--ast-global-color-4)","background-image":"","background-repeat":"repeat","background-position":"center center","background-size":"auto","background-attachment":"scroll","background-type":"","background-media":"","overlay-type":"","overlay-color":"","overlay-opacity":"","overlay-gradient":""}},"footnotes":""},"class_list":["post-3193","page","type-page","status-publish","hentry"],"uagb_featured_image_src":{"full":false,"thumbnail":false,"medium":false,"medium_large":false,"large":false,"1536x1536":false,"2048x2048":false,"trp-custom-language-flag":false,"woocommerce_thumbnail":false,"woocommerce_single":false,"woocommerce_gallery_thumbnail":false},"uagb_author_info":{"display_name":"admin","author_link":"https:\/\/tuskwood.com\/nl\/author\/admin\/"},"uagb_comment_info":0,"uagb_excerpt":"Din Tuskwood-rot har legat bevarad i syrefattiga nordiska mossmarker i hundratals \u2013 ibland tusentals \u2013 \u00e5r. Under denna tid har [&hellip;]","_links":{"self":[{"href":"https:\/\/tuskwood.com\/nl\/wp-json\/wp\/v2\/pages\/3193","targetHints":{"allow":["GET"]}}],"collection":[{"href":"https:\/\/tuskwood.com\/nl\/wp-json\/wp\/v2\/pages"}],"about":[{"href":"https:\/\/tuskwood.com\/nl\/wp-json\/wp\/v2\/types\/page"}],"author":[{"embeddable":true,"href":"https:\/\/tuskwood.com\/nl\/wp-json\/wp\/v2\/users\/1"}],"replies":[{"embeddable":true,"href":"https:\/\/tuskwood.com\/nl\/wp-json\/wp\/v2\/comments?post=3193"}],"version-history":[{"count":1,"href":"https:\/\/tuskwood.com\/nl\/wp-json\/wp\/v2\/pages\/3193\/revisions"}],"predecessor-version":[{"id":3199,"href":"https:\/\/tuskwood.com\/nl\/wp-json\/wp\/v2\/pages\/3193\/revisions\/3199"}],"wp:attachment":[{"href":"https:\/\/tuskwood.com\/nl\/wp-json\/wp\/v2\/media?parent=3193"}],"curies":[{"name":"wp","href":"https:\/\/api.w.org\/{rel}","templated":true}]}}