{"id":2782,"date":"2026-03-03T10:07:18","date_gmt":"2026-03-03T10:07:18","guid":{"rendered":"https:\/\/tuskwood.com\/?post_type=product&#038;p=2782"},"modified":"2026-04-19T06:35:31","modified_gmt":"2026-04-19T06:35:31","slug":"nrt31","status":"publish","type":"product","link":"https:\/\/tuskwood.com\/nl\/produkt\/nrt31\/","title":{"rendered":"Nr.31"},"content":{"rendered":"<p data-start=\"264\" data-end=\"467\">Een uniek stuk\u00a0<strong data-start=\"350\" data-end=\"374\">Scandinavisch moerashout<\/strong>, natuurlijk geconserveerd in turf gedurende honderden tot duizenden jaren. Dit is een echte blikvanger en werkt perfect als\u00a0<strong>aquariumwortel in aquascape en aquarium<\/strong>.<\/p>\n<p data-start=\"264\" data-end=\"467\"><strong>Het product op de foto's is precies de wortel die je koopt.<\/strong><\/p>\n<p><strong>Voordelen van de Tuskwood<\/strong><\/p>\n<ul>\n<li data-start=\"2134\" data-end=\"2162\">\n<p data-start=\"2136\" data-end=\"2162\">Echt gemineraliseerd veenhout \/ moshout<\/p>\n<\/li>\n<li data-start=\"2163\" data-end=\"2186\">\n<p data-start=\"2165\" data-end=\"2186\">Lange levensduur<\/p>\n<\/li>\n<li data-start=\"2226\" data-end=\"2275\">\n<p data-start=\"2228\" data-end=\"2275\">Normaal geen biofilm of slijmvorming<\/p>\n<\/li>\n<li data-start=\"2276\" data-end=\"2313\">\n<p data-start=\"2278\" data-end=\"2313\">Werkt in zowel hard als zacht water<\/p>\n<\/li>\n<li data-start=\"2314\" data-end=\"2341\">\n<p data-start=\"2316\" data-end=\"2341\">Natuurlijk mooie roodbruine kleurtonen onder water<\/p>\n<\/li>\n<\/ul>\n<p data-start=\"731\" data-end=\"1030\">In tegenstelling tot gewone\u00a0<strong data-start=\"757\" data-end=\"808\">spinthout, manzanita, mangrove- of Maleisisch drijfhout<\/strong>, Tuskwood komt uit Europa en wordt op natuurlijke wijze gevormd in Scandinavische veengebieden. De mineralisatie maakt het hout duurzaam, waardoor het van nature donkere kleuren en vormen heeft die doen denken aan oude oeverwortels of ondergelopen boswortels.<\/p>\n<p data-start=\"1112\" data-end=\"1242\">Tuskwood komt langzaam vrij <strong data-start=\"1147\" data-end=\"1169\">natuurlijke tannines<\/strong> die de gezondheid van de vissen ondersteunen. De invloed op de kleur van het water is echter minimaal en meestal niet merkbaar.<\/p>\n<p data-start=\"1339\" data-end=\"1476\">\u2714 stabiele en milde afgifte van tannine<br data-start=\"1374\" data-end=\"1377\" \/>gunstig voor het welzijn van vissen<br data-start=\"1411\" data-end=\"1414\" \/>Licht antimicrobieel<\/p>\n<p data-start=\"1665\" data-end=\"1781\">Veel van het hout dat verkocht wordt voor aquascaping komt uit tropische bossen in Azi\u00eb en wordt de halve wereld rond verscheept.<br \/><strong data-start=\"1783\" data-end=\"1825\">Tuskwood is een Scandinavisch natuurlijk materiaal<\/strong>, lokaal verzameld als bijproduct van andere natuurlijke toepassingen, waardoor het een duurzamere keuze is zonder ontbossing in de tropen en mensonwaardige arbeidsomstandigheden, in plaats daarvan wordt het transport geminimaliseerd en worden de lokale economie en werkgelegenheid bevorderd.<\/p>\n<p data-start=\"2021\" data-end=\"2047\"><strong>Perfect voor:<\/strong><\/p>\n<ul data-start=\"2048\" data-end=\"2113\">\n<li data-start=\"2048\" data-end=\"2062\">\n<p data-start=\"2050\" data-end=\"2062\">plantenaquarium<\/p>\n<\/li>\n<li data-start=\"2048\" data-end=\"2062\">\n<p data-start=\"2050\" data-end=\"2062\">Natuuraquarium in ADA-stijl<\/p>\n<\/li>\n<li data-start=\"2075\" data-end=\"2085\">\n<p data-start=\"2077\" data-end=\"2085\">biotopen<\/p>\n<\/li>\n<li data-start=\"2086\" data-end=\"2098\">\n<p data-start=\"2088\" data-end=\"2098\">zwartwater<\/p>\n<\/li>\n<li data-start=\"2099\" data-end=\"2113\">\n<p data-start=\"2101\" data-end=\"2113\">showaquarium<\/p>\n<\/li>\n<li data-start=\"2099\" data-end=\"2113\">aquascaping<\/li>\n<\/ul>\n<p data-start=\"2399\" data-end=\"2526\"><strong>Tips voor aquascaping<\/strong><\/p>\n<p>Plaats als blikvanger en vul aan met stenen, zand of kleine takken<\/p>\n<p><strong>Voorbereiding voor gebruik<br \/><\/strong><\/p>\n<p>Volg altijd het onderhouds- en gebruiksadvies voor Tuskwood dat u kunt vinden onder het hoofdmenu \u201dOver Tuskwood\u201d.\u201d\u00a0<\/p>","protected":false},"excerpt":{"rendered":"<h3 data-path-to-node=\"3\"><b data-path-to-node=\"3\" data-index-in-node=\"0\">Tuskwood Oud veenhout<\/b><\/h3>\n<p data-path-to-node=\"4\">Echt veenhout, met de hand geplukt uit Scandinavische veengebieden waar het 500-4000 jaar lang op natuurlijke wijze bewaard is gebleven. Dit unieke proces maakt het hout gedeeltelijk gemineraliseerd, ge\u00efmpregneerd met humusstoffen, duurzaam en prachtig donker roodbruin van kleur. Tuskwood oud veenhout is al lang de meest gewilde wortelsoort voor de aquariumhobby.<\/p>\n<ul data-path-to-node=\"5\">\n<li>\n<p data-path-to-node=\"5,0,0\"><b data-path-to-node=\"5,0,0\" data-index-in-node=\"0\">Lange levensduur:<\/b> Gedeeltelijk gemineraliseerd en extreem duurzaam.<\/p>\n<\/li>\n<li>\n<p data-path-to-node=\"5,1,0\"><b>Positief voor het aquatisch milieu:<\/b> Bevordert evenwicht en gezondheid in het aquarium.<\/p>\n<\/li>\n<li>\n<p data-path-to-node=\"5,2,0\"><b data-path-to-node=\"5,2,0\" data-index-in-node=\"0\">Geen biofilm:<\/b> Vormt normaal geen slijm op het hout.<\/p>\n<\/li>\n<li>\n<p data-path-to-node=\"5,3,0\"><b data-path-to-node=\"5,3,0\" data-index-in-node=\"0\">Duurzaam en lokaal geproduceerd:<\/b> Zorgvuldig geselecteerd in Scandinavi\u00eb.<\/p>\n<\/li>\n<li><strong>Helder water:<\/strong> De invloed van hout op de kleur van water is normaal gesproken zeer beperkt en van korte duur.<\/li>\n<\/ul>","protected":false},"featured_media":2921,"comment_status":"closed","ping_status":"closed","template":"","meta":{"_seopress_robots_primary_cat":"","_seopress_titles_title":"","_seopress_titles_desc":"","_seopress_robots_index":"","_uag_custom_page_level_css":"","site-sidebar-layout":"default","site-content-layout":"","ast-site-content-layout":"default","site-content-style":"default","site-sidebar-style":"default","ast-global-header-display":"","ast-banner-title-visibility":"","ast-main-header-display":"","ast-hfb-above-header-display":"","ast-hfb-below-header-display":"","ast-hfb-mobile-header-display":"","site-post-title":"","ast-breadcrumbs-content":"","ast-featured-img":"","footer-sml-layout":"","ast-disable-related-posts":"","theme-transparent-header-meta":"","adv-header-id-meta":"","stick-header-meta":"","header-above-stick-meta":"","header-main-stick-meta":"","header-below-stick-meta":"","astra-migrate-meta-layouts":"default","ast-page-background-enabled":"default","ast-page-background-meta":{"desktop":{"background-color":"var(--ast-global-color-5)","background-image":"","background-repeat":"repeat","background-position":"center center","background-size":"auto","background-attachment":"scroll","background-type":"","background-media":"","overlay-type":"","overlay-color":"","overlay-opacity":"","overlay-gradient":""},"tablet":{"background-color":"","background-image":"","background-repeat":"repeat","background-position":"center center","background-size":"auto","background-attachment":"scroll","background-type":"","background-media":"","overlay-type":"","overlay-color":"","overlay-opacity":"","overlay-gradient":""},"mobile":{"background-color":"","background-image":"","background-repeat":"repeat","background-position":"center center","background-size":"auto","background-attachment":"scroll","background-type":"","background-media":"","overlay-type":"","overlay-color":"","overlay-opacity":"","overlay-gradient":""}},"ast-content-background-meta":{"desktop":{"background-color":"var(--ast-global-color-4)","background-image":"","background-repeat":"repeat","background-position":"center center","background-size":"auto","background-attachment":"scroll","background-type":"","background-media":"","overlay-type":"","overlay-color":"","overlay-opacity":"","overlay-gradient":""},"tablet":{"background-color":"var(--ast-global-color-4)","background-image":"","background-repeat":"repeat","background-position":"center center","background-size":"auto","background-attachment":"scroll","background-type":"","background-media":"","overlay-type":"","overlay-color":"","overlay-opacity":"","overlay-gradient":""},"mobile":{"background-color":"var(--ast-global-color-4)","background-image":"","background-repeat":"repeat","background-position":"center center","background-size":"auto","background-attachment":"scroll","background-type":"","background-media":"","overlay-type":"","overlay-color":"","overlay-opacity":"","overlay-gradient":""}}},"product_brand":[],"product_cat":[254],"product_tag":[],"class_list":{"0":"post-2782","1":"product","2":"type-product","3":"status-publish","4":"has-post-thumbnail","6":"product_cat-tuskwood_bogwood_wysiwyg","7":"pa_detaljerad-storlek-50-70-cm","8":"desktop-align-left","9":"tablet-align-left","10":"mobile-align-left","11":"ast-product-gallery-layout-vertical-slider","12":"ast-product-tabs-layout-accordion","13":"ast-qv-on-image","15":"first","16":"outofstock","17":"taxable","18":"shipping-taxable","19":"purchasable","20":"product-type-simple"},"shsp-ext":{"main":{},"variations":[]},"uagb_featured_image_src":{"full":["https:\/\/tuskwood.com\/wp-content\/uploads\/2026\/03\/20260302_221102.jpg",0,0,false],"thumbnail":["https:\/\/tuskwood.com\/wp-content\/uploads\/2026\/03\/20260302_221102.jpg",1,1,false],"medium":["https:\/\/tuskwood.com\/wp-content\/uploads\/2026\/03\/20260302_221102.jpg",1,1,false],"medium_large":["https:\/\/tuskwood.com\/wp-content\/uploads\/2026\/03\/20260302_221102.jpg",1,1,false],"large":["https:\/\/tuskwood.com\/wp-content\/uploads\/2026\/03\/20260302_221102.jpg",1,1,false],"1536x1536":["https:\/\/tuskwood.com\/wp-content\/uploads\/2026\/03\/20260302_221102.jpg",1,1,false],"2048x2048":["https:\/\/tuskwood.com\/wp-content\/uploads\/2026\/03\/20260302_221102.jpg",1,1,false],"trp-custom-language-flag":["https:\/\/tuskwood.com\/wp-content\/uploads\/2026\/03\/20260302_221102.jpg",1,1,false],"woocommerce_thumbnail":["https:\/\/tuskwood.com\/wp-content\/uploads\/2026\/03\/20260302_221102.jpg",1,1,false],"woocommerce_single":["https:\/\/tuskwood.com\/wp-content\/uploads\/2026\/03\/20260302_221102.jpg",1,1,false],"woocommerce_gallery_thumbnail":["https:\/\/tuskwood.com\/wp-content\/uploads\/2026\/03\/20260302_221102.jpg",1,1,false]},"uagb_author_info":{"display_name":"admin","author_link":"https:\/\/tuskwood.com\/nl\/author\/"},"uagb_comment_info":0,"uagb_excerpt":"Tuskwood Ancient Bogwood\u00c4kta Bogwood, handplockat ur nordiska torvmossar d\u00e4r det konserverats naturligt i 500\u20134000 \u00e5r. Denna unika process g\u00f6r tr\u00e4et delvis mineraliserat, impregnerat med humus\u00e4mnen, h\u00e5llbart och vackert m\u00f6rkt r\u00f6dbrunt f\u00e4rgat. Tuskwood ancient bogwood \u00e4r den mest efters\u00f6kta typen av r\u00f6tter till akvariehobbyn sedan l\u00e5ng tid tillbaka.L\u00e5ng livsl\u00e4ngd: Delvis mineraliserat och extremt h\u00e5llbart.Positivt f\u00f6r vattenmilj\u00f6n:&hellip;","_links":{"self":[{"href":"https:\/\/tuskwood.com\/nl\/wp-json\/wp\/v2\/product\/2782","targetHints":{"allow":["GET"]}}],"collection":[{"href":"https:\/\/tuskwood.com\/nl\/wp-json\/wp\/v2\/product"}],"about":[{"href":"https:\/\/tuskwood.com\/nl\/wp-json\/wp\/v2\/types\/product"}],"replies":[{"embeddable":true,"href":"https:\/\/tuskwood.com\/nl\/wp-json\/wp\/v2\/comments?post=2782"}],"wp:featuredmedia":[{"embeddable":true,"href":"https:\/\/tuskwood.com\/nl\/wp-json\/wp\/v2\/media\/2921"}],"wp:attachment":[{"href":"https:\/\/tuskwood.com\/nl\/wp-json\/wp\/v2\/media?parent=2782"}],"wp:term":[{"taxonomy":"product_brand","embeddable":true,"href":"https:\/\/tuskwood.com\/nl\/wp-json\/wp\/v2\/product_brand?post=2782"},{"taxonomy":"product_cat","embeddable":true,"href":"https:\/\/tuskwood.com\/nl\/wp-json\/wp\/v2\/product_cat?post=2782"},{"taxonomy":"product_tag","embeddable":true,"href":"https:\/\/tuskwood.com\/nl\/wp-json\/wp\/v2\/product_tag?post=2782"}],"curies":[{"name":"wp","href":"https:\/\/api.w.org\/{rel}","templated":true}]}}