{"id":4018,"date":"2026-05-04T02:23:09","date_gmt":"2026-05-04T00:23:09","guid":{"rendered":"https:\/\/tuskwood.com\/produkt\/tuskwood-akvarierot-akta-uraldrig-bogwood-unik-30-cm-p032618\/"},"modified":"2026-05-11T18:51:06","modified_gmt":"2026-05-11T16:51:06","slug":"tuskwood-akvarierot-akta-uraldrig-bogwood-unik-30-cm-p032618","status":"publish","type":"product","link":"https:\/\/tuskwood.com\/nl\/produkt\/tuskwood-akvarierot-akta-uraldrig-bogwood-unik-30-cm-p032618\/","title":{"rendered":"Tuskwood Akvarierot WYSIWYG \u00c4kta Bogwood Unik 30 cm P032618"},"content":{"rendered":"<h2>Unik produkt P032618<\/h2>\n<p>Een uniek stuk Scandinavisch veenhout, natuurlijk geconserveerd in turf gedurende honderden tot duizenden jaren. Dit is een echte blikvanger en werkt perfect als aquariumwortel in aquascape en aquarium.<\/p>\n<p><strong>Het is een unieke wortel en het is precies de wortel op de foto die je koopt.<\/strong> Wat je ziet is wat je krijgt, WYSIWYG.<\/p>\n<h3>Beschrijving van de aard van de wortel<\/h3>\n<p>En kraftig och skulptural rot med bred bas, st\u00e5ende stamdelar och tydliga f\u00f6rgreningar. Formen ger ett stabilt centrum och mycket naturlig k\u00e4nsla, s\u00e4rskilt som blickf\u00e5ng i en st\u00f6rre layout.<\/p>\n<h3>Aquariumstijlsuggesties en beplantingsidee\u00ebn<\/h3>\n<p>Passar fint i nature style, jungle style, forest style och som centrumrot i ett biotop- eller blackwaterinspirerat akvarium. L\u00e4ttsk\u00f6tta v\u00e4xter: Anubias, Javaormbunke, Bucephalandra och mossa. Mer kr\u00e4vande val: Cryptocoryne, Hygrophila pinnatifida och mindre st\u00e4ngelv\u00e4xter runt basen.<\/p>\n<h3>Afmetingen van de wortel<\/h3>\n<ul>\n<li><strong>Lengte:<\/strong> 30cm<\/li>\n<li><strong>Hoogte:<\/strong> 28cm<\/li>\n<li><strong>Diepte:<\/strong> 23 cm<\/li>\n<\/ul>\n<h3>Voorgesteld formaat en grootte van het aquarium<\/h3>\n<p>Rekommenderas fr\u00e4mst f\u00f6r rektangul\u00e4ra akvarier fr\u00e5n cirka 80 cm och upp\u00e5t, men kan \u00e4ven fungera i ett st\u00f6rre kubformat akvarium som tydlig central struktur.<\/p>\n<h3>Voordelen van de Tuskwood<\/h3>\n<ul>\n<li>Echt gemineraliseerd veenhout \/ moshout<\/li>\n<li>Lange levensduur<\/li>\n<li>Normaal geen biofilm of slijmvorming<\/li>\n<li>Werkt in zowel hard als zacht water<\/li>\n<li>Betrouwbaar zinkend vermogen, normaal zinkend binnen 2-4 weken<\/li>\n<li>Natuurlijk mooie kleurtonen in donkerbruin met een lichte roodachtige tint onder water<\/li>\n<\/ul>\n<p>In tegenstelling tot gewoon spinthout, manzanita, mangrove of Maleisisch drijfhout, komt Tuskwood uit Europa en is het op natuurlijke wijze gevormd in Scandinavische veengebieden. De mineralisatie en impregnatie van humus maakt het hout duurzaam en mooi.<\/p>\n<p>Tuskwood geeft langzaam natuurlijke humusstoffen af die de gezondheid van de vissen ondersteunen. De invloed op de kleur van het water is echter minimaal en meestal niet merkbaar.<\/p>\n<ul>\n<li>Stabiele en milde afgifte van humus<\/li>\n<li>Positief voor het welzijn van vissen<\/li>\n<li>Milt antimicrobieel<\/li>\n<\/ul>\n<h3>Een duurzamere keuze<\/h3>\n<p>Veel van het hout dat verkocht wordt voor aquascaping komt uit tropische bossen in Azi\u00eb en wordt de halve wereld rond verscheept.<\/p>\n<p>Tuskwood is een Scandinavisch natuurlijk materiaal, lokaal verzameld als bijproduct van andere natuurlijke toepassingen. Dit maakt het een duurzamere keuze, zonder tropische ongereguleerde houtkap, vernietiging van mangroves of mensonwaardige arbeidsomstandigheden. Tuskwood staat voor minimaal transport en de bevordering van de lokale economie en werkgelegenheid.<\/p>\n<p><em>Tuskwood is een zeer klein bedrijf, en we gebruiken AI om ons te concentreren op kwaliteit en levering. Aquascape renderings, vertalingen in andere talen dan Zweeds en de beschrijving van de individuele wortel op deze pagina zijn gemaakt met behulp van AI en kunnen kleine fouten bevatten. Hiervoor bieden we onze excuses aan. Echte mensen zijn altijd bereikbaar per telefoon of e-mail.<\/em><\/p>","protected":false},"excerpt":{"rendered":"<h3>Tuskwood Oud veenhout<\/h3>\n<p>Echt veenhout, met de hand geplukt uit Scandinavische veengebieden waar het 500-4000 jaar lang op natuurlijke wijze bewaard is gebleven. Door dit unieke proces is het hout gedeeltelijk gemineraliseerd, ge\u00efmpregneerd met humusstoffen, duurzaam en prachtig donker roodbruin van kleur. Tuskwood Ancient Bogwood is een zeer gewilde wortelsoort voor aquaria en aquascaping.<\/p>\n<ul>\n<li><strong>Lange levensduur:<\/strong> Gedeeltelijk gemineraliseerd en extreem duurzaam.<\/li>\n<li><strong>Positief voor het aquatisch milieu:<\/strong> Bevordert evenwicht en gezondheid in het aquarium.<\/li>\n<li><strong>Geen biofilm:<\/strong> Vormt normaal geen slijm op het hout.<\/li>\n<li><strong>Duurzaam en lokaal geproduceerd:<\/strong> Zorgvuldig geselecteerd in Scandinavi\u00eb.<\/li>\n<li><strong>Helder water:<\/strong> De invloed van hout op de kleur van water is normaal gesproken zeer beperkt en van korte duur.<\/li>\n<\/ul>","protected":false},"featured_media":4011,"comment_status":"closed","ping_status":"closed","template":"","meta":{"_seopress_robots_primary_cat":"","_seopress_titles_title":"","_seopress_titles_desc":"","_seopress_robots_index":"","_seopress_analysis_target_kw":"","_uag_custom_page_level_css":"","site-sidebar-layout":"default","site-content-layout":"","ast-site-content-layout":"default","site-content-style":"default","site-sidebar-style":"default","ast-global-header-display":"","ast-banner-title-visibility":"","ast-main-header-display":"","ast-hfb-above-header-display":"","ast-hfb-below-header-display":"","ast-hfb-mobile-header-display":"","site-post-title":"","ast-breadcrumbs-content":"","ast-featured-img":"","footer-sml-layout":"","ast-disable-related-posts":"","theme-transparent-header-meta":"","adv-header-id-meta":"","stick-header-meta":"","header-above-stick-meta":"","header-main-stick-meta":"","header-below-stick-meta":"","astra-migrate-meta-layouts":"default","ast-page-background-enabled":"default","ast-page-background-meta":{"desktop":{"background-color":"var(--ast-global-color-5)","background-image":"","background-repeat":"repeat","background-position":"center center","background-size":"auto","background-attachment":"scroll","background-type":"","background-media":"","overlay-type":"","overlay-color":"","overlay-opacity":"","overlay-gradient":""},"tablet":{"background-color":"","background-image":"","background-repeat":"repeat","background-position":"center center","background-size":"auto","background-attachment":"scroll","background-type":"","background-media":"","overlay-type":"","overlay-color":"","overlay-opacity":"","overlay-gradient":""},"mobile":{"background-color":"","background-image":"","background-repeat":"repeat","background-position":"center center","background-size":"auto","background-attachment":"scroll","background-type":"","background-media":"","overlay-type":"","overlay-color":"","overlay-opacity":"","overlay-gradient":""}},"ast-content-background-meta":{"desktop":{"background-color":"var(--ast-global-color-4)","background-image":"","background-repeat":"repeat","background-position":"center center","background-size":"auto","background-attachment":"scroll","background-type":"","background-media":"","overlay-type":"","overlay-color":"","overlay-opacity":"","overlay-gradient":""},"tablet":{"background-color":"var(--ast-global-color-4)","background-image":"","background-repeat":"repeat","background-position":"center center","background-size":"auto","background-attachment":"scroll","background-type":"","background-media":"","overlay-type":"","overlay-color":"","overlay-opacity":"","overlay-gradient":""},"mobile":{"background-color":"var(--ast-global-color-4)","background-image":"","background-repeat":"repeat","background-position":"center center","background-size":"auto","background-attachment":"scroll","background-type":"","background-media":"","overlay-type":"","overlay-color":"","overlay-opacity":"","overlay-gradient":""}}},"product_brand":[46],"product_cat":[254],"product_tag":[],"class_list":{"0":"post-4018","1":"product","2":"type-product","3":"status-publish","4":"has-post-thumbnail","6":"product_brand-tuskwood","7":"product_cat-tuskwood_bogwood_wysiwyg","8":"desktop-align-left","9":"tablet-align-left","10":"mobile-align-left","11":"ast-product-gallery-layout-vertical-slider","12":"ast-product-tabs-layout-accordion","14":"first","15":"instock","16":"sold-individually","17":"taxable","18":"shipping-taxable","19":"purchasable","20":"product-type-simple"},"shsp-ext":{"main":{},"variations":[]},"uagb_featured_image_src":{"full":["https:\/\/tuskwood.com\/wp-content\/uploads\/2026\/05\/P032618-collage-aquascape01-measurement-thumb-3.jpg",1024,1024,false],"thumbnail":["https:\/\/tuskwood.com\/wp-content\/uploads\/2026\/05\/P032618-collage-aquascape01-measurement-thumb-3-150x150.jpg",150,150,true],"medium":["https:\/\/tuskwood.com\/wp-content\/uploads\/2026\/05\/P032618-collage-aquascape01-measurement-thumb-3-300x300.jpg",300,300,true],"medium_large":["https:\/\/tuskwood.com\/wp-content\/uploads\/2026\/05\/P032618-collage-aquascape01-measurement-thumb-3-768x768.jpg",768,768,true],"large":["https:\/\/tuskwood.com\/wp-content\/uploads\/2026\/05\/P032618-collage-aquascape01-measurement-thumb-3.jpg",1024,1024,false],"1536x1536":["https:\/\/tuskwood.com\/wp-content\/uploads\/2026\/05\/P032618-collage-aquascape01-measurement-thumb-3.jpg",1024,1024,false],"2048x2048":["https:\/\/tuskwood.com\/wp-content\/uploads\/2026\/05\/P032618-collage-aquascape01-measurement-thumb-3.jpg",1024,1024,false],"trp-custom-language-flag":["https:\/\/tuskwood.com\/wp-content\/uploads\/2026\/05\/P032618-collage-aquascape01-measurement-thumb-3-12x12.jpg",12,12,true],"woocommerce_thumbnail":["https:\/\/tuskwood.com\/wp-content\/uploads\/2026\/05\/P032618-collage-aquascape01-measurement-thumb-3-400x400.jpg",400,400,true],"woocommerce_single":["https:\/\/tuskwood.com\/wp-content\/uploads\/2026\/05\/P032618-collage-aquascape01-measurement-thumb-3.jpg",1024,1024,false],"woocommerce_gallery_thumbnail":["https:\/\/tuskwood.com\/wp-content\/uploads\/2026\/05\/P032618-collage-aquascape01-measurement-thumb-3-100x100.jpg",100,100,true]},"uagb_author_info":{"display_name":"Codex Agent","author_link":"https:\/\/tuskwood.com\/nl\/author\/"},"uagb_comment_info":0,"uagb_excerpt":"Tuskwood Ancient Bogwood\u00c4kta bogwood, handplockat ur nordiska torvmossar d\u00e4r det konserverats naturligt i 500-4000 \u00e5r. Denna unika process g\u00f6r tr\u00e4et delvis mineraliserat, impregnerat med humus\u00e4mnen, h\u00e5llbart och vackert m\u00f6rkt r\u00f6dbrunt f\u00e4rgat. Tuskwood Ancient Bogwood \u00e4r en mycket eftertraktad typ av rot till akvarium och aquascaping.L\u00e5ng livsl\u00e4ngd: Delvis mineraliserat och extremt h\u00e5llbart.Positivt f\u00f6r vattenmilj\u00f6n: Fr\u00e4mjar balans&hellip;","_links":{"self":[{"href":"https:\/\/tuskwood.com\/nl\/wp-json\/wp\/v2\/product\/4018","targetHints":{"allow":["GET"]}}],"collection":[{"href":"https:\/\/tuskwood.com\/nl\/wp-json\/wp\/v2\/product"}],"about":[{"href":"https:\/\/tuskwood.com\/nl\/wp-json\/wp\/v2\/types\/product"}],"replies":[{"embeddable":true,"href":"https:\/\/tuskwood.com\/nl\/wp-json\/wp\/v2\/comments?post=4018"}],"wp:featuredmedia":[{"embeddable":true,"href":"https:\/\/tuskwood.com\/nl\/wp-json\/wp\/v2\/media\/4011"}],"wp:attachment":[{"href":"https:\/\/tuskwood.com\/nl\/wp-json\/wp\/v2\/media?parent=4018"}],"wp:term":[{"taxonomy":"product_brand","embeddable":true,"href":"https:\/\/tuskwood.com\/nl\/wp-json\/wp\/v2\/product_brand?post=4018"},{"taxonomy":"product_cat","embeddable":true,"href":"https:\/\/tuskwood.com\/nl\/wp-json\/wp\/v2\/product_cat?post=4018"},{"taxonomy":"product_tag","embeddable":true,"href":"https:\/\/tuskwood.com\/nl\/wp-json\/wp\/v2\/product_tag?post=4018"}],"curies":[{"name":"wp","href":"https:\/\/api.w.org\/{rel}","templated":true}]}}