{"id":2520,"date":"2026-02-06T22:24:12","date_gmt":"2026-02-06T22:24:12","guid":{"rendered":"https:\/\/tuskwood.com\/ansvarsfriskrivning\/"},"modified":"2026-02-06T22:24:12","modified_gmt":"2026-02-06T22:24:12","slug":"ansvarsfriskrivning","status":"publish","type":"page","link":"https:\/\/tuskwood.com\/pl\/ansvarsfriskrivning\/","title":{"rendered":"Wy\u0142\u0105czenie odpowiedzialno\u015bci"},"content":{"rendered":"<!-- Legal document generated by Complianz | GDPR\/CCPA Cookie Consent https:\/\/wordpress.org\/plugins\/complianz-gdpr -->\n<div id=\"cmplz-document\" class=\"cmplz-document disclaimer cmplz-document-all\"><p>Joel Andersson dok\u0142ada wszelkich stara\u0144, aby ta witryna by\u0142a aktualna i dok\u0142adna. Je\u015bli mimo wszystko napotkasz co\u015b, co jest nieprawid\u0142owe lub nieaktualne, b\u0119dziemy wdzi\u0119czni za poinformowanie nas o tym. Wska\u017c, gdzie na stronie przeczyta\u0142e\u015b informacje. Przyjrzymy si\u0119 temu tak szybko, jak to mo\u017cliwe. Prosimy o przes\u0142anie odpowiedzi e-mailem na adres: <span class=\"cmplz-obfuscate\">&#105;n&#102;o@<span class=\"cmplz-fmail-domain\">ex&#046;com<\/span>t&#117;sk&#119;&#111;o&#100;&#046;&#099;om<\/span>.<\/p><p>Nie ponosimy odpowiedzialno\u015bci za straty wynikaj\u0105ce z nie\u015bcis\u0142o\u015bci lub niekompletno\u015bci, ani za straty wynikaj\u0105ce z problem\u00f3w spowodowanych lub nieod\u0142\u0105cznie zwi\u0105zanych z rozpowszechnianiem informacji przez internet, takich jak zak\u0142\u00f3cenia lub przerwy. Korzystaj\u0105c z formularzy internetowych, staramy si\u0119 ograniczy\u0107 liczb\u0119 wymaganych p\u00f3l do minimum. Za jakiekolwiek straty poniesione w wyniku wykorzystania danych, porad lub pomys\u0142\u00f3w dostarczonych przez lub w imieniu Joel Andersson za po\u015brednictwem tej witryny, Joel Andersson nie ponosi \u017cadnej odpowiedzialno\u015bci.<\/p><p>Korzystanie ze strony internetowej i wszystkich jej komponent\u00f3w (w tym for\u00f3w) podlega <a href=\"https:\/\/tuskwood.com\/pl\/anvandarvillkor\/\" target=\"_blank\">terms of use<\/a>. Samo korzystanie z tej witryny oznacza znajomo\u015b\u0107 i akceptacj\u0119 niniejszych warunk\u00f3w u\u017cytkowania.<\/p><p>Odpowiedzi i zapytania dotycz\u0105ce prywatno\u015bci przes\u0142ane poczt\u0105 elektroniczn\u0105 lub za pomoc\u0105 formularza internetowego b\u0119d\u0105 traktowane w taki sam spos\u00f3b jak listy. Oznacza to, \u017ce mo\u017cesz spodziewa\u0107 si\u0119 odpowiedzi od nas najp\u00f3\u017aniej w ci\u0105gu 1 miesi\u0105ca. W przypadku skomplikowanych zapyta\u0144 poinformujemy ci\u0119 w ci\u0105gu 1 miesi\u0105ca, je\u015bli potrzebujemy maksymalnie 3 miesi\u0119cy. <\/p><p>Wszelkie dane osobowe, kt\u00f3re nam przeka\u017cesz w kontek\u015bcie twojej odpowiedzi lub pro\u015bby o informacje, b\u0119d\u0105 wykorzystywane wy\u0142\u0105cznie zgodnie z naszym o\u015bwiadczeniem o ochronie prywatno\u015bci.<\/p><p>Joel Andersson do\u0142o\u017cy wszelkich stara\u0144, aby chroni\u0107 swoje systemy przed jak\u0105kolwiek form\u0105 bezprawnego u\u017cycia. Joel Andersson  wdro\u017cy w tym celu odpowiednie \u015brodki techniczne i organizacyjne, uwzgl\u0119dniaj\u0105c mi\u0119dzy innymi stan wiedzy. Jednak\u017ce nie ponosi odpowiedzialno\u015bci za jakiekolwiek straty, bezpo\u015brednie i\/lub po\u015brednie poniesione przez u\u017cytkownika strony internetowej, kt\u00f3re powsta\u0142y w wyniku bezprawnego korzystania z jej system\u00f3w przez osob\u0119 trzeci\u0105.<\/p><p>Joel Andersson nie ponosi \u017cadnej odpowiedzialno\u015bci za zawarto\u015b\u0107 witryn internetowych, do kt\u00f3rych lub z kt\u00f3rych zamieszczono hiper\u0142\u0105cza lub inne odniesienia. Produkty lub us\u0142ugi oferowane przez strony trzecie podlegaj\u0105 obowi\u0105zuj\u0105cym warunkom tych stron trzecich.<\/p><p>Nasi pracownicy dok\u0142adaj\u0105 wszelkich stara\u0144, aby zagwarantowa\u0107 dost\u0119pno\u015b\u0107 naszej strony internetowej i stale j\u0105 ulepsza\u0107. W tym dla os\u00f3b, kt\u00f3re u\u017cywaj\u0105 specjalnego oprogramowania ze wzgl\u0119du na niepe\u0142nosprawno\u015b\u0107.<\/p><p>Wszystkie prawa w\u0142asno\u015bci intelektualnej do zawarto\u015bci tej witryny nale\u017c\u0105 do Joel Andersson.<\/p><p>Kopiowanie, rozpowszechnianie i jakiekolwiek inne wykorzystywanie tych materia\u0142\u00f3w jest zabronione bez pisemnej zgody Joel Andersson, z wyj\u0105tkiem i tylko w zakresie, w jakim okre\u015blono inaczej w obowi\u0105zuj\u0105cych przepisach (takich jak prawo do cytowania), chyba \u017ce okre\u015blone tre\u015bci nakazuj\u0105 inaczej.<\/p><p>Je\u015bli masz jakie\u015b pytania lub problemy z dost\u0119pno\u015bci\u0105 strony, nie wahaj si\u0119 z nami skontaktowa\u0107.<\/p><\/div>","protected":false},"excerpt":{"rendered":"","protected":false},"author":1,"featured_media":0,"parent":0,"menu_order":0,"comment_status":"closed","ping_status":"closed","template":"","meta":{"_seopress_robots_primary_cat":"","_seopress_titles_title":"","_seopress_titles_desc":"","_seopress_robots_index":"","_seopress_analysis_target_kw":"","_uag_custom_page_level_css":"","site-sidebar-layout":"default","site-content-layout":"","ast-site-content-layout":"default","site-content-style":"default","site-sidebar-style":"default","ast-global-header-display":"","ast-banner-title-visibility":"","ast-main-header-display":"","ast-hfb-above-header-display":"","ast-hfb-below-header-display":"","ast-hfb-mobile-header-display":"","site-post-title":"","ast-breadcrumbs-content":"","ast-featured-img":"","footer-sml-layout":"","ast-disable-related-posts":"","theme-transparent-header-meta":"","adv-header-id-meta":"","stick-header-meta":"","header-above-stick-meta":"","header-main-stick-meta":"","header-below-stick-meta":"","astra-migrate-meta-layouts":"default","ast-page-background-enabled":"default","ast-page-background-meta":{"desktop":{"background-color":"var(--ast-global-color-5)","background-image":"","background-repeat":"repeat","background-position":"center center","background-size":"auto","background-attachment":"scroll","background-type":"","background-media":"","overlay-type":"","overlay-color":"","overlay-opacity":"","overlay-gradient":""},"tablet":{"background-color":"","background-image":"","background-repeat":"repeat","background-position":"center center","background-size":"auto","background-attachment":"scroll","background-type":"","background-media":"","overlay-type":"","overlay-color":"","overlay-opacity":"","overlay-gradient":""},"mobile":{"background-color":"","background-image":"","background-repeat":"repeat","background-position":"center center","background-size":"auto","background-attachment":"scroll","background-type":"","background-media":"","overlay-type":"","overlay-color":"","overlay-opacity":"","overlay-gradient":""}},"ast-content-background-meta":{"desktop":{"background-color":"var(--ast-global-color-4)","background-image":"","background-repeat":"repeat","background-position":"center center","background-size":"auto","background-attachment":"scroll","background-type":"","background-media":"","overlay-type":"","overlay-color":"","overlay-opacity":"","overlay-gradient":""},"tablet":{"background-color":"var(--ast-global-color-4)","background-image":"","background-repeat":"repeat","background-position":"center center","background-size":"auto","background-attachment":"scroll","background-type":"","background-media":"","overlay-type":"","overlay-color":"","overlay-opacity":"","overlay-gradient":""},"mobile":{"background-color":"var(--ast-global-color-4)","background-image":"","background-repeat":"repeat","background-position":"center center","background-size":"auto","background-attachment":"scroll","background-type":"","background-media":"","overlay-type":"","overlay-color":"","overlay-opacity":"","overlay-gradient":""}},"footnotes":""},"class_list":["post-2520","page","type-page","status-publish","hentry"],"uagb_featured_image_src":{"full":false,"thumbnail":false,"medium":false,"medium_large":false,"large":false,"1536x1536":false,"2048x2048":false,"trp-custom-language-flag":false,"woocommerce_thumbnail":false,"woocommerce_single":false,"woocommerce_gallery_thumbnail":false},"uagb_author_info":{"display_name":"admin","author_link":"https:\/\/tuskwood.com\/pl\/author\/admin\/"},"uagb_comment_info":0,"uagb_excerpt":null,"_links":{"self":[{"href":"https:\/\/tuskwood.com\/pl\/wp-json\/wp\/v2\/pages\/2520","targetHints":{"allow":["GET"]}}],"collection":[{"href":"https:\/\/tuskwood.com\/pl\/wp-json\/wp\/v2\/pages"}],"about":[{"href":"https:\/\/tuskwood.com\/pl\/wp-json\/wp\/v2\/types\/page"}],"author":[{"embeddable":true,"href":"https:\/\/tuskwood.com\/pl\/wp-json\/wp\/v2\/users\/1"}],"replies":[{"embeddable":true,"href":"https:\/\/tuskwood.com\/pl\/wp-json\/wp\/v2\/comments?post=2520"}],"version-history":[{"count":0,"href":"https:\/\/tuskwood.com\/pl\/wp-json\/wp\/v2\/pages\/2520\/revisions"}],"wp:attachment":[{"href":"https:\/\/tuskwood.com\/pl\/wp-json\/wp\/v2\/media?parent=2520"}],"curies":[{"name":"wp","href":"https:\/\/api.w.org\/{rel}","templated":true}]}}