{"id":2141,"date":"2025-12-27T11:22:54","date_gmt":"2025-12-27T11:22:54","guid":{"rendered":"https:\/\/tuskwood.com\/?post_type=product&#038;p=2141"},"modified":"2026-05-11T19:42:13","modified_gmt":"2026-05-11T17:42:13","slug":"tuskwood-aquascaping-root-xl-rootflow-40-50cm-nr116-a-kopia-3","status":"publish","type":"product","link":"https:\/\/tuskwood.com\/pl\/produkt\/tuskwood-aquascaping-root-xl-rootflow-40-50cm-nr116-a-kopia-3\/","title":{"rendered":"Tuskwood Aquascaping Root XL Rootflow 40-50cm nr36 C"},"content":{"rendered":"<p data-start=\"264\" data-end=\"467\">Wyj\u0105tkowe dzie\u0142o\u00a0<strong data-start=\"350\" data-end=\"374\">Skandynawskie drewno bagienne<\/strong>, naturalnie zakonserwowany w torfie przez setki do tysi\u0119cy lat. Przyci\u0105ga wzrok i doskonale sprawdza si\u0119 jako\u00a0<strong>korze\u0144 akwariowy w aquascape i akwarium<\/strong>.<\/p>\n<p data-start=\"264\" data-end=\"467\"><strong>Produkt na zdj\u0119ciach jest dok\u0142adnie tym, kt\u00f3ry kupujesz.<\/strong><\/p>\n<p><strong>Zalety Tuskwood<\/strong><\/p>\n<ul>\n<li data-start=\"2134\" data-end=\"2162\">\n<p data-start=\"2136\" data-end=\"2162\">Prawdziwe zmineralizowane drewno bagienne \/ mech<\/p>\n<\/li>\n<li data-start=\"2163\" data-end=\"2186\">\n<p data-start=\"2165\" data-end=\"2186\">D\u0142uga \u017cywotno\u015b\u0107<\/p>\n<\/li>\n<li data-start=\"2226\" data-end=\"2275\">\n<p data-start=\"2228\" data-end=\"2275\">Zwykle nie tworzy si\u0119 biofilm ani \u015bluz<\/p>\n<\/li>\n<li data-start=\"2276\" data-end=\"2313\">\n<p data-start=\"2278\" data-end=\"2313\">Dzia\u0142a zar\u00f3wno w twardej, jak i mi\u0119kkiej wodzie<\/p>\n<\/li>\n<li data-start=\"2314\" data-end=\"2341\">\n<p data-start=\"2316\" data-end=\"2341\">Naturalnie pi\u0119kne czerwono-br\u0105zowe odcienie pod wod\u0105<\/p>\n<\/li>\n<\/ul>\n<p data-start=\"731\" data-end=\"1030\">W przeciwie\u0144stwie do zwyk\u0142ych\u00a0<strong data-start=\"757\" data-end=\"808\">drewno paj\u0105ka, manzanita, mangrowe lub malezyjskie drewno driftowe<\/strong>, Drewno Tuskwood pochodzi z Europy i jest naturalnie formowane w skandynawskich torfowiskach. Mineralizacja sprawia, \u017ce drewno jest trwa\u0142e, nadaj\u0105c mu naturalnie ciemne kolory i kszta\u0142ty przypominaj\u0105ce korzenie starych brzeg\u00f3w rzek lub zalanych las\u00f3w.<\/p>\n<p data-start=\"1112\" data-end=\"1242\">Tuskwood uwalnia si\u0119 powoli <strong data-start=\"1147\" data-end=\"1169\">naturalne garbniki<\/strong> kt\u00f3re wspieraj\u0105 zdrowie ryb. Jednak wp\u0142yw na kolor wody jest minimalny, zwykle niezauwa\u017calny.<\/p>\n<p data-start=\"1339\" data-end=\"1476\">stabilne i \u0142agodne uwalnianie garbnik\u00f3w<br data-start=\"1374\" data-end=\"1377\" \/>\u2714 korzystny dla dobrostanu ryb<br data-start=\"1411\" data-end=\"1414\" \/>\u0141agodne dzia\u0142anie przeciwdrobnoustrojowe<\/p>\n<p data-start=\"1665\" data-end=\"1781\">Znaczna cz\u0119\u015b\u0107 drewna sprzedawanego do akwarystyki pochodzi z las\u00f3w tropikalnych w Azji i jest transportowana przez p\u00f3\u0142 \u015bwiata.<br \/><strong data-start=\"1783\" data-end=\"1825\">Tuskwood to skandynawski materia\u0142 naturalny<\/strong>, Zbierany lokalnie jako produkt uboczny innych naturalnych zastosowa\u0144, co czyni go bardziej zr\u00f3wnowa\u017conym wyborem bez wylesiania las\u00f3w tropikalnych i niegodnych warunk\u00f3w pracy, zamiast tego minimalizuj\u0105c transport i promuj\u0105c lokaln\u0105 gospodark\u0119 i miejsca pracy.<\/p>\n<p data-start=\"2021\" data-end=\"2047\"><strong>Idealny dla:<\/strong><\/p>\n<ul data-start=\"2048\" data-end=\"2113\">\n<li data-start=\"2048\" data-end=\"2062\">\n<p data-start=\"2050\" data-end=\"2062\">akwarium ro\u015blinne<\/p>\n<\/li>\n<li data-start=\"2048\" data-end=\"2062\">\n<p data-start=\"2050\" data-end=\"2062\">Akwarium naturalne w stylu ADA<\/p>\n<\/li>\n<li data-start=\"2075\" data-end=\"2085\">\n<p data-start=\"2077\" data-end=\"2085\">biotopy<\/p>\n<\/li>\n<li data-start=\"2086\" data-end=\"2098\">\n<p data-start=\"2088\" data-end=\"2098\">czarna woda<\/p>\n<\/li>\n<li data-start=\"2099\" data-end=\"2113\">\n<p data-start=\"2101\" data-end=\"2113\">akwarium pokazowe<\/p>\n<\/li>\n<li data-start=\"2099\" data-end=\"2113\">aquascaping<\/li>\n<\/ul>\n<p data-start=\"2399\" data-end=\"2526\"><strong>Wskaz\u00f3wki dotycz\u0105ce aquascapingu<\/strong><\/p>\n<p>Umie\u015b\u0107 jako element przyci\u0105gaj\u0105cy wzrok i uzupe\u0142nij kamieniami, piaskiem lub ma\u0142ymi ga\u0142\u0119ziami.<\/p>\n<p><strong>Przygotowanie do u\u017cycia<br \/><\/strong><\/p>\n<p>Zawsze post\u0119puj zgodnie z zaleceniami Tuskwood dotycz\u0105cymi piel\u0119gnacji i obs\u0142ugi, kt\u00f3re mo\u017cna znale\u017a\u0107 w menu g\u0142\u00f3wnym \u201dO Tuskwood\u201d.\u201d\u00a0<\/p>","protected":false},"excerpt":{"rendered":"<h3 data-path-to-node=\"3\"><b data-path-to-node=\"3\" data-index-in-node=\"0\">Tuskwood Ancient Bogwood<\/b><\/h3>\n<p data-path-to-node=\"4\">Oryginalne drewno bagienne, r\u0119cznie zbierane z nordyckich torfowisk, gdzie by\u0142o naturalnie przechowywane przez 500-4000 lat. Ten unikalny proces sprawia, \u017ce drewno jest cz\u0119\u015bciowo zmineralizowane, impregnowane substancjami humusowymi, trwa\u0142e i ma pi\u0119kny ciemnoczerwono-br\u0105zowy kolor. Tuskwood staro\u017cytne drewno torfowe od dawna jest najbardziej poszukiwanym rodzajem korzenia dla akwarystyki.<\/p>\n<ul data-path-to-node=\"5\">\n<li>\n<p data-path-to-node=\"5,0,0\"><b data-path-to-node=\"5,0,0\" data-index-in-node=\"0\">D\u0142uga \u017cywotno\u015b\u0107:<\/b> Cz\u0119\u015bciowo zmineralizowana i niezwykle trwa\u0142a.<\/p>\n<\/li>\n<li>\n<p data-path-to-node=\"5,1,0\"><b>Pozytywny wp\u0142yw na \u015brodowisko wodne:<\/b> Wspomaga r\u00f3wnowag\u0119 i zdrowie w akwarium.<\/p>\n<\/li>\n<li>\n<p data-path-to-node=\"5,2,0\"><b data-path-to-node=\"5,2,0\" data-index-in-node=\"0\">Brak biofilmu:<\/b> Zwykle nie tworzy \u015bluzu na drewnie.<\/p>\n<\/li>\n<li>\n<p data-path-to-node=\"5,3,0\"><b data-path-to-node=\"5,3,0\" data-index-in-node=\"0\">Zr\u00f3wnowa\u017cona i lokalna produkcja:<\/b> Starannie wyselekcjonowane w krajach skandynawskich.<\/p>\n<\/li>\n<li><strong>Czysta woda:<\/strong> Wp\u0142yw drewna na kolor wody jest zwykle bardzo ograniczony i kr\u00f3tkotrwa\u0142y.<\/li>\n<\/ul>","protected":false},"featured_media":2145,"comment_status":"closed","ping_status":"closed","template":"","meta":{"_seopress_robots_primary_cat":"","_seopress_titles_title":"","_seopress_titles_desc":"","_seopress_robots_index":"","_seopress_analysis_target_kw":"","_uag_custom_page_level_css":"","site-sidebar-layout":"default","site-content-layout":"","ast-site-content-layout":"default","site-content-style":"default","site-sidebar-style":"default","ast-global-header-display":"","ast-banner-title-visibility":"","ast-main-header-display":"","ast-hfb-above-header-display":"","ast-hfb-below-header-display":"","ast-hfb-mobile-header-display":"","site-post-title":"","ast-breadcrumbs-content":"","ast-featured-img":"","footer-sml-layout":"","ast-disable-related-posts":"","theme-transparent-header-meta":"","adv-header-id-meta":"","stick-header-meta":"","header-above-stick-meta":"","header-main-stick-meta":"","header-below-stick-meta":"","astra-migrate-meta-layouts":"default","ast-page-background-enabled":"default","ast-page-background-meta":{"desktop":{"background-color":"var(--ast-global-color-5)","background-image":"","background-repeat":"repeat","background-position":"center center","background-size":"auto","background-attachment":"scroll","background-type":"","background-media":"","overlay-type":"","overlay-color":"","overlay-opacity":"","overlay-gradient":""},"tablet":{"background-color":"","background-image":"","background-repeat":"repeat","background-position":"center center","background-size":"auto","background-attachment":"scroll","background-type":"","background-media":"","overlay-type":"","overlay-color":"","overlay-opacity":"","overlay-gradient":""},"mobile":{"background-color":"","background-image":"","background-repeat":"repeat","background-position":"center center","background-size":"auto","background-attachment":"scroll","background-type":"","background-media":"","overlay-type":"","overlay-color":"","overlay-opacity":"","overlay-gradient":""}},"ast-content-background-meta":{"desktop":{"background-color":"var(--ast-global-color-4)","background-image":"","background-repeat":"repeat","background-position":"center center","background-size":"auto","background-attachment":"scroll","background-type":"","background-media":"","overlay-type":"","overlay-color":"","overlay-opacity":"","overlay-gradient":""},"tablet":{"background-color":"var(--ast-global-color-4)","background-image":"","background-repeat":"repeat","background-position":"center center","background-size":"auto","background-attachment":"scroll","background-type":"","background-media":"","overlay-type":"","overlay-color":"","overlay-opacity":"","overlay-gradient":""},"mobile":{"background-color":"var(--ast-global-color-4)","background-image":"","background-repeat":"repeat","background-position":"center center","background-size":"auto","background-attachment":"scroll","background-type":"","background-media":"","overlay-type":"","overlay-color":"","overlay-opacity":"","overlay-gradient":""}}},"product_brand":[46],"product_cat":[254],"product_tag":[],"class_list":{"0":"post-2141","1":"product","2":"type-product","3":"status-publish","4":"has-post-thumbnail","6":"product_brand-tuskwood","7":"product_cat-tuskwood_bogwood_wysiwyg","8":"desktop-align-left","9":"tablet-align-left","10":"mobile-align-left","11":"ast-product-gallery-layout-vertical-slider","12":"ast-product-tabs-layout-accordion","14":"first","15":"instock","16":"taxable","17":"shipping-taxable","18":"purchasable","19":"product-type-simple"},"shsp-ext":{"main":{},"variations":[]},"uagb_featured_image_src":{"full":["https:\/\/tuskwood.com\/wp-content\/uploads\/2025\/12\/20251213_095006-1-scaled.jpg",1600,1200,false],"thumbnail":["https:\/\/tuskwood.com\/wp-content\/uploads\/2025\/12\/20251213_095006-1-150x150.jpg",150,150,true],"medium":["https:\/\/tuskwood.com\/wp-content\/uploads\/2025\/12\/20251213_095006-1-300x225.jpg",300,225,true],"medium_large":["https:\/\/tuskwood.com\/wp-content\/uploads\/2025\/12\/20251213_095006-1-768x576.jpg",768,576,true],"large":["https:\/\/tuskwood.com\/wp-content\/uploads\/2025\/12\/20251213_095006-1-1024x768.jpg",1024,768,true],"1536x1536":["https:\/\/tuskwood.com\/wp-content\/uploads\/2025\/12\/20251213_095006-1-1536x1152.jpg",1536,1152,true],"2048x2048":["https:\/\/tuskwood.com\/wp-content\/uploads\/2025\/12\/20251213_095006-1-2048x1536.jpg",1600,1200,true],"trp-custom-language-flag":["https:\/\/tuskwood.com\/wp-content\/uploads\/2025\/12\/20251213_095006-1-scaled.jpg",16,12,false],"woocommerce_thumbnail":["https:\/\/tuskwood.com\/wp-content\/uploads\/2025\/12\/20251213_095006-1-scaled-400x400.jpg",400,400,true],"woocommerce_single":["https:\/\/tuskwood.com\/wp-content\/uploads\/2025\/12\/20251213_095006-1-scaled-1200x900.jpg",1200,900,true],"woocommerce_gallery_thumbnail":["https:\/\/tuskwood.com\/wp-content\/uploads\/2025\/12\/20251213_095006-1-scaled-100x100.jpg",100,100,true]},"uagb_author_info":{"display_name":"admin","author_link":"https:\/\/tuskwood.com\/pl\/author\/"},"uagb_comment_info":0,"uagb_excerpt":"Tuskwood Ancient Bogwood\u00c4kta Bogwood, handplockat ur nordiska torvmossar d\u00e4r det konserverats naturligt i 500\u20134000 \u00e5r. Denna unika process g\u00f6r tr\u00e4et delvis mineraliserat, impregnerat med humus\u00e4mnen, h\u00e5llbart och vackert m\u00f6rkt r\u00f6dbrunt f\u00e4rgat. Tuskwood ancient bogwood \u00e4r den mest efters\u00f6kta typen av r\u00f6tter till akvariehobbyn sedan l\u00e5ng tid tillbaka.L\u00e5ng livsl\u00e4ngd: Delvis mineraliserat och extremt h\u00e5llbart.Positivt f\u00f6r vattenmilj\u00f6n:&hellip;","_links":{"self":[{"href":"https:\/\/tuskwood.com\/pl\/wp-json\/wp\/v2\/product\/2141","targetHints":{"allow":["GET"]}}],"collection":[{"href":"https:\/\/tuskwood.com\/pl\/wp-json\/wp\/v2\/product"}],"about":[{"href":"https:\/\/tuskwood.com\/pl\/wp-json\/wp\/v2\/types\/product"}],"replies":[{"embeddable":true,"href":"https:\/\/tuskwood.com\/pl\/wp-json\/wp\/v2\/comments?post=2141"}],"wp:featuredmedia":[{"embeddable":true,"href":"https:\/\/tuskwood.com\/pl\/wp-json\/wp\/v2\/media\/2145"}],"wp:attachment":[{"href":"https:\/\/tuskwood.com\/pl\/wp-json\/wp\/v2\/media?parent=2141"}],"wp:term":[{"taxonomy":"product_brand","embeddable":true,"href":"https:\/\/tuskwood.com\/pl\/wp-json\/wp\/v2\/product_brand?post=2141"},{"taxonomy":"product_cat","embeddable":true,"href":"https:\/\/tuskwood.com\/pl\/wp-json\/wp\/v2\/product_cat?post=2141"},{"taxonomy":"product_tag","embeddable":true,"href":"https:\/\/tuskwood.com\/pl\/wp-json\/wp\/v2\/product_tag?post=2141"}],"curies":[{"name":"wp","href":"https:\/\/api.w.org\/{rel}","templated":true}]}}