{"id":4216,"date":"2026-05-04T02:32:08","date_gmt":"2026-05-04T00:32:08","guid":{"rendered":"https:\/\/tuskwood.com\/produkt\/tuskwood-akvarierot-akta-uraldrig-bogwood-unik-59-cm-p252618\/"},"modified":"2026-05-11T17:58:27","modified_gmt":"2026-05-11T15:58:27","slug":"tuskwood-akwarium-korzen-akta-starozytne-drewno-bagienne-unikalne-59-cm-p252618","status":"publish","type":"product","link":"https:\/\/tuskwood.com\/pl\/produkt\/tuskwood-akvarierot-akta-uraldrig-bogwood-unik-59-cm-p252618\/","title":{"rendered":"Tuskwood Korze\u0144 akwariowy WYSIWYG Genuine Bogwood Unique 59 cm P252618"},"content":{"rendered":"<h2>Unikalny produkt P252618<\/h2>\n<p>Unikalny kawa\u0142ek skandynawskiego drewna bagiennego, naturalnie zakonserwowany w torfie przez setki do tysi\u0119cy lat. Przyci\u0105ga wzrok i doskonale sprawdza si\u0119 jako korze\u0144 w akwarium krajobrazowym i akwarium.<\/p>\n<p><strong>Jest to wyj\u0105tkowy korze\u0144, dok\u0142adnie taki jak na zdj\u0119ciu, kt\u00f3re kupujesz.<\/strong> To, co widzisz, jest tym, co otrzymujesz, WYSIWYG.<\/p>\n<h3>Opis charakteru korzenia<\/h3>\n<p>Wysoki i wyrazisty korze\u0144 Tuskwood o wyprostowanym centralnym kszta\u0142cie i kilku poziomych i uko\u015bnych ga\u0142\u0119ziach. Stosunkowo niewielka g\u0142\u0119boko\u015b\u0107 sprawia, \u017ce jest \u0142atwiejszy do umieszczenia ni\u017c wiele innych wysokich korzeni, podczas gdy wysoko\u015b\u0107 zapewnia silny pionowy akcent.<\/p>\n<h3>Sugestie dotycz\u0105ce stylu akwarium i pomys\u0142y dotycz\u0105ce sadzenia ro\u015blin<\/h3>\n<p>Doskonale nadaje si\u0119 do uk\u0142ad\u00f3w tr\u00f3jk\u0105tnych, akwari\u00f3w naturalnych i akwari\u00f3w inspirowanych bujn\u0105 d\u017cungl\u0105. Ga\u0142\u0119zie dobrze sprawdzaj\u0105 si\u0119 jako powierzchnia mocowania dla Bucephalandry, Anubiasa, paproci jawajskiej i mchu. W tle, Vallisneria, Hygrophila lub Rotala mog\u0105 wzmocni\u0107 wysoki kszta\u0142t, podczas gdy Cryptocoryne i nisko rosn\u0105ce ro\u015bliny wok\u00f3\u0142 podstawy sprawiaj\u0105, \u017ce przej\u015bcie jest naturalne.<\/p>\n<h3>Wymiary korzenia<\/h3>\n<ul>\n<li><strong>D\u0142ugo\u015b\u0107:<\/strong> 59 cm<\/li>\n<li><strong>Wysoko\u015b\u0107:<\/strong> 55cm<\/li>\n<li><strong>G\u0142\u0119boko\u015b\u0107:<\/strong> 14cm<\/li>\n<\/ul>\n<h3>Proponowany format i rozmiar akwarium<\/h3>\n<p>Przy d\u0142ugo\u015bci 59 cm i wysoko\u015bci 55 cm najlepiej nadaje si\u0119 do akwari\u00f3w od oko\u0142o 90 cm, zw\u0142aszcza tam, gdzie chcesz stworzy\u0107 wysoko\u015b\u0107 i wyra\u017an\u0105 struktur\u0119. Mo\u017ce r\u00f3wnie\u017c pracowa\u0107 w g\u0142\u0119bszych zbiornikach 80 cm, je\u015bli uk\u0142ad jest zaplanowany wok\u00f3\u0142 korzenia.<\/p>\n<h3>Zalety Tuskwood<\/h3>\n<ul>\n<li>Prawdziwe zmineralizowane drewno bagienne \/ mech<\/li>\n<li>D\u0142uga \u017cywotno\u015b\u0107<\/li>\n<li>Zwykle nie tworzy si\u0119 biofilm ani \u015bluz<\/li>\n<li>Dzia\u0142a zar\u00f3wno w twardej, jak i mi\u0119kkiej wodzie<\/li>\n<li>Niezawodna zdolno\u015b\u0107 toni\u0119cia, zwykle tonie w ci\u0105gu 2-4 tygodni<\/li>\n<li>Naturalnie pi\u0119kny kolor ciemnobr\u0105zowy z lekkim czerwonawym odcieniem pod wod\u0105<\/li>\n<\/ul>\n<p>W przeciwie\u0144stwie do zwyk\u0142ego drewna paj\u0105ka, manzanity, mangrowca czy malezyjskiego drewna driftowego, Tuskwood pochodzi z Europy i powsta\u0142o naturalnie na skandynawskich torfowiskach. Mineralizacja i impregnacja humusem sprawia, \u017ce drewno jest trwa\u0142e i pi\u0119kne.<\/p>\n<p>Tuskwood powoli uwalnia naturalne substancje humusowe, kt\u00f3re wspieraj\u0105 zdrowie ryb. Jednak wp\u0142yw na kolor wody jest minimalny i zwykle niezauwa\u017calny.<\/p>\n<ul>\n<li>Stabilne i \u0142agodne uwalnianie pr\u00f3chnicy<\/li>\n<li>Pozytywny wp\u0142yw na dobrostan ryb<\/li>\n<li>\u015aledziona przeciwbakteryjna<\/li>\n<\/ul>\n<h3>Bardziej zr\u00f3wnowa\u017cony wyb\u00f3r<\/h3>\n<p>Znaczna cz\u0119\u015b\u0107 drewna sprzedawanego do akwarystyki pochodzi z las\u00f3w tropikalnych w Azji i jest transportowana przez p\u00f3\u0142 \u015bwiata.<\/p>\n<p>Tuskwood to skandynawski materia\u0142 naturalny, pozyskiwany lokalnie jako produkt uboczny innych naturalnych zastosowa\u0144. Dzi\u0119ki temu jest to bardziej zr\u00f3wnowa\u017cony wyb\u00f3r, bez nieuregulowanego wyr\u0119bu las\u00f3w tropikalnych, niszczenia las\u00f3w namorzynowych lub niegodnych warunk\u00f3w pracy. Tuskwood oznacza minimalny transport oraz promocj\u0119 lokalnej gospodarki i miejsc pracy.<\/p>\n<p><em>Tuskwood jest bardzo ma\u0142\u0105 firm\u0105 i u\u017cywamy sztucznej inteligencji, aby skupi\u0107 si\u0119 na jako\u015bci i dostawie. Aquascape renderingi, t\u0142umaczenia na j\u0119zyki inne ni\u017c szwedzki i opis poszczeg\u00f3lnych korzeni na tej stronie s\u0105 wykonane przy u\u017cyciu sztucznej inteligencji i mog\u0105 zawiera\u0107 drobne b\u0142\u0119dy. Przepraszamy za to. Prawdziwi ludzie s\u0105 zawsze dost\u0119pni przez telefon lub e-mail.<\/em><\/p>","protected":false},"excerpt":{"rendered":"<h3>Tuskwood Ancient Bogwood<\/h3>\n<p>Prawdziwe drewno bagienne, r\u0119cznie zbierane ze skandynawskich torfowisk, gdzie by\u0142o naturalnie konserwowane przez 500-4000 lat. Ten unikalny proces sprawia, \u017ce drewno jest cz\u0119\u015bciowo zmineralizowane, impregnowane substancjami humusowymi, trwa\u0142e i ma pi\u0119kny ciemnoczerwono-br\u0105zowy kolor. Tuskwood Ancient Bogwood to bardzo poszukiwany rodzaj korzenia do akwari\u00f3w i aquascapingu.<\/p>\n<ul>\n<li><strong>D\u0142uga \u017cywotno\u015b\u0107:<\/strong> Cz\u0119\u015bciowo zmineralizowana i niezwykle trwa\u0142a.<\/li>\n<li><strong>Pozytywny wp\u0142yw na \u015brodowisko wodne:<\/strong> Wspomaga r\u00f3wnowag\u0119 i zdrowie w akwarium.<\/li>\n<li><strong>Brak biofilmu:<\/strong> Zwykle nie tworzy \u015bluzu na drewnie.<\/li>\n<li><strong>Zr\u00f3wnowa\u017cona i lokalna produkcja:<\/strong> Starannie wyselekcjonowane w krajach skandynawskich.<\/li>\n<li><strong>Czysta woda:<\/strong> Wp\u0142yw drewna na kolor wody jest zwykle bardzo ograniczony i kr\u00f3tkotrwa\u0142y.<\/li>\n<\/ul>","protected":false},"featured_media":4207,"comment_status":"closed","ping_status":"closed","template":"","meta":{"_seopress_robots_primary_cat":"","_seopress_titles_title":"","_seopress_titles_desc":"","_seopress_robots_index":"","_seopress_analysis_target_kw":"","_uag_custom_page_level_css":"","site-sidebar-layout":"default","site-content-layout":"","ast-site-content-layout":"default","site-content-style":"default","site-sidebar-style":"default","ast-global-header-display":"","ast-banner-title-visibility":"","ast-main-header-display":"","ast-hfb-above-header-display":"","ast-hfb-below-header-display":"","ast-hfb-mobile-header-display":"","site-post-title":"","ast-breadcrumbs-content":"","ast-featured-img":"","footer-sml-layout":"","ast-disable-related-posts":"","theme-transparent-header-meta":"","adv-header-id-meta":"","stick-header-meta":"","header-above-stick-meta":"","header-main-stick-meta":"","header-below-stick-meta":"","astra-migrate-meta-layouts":"default","ast-page-background-enabled":"default","ast-page-background-meta":{"desktop":{"background-color":"var(--ast-global-color-5)","background-image":"","background-repeat":"repeat","background-position":"center center","background-size":"auto","background-attachment":"scroll","background-type":"","background-media":"","overlay-type":"","overlay-color":"","overlay-opacity":"","overlay-gradient":""},"tablet":{"background-color":"","background-image":"","background-repeat":"repeat","background-position":"center center","background-size":"auto","background-attachment":"scroll","background-type":"","background-media":"","overlay-type":"","overlay-color":"","overlay-opacity":"","overlay-gradient":""},"mobile":{"background-color":"","background-image":"","background-repeat":"repeat","background-position":"center center","background-size":"auto","background-attachment":"scroll","background-type":"","background-media":"","overlay-type":"","overlay-color":"","overlay-opacity":"","overlay-gradient":""}},"ast-content-background-meta":{"desktop":{"background-color":"var(--ast-global-color-4)","background-image":"","background-repeat":"repeat","background-position":"center center","background-size":"auto","background-attachment":"scroll","background-type":"","background-media":"","overlay-type":"","overlay-color":"","overlay-opacity":"","overlay-gradient":""},"tablet":{"background-color":"var(--ast-global-color-4)","background-image":"","background-repeat":"repeat","background-position":"center center","background-size":"auto","background-attachment":"scroll","background-type":"","background-media":"","overlay-type":"","overlay-color":"","overlay-opacity":"","overlay-gradient":""},"mobile":{"background-color":"var(--ast-global-color-4)","background-image":"","background-repeat":"repeat","background-position":"center center","background-size":"auto","background-attachment":"scroll","background-type":"","background-media":"","overlay-type":"","overlay-color":"","overlay-opacity":"","overlay-gradient":""}}},"product_brand":[46],"product_cat":[254],"product_tag":[],"class_list":{"0":"post-4216","1":"product","2":"type-product","3":"status-publish","4":"has-post-thumbnail","6":"product_brand-tuskwood","7":"product_cat-tuskwood_bogwood_wysiwyg","8":"desktop-align-left","9":"tablet-align-left","10":"mobile-align-left","11":"ast-product-gallery-layout-vertical-slider","12":"ast-product-tabs-layout-accordion","14":"first","15":"instock","16":"sold-individually","17":"taxable","18":"shipping-taxable","19":"purchasable","20":"product-type-simple"},"shsp-ext":{"main":{},"variations":[]},"uagb_featured_image_src":{"full":["https:\/\/tuskwood.com\/wp-content\/uploads\/2026\/05\/P252618-collage-aquascape01-measurement-thumb-3.jpg",1024,1024,false],"thumbnail":["https:\/\/tuskwood.com\/wp-content\/uploads\/2026\/05\/P252618-collage-aquascape01-measurement-thumb-3-150x150.jpg",150,150,true],"medium":["https:\/\/tuskwood.com\/wp-content\/uploads\/2026\/05\/P252618-collage-aquascape01-measurement-thumb-3-300x300.jpg",300,300,true],"medium_large":["https:\/\/tuskwood.com\/wp-content\/uploads\/2026\/05\/P252618-collage-aquascape01-measurement-thumb-3-768x768.jpg",768,768,true],"large":["https:\/\/tuskwood.com\/wp-content\/uploads\/2026\/05\/P252618-collage-aquascape01-measurement-thumb-3.jpg",1024,1024,false],"1536x1536":["https:\/\/tuskwood.com\/wp-content\/uploads\/2026\/05\/P252618-collage-aquascape01-measurement-thumb-3.jpg",1024,1024,false],"2048x2048":["https:\/\/tuskwood.com\/wp-content\/uploads\/2026\/05\/P252618-collage-aquascape01-measurement-thumb-3.jpg",1024,1024,false],"trp-custom-language-flag":["https:\/\/tuskwood.com\/wp-content\/uploads\/2026\/05\/P252618-collage-aquascape01-measurement-thumb-3-12x12.jpg",12,12,true],"woocommerce_thumbnail":["https:\/\/tuskwood.com\/wp-content\/uploads\/2026\/05\/P252618-collage-aquascape01-measurement-thumb-3-400x400.jpg",400,400,true],"woocommerce_single":["https:\/\/tuskwood.com\/wp-content\/uploads\/2026\/05\/P252618-collage-aquascape01-measurement-thumb-3.jpg",1024,1024,false],"woocommerce_gallery_thumbnail":["https:\/\/tuskwood.com\/wp-content\/uploads\/2026\/05\/P252618-collage-aquascape01-measurement-thumb-3-100x100.jpg",100,100,true]},"uagb_author_info":{"display_name":"Codex Agent","author_link":"https:\/\/tuskwood.com\/pl\/author\/"},"uagb_comment_info":0,"uagb_excerpt":"Tuskwood Ancient Bogwood\u00c4kta bogwood, handplockat ur nordiska torvmossar d\u00e4r det konserverats naturligt i 500-4000 \u00e5r. Denna unika process g\u00f6r tr\u00e4et delvis mineraliserat, impregnerat med humus\u00e4mnen, h\u00e5llbart och vackert m\u00f6rkt r\u00f6dbrunt f\u00e4rgat. Tuskwood Ancient Bogwood \u00e4r en mycket eftertraktad typ av rot till akvarium och aquascaping.L\u00e5ng livsl\u00e4ngd: Delvis mineraliserat och extremt h\u00e5llbart.Positivt f\u00f6r vattenmilj\u00f6n: Fr\u00e4mjar balans&hellip;","_links":{"self":[{"href":"https:\/\/tuskwood.com\/pl\/wp-json\/wp\/v2\/product\/4216","targetHints":{"allow":["GET"]}}],"collection":[{"href":"https:\/\/tuskwood.com\/pl\/wp-json\/wp\/v2\/product"}],"about":[{"href":"https:\/\/tuskwood.com\/pl\/wp-json\/wp\/v2\/types\/product"}],"replies":[{"embeddable":true,"href":"https:\/\/tuskwood.com\/pl\/wp-json\/wp\/v2\/comments?post=4216"}],"wp:featuredmedia":[{"embeddable":true,"href":"https:\/\/tuskwood.com\/pl\/wp-json\/wp\/v2\/media\/4207"}],"wp:attachment":[{"href":"https:\/\/tuskwood.com\/pl\/wp-json\/wp\/v2\/media?parent=4216"}],"wp:term":[{"taxonomy":"product_brand","embeddable":true,"href":"https:\/\/tuskwood.com\/pl\/wp-json\/wp\/v2\/product_brand?post=4216"},{"taxonomy":"product_cat","embeddable":true,"href":"https:\/\/tuskwood.com\/pl\/wp-json\/wp\/v2\/product_cat?post=4216"},{"taxonomy":"product_tag","embeddable":true,"href":"https:\/\/tuskwood.com\/pl\/wp-json\/wp\/v2\/product_tag?post=4216"}],"curies":[{"name":"wp","href":"https:\/\/api.w.org\/{rel}","templated":true}]}}