{"id":5102,"date":"2026-05-15T02:36:56","date_gmt":"2026-05-15T00:36:56","guid":{"rendered":"https:\/\/tuskwood.com\/produkt\/tuskwood-akvarierot-wysiwyg-akta-bogwood-unik-38-cm-p242620\/"},"modified":"2026-05-15T10:53:14","modified_gmt":"2026-05-15T08:53:14","slug":"tuskwood-akvarierot-wysiwyg-akta-bogwood-unik-38-cm-p242620","status":"publish","type":"product","link":"https:\/\/tuskwood.com\/pl\/produkt\/tuskwood-akvarierot-wysiwyg-akta-bogwood-unik-38-cm-p242620\/","title":{"rendered":"Tuskwood Korze\u0144 akwariowy WYSIWYG Genuine Bogwood Unique 38 cm P242620"},"content":{"rendered":"<h2>Unik produkt P242620<\/h2>\n<p>Unikalny kawa\u0142ek skandynawskiego drewna bagiennego, naturalnie zakonserwowany w torfie przez setki do tysi\u0119cy lat. Przyci\u0105ga wzrok i doskonale sprawdza si\u0119 jako korze\u0144 w akwarium krajobrazowym i akwarium.<\/p>\n<p><strong>Jest to wyj\u0105tkowy korze\u0144, dok\u0142adnie taki jak na zdj\u0119ciu, kt\u00f3re kupujesz.<\/strong> To, co widzisz, jest tym, co otrzymujesz, WYSIWYG.<\/p>\n<h3>Opis charakteru korzenia<\/h3>\n<p>Denna Tuskwood-rot har en robust och rak huvudstam som \u00f6verg\u00e5r i flera tunnare grenar i ena \u00e4nden. Ytan \u00e4r sl\u00e4t och f\u00e4rgen \u00e4r naturligt tr\u00e4brun.<\/p>\n<h3>Sugestie dotycz\u0105ce stylu akwarium i pomys\u0142y dotycz\u0105ce sadzenia ro\u015blin<\/h3>\n<p>Dess form g\u00f6r den l\u00e4mplig som en central del i ett akvarium, d\u00e4r grenarna kan ge f\u00e4ste f\u00f6r v\u00e4xter som Anubias, Bucephalandra eller Javaormbunke. Mossa kan f\u00e4stas f\u00f6r att skapa en naturlig, frodig k\u00e4nsla. Den raka stammen kan ocks\u00e5 fungera som en bas f\u00f6r att plantera Cryptocoryne runt, eller som en avgr\u00e4nsare mot bakgrundsplanter som Vallisneria.<\/p>\n<h3>Wymiary korzenia<\/h3>\n<ul>\n<li><strong>D\u0142ugo\u015b\u0107:<\/strong> 38 cm<\/li>\n<li><strong>Wysoko\u015b\u0107:<\/strong> 14cm<\/li>\n<li><strong>G\u0142\u0119boko\u015b\u0107:<\/strong> 4 cm<\/li>\n<\/ul>\n<h3>Proponowany format i rozmiar akwarium<\/h3>\n<p>Med en l\u00e4ngd p\u00e5 38 cm, h\u00f6jd p\u00e5 14 cm och djup\/bredd p\u00e5 4 cm passar denna rot bra i medelstora till st\u00f6rre akvarier. Den \u00e4r idealisk f\u00f6r att skapa en naturlig milj\u00f6 med goda g\u00f6mst\u00e4llen och f\u00e4stpunkter f\u00f6r v\u00e4xter.<\/p>\n<h3>Zalety Tuskwood<\/h3>\n<ul>\n<li>Prawdziwe zmineralizowane drewno bagienne \/ mech<\/li>\n<li>D\u0142uga \u017cywotno\u015b\u0107<\/li>\n<li>Zwykle nie tworzy si\u0119 biofilm ani \u015bluz<\/li>\n<li>Dzia\u0142a zar\u00f3wno w twardej, jak i mi\u0119kkiej wodzie<\/li>\n<li>Niezawodna zdolno\u015b\u0107 toni\u0119cia, zwykle tonie w ci\u0105gu 2-4 tygodni<\/li>\n<li>Naturalnie pi\u0119kny kolor ciemnobr\u0105zowy z lekkim czerwonawym odcieniem pod wod\u0105<\/li>\n<\/ul>\n<p>W przeciwie\u0144stwie do zwyk\u0142ego drewna paj\u0105ka, manzanity, mangrowca czy malezyjskiego drewna driftowego, Tuskwood pochodzi z Europy i powsta\u0142o naturalnie na skandynawskich torfowiskach. Mineralizacja i impregnacja humusem sprawia, \u017ce drewno jest trwa\u0142e i pi\u0119kne.<\/p>\n<p>Tuskwood powoli uwalnia naturalne substancje humusowe, kt\u00f3re wspieraj\u0105 zdrowie ryb. Jednak wp\u0142yw na kolor wody jest minimalny i zwykle niezauwa\u017calny.<\/p>\n<ul>\n<li>Stabilne i \u0142agodne uwalnianie pr\u00f3chnicy<\/li>\n<li>Pozytywny wp\u0142yw na dobrostan ryb<\/li>\n<li>\u015aledziona przeciwbakteryjna<\/li>\n<\/ul>\n<h3>Bardziej zr\u00f3wnowa\u017cony wyb\u00f3r<\/h3>\n<p>Znaczna cz\u0119\u015b\u0107 drewna sprzedawanego do akwarystyki pochodzi z las\u00f3w tropikalnych w Azji i jest transportowana przez p\u00f3\u0142 \u015bwiata.<\/p>\n<p>Tuskwood to skandynawski materia\u0142 naturalny, pozyskiwany lokalnie jako produkt uboczny innych naturalnych zastosowa\u0144. Dzi\u0119ki temu jest to bardziej zr\u00f3wnowa\u017cony wyb\u00f3r, bez nieuregulowanego wyr\u0119bu las\u00f3w tropikalnych, niszczenia las\u00f3w namorzynowych lub niegodnych warunk\u00f3w pracy. Tuskwood oznacza minimalny transport oraz promocj\u0119 lokalnej gospodarki i miejsc pracy.<\/p>\n<p><em>Tuskwood jest bardzo ma\u0142\u0105 firm\u0105 i u\u017cywamy sztucznej inteligencji, aby skupi\u0107 si\u0119 na jako\u015bci i dostawie. Aquascape renderingi, t\u0142umaczenia na j\u0119zyki inne ni\u017c szwedzki i opis poszczeg\u00f3lnych korzeni na tej stronie s\u0105 wykonane przy u\u017cyciu sztucznej inteligencji i mog\u0105 zawiera\u0107 drobne b\u0142\u0119dy. Przepraszamy za to. Prawdziwi ludzie s\u0105 zawsze dost\u0119pni przez telefon lub e-mail.<\/em><\/p>","protected":false},"excerpt":{"rendered":"<h3>Tuskwood Ancient Bogwood<\/h3>\n<p>Prawdziwe drewno bagienne, r\u0119cznie zbierane ze skandynawskich torfowisk, gdzie by\u0142o naturalnie konserwowane przez 500-4000 lat. Ten unikalny proces sprawia, \u017ce drewno jest cz\u0119\u015bciowo zmineralizowane, impregnowane substancjami humusowymi, trwa\u0142e i ma pi\u0119kny ciemnoczerwono-br\u0105zowy kolor. Tuskwood Ancient Bogwood to bardzo poszukiwany rodzaj korzenia do akwari\u00f3w i aquascapingu.<\/p>\n<ul>\n<li><strong>D\u0142uga \u017cywotno\u015b\u0107:<\/strong> Cz\u0119\u015bciowo zmineralizowana i niezwykle trwa\u0142a.<\/li>\n<li><strong>Pozytywny wp\u0142yw na \u015brodowisko wodne:<\/strong> Wspomaga r\u00f3wnowag\u0119 i zdrowie w akwarium.<\/li>\n<li><strong>Brak biofilmu:<\/strong> Zwykle nie tworzy \u015bluzu na drewnie.<\/li>\n<li><strong>Zr\u00f3wnowa\u017cona i lokalna produkcja:<\/strong> Starannie wyselekcjonowane w krajach skandynawskich.<\/li>\n<li><strong>Czysta woda:<\/strong> Wp\u0142yw drewna na kolor wody jest zwykle bardzo ograniczony i kr\u00f3tkotrwa\u0142y.<\/li>\n<\/ul>","protected":false},"featured_media":5400,"comment_status":"closed","ping_status":"closed","template":"","meta":{"_seopress_robots_primary_cat":"","_seopress_titles_title":"","_seopress_titles_desc":"","_seopress_robots_index":"","_seopress_analysis_target_kw":"","_uag_custom_page_level_css":"","site-sidebar-layout":"default","site-content-layout":"","ast-site-content-layout":"default","site-content-style":"default","site-sidebar-style":"default","ast-global-header-display":"","ast-banner-title-visibility":"","ast-main-header-display":"","ast-hfb-above-header-display":"","ast-hfb-below-header-display":"","ast-hfb-mobile-header-display":"","site-post-title":"","ast-breadcrumbs-content":"","ast-featured-img":"","footer-sml-layout":"","ast-disable-related-posts":"","theme-transparent-header-meta":"","adv-header-id-meta":"","stick-header-meta":"","header-above-stick-meta":"","header-main-stick-meta":"","header-below-stick-meta":"","astra-migrate-meta-layouts":"default","ast-page-background-enabled":"default","ast-page-background-meta":{"desktop":{"background-color":"var(--ast-global-color-5)","background-image":"","background-repeat":"repeat","background-position":"center center","background-size":"auto","background-attachment":"scroll","background-type":"","background-media":"","overlay-type":"","overlay-color":"","overlay-opacity":"","overlay-gradient":""},"tablet":{"background-color":"","background-image":"","background-repeat":"repeat","background-position":"center center","background-size":"auto","background-attachment":"scroll","background-type":"","background-media":"","overlay-type":"","overlay-color":"","overlay-opacity":"","overlay-gradient":""},"mobile":{"background-color":"","background-image":"","background-repeat":"repeat","background-position":"center center","background-size":"auto","background-attachment":"scroll","background-type":"","background-media":"","overlay-type":"","overlay-color":"","overlay-opacity":"","overlay-gradient":""}},"ast-content-background-meta":{"desktop":{"background-color":"var(--ast-global-color-4)","background-image":"","background-repeat":"repeat","background-position":"center center","background-size":"auto","background-attachment":"scroll","background-type":"","background-media":"","overlay-type":"","overlay-color":"","overlay-opacity":"","overlay-gradient":""},"tablet":{"background-color":"var(--ast-global-color-4)","background-image":"","background-repeat":"repeat","background-position":"center center","background-size":"auto","background-attachment":"scroll","background-type":"","background-media":"","overlay-type":"","overlay-color":"","overlay-opacity":"","overlay-gradient":""},"mobile":{"background-color":"var(--ast-global-color-4)","background-image":"","background-repeat":"repeat","background-position":"center center","background-size":"auto","background-attachment":"scroll","background-type":"","background-media":"","overlay-type":"","overlay-color":"","overlay-opacity":"","overlay-gradient":""}}},"product_brand":[46],"product_cat":[254],"product_tag":[],"class_list":{"0":"post-5102","1":"product","2":"type-product","3":"status-publish","4":"has-post-thumbnail","6":"product_brand-tuskwood","7":"product_cat-tuskwood_bogwood_wysiwyg","8":"pa_rotkaraktar-rotter-med-forgrening","9":"desktop-align-left","10":"tablet-align-left","11":"mobile-align-left","12":"ast-product-gallery-layout-vertical-slider","13":"ast-product-tabs-layout-accordion","15":"first","16":"instock","17":"sold-individually","18":"taxable","19":"shipping-taxable","20":"purchasable","21":"product-type-simple"},"shsp-ext":{"main":{},"variations":[]},"uagb_featured_image_src":{"full":["https:\/\/tuskwood.com\/wp-content\/uploads\/2026\/05\/P242620-collage-aquascape01-measurement-thumb-2.jpg",1024,1024,false],"thumbnail":["https:\/\/tuskwood.com\/wp-content\/uploads\/2026\/05\/P242620-collage-aquascape01-measurement-thumb-2-150x150.jpg",150,150,true],"medium":["https:\/\/tuskwood.com\/wp-content\/uploads\/2026\/05\/P242620-collage-aquascape01-measurement-thumb-2-300x300.jpg",300,300,true],"medium_large":["https:\/\/tuskwood.com\/wp-content\/uploads\/2026\/05\/P242620-collage-aquascape01-measurement-thumb-2-768x768.jpg",768,768,true],"large":["https:\/\/tuskwood.com\/wp-content\/uploads\/2026\/05\/P242620-collage-aquascape01-measurement-thumb-2.jpg",1024,1024,false],"1536x1536":["https:\/\/tuskwood.com\/wp-content\/uploads\/2026\/05\/P242620-collage-aquascape01-measurement-thumb-2.jpg",1024,1024,false],"2048x2048":["https:\/\/tuskwood.com\/wp-content\/uploads\/2026\/05\/P242620-collage-aquascape01-measurement-thumb-2.jpg",1024,1024,false],"trp-custom-language-flag":["https:\/\/tuskwood.com\/wp-content\/uploads\/2026\/05\/P242620-collage-aquascape01-measurement-thumb-2-12x12.jpg",12,12,true],"woocommerce_thumbnail":["https:\/\/tuskwood.com\/wp-content\/uploads\/2026\/05\/P242620-collage-aquascape01-measurement-thumb-2-400x400.jpg",400,400,true],"woocommerce_single":["https:\/\/tuskwood.com\/wp-content\/uploads\/2026\/05\/P242620-collage-aquascape01-measurement-thumb-2.jpg",1024,1024,false],"woocommerce_gallery_thumbnail":["https:\/\/tuskwood.com\/wp-content\/uploads\/2026\/05\/P242620-collage-aquascape01-measurement-thumb-2-100x100.jpg",100,100,true]},"uagb_author_info":{"display_name":"Codex Agent","author_link":"https:\/\/tuskwood.com\/pl\/author\/"},"uagb_comment_info":0,"uagb_excerpt":"Tuskwood Ancient Bogwood\u00c4kta bogwood, handplockat ur nordiska torvmossar d\u00e4r det konserverats naturligt i 500-4000 \u00e5r. Denna unika process g\u00f6r tr\u00e4et delvis mineraliserat, impregnerat med humus\u00e4mnen, h\u00e5llbart och vackert m\u00f6rkt r\u00f6dbrunt f\u00e4rgat. Tuskwood Ancient Bogwood \u00e4r en mycket eftertraktad typ av rot till akvarium och aquascaping.L\u00e5ng livsl\u00e4ngd: Delvis mineraliserat och extremt h\u00e5llbart.Positivt f\u00f6r vattenmilj\u00f6n: Fr\u00e4mjar balans&hellip;","_links":{"self":[{"href":"https:\/\/tuskwood.com\/pl\/wp-json\/wp\/v2\/product\/5102","targetHints":{"allow":["GET"]}}],"collection":[{"href":"https:\/\/tuskwood.com\/pl\/wp-json\/wp\/v2\/product"}],"about":[{"href":"https:\/\/tuskwood.com\/pl\/wp-json\/wp\/v2\/types\/product"}],"replies":[{"embeddable":true,"href":"https:\/\/tuskwood.com\/pl\/wp-json\/wp\/v2\/comments?post=5102"}],"wp:featuredmedia":[{"embeddable":true,"href":"https:\/\/tuskwood.com\/pl\/wp-json\/wp\/v2\/media\/5400"}],"wp:attachment":[{"href":"https:\/\/tuskwood.com\/pl\/wp-json\/wp\/v2\/media?parent=5102"}],"wp:term":[{"taxonomy":"product_brand","embeddable":true,"href":"https:\/\/tuskwood.com\/pl\/wp-json\/wp\/v2\/product_brand?post=5102"},{"taxonomy":"product_cat","embeddable":true,"href":"https:\/\/tuskwood.com\/pl\/wp-json\/wp\/v2\/product_cat?post=5102"},{"taxonomy":"product_tag","embeddable":true,"href":"https:\/\/tuskwood.com\/pl\/wp-json\/wp\/v2\/product_tag?post=5102"}],"curies":[{"name":"wp","href":"https:\/\/api.w.org\/{rel}","templated":true}]}}