{"id":5222,"date":"2026-05-15T02:42:22","date_gmt":"2026-05-15T00:42:22","guid":{"rendered":"https:\/\/tuskwood.com\/produkt\/tuskwood-akvarierot-set-om-2-delar-wysiwyg-akta-bogwood-unik-31-cm-s2162620\/"},"modified":"2026-05-15T10:36:32","modified_gmt":"2026-05-15T08:36:32","slug":"tuskwood-akvarierot-set-om-2-delar-wysiwyg-akta-bogwood-unik-31-cm-s2162620","status":"publish","type":"product","link":"https:\/\/tuskwood.com\/pl\/produkt\/tuskwood-akvarierot-set-om-2-delar-wysiwyg-akta-bogwood-unik-31-cm-s2162620\/","title":{"rendered":"Tuskwood Korze\u0144 akwariowy Zestaw 2 sztuk WYSIWYG Genuine Bogwood Unique 31 cm S2162620"},"content":{"rendered":"<h2>Unik produkt S2162620<\/h2>\n<p>Ett unikt set om 2 delar skandinavisk bogwood, naturligt bevarat i torv under hundratals till tusentals \u00e5r. Setet fungerar som ett samlat blickf\u00e5ng i aquascape och akvarium.<\/p>\n<p><strong>Jest to wyj\u0105tkowy zestaw, dok\u0142adnie taki jak na zdj\u0119ciu, kt\u00f3re kupujesz.<\/strong> Cz\u0119\u015bci s\u0105 sprzedawane razem i wy\u015bwietlane jako ustalona ca\u0142o\u015b\u0107. To, co widzisz, jest tym, co otrzymujesz, WYSIWYG.<\/p>\n<h3>Opis charakteru korzenia<\/h3>\n<p>Denna Tuskwood-rot S2162620 \u00e4r ett robust och kompakt stycke tr\u00e4 med en naturlig, avbruten topp som ger en r\u00e5 och autentisk k\u00e4nsla.<\/p>\n<h3>Sugestie dotycz\u0105ce stylu akwarium i pomys\u0142y dotycz\u0105ce sadzenia ro\u015blin<\/h3>\n<p>Dess enkla, stabila form g\u00f6r den l\u00e4mplig som en grundl\u00e4ggande byggsten eller som en del av en st\u00f6rre rotformation i akvariet. Ytan erbjuder goda f\u00e4stpunkter f\u00f6r epifytiska v\u00e4xter som Anubias, Bucephalandra och Javaormbunke. Mossor kan ocks\u00e5 f\u00e4stas f\u00f6r att skapa en mjukare, mer naturlig \u00f6verg\u00e5ng. Den kan placeras vertikalt f\u00f6r att skapa h\u00f6jd eller horisontellt som en del av bottenlandskapet.<\/p>\n<h3>Wymiary korzenia<\/h3>\n<ul>\n<li><strong>D\u0142ugo\u015b\u0107:<\/strong> 29 cm<\/li>\n<li><strong>Wysoko\u015b\u0107:<\/strong> 31 cm<\/li>\n<li><strong>G\u0142\u0119boko\u015b\u0107:<\/strong> 6 cm<\/li>\n<\/ul>\n<h3>Proponowany format i rozmiar akwarium<\/h3>\n<p>Med sina m\u00e5tt p\u00e5 29 cm i l\u00e4ngd, 31 cm i h\u00f6jd och 6 cm i djup\/bredd \u00e4r den ett medelstort inslag som passar v\u00e4l i m\u00e5nga akvarier.<\/p>\n<h3>Zalety Tuskwood<\/h3>\n<ul>\n<li>Prawdziwe zmineralizowane drewno bagienne \/ mech<\/li>\n<li>D\u0142uga \u017cywotno\u015b\u0107<\/li>\n<li>Zwykle nie tworzy si\u0119 biofilm ani \u015bluz<\/li>\n<li>Dzia\u0142a zar\u00f3wno w twardej, jak i mi\u0119kkiej wodzie<\/li>\n<li>Niezawodna zdolno\u015b\u0107 toni\u0119cia, zwykle tonie w ci\u0105gu 2-4 tygodni<\/li>\n<li>Naturalnie pi\u0119kny kolor ciemnobr\u0105zowy z lekkim czerwonawym odcieniem pod wod\u0105<\/li>\n<\/ul>\n<p>W przeciwie\u0144stwie do zwyk\u0142ego drewna paj\u0105ka, manzanity, mangrowca czy malezyjskiego drewna driftowego, Tuskwood pochodzi z Europy i powsta\u0142o naturalnie na skandynawskich torfowiskach. Mineralizacja i impregnacja humusem sprawia, \u017ce drewno jest trwa\u0142e i pi\u0119kne.<\/p>\n<p>Tuskwood powoli uwalnia naturalne substancje humusowe, kt\u00f3re wspieraj\u0105 zdrowie ryb. Jednak wp\u0142yw na kolor wody jest minimalny i zwykle niezauwa\u017calny.<\/p>\n<ul>\n<li>Stabilne i \u0142agodne uwalnianie pr\u00f3chnicy<\/li>\n<li>Pozytywny wp\u0142yw na dobrostan ryb<\/li>\n<li>\u015aledziona przeciwbakteryjna<\/li>\n<\/ul>\n<h3>Bardziej zr\u00f3wnowa\u017cony wyb\u00f3r<\/h3>\n<p>Znaczna cz\u0119\u015b\u0107 drewna sprzedawanego do akwarystyki pochodzi z las\u00f3w tropikalnych w Azji i jest transportowana przez p\u00f3\u0142 \u015bwiata.<\/p>\n<p>Tuskwood to skandynawski materia\u0142 naturalny, pozyskiwany lokalnie jako produkt uboczny innych naturalnych zastosowa\u0144. Dzi\u0119ki temu jest to bardziej zr\u00f3wnowa\u017cony wyb\u00f3r, bez nieuregulowanego wyr\u0119bu las\u00f3w tropikalnych, niszczenia las\u00f3w namorzynowych lub niegodnych warunk\u00f3w pracy. Tuskwood oznacza minimalny transport oraz promocj\u0119 lokalnej gospodarki i miejsc pracy.<\/p>\n<p><em>Tuskwood jest bardzo ma\u0142\u0105 firm\u0105 i u\u017cywamy sztucznej inteligencji, aby skupi\u0107 si\u0119 na jako\u015bci i dostawie. Aquascape renderingi, t\u0142umaczenia na j\u0119zyki inne ni\u017c szwedzki i opis poszczeg\u00f3lnych korzeni na tej stronie s\u0105 wykonane przy u\u017cyciu sztucznej inteligencji i mog\u0105 zawiera\u0107 drobne b\u0142\u0119dy. Przepraszamy za to. Prawdziwi ludzie s\u0105 zawsze dost\u0119pni przez telefon lub e-mail.<\/em><\/p>","protected":false},"excerpt":{"rendered":"<h3>Tuskwood Ancient Bogwood<\/h3>\n<p>Prawdziwe drewno bagienne, r\u0119cznie zbierane ze skandynawskich torfowisk, gdzie by\u0142o naturalnie konserwowane przez 500-4000 lat. Ten unikalny proces sprawia, \u017ce drewno jest cz\u0119\u015bciowo zmineralizowane, impregnowane substancjami humusowymi, trwa\u0142e i ma pi\u0119kny ciemnoczerwono-br\u0105zowy kolor. Tuskwood Ancient Bogwood to bardzo poszukiwany rodzaj korzenia do akwari\u00f3w i aquascapingu.<\/p>\n<ul>\n<li><strong>D\u0142uga \u017cywotno\u015b\u0107:<\/strong> Cz\u0119\u015bciowo zmineralizowana i niezwykle trwa\u0142a.<\/li>\n<li><strong>Pozytywny wp\u0142yw na \u015brodowisko wodne:<\/strong> Wspomaga r\u00f3wnowag\u0119 i zdrowie w akwarium.<\/li>\n<li><strong>Brak biofilmu:<\/strong> Zwykle nie tworzy \u015bluzu na drewnie.<\/li>\n<li><strong>Zr\u00f3wnowa\u017cona i lokalna produkcja:<\/strong> Starannie wyselekcjonowane w krajach skandynawskich.<\/li>\n<li><strong>Czysta woda:<\/strong> Wp\u0142yw drewna na kolor wody jest zwykle bardzo ograniczony i kr\u00f3tkotrwa\u0142y.<\/li>\n<\/ul>","protected":false},"featured_media":5372,"comment_status":"closed","ping_status":"closed","template":"","meta":{"_seopress_robots_primary_cat":"","_seopress_titles_title":"","_seopress_titles_desc":"","_seopress_robots_index":"","_seopress_analysis_target_kw":"","_uag_custom_page_level_css":"","site-sidebar-layout":"default","site-content-layout":"","ast-site-content-layout":"default","site-content-style":"default","site-sidebar-style":"default","ast-global-header-display":"","ast-banner-title-visibility":"","ast-main-header-display":"","ast-hfb-above-header-display":"","ast-hfb-below-header-display":"","ast-hfb-mobile-header-display":"","site-post-title":"","ast-breadcrumbs-content":"","ast-featured-img":"","footer-sml-layout":"","ast-disable-related-posts":"","theme-transparent-header-meta":"","adv-header-id-meta":"","stick-header-meta":"","header-above-stick-meta":"","header-main-stick-meta":"","header-below-stick-meta":"","astra-migrate-meta-layouts":"default","ast-page-background-enabled":"default","ast-page-background-meta":{"desktop":{"background-color":"var(--ast-global-color-5)","background-image":"","background-repeat":"repeat","background-position":"center center","background-size":"auto","background-attachment":"scroll","background-type":"","background-media":"","overlay-type":"","overlay-color":"","overlay-opacity":"","overlay-gradient":""},"tablet":{"background-color":"","background-image":"","background-repeat":"repeat","background-position":"center center","background-size":"auto","background-attachment":"scroll","background-type":"","background-media":"","overlay-type":"","overlay-color":"","overlay-opacity":"","overlay-gradient":""},"mobile":{"background-color":"","background-image":"","background-repeat":"repeat","background-position":"center center","background-size":"auto","background-attachment":"scroll","background-type":"","background-media":"","overlay-type":"","overlay-color":"","overlay-opacity":"","overlay-gradient":""}},"ast-content-background-meta":{"desktop":{"background-color":"var(--ast-global-color-4)","background-image":"","background-repeat":"repeat","background-position":"center center","background-size":"auto","background-attachment":"scroll","background-type":"","background-media":"","overlay-type":"","overlay-color":"","overlay-opacity":"","overlay-gradient":""},"tablet":{"background-color":"var(--ast-global-color-4)","background-image":"","background-repeat":"repeat","background-position":"center center","background-size":"auto","background-attachment":"scroll","background-type":"","background-media":"","overlay-type":"","overlay-color":"","overlay-opacity":"","overlay-gradient":""},"mobile":{"background-color":"var(--ast-global-color-4)","background-image":"","background-repeat":"repeat","background-position":"center center","background-size":"auto","background-attachment":"scroll","background-type":"","background-media":"","overlay-type":"","overlay-color":"","overlay-opacity":"","overlay-gradient":""}}},"product_brand":[46],"product_cat":[254],"product_tag":[],"class_list":{"0":"post-5222","1":"product","2":"type-product","3":"status-publish","4":"has-post-thumbnail","6":"product_brand-tuskwood","7":"product_cat-tuskwood_bogwood_wysiwyg","8":"pa_rotkaraktar-enkla-rotter-utan-forgrening","9":"desktop-align-left","10":"tablet-align-left","11":"mobile-align-left","12":"ast-product-gallery-layout-vertical-slider","13":"ast-product-tabs-layout-accordion","15":"first","16":"instock","17":"sold-individually","18":"taxable","19":"shipping-taxable","20":"purchasable","21":"product-type-simple"},"shsp-ext":{"main":{},"variations":[]},"uagb_featured_image_src":{"full":["https:\/\/tuskwood.com\/wp-content\/uploads\/2026\/05\/S2162620-collage-natural-cube-nudge-v1-measurement-thumb-1.jpg",1024,1024,false],"thumbnail":["https:\/\/tuskwood.com\/wp-content\/uploads\/2026\/05\/S2162620-collage-natural-cube-nudge-v1-measurement-thumb-1-150x150.jpg",150,150,true],"medium":["https:\/\/tuskwood.com\/wp-content\/uploads\/2026\/05\/S2162620-collage-natural-cube-nudge-v1-measurement-thumb-1-300x300.jpg",300,300,true],"medium_large":["https:\/\/tuskwood.com\/wp-content\/uploads\/2026\/05\/S2162620-collage-natural-cube-nudge-v1-measurement-thumb-1-768x768.jpg",768,768,true],"large":["https:\/\/tuskwood.com\/wp-content\/uploads\/2026\/05\/S2162620-collage-natural-cube-nudge-v1-measurement-thumb-1.jpg",1024,1024,false],"1536x1536":["https:\/\/tuskwood.com\/wp-content\/uploads\/2026\/05\/S2162620-collage-natural-cube-nudge-v1-measurement-thumb-1.jpg",1024,1024,false],"2048x2048":["https:\/\/tuskwood.com\/wp-content\/uploads\/2026\/05\/S2162620-collage-natural-cube-nudge-v1-measurement-thumb-1.jpg",1024,1024,false],"trp-custom-language-flag":["https:\/\/tuskwood.com\/wp-content\/uploads\/2026\/05\/S2162620-collage-natural-cube-nudge-v1-measurement-thumb-1-12x12.jpg",12,12,true],"woocommerce_thumbnail":["https:\/\/tuskwood.com\/wp-content\/uploads\/2026\/05\/S2162620-collage-natural-cube-nudge-v1-measurement-thumb-1-400x400.jpg",400,400,true],"woocommerce_single":["https:\/\/tuskwood.com\/wp-content\/uploads\/2026\/05\/S2162620-collage-natural-cube-nudge-v1-measurement-thumb-1.jpg",1024,1024,false],"woocommerce_gallery_thumbnail":["https:\/\/tuskwood.com\/wp-content\/uploads\/2026\/05\/S2162620-collage-natural-cube-nudge-v1-measurement-thumb-1-100x100.jpg",100,100,true]},"uagb_author_info":{"display_name":"Codex Agent","author_link":"https:\/\/tuskwood.com\/pl\/author\/"},"uagb_comment_info":0,"uagb_excerpt":"Tuskwood Ancient Bogwood\u00c4kta bogwood, handplockat ur nordiska torvmossar d\u00e4r det konserverats naturligt i 500-4000 \u00e5r. Denna unika process g\u00f6r tr\u00e4et delvis mineraliserat, impregnerat med humus\u00e4mnen, h\u00e5llbart och vackert m\u00f6rkt r\u00f6dbrunt f\u00e4rgat. Tuskwood Ancient Bogwood \u00e4r en mycket eftertraktad typ av rot till akvarium och aquascaping.L\u00e5ng livsl\u00e4ngd: Delvis mineraliserat och extremt h\u00e5llbart.Positivt f\u00f6r vattenmilj\u00f6n: Fr\u00e4mjar balans&hellip;","_links":{"self":[{"href":"https:\/\/tuskwood.com\/pl\/wp-json\/wp\/v2\/product\/5222","targetHints":{"allow":["GET"]}}],"collection":[{"href":"https:\/\/tuskwood.com\/pl\/wp-json\/wp\/v2\/product"}],"about":[{"href":"https:\/\/tuskwood.com\/pl\/wp-json\/wp\/v2\/types\/product"}],"replies":[{"embeddable":true,"href":"https:\/\/tuskwood.com\/pl\/wp-json\/wp\/v2\/comments?post=5222"}],"wp:featuredmedia":[{"embeddable":true,"href":"https:\/\/tuskwood.com\/pl\/wp-json\/wp\/v2\/media\/5372"}],"wp:attachment":[{"href":"https:\/\/tuskwood.com\/pl\/wp-json\/wp\/v2\/media?parent=5222"}],"wp:term":[{"taxonomy":"product_brand","embeddable":true,"href":"https:\/\/tuskwood.com\/pl\/wp-json\/wp\/v2\/product_brand?post=5222"},{"taxonomy":"product_cat","embeddable":true,"href":"https:\/\/tuskwood.com\/pl\/wp-json\/wp\/v2\/product_cat?post=5222"},{"taxonomy":"product_tag","embeddable":true,"href":"https:\/\/tuskwood.com\/pl\/wp-json\/wp\/v2\/product_tag?post=5222"}],"curies":[{"name":"wp","href":"https:\/\/api.w.org\/{rel}","templated":true}]}}